{"id":31033,"date":"2025-05-11T11:44:41","date_gmt":"2025-05-11T07:44:41","guid":{"rendered":"https:\/\/airsystems.ge\/shop\/product\/temperature-sensor-galltec-tpc-active\/"},"modified":"2025-05-11T11:50:35","modified_gmt":"2025-05-11T07:50:35","slug":"temperature-sensor-galltec-tpc-active","status":"publish","type":"product","link":"https:\/\/airsystems.ge\/shop\/az\/product\/temperature-sensor-galltec-tpc-active\/","title":{"rendered":"Temperatur sensoru Galltec TPC aktivdir"},"content":{"rendered":"<ul>\n<li>Temperatur r\u00fctub\u0259t sensoru seriyas\u0131 &#8220;xP&#8221; sabit qo\u015fulmu\u015f kabel il\u0259 \u00e7ubuq versiyada kompakt sensorlard\u0131r.<br \/>\nNisbi r\u00fctub\u0259t kapasitiv sensor elementi il\u0259 \u00f6l\u00e7\u00fcl\u00fcr v\u0259 d\u0259y\u0259r \u00e7\u0131x\u0131\u015fda analoq siqnal kimi yerl\u0259\u015fdiril\u0259c\u0259k.<br \/>\nTemperaturun \u00f6l\u00e7\u00fclm\u0259si P100-rezistor (1\/3 DIN) t\u0259r\u0259find\u0259n h\u0259yata ke\u00e7irilir.<br \/>\nSiqnal analoq \u00e7\u0131x\u0131\u015f kimi d\u0259 m\u00f6vcuddur.<br \/>\nSensorlar\u0131 t\u0259k temperatur zondu v\u0259 ya temperatur v\u0259 r\u00fctub\u0259tin \u00f6l\u00e7\u00fclm\u0259si \u00fc\u00e7\u00fcn kombin\u0259 edilmi\u015f sensor kimi \u0259ld\u0259 etm\u0259k olar.<\/li>\n<\/ul>\n<table border=\"1\" width=\"662\" cellspacing=\"1\" cellpadding=\"1\">\n<thead>\n<tr>\n<th scope=\"col\">Characteristic<\/th>\n<th scope=\"col\">Description \/ Value<\/th>\n<\/tr>\n<\/thead>\n<tbody>\n<tr>\n<td>Measurement principle<\/td>\n<td>Pt100 1\/3 DIN acc. DIN EN 60751<\/td>\n<\/tr>\n<tr>\n<td>Measurement range<\/td>\n<td>-30 &#8230; +70 \u00b0C<\/td>\n<\/tr>\n<tr>\n<td>Slope (Data Logger Meteo-40)<\/td>\n<td>100<\/td>\n<\/tr>\n<tr>\n<td>Offset (Data Logger Meteo-40)<\/td>\n<td>-30<\/td>\n<\/tr>\n<tr>\n<td>Accuracy<\/td>\n<td>\u00b1 0.2 K (-27 &#8230; +80 \u00b0C)<\/td>\n<\/tr>\n<tr>\n<td>Additional error<\/td>\n<td>\u00b1 0.007 K\/K (&lt;10 \u00b0C, &gt;40 \u00b0C)<\/td>\n<\/tr>\n<tr>\n<td colspan=\"2\"><strong>Operating range<\/strong><\/td>\n<\/tr>\n<tr>\n<td>Ambient temperature<\/td>\n<td>-40 &#8230; +80 \u00b0C<\/td>\n<\/tr>\n<tr>\n<td>Minimum air speed (across sensor)<\/td>\n<td>\u2265 0.5 m\/s<\/td>\n<\/tr>\n<tr>\n<td colspan=\"2\"><strong>Electrical data<\/strong><\/td>\n<\/tr>\n<tr>\n<td>Output signal<\/td>\n<td>0 &#8230; 1 V<\/td>\n<\/tr>\n<tr>\n<td>Operating supply<\/td>\n<td>6 &#8230; 30 VDC<\/td>\n<\/tr>\n<tr>\n<td>Current Consumption @ 12 V DC<\/td>\n<td>2 mA<\/td>\n<\/tr>\n<tr>\n<td colspan=\"2\"><strong>General<\/strong><\/td>\n<\/tr>\n<tr>\n<td>Connection<\/td>\n<td>7-pol plug for shielded cable<\/td>\n<\/tr>\n<tr>\n<td>Dimensions<\/td>\n<td>155 x \u00d8 20 mm<\/td>\n<\/tr>\n<tr>\n<td>Weight<\/td>\n<td>approx. 0.1 kg<\/td>\n<\/tr>\n<tr>\n<td>Protection Sensor<\/td>\n<td>IP 30<\/td>\n<\/tr>\n<tr>\n<td>Protection Electronic<\/td>\n<td>IP 65<\/td>\n<\/tr>\n<tr>\n<td>Protection Coupling<\/td>\n<td>IP 67<\/td>\n<\/tr>\n<tr>\n<td>Manufacturer<\/td>\n<td>Galltec<\/td>\n<\/tr>\n<\/tbody>\n<\/table>\n","protected":false},"excerpt":{"rendered":"<h3>Sifari\u015f n\u00f6mr\u0259si<\/h3>\n<p>S42100<\/p>\n","protected":false},"featured_media":31027,"template":"","meta":[],"product_brand":[],"product_cat":[1336,1416,1435],"product_tag":[],"class_list":{"0":"post-31033","1":"product","2":"type-product","3":"status-publish","4":"has-post-thumbnail","6":"product_cat-brpa-olunan-enerji-kulk-v-guns-enerjisi-olcusu-az","7":"product_cat-kulk-sensoru","8":"product_cat-temperatur-rutubt-sensoru","10":"first","11":"instock","12":"shipping-taxable","13":"product-type-simple"},"_links":{"self":[{"href":"https:\/\/airsystems.ge\/shop\/az\/wp-json\/wp\/v2\/product\/31033","targetHints":{"allow":["GET"]}}],"collection":[{"href":"https:\/\/airsystems.ge\/shop\/az\/wp-json\/wp\/v2\/product"}],"about":[{"href":"https:\/\/airsystems.ge\/shop\/az\/wp-json\/wp\/v2\/types\/product"}],"wp:featuredmedia":[{"embeddable":true,"href":"https:\/\/airsystems.ge\/shop\/az\/wp-json\/wp\/v2\/media\/31027"}],"wp:attachment":[{"href":"https:\/\/airsystems.ge\/shop\/az\/wp-json\/wp\/v2\/media?parent=31033"}],"wp:term":[{"taxonomy":"product_brand","embeddable":true,"href":"https:\/\/airsystems.ge\/shop\/az\/wp-json\/wp\/v2\/product_brand?post=31033"},{"taxonomy":"product_cat","embeddable":true,"href":"https:\/\/airsystems.ge\/shop\/az\/wp-json\/wp\/v2\/product_cat?post=31033"},{"taxonomy":"product_tag","embeddable":true,"href":"https:\/\/airsystems.ge\/shop\/az\/wp-json\/wp\/v2\/product_tag?post=31033"}],"curies":[{"name":"wp","href":"https:\/\/api.w.org\/{rel}","templated":true}]}}