{"id":31004,"date":"2025-05-11T11:22:24","date_gmt":"2025-05-11T07:22:24","guid":{"rendered":"https:\/\/airsystems.ge\/shop\/product\/weather-and-radiation-shield-for-air-temperature-humidity-sensor\/"},"modified":"2025-05-11T11:27:09","modified_gmt":"2025-05-11T07:27:09","slug":"weather-and-radiation-shield-for-air-temperature-humidity-sensor","status":"publish","type":"product","link":"https:\/\/airsystems.ge\/shop\/az\/product\/weather-and-radiation-shield-for-air-temperature-humidity-sensor\/","title":{"rendered":"Hava Temperatur \/ R\u00fctub\u0259t Sensoru \u00fc\u00e7\u00fcn Hava v\u0259 Radiasiya Qalxan\u0131"},"content":{"rendered":"<ul>\n<li>G\u00fcn\u0259\u015f radiasiya ax\u0131n\u0131n\u0131 azaltmaq \u00fc\u00e7\u00fcn mat qara alt hiss\u0259l\u0259r<br \/>\nKan\u0131tlanm\u0131\u015f m\u00f6hk\u0259mlik, UV dayan\u0131ql\u0131\u011f\u0131 v\u0259 duz spreyin\u0259 qar\u015f\u0131 m\u00fcqavim\u0259t<br \/>\nAsanl\u0131qla s\u00f6k\u00fcl\u0259 bil\u0259r; \u0259lav\u0259 kabel mar\u015frutu<\/li>\n<\/ul>\n","protected":false},"excerpt":{"rendered":"<h3>Sifari\u015f n\u00f6mr\u0259si<\/h3>\n<p>S50050<\/p>\n","protected":false},"featured_media":30993,"template":"","meta":[],"product_brand":[],"product_cat":[1336,1416,1435],"product_tag":[],"class_list":{"0":"post-31004","1":"product","2":"type-product","3":"status-publish","4":"has-post-thumbnail","6":"product_cat-brpa-olunan-enerji-kulk-v-guns-enerjisi-olcusu-az","7":"product_cat-kulk-sensoru","8":"product_cat-temperatur-rutubt-sensoru","10":"first","11":"instock","12":"shipping-taxable","13":"product-type-simple"},"_links":{"self":[{"href":"https:\/\/airsystems.ge\/shop\/az\/wp-json\/wp\/v2\/product\/31004","targetHints":{"allow":["GET"]}}],"collection":[{"href":"https:\/\/airsystems.ge\/shop\/az\/wp-json\/wp\/v2\/product"}],"about":[{"href":"https:\/\/airsystems.ge\/shop\/az\/wp-json\/wp\/v2\/types\/product"}],"wp:featuredmedia":[{"embeddable":true,"href":"https:\/\/airsystems.ge\/shop\/az\/wp-json\/wp\/v2\/media\/30993"}],"wp:attachment":[{"href":"https:\/\/airsystems.ge\/shop\/az\/wp-json\/wp\/v2\/media?parent=31004"}],"wp:term":[{"taxonomy":"product_brand","embeddable":true,"href":"https:\/\/airsystems.ge\/shop\/az\/wp-json\/wp\/v2\/product_brand?post=31004"},{"taxonomy":"product_cat","embeddable":true,"href":"https:\/\/airsystems.ge\/shop\/az\/wp-json\/wp\/v2\/product_cat?post=31004"},{"taxonomy":"product_tag","embeddable":true,"href":"https:\/\/airsystems.ge\/shop\/az\/wp-json\/wp\/v2\/product_tag?post=31004"}],"curies":[{"name":"wp","href":"https:\/\/api.w.org\/{rel}","templated":true}]}}