{"id":30983,"date":"2025-05-11T12:22:17","date_gmt":"2025-05-11T08:22:17","guid":{"rendered":"https:\/\/airsystems.ge\/shop\/product\/pth-thies-compact-meteo\/"},"modified":"2025-05-11T11:07:01","modified_gmt":"2025-05-11T07:07:01","slug":"pth-thies-compact-meteo","status":"publish","type":"product","link":"https:\/\/airsystems.ge\/shop\/az\/product\/pth-thies-compact-meteo\/","title":{"rendered":"PTH Thies Compact &#8211; Meteo"},"content":{"rendered":"<ul>\n<li>Nisbi r\u00fctub\u0259tin, havan\u0131n temperaturunun v\u0259 barometrik hava t\u0259zyiqinin \u00f6l\u00e7\u00fclm\u0259si<br \/>\nY\u00fcks\u0259k d\u0259qiqlik<br \/>\nUzunm\u00fcdd\u0259tli m\u00f6hk\u0259mlik<br \/>\nSinterl\u0259nmi\u015f filtr qapa\u011f\u0131<br \/>\nPaslanmayan polad korpus<\/p>\n<p>Hygro-Thermo-Baro \u00f6t\u00fcr\u00fcc\u00fcl\u0259ri COMPACT nisbi r\u00fctub\u0259ti, havan\u0131n temperaturunu v\u0259 barometrik hava t\u0259zyiqini \u00f6l\u00e7m\u0259k \u00fc\u00e7\u00fcn n\u0259z\u0259rd\u0259 tutulmu\u015fdur.<\/p>\n<p>PTH Thies Compact &#8211; Meteo sensoru datalogger sisteml\u0259rin\u0259 qo\u015fulmaq \u00fc\u00e7\u00fcn meteoroloji \u00f6l\u00e7m\u0259 stansiyalar\u0131nda istifad\u0259 \u00fc\u00e7\u00fcn n\u0259z\u0259rd\u0259 tutulub. Universal interfeysi say\u0259sind\u0259 sensor h\u0259r uy\u011fun t\u0259tbiqd\u0259 t\u0259k h\u0259ll kimi d\u0259 istifad\u0259 edil\u0259 bil\u0259r.<\/p>\n<p>\u00d6l\u00e7\u00fcl\u0259c\u0259k parametrl\u0259r \u00fc\u00e7\u00fcn y\u00fcks\u0259k keyfiyy\u0259tli sensorlar\u0131n istifad\u0259si sensora a\u015fa\u011f\u0131dak\u0131lara nail olma\u011fa imkan verir:<\/p>\n<p>y\u00fcks\u0259k uzunm\u00fcdd\u0259tli sabitlik,<br \/>\nfaktiki olaraq x\u0259tti xarakteristikas\u0131,<br \/>\nyax\u015f\u0131 dinamik davran\u0131\u015f,<br \/>\n\u015feh m\u00fcqavim\u0259ti,<br \/>\na\u015fa\u011f\u0131 temperatur \u0259msallar\u0131,<br \/>\nki\u00e7ik histerezis.<\/li>\n<\/ul>\n<table border=\"1\" cellspacing=\"1\" cellpadding=\"1\">\n<thead>\n<tr>\n<th scope=\"col\"><span style=\"font-weight: 400;\">Characteristic<\/span><\/th>\n<th scope=\"col\"><span style=\"font-weight: 400;\">Value<\/span><\/th>\n<\/tr>\n<\/thead>\n<tbody>\n<tr>\n<td colspan=\"2\">Temperature<\/td>\n<\/tr>\n<tr>\n<td>Measuring range<\/td>\n<td>-40 \u2026 +80 \u00b0C<\/td>\n<\/tr>\n<tr>\n<td>Accuracy<\/td>\n<td>\u00b10.1 \u00b0C @ -40 &#8230; +80 \u00b0C @ moved air &gt;2 m\/s<\/td>\n<\/tr>\n<tr>\n<td colspan=\"2\">Rel. Humidity<\/td>\n<\/tr>\n<tr>\n<td>Measuring range<\/td>\n<td>0 \u2026 100 % rel. Humidity<\/td>\n<\/tr>\n<tr>\n<td>Accuracy<\/td>\n<td>Typ. \u00b11,5 % r. H. @ 25 \u00b0C and &lt; 80 % r. H.<br \/>\n2 % r. H. over the complete measuring range<\/td>\n<\/tr>\n<tr>\n<td colspan=\"2\">Air pressure<\/td>\n<\/tr>\n<tr>\n<td>Measuring range<\/td>\n<td>600 \u2026 1100 hPa<\/td>\n<\/tr>\n<tr>\n<td>Accuracy<\/td>\n<td>\u00b10.25 hPa @ -20 \u2026 +80 \u00b0C @ 800 \u2026 1100 hPa<br \/>\n\u00b10.50 hPa @ -20 \u2026 +80 \u00b0C @ 600 \u2026 800 hPa<\/td>\n<\/tr>\n<tr>\n<td colspan=\"2\">Output Digital<\/td>\n<\/tr>\n<tr>\n<td>Interface<\/td>\n<td>RS485 HD<\/td>\n<\/tr>\n<tr>\n<td>Communication protocol<\/td>\n<td>Modbus RTU (on request Thies ASCII)<\/td>\n<\/tr>\n<tr>\n<td>Baud rate<\/td>\n<td>38400 (on request 2400 &#8230; 57600)<\/td>\n<\/tr>\n<tr>\n<td>Device-ID<\/td>\n<td>1 (on request others)<\/td>\n<\/tr>\n<tr>\n<td>RS485 data format<\/td>\n<td>8N1<\/td>\n<\/tr>\n<tr>\n<td colspan=\"2\">Output Analog 3 x 0 &#8230; 1 V<\/td>\n<\/tr>\n<tr>\n<td>Temperature<\/td>\n<td>-40 \u2026 +80 \u00b0C<\/td>\n<\/tr>\n<tr>\n<td>Offset<\/td>\n<td>-40 \u00b0C<\/td>\n<\/tr>\n<tr>\n<td>Slope<\/td>\n<td>120 \u00b0C\/V<\/td>\n<\/tr>\n<tr>\n<td>Rel. Humidity<\/td>\n<td>0 \u2026 100 %<\/td>\n<\/tr>\n<tr>\n<td>Offset<\/td>\n<td>0 %<\/td>\n<\/tr>\n<tr>\n<td>Slope<\/td>\n<td>100 %\/V<\/td>\n<\/tr>\n<tr>\n<td>Air\u00a0 pressure<\/td>\n<td>600 \u2026 1100 hPa<\/td>\n<\/tr>\n<tr>\n<td>Offset<\/td>\n<td>600 hPa<\/td>\n<\/tr>\n<tr>\n<td>Slope<\/td>\n<td>500 hPa\/V<\/td>\n<\/tr>\n<tr>\n<td colspan=\"2\">Power supply<\/td>\n<\/tr>\n<tr>\n<td>Operating voltage<\/td>\n<td>6 &#8230; 30 VDC<\/td>\n<\/tr>\n<tr>\n<td>Current consumption<\/td>\n<td>Typ. 3 mA @ 12 V \/ max. 8,5 mA @ 12 V<\/td>\n<\/tr>\n<tr>\n<td colspan=\"2\">General<\/td>\n<\/tr>\n<tr>\n<td>Ambient conditions<\/td>\n<td>-40 &#8230; +85 \u00b0C<\/td>\n<\/tr>\n<tr>\n<td>Housing<\/td>\n<td>Stainless steel<\/td>\n<\/tr>\n<tr>\n<td>Type of protection<\/td>\n<td>IP 67 (applies to the total sensor)<\/td>\n<\/tr>\n<tr>\n<td>Dimension<\/td>\n<td>see dimensional drawing<\/td>\n<\/tr>\n<tr>\n<td>Weight<\/td>\n<td>approx. 0.45 kg<\/td>\n<\/tr>\n<tr>\n<td>Manufacturer<\/td>\n<td>Thies Clima<\/td>\n<\/tr>\n<tr>\n<td>Admissible environmental<br \/>\nconditions<\/td>\n<td>-40 &#8230; +85 \u00b0C<br \/>\n0 &#8230; 100 % rel. humidity, including condensation<\/td>\n<\/tr>\n<tr>\n<td>Filter<\/td>\n<td>Sintered filter cap<\/td>\n<\/tr>\n<tr>\n<td>Accessories<\/td>\n<td><span style=\"color: #333333;\"><a href=\"https:\/\/www.ammonit.com\/en\/products\/wind-sensors\/temperature-humidity-sensors\/product-details\/weather-and-radiation-shield-for-air-temperature-h\/\" target=\"_blank\" rel=\"noopener\">S50050<\/a>\u00a0Weather and Radiation Shield<\/span><\/td>\n<\/tr>\n<\/tbody>\n<\/table>\n","protected":false},"excerpt":{"rendered":"<h3>Sifari\u015f n\u00f6mr\u0259si<\/h3>\n<p>S59000A<\/p>\n","protected":false},"featured_media":30972,"template":"","meta":[],"product_brand":[],"product_cat":[1439,1435],"product_tag":[],"class_list":{"0":"post-30983","1":"product","2":"type-product","3":"status-publish","4":"has-post-thumbnail","6":"product_cat-air-pressure-sensors-az","7":"product_cat-temperatur-rutubt-sensoru","9":"first","10":"instock","11":"shipping-taxable","12":"product-type-simple"},"_links":{"self":[{"href":"https:\/\/airsystems.ge\/shop\/az\/wp-json\/wp\/v2\/product\/30983","targetHints":{"allow":["GET"]}}],"collection":[{"href":"https:\/\/airsystems.ge\/shop\/az\/wp-json\/wp\/v2\/product"}],"about":[{"href":"https:\/\/airsystems.ge\/shop\/az\/wp-json\/wp\/v2\/types\/product"}],"wp:featuredmedia":[{"embeddable":true,"href":"https:\/\/airsystems.ge\/shop\/az\/wp-json\/wp\/v2\/media\/30972"}],"wp:attachment":[{"href":"https:\/\/airsystems.ge\/shop\/az\/wp-json\/wp\/v2\/media?parent=30983"}],"wp:term":[{"taxonomy":"product_brand","embeddable":true,"href":"https:\/\/airsystems.ge\/shop\/az\/wp-json\/wp\/v2\/product_brand?post=30983"},{"taxonomy":"product_cat","embeddable":true,"href":"https:\/\/airsystems.ge\/shop\/az\/wp-json\/wp\/v2\/product_cat?post=30983"},{"taxonomy":"product_tag","embeddable":true,"href":"https:\/\/airsystems.ge\/shop\/az\/wp-json\/wp\/v2\/product_tag?post=30983"}],"curies":[{"name":"wp","href":"https:\/\/api.w.org\/{rel}","templated":true}]}}