{"id":30964,"date":"2025-05-10T23:38:31","date_gmt":"2025-05-10T19:38:31","guid":{"rendered":"https:\/\/airsystems.ge\/shop\/product\/wind-vane-thies-compact-tmr\/"},"modified":"2025-05-10T23:42:38","modified_gmt":"2025-05-10T19:42:38","slug":"wind-vane-thies-compact-tmr","status":"publish","type":"product","link":"https:\/\/airsystems.ge\/shop\/az\/product\/wind-vane-thies-compact-tmr\/","title":{"rendered":"K\u00fcl\u0259k qanadl\u0131 Thies Compact TMR"},"content":{"rendered":"<ul>\n<li>TMR k\u00fcl\u0259yin istiqam\u0259ti sensoru<br \/>\n\u00c7\u0131x\u0131\u015f: 10-bit serial-sinxron (Ammonit Meteo-40 m\u0259lumat qeydl\u0259ri il\u0259 uy\u011fun g\u0259lir)<br \/>\n\u00d6l\u00e7m\u0259 diapazonu 0 &#8230; 360\u00b0<br \/>\nD\u0259qiqlik \u00b11,5\u00b0<\/li>\n<\/ul>\n<p>&nbsp;<\/p>\n<ul>\n<li>K\u00fcl\u0259yin istiqam\u0259ti a\u015fa\u011f\u0131 \u0259tal\u0259tli k\u00fcl\u0259k qanad\u0131n\u0131n k\u00f6m\u0259yi il\u0259 m\u00fc\u0259yy\u0259n edilir. K\u00fcl\u0259k qanad\u0131n\u0131n oxu bilyal\u0131 rulmanlarda i\u015fl\u0259yir v\u0259 daxili ucunda diametrik olaraq maqnitl\u0259\u015fdirilmi\u015f maqnit da\u015f\u0131y\u0131r.\n<p>Oxun bucaq v\u0259ziyy\u0259ti \u00e7\u0131x\u0131\u015f siqnal\u0131 kimi iki sinus v\u0259 kosinusdan as\u0131l\u0131 g\u0259rginlik ver\u0259n maqnit bucaq sensoru (TMR = Tunel Maqnito M\u00fcqavim\u0259ti) il\u0259 t\u0259mass\u0131z \u015f\u0259kild\u0259 qorunur.<\/p>\n<p>Qo\u015fulmu\u015f mikro n\u0259zar\u0259t\u00e7i bu g\u0259rginlikd\u0259n k\u00fcl\u0259yin istiqam\u0259tini 1024 sektorda (0,35\u00b0\/sektor) hesablay\u0131r. 1-ci sektorla \u0259laq\u0259li k\u00fcl\u0259yin istiqam\u0259ti 0\u00b0-35\u00b0, sektor 1024 k\u00fcl\u0259yin istiqam\u0259ti 359,65\u00b0-360\u00b0-\u0259 uy\u011fundur.<\/li>\n<\/ul>\n<table border=\"1\" width=\"662\" cellspacing=\"1\" cellpadding=\"1\">\n<thead>\n<tr>\n<th scope=\"col\"><span style=\"font-weight: 400;\">Characteristic<\/span><\/th>\n<th scope=\"col\"><span style=\"font-weight: 400;\">Description \/ Value<\/span><\/th>\n<\/tr>\n<\/thead>\n<tbody>\n<tr>\n<td>Measurement principle<\/td>\n<td>Magnetic<\/td>\n<\/tr>\n<tr>\n<td>Measurement range<\/td>\n<td>0 &#8230; 360\u00b0<\/td>\n<\/tr>\n<tr>\n<td>Accuracy<\/td>\n<td>\u00b1 1,5\u00b0<\/td>\n<\/tr>\n<tr>\n<td>Resolution<\/td>\n<td>0.35\u00b0<\/td>\n<\/tr>\n<tr>\n<td>Starting threshold<\/td>\n<td>&lt; 1 m\/s\u00a0\u00a0\u00a0\u00a0\u00a0\u00a0\u00a0\u00a0\u00a0\u00a0 according to ASTM-Standards D5366-96<br \/>\n&lt; 0.4 m\/s\u00a0\u00a0\u00a0\u00a0\u00a0\u00a0\u00a0 according to VDI-Standard 3786 Part 2<\/td>\n<\/tr>\n<tr>\n<td>Output<\/td>\n<td>10-bit serial-synchronous (compatible with Ammonit Meteo-40 data loggers)<\/td>\n<\/tr>\n<tr>\n<td>Survival speed<\/td>\n<td>max. 80 m\/s, 30 min<\/td>\n<\/tr>\n<tr>\n<td>Operating voltage<\/td>\n<td>3.3 &#8230; 30 VDC \/ 24 VAC<\/td>\n<\/tr>\n<tr>\n<td>Operating voltage heating<\/td>\n<td>24 V DC\/AC, max. 20 W<\/td>\n<\/tr>\n<tr>\n<td>Current Consumption @ 12 V DC<\/td>\n<td>1 mA (without heating)<\/td>\n<\/tr>\n<tr>\n<td>Ambient temperature<\/td>\n<td>-40 &#8230; +70 \u00b0C<\/td>\n<\/tr>\n<tr>\n<td>Connection<\/td>\n<td>7-pole plug<\/td>\n<\/tr>\n<tr>\n<td>Material<\/td>\n<td>Aluminum, stainless steel and plastic (Housing and wind vane)<\/td>\n<\/tr>\n<tr>\n<td>Type of ball bearings<\/td>\n<td>Metallic ball bearings<\/td>\n<\/tr>\n<tr>\n<td>Weight<\/td>\n<td>approx. 0.4 kg<\/td>\n<\/tr>\n<tr>\n<td>Protection<\/td>\n<td>IP 55<\/td>\n<\/tr>\n<tr>\n<td>Manufacturer<\/td>\n<td>Thies<\/td>\n<\/tr>\n<\/tbody>\n<\/table>\n","protected":false},"excerpt":{"rendered":"<h3>Sifari\u015f n\u00f6mr\u0259si<\/h3>\n<p>S22100<\/p>\n","protected":false},"featured_media":30959,"template":"","meta":[],"product_brand":[],"product_cat":[1336,1428,1416],"product_tag":[],"class_list":{"0":"post-30964","1":"product","2":"type-product","3":"status-publish","4":"has-post-thumbnail","6":"product_cat-brpa-olunan-enerji-kulk-v-guns-enerjisi-olcusu-az","7":"product_cat-kulk-kulklri","8":"product_cat-kulk-sensoru","10":"first","11":"instock","12":"shipping-taxable","13":"product-type-simple"},"_links":{"self":[{"href":"https:\/\/airsystems.ge\/shop\/az\/wp-json\/wp\/v2\/product\/30964","targetHints":{"allow":["GET"]}}],"collection":[{"href":"https:\/\/airsystems.ge\/shop\/az\/wp-json\/wp\/v2\/product"}],"about":[{"href":"https:\/\/airsystems.ge\/shop\/az\/wp-json\/wp\/v2\/types\/product"}],"wp:featuredmedia":[{"embeddable":true,"href":"https:\/\/airsystems.ge\/shop\/az\/wp-json\/wp\/v2\/media\/30959"}],"wp:attachment":[{"href":"https:\/\/airsystems.ge\/shop\/az\/wp-json\/wp\/v2\/media?parent=30964"}],"wp:term":[{"taxonomy":"product_brand","embeddable":true,"href":"https:\/\/airsystems.ge\/shop\/az\/wp-json\/wp\/v2\/product_brand?post=30964"},{"taxonomy":"product_cat","embeddable":true,"href":"https:\/\/airsystems.ge\/shop\/az\/wp-json\/wp\/v2\/product_cat?post=30964"},{"taxonomy":"product_tag","embeddable":true,"href":"https:\/\/airsystems.ge\/shop\/az\/wp-json\/wp\/v2\/product_tag?post=30964"}],"curies":[{"name":"wp","href":"https:\/\/api.w.org\/{rel}","templated":true}]}}