{"id":30895,"date":"2025-05-10T22:46:32","date_gmt":"2025-05-10T18:46:32","guid":{"rendered":"https:\/\/airsystems.ge\/shop\/product\/anemometer-windsensor-riso-p2546d-opr\/"},"modified":"2025-05-10T22:54:39","modified_gmt":"2025-05-10T18:54:39","slug":"anemometer-windsensor-riso-p2546d-opr","status":"publish","type":"product","link":"https:\/\/airsystems.ge\/shop\/az\/product\/anemometer-windsensor-riso-p2546d-opr\/","title":{"rendered":"Anemometr K\u00fcl\u0259k Sensoru (Ris\u00f8) P2546D-OPR"},"content":{"rendered":"<ul>\n<li>MEASNET kalibrl\u0259nmi\u015f anemometr<br \/>\nBir par\u00e7a rotorlu anemometr ba\u015fl\u0131\u011f\u0131<br \/>\nA\u015fa\u011f\u0131 e\u015fik s\u00fcr\u0259ti<br \/>\nQ\u0131sa m\u0259saf\u0259 sabit<br \/>\n\u00d6n\u0259msiz h\u0259ddind\u0259n art\u0131q s\u00fcr\u0259t<br \/>\nK\u00fcl\u0259yin s\u00fcr\u0259tind\u0259n as\u0131l\u0131 olmayaraq bucaq reaksiyas\u0131<br \/>\nSimmetrik h\u0259nd\u0259s\u0259<br \/>\nXarici enerji m\u0259nb\u0259yi yoxdur<br \/>\nIEC 61400-12-1 standart\u0131na uy\u011fun f\u0259rdi olaraq kalibrl\u0259nmi\u015fdir<\/li>\n<\/ul>\n<p><img decoding=\"async\" src=\"https:\/\/www.ammonit.com\/media\/filer_public_thumbnails\/filer_public\/d6\/bf\/d6bfeccf-5426-4856-8a48-cd3fc1009688\/anemometer_windsensorp2546d-opr_s16300c_dimensional_drawing.png__332x594_q85_subsampling-2.png\" \/><\/p>\n<table id=\"table005\" width=\"595\">\n<thead>\n<tr>\n<th colspan=\"2\" scope=\"col\">Characteristics<\/th>\n<\/tr>\n<\/thead>\n<tbody>\n<tr>\n<td>Calibration<\/td>\n<td>Each anemometer individually calibrated compliant with IEC 61400-12-1.<\/td>\n<\/tr>\n<tr>\n<td>Measurement range<\/td>\n<td>0 &#8230; 75 m\/s<\/td>\n<\/tr>\n<tr>\n<td>Slope<\/td>\n<td>0.620 m<\/td>\n<\/tr>\n<tr>\n<td>Offset<\/td>\n<td>0.21 m\/s<\/td>\n<\/tr>\n<tr>\n<td>Starting threshold<\/td>\n<td>&lt; 0.3 m\/s<\/td>\n<\/tr>\n<tr>\n<td>Distance constant<\/td>\n<td>\u03bb0= 1.81 \u00b1\u00a0 0.04 m<\/td>\n<\/tr>\n<tr>\n<td colspan=\"2\">Switching chararacteristic<\/td>\n<\/tr>\n<tr>\n<td>Signal Type<\/td>\n<td>NPN open collector, frequency proportional to wind speed<\/td>\n<\/tr>\n<tr>\n<td>Duty cycle<\/td>\n<td>45 &#8230; 55 %<\/td>\n<\/tr>\n<tr>\n<td>Max. switching voltage<\/td>\n<td>30\u00a0 V<\/td>\n<\/tr>\n<tr>\n<td>Max. recommended switching current<\/td>\n<td>10 mA<\/td>\n<\/tr>\n<tr>\n<td>Output resistance<\/td>\n<td>60 \u03a9<\/td>\n<\/tr>\n<tr>\n<td>Operating temperature range<\/td>\n<td>-40 &#8230; +60 \u00b0C<\/td>\n<\/tr>\n<tr>\n<td>Exterior materials<\/td>\n<td>Anodized aluminum, Stainless steel and GRP<\/td>\n<\/tr>\n<tr>\n<td>Weight<\/td>\n<td>0.36 kg<\/td>\n<\/tr>\n<tr>\n<td>Overall height<\/td>\n<td>282 mm<\/td>\n<\/tr>\n<tr>\n<td>Swept diameter of rotor<\/td>\n<td>188 mm<\/td>\n<\/tr>\n<tr>\n<td>Manufacturer<\/td>\n<td>WindSensor<\/td>\n<\/tr>\n<tr>\n<td>Accessories<\/td>\n<td>Module M83570 or M83200 (pull-up resistor 5.1 k\u03a9 required)<\/td>\n<\/tr>\n<\/tbody>\n<\/table>\n","protected":false},"excerpt":{"rendered":"<ul>\n<li>\n<h3>Sifari\u015f n\u00f6mr\u0259si<\/h3>\n<p>S16300C<\/li>\n<\/ul>\n","protected":false},"featured_media":30890,"template":"","meta":[],"product_brand":[],"product_cat":[1422,1336,1416],"product_tag":[],"class_list":{"0":"post-30895","1":"product","2":"type-product","3":"status-publish","4":"has-post-thumbnail","6":"product_cat-anemometr","7":"product_cat-brpa-olunan-enerji-kulk-v-guns-enerjisi-olcusu-az","8":"product_cat-kulk-sensoru","10":"first","11":"instock","12":"shipping-taxable","13":"product-type-simple"},"_links":{"self":[{"href":"https:\/\/airsystems.ge\/shop\/az\/wp-json\/wp\/v2\/product\/30895","targetHints":{"allow":["GET"]}}],"collection":[{"href":"https:\/\/airsystems.ge\/shop\/az\/wp-json\/wp\/v2\/product"}],"about":[{"href":"https:\/\/airsystems.ge\/shop\/az\/wp-json\/wp\/v2\/types\/product"}],"wp:featuredmedia":[{"embeddable":true,"href":"https:\/\/airsystems.ge\/shop\/az\/wp-json\/wp\/v2\/media\/30890"}],"wp:attachment":[{"href":"https:\/\/airsystems.ge\/shop\/az\/wp-json\/wp\/v2\/media?parent=30895"}],"wp:term":[{"taxonomy":"product_brand","embeddable":true,"href":"https:\/\/airsystems.ge\/shop\/az\/wp-json\/wp\/v2\/product_brand?post=30895"},{"taxonomy":"product_cat","embeddable":true,"href":"https:\/\/airsystems.ge\/shop\/az\/wp-json\/wp\/v2\/product_cat?post=30895"},{"taxonomy":"product_tag","embeddable":true,"href":"https:\/\/airsystems.ge\/shop\/az\/wp-json\/wp\/v2\/product_tag?post=30895"}],"curies":[{"name":"wp","href":"https:\/\/api.w.org\/{rel}","templated":true}]}}