{"id":30883,"date":"2025-05-10T22:38:11","date_gmt":"2025-05-10T18:38:11","guid":{"rendered":"https:\/\/airsystems.ge\/shop\/product\/anemometer-windspeed-vector-a100lm-pc3\/"},"modified":"2025-05-10T22:42:04","modified_gmt":"2025-05-10T18:42:04","slug":"anemometer-windspeed-vector-a100lm-pc3","status":"publish","type":"product","link":"https:\/\/airsystems.ge\/shop\/az\/product\/anemometer-windspeed-vector-a100lm-pc3\/","title":{"rendered":"Anemometr K\u00fcl\u0259k S\u00fcr\u0259ti (Vektor) A100LM\/PC3"},"content":{"rendered":"<ul>\n<li>Optoelektron k\u00fcl\u0259k s\u00fcr\u0259ti \u00f6t\u00fcr\u00fcc\u00fc<br \/>\nIEC standart\u0131na uy\u011fun olaraq t\u0259snif edilir<br \/>\n\u201cA\u015fa\u011f\u0131 G\u00fcc\u201d, y\u00fcks\u0259k tezlikli \u00e7\u0131x\u0131\u015f siqnal\u0131<br \/>\nAral\u0131\u011f\u0131 0,2 &#8230; 75 m\/s<br \/>\nQ\u0259tnam\u0259 &lt; 0,5 m\/s<br \/>\nA\u015fa\u011f\u0131 g\u00fcc, yaln\u0131z n\u0259bz \u00e7\u0131x\u0131\u015f\u0131<br \/>\nLoggerin batareya t\u0259chizat\u0131 il\u0259 i\u015fl\u0259y\u0259rk\u0259n 1 mA istehlak edir.<\/p>\n<p>\u00d6l\u00e7m\u0259 prinsipi<br \/>\nA\u015fa\u011f\u0131 \u0259tal\u0259tli 3 kuboklu rotor k\u00fcl\u0259k t\u0259r\u0259find\u0259n f\u0131rlanma v\u0259ziyy\u0259tin\u0259 g\u0259tirilir. T\u0259k\u0259r optoelektronik olaraq skan edilir v\u0259 \u00f6l\u00e7m\u0259 d\u0259y\u0259ri r\u0259q\u0259msal siqnal kimi \u00e7\u0131x\u0131\u015fda m\u00f6vcuddur.<\/li>\n<\/ul>\n<p><img decoding=\"async\" src=\"https:\/\/www.ammonit.com\/media\/filer_public_thumbnails\/filer_public\/e8\/6b\/e86b5083-4481-4793-a9ef-401dbb324018\/anemometer_vector_s14100-h_dimensional_drawing.png__446x405_q85_subsampling-2.png\" \/><\/p>\n<table id=\"table005\" width=\"610\">\n<thead>\n<tr>\n<th colspan=\"2\" scope=\"col\"><span style=\"font-weight: 400;\">Characteristics<\/span><\/th>\n<\/tr>\n<\/thead>\n<tbody>\n<tr>\n<td>Measurement range<\/td>\n<td>0 &#8230; 75 m\/s<\/td>\n<\/tr>\n<tr>\n<td>Accuracy<\/td>\n<td>\u00b1 0.2 m\/s (&lt;10 m\/s); \u00b1 2% of reading (&gt; 10m\/s)<\/td>\n<\/tr>\n<tr>\n<td>Resolution<\/td>\n<td>0.05 m\/s<\/td>\n<\/tr>\n<tr>\n<td>Non-Linearity<\/td>\n<td>0.4 % full-range output frequency (correction curve supplied)<\/td>\n<\/tr>\n<tr>\n<td>Starting wind speed<\/td>\n<td>0.2 m\/s<\/td>\n<\/tr>\n<tr>\n<td>Survival wind speed<\/td>\n<td>max. 75 m\/s<\/td>\n<\/tr>\n<tr>\n<td>Distance constant<\/td>\n<td>2.3 m \u00b1 10 %<\/td>\n<\/tr>\n<tr>\n<td>Ambient temperature<\/td>\n<td>-30 &#8230; +70 \u00b0C<\/td>\n<\/tr>\n<tr>\n<td>Transducer<\/td>\n<td>Interruption of optical beam<\/td>\n<\/tr>\n<tr>\n<td>Operating supply<\/td>\n<td>4.75 &#8230; 28 VDC (max 1.3 mA, average is typically less than 1 mA)<\/td>\n<\/tr>\n<tr>\n<td>Electrical output<\/td>\n<td>0 &#8230; 750 Hz<\/td>\n<\/tr>\n<tr>\n<td>Termination<\/td>\n<td>cable length 3 m<\/td>\n<\/tr>\n<tr>\n<td>Materials<\/td>\n<td>Anodized aluminium, weather-resisting plastics<\/td>\n<\/tr>\n<tr>\n<td>Weight Anemometer<\/td>\n<td>0.5 kg (Gross weight for shipping: 1 kg)<\/td>\n<\/tr>\n<tr>\n<td>Recalibration<\/td>\n<td>recommended interval every 24 months<\/td>\n<\/tr>\n<tr>\n<td>Manufacturer<\/td>\n<td>Vector Instruments \/ UK (A100LM)<\/td>\n<\/tr>\n<\/tbody>\n<\/table>\n","protected":false},"excerpt":{"rendered":"<h3>Sifari\u015f n\u00f6mr\u0259si<\/h3>\n<p>S14100<\/p>\n","protected":false},"featured_media":30878,"template":"","meta":[],"product_brand":[],"product_cat":[1422,1336,1416],"product_tag":[],"class_list":{"0":"post-30883","1":"product","2":"type-product","3":"status-publish","4":"has-post-thumbnail","6":"product_cat-anemometr","7":"product_cat-brpa-olunan-enerji-kulk-v-guns-enerjisi-olcusu-az","8":"product_cat-kulk-sensoru","10":"first","11":"instock","12":"shipping-taxable","13":"product-type-simple"},"_links":{"self":[{"href":"https:\/\/airsystems.ge\/shop\/az\/wp-json\/wp\/v2\/product\/30883","targetHints":{"allow":["GET"]}}],"collection":[{"href":"https:\/\/airsystems.ge\/shop\/az\/wp-json\/wp\/v2\/product"}],"about":[{"href":"https:\/\/airsystems.ge\/shop\/az\/wp-json\/wp\/v2\/types\/product"}],"wp:featuredmedia":[{"embeddable":true,"href":"https:\/\/airsystems.ge\/shop\/az\/wp-json\/wp\/v2\/media\/30878"}],"wp:attachment":[{"href":"https:\/\/airsystems.ge\/shop\/az\/wp-json\/wp\/v2\/media?parent=30883"}],"wp:term":[{"taxonomy":"product_brand","embeddable":true,"href":"https:\/\/airsystems.ge\/shop\/az\/wp-json\/wp\/v2\/product_brand?post=30883"},{"taxonomy":"product_cat","embeddable":true,"href":"https:\/\/airsystems.ge\/shop\/az\/wp-json\/wp\/v2\/product_cat?post=30883"},{"taxonomy":"product_tag","embeddable":true,"href":"https:\/\/airsystems.ge\/shop\/az\/wp-json\/wp\/v2\/product_tag?post=30883"}],"curies":[{"name":"wp","href":"https:\/\/api.w.org\/{rel}","templated":true}]}}