{"id":30869,"date":"2025-05-10T22:29:07","date_gmt":"2025-05-10T18:29:07","guid":{"rendered":"https:\/\/airsystems.ge\/shop\/product\/anemometer-thies-compact\/"},"modified":"2025-05-10T22:32:26","modified_gmt":"2025-05-10T18:32:26","slug":"anemometer-thies-compact","status":"publish","type":"product","link":"https:\/\/airsystems.ge\/shop\/az\/product\/anemometer-thies-compact\/","title":{"rendered":"Anemometr Thies Compact"},"content":{"rendered":"<p>Ammonitin standart\u0131 q\u0131zd\u0131r\u0131lan versiyad\u0131r. H\u0259m q\u0131zd\u0131r\u0131lan, h\u0259m d\u0259 isitm\u0259y\u0259n sistem \u00fc\u00e7\u00fcn istifad\u0259 edil\u0259 bil\u0259r.<\/p>\n<p>Optoelektron k\u00fcl\u0259k s\u00fcr\u0259ti sensoru<br \/>\n&#8220;A\u015fa\u011f\u0131 G\u00fcc&#8221; &#8211; Tezlik \u00e7\u0131x\u0131\u015f siqnal\u0131<br \/>\nAral\u0131\u011f\u0131 0,5 &#8230; 50 m\/s<br \/>\nQ\u0259tnam\u0259 &lt; 0,1 m\/s<\/p>\n<p><img decoding=\"async\" src=\"https:\/\/www.ammonit.com\/media\/filer_public_thumbnails\/filer_public\/b0\/90\/b090e522-e9cf-4083-8f54-98a7b9e66911\/anemometer_thiescompact_s12100h_dimensional_drawing.png__437x590_q85_subsampling-2.png\" \/><\/p>\n<table id=\"table005\" width=\"597\">\n<thead>\n<tr>\n<th colspan=\"2\" scope=\"col\"><span style=\"font-weight: 400;\">Characteristics<\/span><\/th>\n<\/tr>\n<\/thead>\n<tbody>\n<tr>\n<td>Measurement principle<\/td>\n<td>Opto-electronic (slotted disc)<\/td>\n<\/tr>\n<tr>\n<td colspan=\"2\">Accuracy<\/td>\n<\/tr>\n<tr>\n<td>Accuracy<\/td>\n<td>\u00b1 3 % of meas. value, however \u2265 0.5 m\/s<\/td>\n<\/tr>\n<tr>\n<td>Resolution<\/td>\n<td>&lt; 0.1 m\/s<\/td>\n<\/tr>\n<tr>\n<td>Starting velocity<\/td>\n<td>0.5 m\/s<\/td>\n<\/tr>\n<tr>\n<td colspan=\"2\">Operating range<\/td>\n<\/tr>\n<tr>\n<td>Measurement range<\/td>\n<td>0 &#8230; 50 m\/s<\/td>\n<\/tr>\n<tr>\n<td>Survival wind speed<\/td>\n<td>max. 80 m\/s (30 min)<\/td>\n<\/tr>\n<tr>\n<td>Ambient temperature<\/td>\n<td>-40 &#8230; +70 \u00b0C<\/td>\n<\/tr>\n<tr>\n<td colspan=\"2\">Electrical data<\/td>\n<\/tr>\n<tr>\n<td>Electrical supply<\/td>\n<td>9 &#8230; 30V DC<\/td>\n<\/tr>\n<tr>\n<td>Electrical supply for heating<\/td>\n<td>24V AC\/DC @ 20W<\/td>\n<\/tr>\n<tr>\n<td colspan=\"2\">General<\/td>\n<\/tr>\n<tr>\n<td>Connection<\/td>\n<td>7-pole plug-connection<\/td>\n<\/tr>\n<tr>\n<td>Mounting<\/td>\n<td>For ex. onto mast tube with receptable thread Pg21 or boring \u00d8 29mm<\/td>\n<\/tr>\n<tr>\n<td>Dimensions<\/td>\n<td>155 x \u00d8 134 mm<\/td>\n<\/tr>\n<tr>\n<td>Weight<\/td>\n<td>approx. 0.7 kg<\/td>\n<\/tr>\n<tr>\n<td>Material<\/td>\n<td>Housing:\u00a0 Aluminium<br \/>\nCup star: Synthetic with fibre glass<\/td>\n<\/tr>\n<tr>\n<td>Type of ball bearings<\/td>\n<td>Metallic ball bearings<\/td>\n<\/tr>\n<tr>\n<td>Protection<\/td>\n<td>IP 55<\/td>\n<\/tr>\n<tr>\n<td>Manufacturer<\/td>\n<td>Thies<\/td>\n<\/tr>\n<\/tbody>\n<\/table>\n","protected":false},"excerpt":{"rendered":"<h3>Sifari\u015f n\u00f6mr\u0259si<\/h3>\n<p>S12100H<\/p>\n","protected":false},"featured_media":30864,"template":"","meta":[],"product_brand":[],"product_cat":[1422,1336,1416],"product_tag":[],"class_list":{"0":"post-30869","1":"product","2":"type-product","3":"status-publish","4":"has-post-thumbnail","6":"product_cat-anemometr","7":"product_cat-brpa-olunan-enerji-kulk-v-guns-enerjisi-olcusu-az","8":"product_cat-kulk-sensoru","10":"first","11":"instock","12":"shipping-taxable","13":"product-type-simple"},"_links":{"self":[{"href":"https:\/\/airsystems.ge\/shop\/az\/wp-json\/wp\/v2\/product\/30869","targetHints":{"allow":["GET"]}}],"collection":[{"href":"https:\/\/airsystems.ge\/shop\/az\/wp-json\/wp\/v2\/product"}],"about":[{"href":"https:\/\/airsystems.ge\/shop\/az\/wp-json\/wp\/v2\/types\/product"}],"wp:featuredmedia":[{"embeddable":true,"href":"https:\/\/airsystems.ge\/shop\/az\/wp-json\/wp\/v2\/media\/30864"}],"wp:attachment":[{"href":"https:\/\/airsystems.ge\/shop\/az\/wp-json\/wp\/v2\/media?parent=30869"}],"wp:term":[{"taxonomy":"product_brand","embeddable":true,"href":"https:\/\/airsystems.ge\/shop\/az\/wp-json\/wp\/v2\/product_brand?post=30869"},{"taxonomy":"product_cat","embeddable":true,"href":"https:\/\/airsystems.ge\/shop\/az\/wp-json\/wp\/v2\/product_cat?post=30869"},{"taxonomy":"product_tag","embeddable":true,"href":"https:\/\/airsystems.ge\/shop\/az\/wp-json\/wp\/v2\/product_tag?post=30869"}],"curies":[{"name":"wp","href":"https:\/\/api.w.org\/{rel}","templated":true}]}}