{"id":30613,"date":"2025-05-02T19:14:23","date_gmt":"2025-05-02T15:14:23","guid":{"rendered":"https:\/\/airsystems.ge\/shop\/product\/lidar\/"},"modified":"2025-05-02T19:28:09","modified_gmt":"2025-05-02T15:28:09","slug":"lidar","status":"publish","type":"product","link":"https:\/\/airsystems.ge\/shop\/az\/product\/lidar\/","title":{"rendered":"LiDAR"},"content":{"rendered":"<p>Bir t\u0259r\u0259fd\u0259n k\u00fcl\u0259k park\u0131 rouminqi v\u0259 h\u00fcnd\u00fcrl\u00fcy\u00fcn ekstrapolyasiyas\u0131 \u00fc\u00e7\u00fcn \u0259n\u0259n\u0259vi met mast\u0131na \u0259lav\u0259 olaraq.<br \/>\nDig\u0259r t\u0259r\u0259fd\u0259n m\u00fcst\u0259qil bir bank edil\u0259 bil\u0259n k\u00fcl\u0259k \u00f6l\u00e7m\u0259.<\/p>\n<p>H\u0259min proqramlar sayt\u0131n Qiym\u0259tl\u0259ndirilm\u0259si <a href=\"http:\/\/chrome-extension:\/\/efaidnbmnnnibpcajpcglclefindmkaj\/https:\/\/www.measnet.com\/wp-content\/uploads\/2022\/09\/Measnet_Evaluation-of-Site-Especific-Wind-Conditions_v3-1.pdf\">MEASNET<\/a> Sayt Qiym\u0259tl\u0259ndirilm\u0259si \u00fc\u00e7\u00fcn Measnet t\u0259limat\u0131nda t\u0259qdim olunur<\/p>\n<table border=\"1\" width=\"642\" cellspacing=\"1\" cellpadding=\"1\">\n<tbody>\n<tr>\n<td>N\u0259zar\u0259t Mast il\u0259 C.7 RSD<\/td>\n<td><\/td>\n<\/tr>\n<tr>\n<td>C8. RSD-nin m\u00fcst\u0259qil t\u0259tbiqi<\/td>\n<td><\/td>\n<\/tr>\n<tr>\n<td>C9: K\u00fcl\u0259k T\u0259s\u0259rr\u00fcfat\u0131 Sah\u0259sinin daha yax\u015f\u0131 M\u0259kan\u0131 \u0259hat\u0259 etm\u0259sini h\u0259d\u0259fl\u0259y\u0259n K\u00fcl\u0259k \u00d6l\u00e7m\u0259l\u0259ri<\/td>\n<td>(art\u0131q bir mast var, lakin siz &#8220;k\u00fcl\u0259k park\u0131 rouminqi&#8221; k\u00fcl\u0259k park\u0131n\u0131n dig\u0259r yerl\u0259rind\u0259 k\u00fcl\u0259k \u015f\u0259raitini \u00f6l\u00e7m\u0259k ist\u0259yirsiniz)<\/td>\n<\/tr>\n<tr>\n<td>C10. Mast \u00d6l\u00e7m\u0259l\u0259rinin \u015eaquli Ekstrapolyasiyas\u0131 \u00fc\u00e7\u00fcn K\u00fcl\u0259k K\u0259sm\u0259 \u00d6l\u00e7m\u0259l\u0259ri<\/td>\n<td>(art\u0131q mast var, lakin siz k\u00fcl\u0259k \u015f\u0259raitini dir\u0259kd\u0259n yuxar\u0131 &#8220;h\u00fcnd\u00fcrl\u00fck ekstrapolyasiyas\u0131&#8221; il\u0259 \u00f6l\u00e7m\u0259k ist\u0259yirsiniz).<\/td>\n<\/tr>\n<\/tbody>\n<\/table>\n","protected":false},"excerpt":{"rendered":"<h1>K\u00fcl\u0259k s\u0259nayesind\u0259 LiDAR<\/h1>\n<p><img decoding=\"async\" class=\"img-fluid\" src=\"https:\/\/www.ammonit.com\/media\/filer_public_thumbnails\/filer_public\/b2\/91\/b291f28b-9708-4c5c-ab15-e343fe7a5d12\/ammonit_meteolaser_grafik_2023.jpg__216x216_q85_subsampling-2.jpg\" alt=\"\" \/><\/p>\n<ul>\n<li><a href=\"https:\/\/www.ammonit.com\/en\/products\/remote-sensing\/product-details\/meteolaser_lidar\/\">LiDAR<\/a> &#8220;\u0130\u015f\u0131q T\u0259sbiti v\u0259 Aral\u0131\u011f\u0131&#8221; dem\u0259kdir;<br \/>\nLiDAR k\u00fcl\u0259k \u015f\u0259raitini \u00f6l\u00e7m\u0259k \u00fc\u00e7\u00fcn lazer i\u015f\u0131\u011f\u0131nda doppler effektind\u0259n istifad\u0259 edir.<br \/>\nLiDAR k\u00fcl\u0259k s\u0259nayesind\u0259 getdikc\u0259 populyarla\u015f\u0131r<\/li>\n<\/ul>\n","protected":false},"featured_media":30608,"template":"","meta":[],"product_brand":[],"product_cat":[1336,1404,1398],"product_tag":[],"class_list":{"0":"post-30613","1":"product","2":"type-product","3":"status-publish","4":"has-post-thumbnail","6":"product_cat-brpa-olunan-enerji-kulk-v-guns-enerjisi-olcusu-az","7":"product_cat-lidar-az","8":"product_cat-uzaqdan-zondlama","10":"first","11":"instock","12":"shipping-taxable","13":"product-type-simple"},"_links":{"self":[{"href":"https:\/\/airsystems.ge\/shop\/az\/wp-json\/wp\/v2\/product\/30613","targetHints":{"allow":["GET"]}}],"collection":[{"href":"https:\/\/airsystems.ge\/shop\/az\/wp-json\/wp\/v2\/product"}],"about":[{"href":"https:\/\/airsystems.ge\/shop\/az\/wp-json\/wp\/v2\/types\/product"}],"wp:featuredmedia":[{"embeddable":true,"href":"https:\/\/airsystems.ge\/shop\/az\/wp-json\/wp\/v2\/media\/30608"}],"wp:attachment":[{"href":"https:\/\/airsystems.ge\/shop\/az\/wp-json\/wp\/v2\/media?parent=30613"}],"wp:term":[{"taxonomy":"product_brand","embeddable":true,"href":"https:\/\/airsystems.ge\/shop\/az\/wp-json\/wp\/v2\/product_brand?post=30613"},{"taxonomy":"product_cat","embeddable":true,"href":"https:\/\/airsystems.ge\/shop\/az\/wp-json\/wp\/v2\/product_cat?post=30613"},{"taxonomy":"product_tag","embeddable":true,"href":"https:\/\/airsystems.ge\/shop\/az\/wp-json\/wp\/v2\/product_tag?post=30613"}],"curies":[{"name":"wp","href":"https:\/\/api.w.org\/{rel}","templated":true}]}}