{"id":30560,"date":"2025-05-02T16:18:31","date_gmt":"2025-05-02T12:18:31","guid":{"rendered":"https:\/\/airsystems.ge\/shop\/product\/solar-resource-assessment\/"},"modified":"2025-05-02T17:26:54","modified_gmt":"2025-05-02T13:26:54","slug":"solar-resource-assessment","status":"publish","type":"product","link":"https:\/\/airsystems.ge\/shop\/az\/product\/solar-resource-assessment\/","title":{"rendered":"G\u00fcn\u0259\u015f Resurslar\u0131n\u0131n Qiym\u0259tl\u0259ndirilm\u0259si"},"content":{"rendered":"<p>m\u00fcxt\u0259lif \u00f6l\u00e7m\u0259l\u0259r laz\u0131md\u0131r:<\/p>\n<table border=\"1\" width=\"742\" cellspacing=\"1\" cellpadding=\"1\">\n<tbody>\n<tr>\n<td><\/td>\n<td><\/td>\n<td><strong>\u00a0 \u00d6l\u00e7m\u0259 al\u0259ti<\/strong><\/td>\n<td>\u00a0 <strong>\u018friz\u0259<\/strong><\/td>\n<\/tr>\n<tr>\n<td>GHI<\/td>\n<td>Qlobal \u00fcf\u00fcqi \u015f\u00fcalanma<\/td>\n<td>Piranometr, istinad h\u00fcceyr\u0259si<\/td>\n<td>\u00a0 PV v\u0259 CSP<\/td>\n<\/tr>\n<tr>\n<td>GTI<\/td>\n<td>Global \u0259yilmi\u015f \u015f\u00fcalanma<\/td>\n<td>Piranometr (\u0259yilmi\u015f), istinad h\u00fcceyr\u0259si (\u0259yilmi\u015f)<\/td>\n<td>\u00a0 PV<\/td>\n<\/tr>\n<tr>\n<td>DHI<\/td>\n<td>Diffuz \u00fcf\u00fcqi \u015f\u00fcalanma<\/td>\n<td>F\u0131rlanan k\u00f6lg\u0259 zolaql\u0131 irradiometr, k\u00f6lg\u0259 halqas\u0131 v\u0259 ya top il\u0259 piranometr<\/td>\n<td>\u00a0 PV<\/td>\n<\/tr>\n<tr>\n<td>DNI<\/td>\n<td>Birba\u015fa Normal \u015e\u00fcalanma<\/td>\n<td>Pyrheliometer Sun Tracker, F\u0131rlanan Shadowband Irradiometer qura\u015fd\u0131r\u0131lm\u0131\u015fd\u0131r<\/td>\n<td>CSP v\u0259 b\u00f6y\u00fck PV elektrik stansiyalar\u0131<\/td>\n<\/tr>\n<\/tbody>\n<\/table>\n<h3>G\u00fcn\u0259\u015f \u00f6l\u00e7m\u0259 sisteml\u0259ri il\u0259 ba\u011fl\u0131 suallar\u0131n\u0131z varm\u0131? Sat\u0131\u015f komandam\u0131z sizin \u00fc\u00e7\u00fcn buradad\u0131r<\/h3>\n<h3>G\u00fcn\u0259\u015f \u00f6l\u00e7m\u0259 sisteml\u0259rimizin komponentl\u0259ri<\/h3>\n<ul>\n<li><a href=\"https:\/\/www.ammonit.com\/en\/products\/data-loggers\/\">\u00d6l\u00e7m\u0259 m\u0259lumatlar\u0131n\u0131<\/a> qeyd etm\u0259k v\u0259 hesablamaq \u00fc\u00e7\u00fcn m\u0259lumat kaydedicil\u0259ri<br \/>\nQlobal v\u0259 diffuz \u015f\u00fcalanman\u0131 \u00f6l\u00e7m\u0259k \u00fc\u00e7\u00fcn <a href=\"https:\/\/www.ammonit.com\/en\/products\/solar-sensors\/pyranometers\/\">piranometr<\/a> (GHI + DHI)<br \/>\nBirba\u015fa normal \u015f\u00fcalanman\u0131 (DNI) \u00f6l\u00e7m\u0259k \u00fc\u00e7\u00fcn <a href=\"https:\/\/www.ammonit.com\/en\/products\/solar-sensors\/pyrheliometers\/\">pireliometr<\/a><br \/>\n\u0130stinad xanas\u0131<br \/>\nBirba\u015fa normal <a href=\"https:\/\/www.ammonit.com\/en\/products\/solar-sensors\/sun-tracking-systems\/\">\u015f\u00fcalanman\u0131n<\/a> \u00f6l\u00e7\u00fclm\u0259si (DNI) \u00fc\u00e7\u00fcn qura\u015fd\u0131r\u0131lm\u0131\u015f pireliometrli v\u0259 ya diffuz \u00fcf\u00fcqi \u015f\u00fcalanman\u0131n \u00f6l\u00e7\u00fclm\u0259si \u00fc\u00e7\u00fcn k\u00f6lg\u0259 halqas\u0131\/topu daxil olmaqla qura\u015fd\u0131r\u0131lm\u0131\u015f piranometrli G\u00fcn\u0259\u015f \u0130zl\u0259yicisi<br \/>\nK\u00fcl\u0259yin s\u00fcr\u0259tini \u00f6l\u00e7m\u0259k \u00fc\u00e7\u00fcn <a href=\"https:\/\/www.ammonit.com\/en\/products\/wind-sensors\/anemometers\/\">anemometr<\/a> (iste\u011fe ba\u011fl\u0131)<br \/>\nK\u00fcl\u0259yin istiqam\u0259tini t\u0259yin etm\u0259k <a href=\"https:\/\/www.ammonit.com\/en\/products\/wind-sensors\/wind-vanes\/\">\u00fc\u00e7\u00fcn k\u00fcl\u0259k qanadlar\u0131<\/a> (iste\u011fe ba\u011fl\u0131)<br \/>\nHava s\u0131xl\u0131\u011f\u0131n\u0131 \u00f6l\u00e7m\u0259k \u00fc\u00e7\u00fcn <a href=\"https:\/\/www.ammonit.com\/en\/products\/wind-sensors\/temperature-humidity-sensors\/\">temperatur r\u00fctub\u0259ti sensoru<\/a>, h\u0259m\u00e7inin <a href=\"https:\/\/www.ammonit.com\/en\/products\/wind-sensors\/air-pressure-sensors\/\">hava t\u0259zyiqi sensoru<\/a> (iste\u011fe ba\u011fl\u0131)<br \/>\n<a href=\"https:\/\/www.ammonit.com\/en\/products\/wind-sensors\/precipitation-sensors\/\">Ya\u011f\u0131\u015f sensoru<\/a> (iste\u011fe ba\u011fl\u0131)<br \/>\n<a href=\"https:\/\/www.ammonit.com\/en\/products\/data-logger-accessories\/communication-systems\/\">\u00d6l\u00e7m\u0259 m\u0259lumatlar\u0131n\u0131 \u00f6t\u00fcrm\u0259k \u00fc\u00e7\u00fcn rabit\u0259 sistemi<\/a><br \/>\n<a href=\"https:\/\/www.ammonit.com\/en\/products\/data-logger-accessories\/power-supply\/\">Enerji t\u0259chizat\u0131 sistemi<\/a><\/li>\n<\/ul>\n","protected":false},"excerpt":{"rendered":"<h1>SG\u00fcn\u0259\u015f Resurslar\u0131n\u0131n Qiym\u0259tl\u0259ndirilm\u0259si<\/h1>\n<p>G\u0259lirli g\u00fcn\u0259\u015f elektrik stansiyalar\u0131n\u0131n layih\u0259l\u0259ndirilm\u0259si \u00fc\u00e7\u00fcn yerli \u015f\u00fcalanman\u0131n \u00f6l\u00e7\u00fclm\u0259si vacibdir. Planla\u015fd\u0131rd\u0131\u011f\u0131n\u0131z g\u00fcn\u0259\u015f elektrik stansiyas\u0131n\u0131n n\u00f6v\u00fcnd\u0259n as\u0131l\u0131 olaraq<\/p>\n<p>PV (Fotovoltaik) v\u0259 ya<br \/>\nCSP (Konsentratl\u0131 G\u00fcn\u0259\u015f Enerjisi)<\/p>\n","protected":false},"featured_media":30555,"template":"","meta":[],"product_brand":[],"product_cat":[1379,1374],"product_tag":[],"class_list":{"0":"post-30560","1":"product","2":"type-product","3":"status-publish","4":"has-post-thumbnail","6":"product_cat-guns-resursunun-qiymtlndirilmsi-az","7":"product_cat-guns-resursunun-qiymtlndirilmsi","9":"first","10":"instock","11":"shipping-taxable","12":"product-type-simple"},"_links":{"self":[{"href":"https:\/\/airsystems.ge\/shop\/az\/wp-json\/wp\/v2\/product\/30560","targetHints":{"allow":["GET"]}}],"collection":[{"href":"https:\/\/airsystems.ge\/shop\/az\/wp-json\/wp\/v2\/product"}],"about":[{"href":"https:\/\/airsystems.ge\/shop\/az\/wp-json\/wp\/v2\/types\/product"}],"wp:featuredmedia":[{"embeddable":true,"href":"https:\/\/airsystems.ge\/shop\/az\/wp-json\/wp\/v2\/media\/30555"}],"wp:attachment":[{"href":"https:\/\/airsystems.ge\/shop\/az\/wp-json\/wp\/v2\/media?parent=30560"}],"wp:term":[{"taxonomy":"product_brand","embeddable":true,"href":"https:\/\/airsystems.ge\/shop\/az\/wp-json\/wp\/v2\/product_brand?post=30560"},{"taxonomy":"product_cat","embeddable":true,"href":"https:\/\/airsystems.ge\/shop\/az\/wp-json\/wp\/v2\/product_cat?post=30560"},{"taxonomy":"product_tag","embeddable":true,"href":"https:\/\/airsystems.ge\/shop\/az\/wp-json\/wp\/v2\/product_tag?post=30560"}],"curies":[{"name":"wp","href":"https:\/\/api.w.org\/{rel}","templated":true}]}}