{"id":30420,"date":"2025-01-01T22:01:33","date_gmt":"2025-01-01T18:01:33","guid":{"rendered":"https:\/\/airsystems.ge\/shop\/product\/coils-for-hydrocooling-special-coils-for-hydrocooling-applications\/"},"modified":"2025-06-07T16:17:55","modified_gmt":"2025-06-07T12:17:55","slug":"coils-for-hydrocooling-special-coils-for-hydrocooling-applications","status":"publish","type":"product","link":"https:\/\/airsystems.ge\/shop\/az\/product\/coils-for-hydrocooling-special-coils-for-hydrocooling-applications\/","title":{"rendered":"Hidrosoyutma \u00fc\u00e7\u00fcn rulonlar Hidrosoyutma t\u0259tbiql\u0259ri \u00fc\u00e7\u00fcn x\u00fcsusi rulonlar. Spirales Nichrome-FeCrAl"},"content":{"rendered":"","protected":false},"excerpt":{"rendered":"","protected":false},"featured_media":30413,"template":"","meta":[],"product_brand":[],"product_cat":[875,1312],"product_tag":[],"class_list":{"0":"post-30420","1":"product","2":"type-product","3":"status-publish","4":"has-post-thumbnail","6":"product_cat-snaye-az-kondisionerlr","7":"product_cat-spirales-nichrome-fecral-az","9":"first","10":"instock","11":"shipping-taxable","12":"product-type-simple"},"_links":{"self":[{"href":"https:\/\/airsystems.ge\/shop\/az\/wp-json\/wp\/v2\/product\/30420","targetHints":{"allow":["GET"]}}],"collection":[{"href":"https:\/\/airsystems.ge\/shop\/az\/wp-json\/wp\/v2\/product"}],"about":[{"href":"https:\/\/airsystems.ge\/shop\/az\/wp-json\/wp\/v2\/types\/product"}],"wp:featuredmedia":[{"embeddable":true,"href":"https:\/\/airsystems.ge\/shop\/az\/wp-json\/wp\/v2\/media\/30413"}],"wp:attachment":[{"href":"https:\/\/airsystems.ge\/shop\/az\/wp-json\/wp\/v2\/media?parent=30420"}],"wp:term":[{"taxonomy":"product_brand","embeddable":true,"href":"https:\/\/airsystems.ge\/shop\/az\/wp-json\/wp\/v2\/product_brand?post=30420"},{"taxonomy":"product_cat","embeddable":true,"href":"https:\/\/airsystems.ge\/shop\/az\/wp-json\/wp\/v2\/product_cat?post=30420"},{"taxonomy":"product_tag","embeddable":true,"href":"https:\/\/airsystems.ge\/shop\/az\/wp-json\/wp\/v2\/product_tag?post=30420"}],"curies":[{"name":"wp","href":"https:\/\/api.w.org\/{rel}","templated":true}]}}