{"id":30394,"date":"2025-01-01T22:03:24","date_gmt":"2025-01-01T18:03:24","guid":{"rendered":"https:\/\/airsystems.ge\/shop\/product\/evaporating-coils\/"},"modified":"2025-06-07T16:03:28","modified_gmt":"2025-06-07T12:03:28","slug":"evaporating-coils","status":"publish","type":"product","link":"https:\/\/airsystems.ge\/shop\/az\/product\/evaporating-coils\/","title":{"rendered":"Buxarland\u0131r\u0131c\u0131 rulonlar Spirales Nichrome-FeCrAl"},"content":{"rendered":"<div class=\"elementor-element elementor-element-391e72ec elementor-widget elementor-widget-theme-post-content\" data-id=\"391e72ec\" data-element_type=\"widget\" data-widget_type=\"theme-post-content.default\">\n<div class=\"elementor-widget-container\">\n<p>\u018fsas x\u00fcsusiyy\u0259tl\u0259r:<\/p>\n<p>A2L daxil olmaqla b\u00fct\u00fcn sintetik soyuducularla uy\u011fun g\u0259lir.<br \/>\n360 \u00b0 f\u0259rdil\u0259\u015fdirm\u0259 imkan\u0131<br \/>\nMaksimum dizayn t\u0259zyiqi 45bar, h\u0259m\u00e7inin geri \u00e7evril\u0259n kimi istifad\u0259 \u00fc\u00e7\u00fcn.<br \/>\nPerformans v\u0259 daxili h\u0259cmin azald\u0131lmas\u0131 il\u0259 ba\u011fl\u0131 b\u00fct\u00fcn ehtiyaclar\u0131 \u00f6d\u0259m\u0259k \u00fc\u00e7\u00fcn m\u00f6vcud 5 h\u0259nd\u0259si<br \/>\n21 boru m\u00f6vcuddur, hamar v\u0259 qab\u0131r\u011fal\u0131d\u0131r<br \/>\nHidrofilik emall\u0131 al\u00fcminium \u00fczg\u0259c d\u0259 daxil olmaqla, \u00fczg\u0259cl\u0259r \u00fc\u00e7\u00fcn 4 material m\u00f6vcuddur.<br \/>\nOptimal defrost intervallar\u0131n\u0131 t\u0259min etm\u0259k \u00fc\u00e7\u00fcn 1,6 mm-d\u0259n 11,0 mm-\u0259 q\u0259d\u0259r qanad aral\u0131\u011f\u0131<br \/>\n\u00c7\u0259r\u00e7iv\u0259 \u00fc\u00e7\u00fcn m\u00fcxt\u0259lif materiallar, o c\u00fcml\u0259d\u0259n sinkl\u0259nmi\u015f polad, al\u00fcminium, paslanmayan polad, mis<br \/>\nHelium test cihaz\u0131 il\u0259 s\u0131naqdan ke\u00e7irm\u0259k imkan\u0131<br \/>\nAqressiv m\u00fchitl\u0259rd\u0259 m\u0259hsulun \u00f6mr\u00fcn\u00fc art\u0131rmaq \u00fc\u00e7\u00fcn 10 s\u0259th m\u00fcalic\u0259si m\u00f6vcuddu<\/p>\n<\/div>\n<\/div>\n<div class=\"elementor-element elementor-element-427e8a79 e-flex e-con-boxed e-con e-child\" data-id=\"427e8a79\" data-element_type=\"container\">\n<div class=\"e-con-inner\">\n<div class=\"elementor-element elementor-element-6e19ed90 hidebutton mc-bl elementor-align-left elementor-widget elementor-widget-button\" data-id=\"6e19ed90\" data-element_type=\"widget\" data-widget_type=\"button.default\">\n<div class=\"elementor-widget-container\">\n<div class=\"elementor-button-wrapper\"><a class=\"elementor-button elementor-button-link elementor-size-sm\" href=\"https:\/\/www.enextechnologies.com\/wp-content\/uploads\/2025\/03\/HX_COILS_Catalog_ENG.pdf\" target=\"_blank\" rel=\"noopener\"><span class=\"elementor-button-content-wrapper\"><span class=\"elementor-button-text\">PRODUCT CATALOG<\/span><\/span><\/a><\/div>\n<\/div>\n<\/div>\n<\/div>\n<\/div>\n","protected":false},"excerpt":{"rendered":"<p>Buxarlanan Coil istilik d\u0259yi\u015fdiricil\u0259ri bu g\u00fcn m\u00f6vcud olan a\u015fa\u011f\u0131 GWP-li soyuducular\u0131n b\u00fct\u00fcn dizayn t\u0259l\u0259bl\u0259rin\u0259 uy\u011fundur. Onlar termodinamik, struktur v\u0259 \u00e7\u0259r\u00e7iv\u0259 konformasiya performans\u0131 bax\u0131m\u0131ndan m\u00fc\u015ft\u0259ri spesifikasiyas\u0131na uy\u011fun olaraq haz\u0131rlan\u0131r ki, onlar m\u00fc\u015ft\u0259rinin ma\u015f\u0131n\u0131na v\u0259 ya sistemin\u0259 m\u00fck\u0259mm\u0259l \u015f\u0259kild\u0259 inteqrasiya oluna bilsinl\u0259r.<\/p>\n","protected":false},"featured_media":30389,"template":"","meta":[],"product_brand":[],"product_cat":[875,1312],"product_tag":[],"class_list":{"0":"post-30394","1":"product","2":"type-product","3":"status-publish","4":"has-post-thumbnail","6":"product_cat-snaye-az-kondisionerlr","7":"product_cat-spirales-nichrome-fecral-az","9":"first","10":"instock","11":"shipping-taxable","12":"product-type-simple"},"_links":{"self":[{"href":"https:\/\/airsystems.ge\/shop\/az\/wp-json\/wp\/v2\/product\/30394","targetHints":{"allow":["GET"]}}],"collection":[{"href":"https:\/\/airsystems.ge\/shop\/az\/wp-json\/wp\/v2\/product"}],"about":[{"href":"https:\/\/airsystems.ge\/shop\/az\/wp-json\/wp\/v2\/types\/product"}],"wp:featuredmedia":[{"embeddable":true,"href":"https:\/\/airsystems.ge\/shop\/az\/wp-json\/wp\/v2\/media\/30389"}],"wp:attachment":[{"href":"https:\/\/airsystems.ge\/shop\/az\/wp-json\/wp\/v2\/media?parent=30394"}],"wp:term":[{"taxonomy":"product_brand","embeddable":true,"href":"https:\/\/airsystems.ge\/shop\/az\/wp-json\/wp\/v2\/product_brand?post=30394"},{"taxonomy":"product_cat","embeddable":true,"href":"https:\/\/airsystems.ge\/shop\/az\/wp-json\/wp\/v2\/product_cat?post=30394"},{"taxonomy":"product_tag","embeddable":true,"href":"https:\/\/airsystems.ge\/shop\/az\/wp-json\/wp\/v2\/product_tag?post=30394"}],"curies":[{"name":"wp","href":"https:\/\/api.w.org\/{rel}","templated":true}]}}