{"id":30330,"date":"2025-01-01T22:08:44","date_gmt":"2025-01-01T18:08:44","guid":{"rendered":"https:\/\/airsystems.ge\/shop\/product\/coils-for-vacuum-cooling-special-coils-for-vacuum-cooling-applications\/"},"modified":"2025-06-07T15:23:38","modified_gmt":"2025-06-07T11:23:38","slug":"coils-for-vacuum-cooling-special-coils-for-vacuum-cooling-applications","status":"publish","type":"product","link":"https:\/\/airsystems.ge\/shop\/az\/product\/coils-for-vacuum-cooling-special-coils-for-vacuum-cooling-applications\/","title":{"rendered":"Vakuum soyutma \u00fc\u00e7\u00fcn rulonlar Vakuum soyutma t\u0259tbiql\u0259ri \u00fc\u00e7\u00fcn x\u00fcsusi rulonlar. Spirales Nichrome-FeCrAl"},"content":{"rendered":"","protected":false},"excerpt":{"rendered":"","protected":false},"featured_media":30325,"template":"","meta":[],"product_brand":[],"product_cat":[875,1312],"product_tag":[],"class_list":{"0":"post-30330","1":"product","2":"type-product","3":"status-publish","4":"has-post-thumbnail","6":"product_cat-snaye-az-kondisionerlr","7":"product_cat-spirales-nichrome-fecral-az","9":"first","10":"instock","11":"shipping-taxable","12":"product-type-simple"},"_links":{"self":[{"href":"https:\/\/airsystems.ge\/shop\/az\/wp-json\/wp\/v2\/product\/30330","targetHints":{"allow":["GET"]}}],"collection":[{"href":"https:\/\/airsystems.ge\/shop\/az\/wp-json\/wp\/v2\/product"}],"about":[{"href":"https:\/\/airsystems.ge\/shop\/az\/wp-json\/wp\/v2\/types\/product"}],"wp:featuredmedia":[{"embeddable":true,"href":"https:\/\/airsystems.ge\/shop\/az\/wp-json\/wp\/v2\/media\/30325"}],"wp:attachment":[{"href":"https:\/\/airsystems.ge\/shop\/az\/wp-json\/wp\/v2\/media?parent=30330"}],"wp:term":[{"taxonomy":"product_brand","embeddable":true,"href":"https:\/\/airsystems.ge\/shop\/az\/wp-json\/wp\/v2\/product_brand?post=30330"},{"taxonomy":"product_cat","embeddable":true,"href":"https:\/\/airsystems.ge\/shop\/az\/wp-json\/wp\/v2\/product_cat?post=30330"},{"taxonomy":"product_tag","embeddable":true,"href":"https:\/\/airsystems.ge\/shop\/az\/wp-json\/wp\/v2\/product_tag?post=30330"}],"curies":[{"name":"wp","href":"https:\/\/api.w.org\/{rel}","templated":true}]}}