{"id":30316,"date":"2025-01-01T22:10:33","date_gmt":"2025-01-01T18:10:33","guid":{"rendered":"https:\/\/airsystems.ge\/shop\/product\/customized-coils-tailor-made-coils-for-any-application\/"},"modified":"2025-04-21T23:14:45","modified_gmt":"2025-04-21T19:14:45","slug":"customized-coils-tailor-made-coils-for-any-application","status":"publish","type":"product","link":"https:\/\/airsystems.ge\/shop\/az\/product\/customized-coils-tailor-made-coils-for-any-application\/","title":{"rendered":"X\u00fcsusi spiral \u00c7in Nefral\u0131 Alloy Spiral Elektrik Sobas\u0131 \u00c7evik \u0130stilik Coil"},"content":{"rendered":"","protected":false},"excerpt":{"rendered":"","protected":false},"featured_media":30311,"template":"","meta":[],"product_brand":[],"product_cat":[875,1312],"product_tag":[],"class_list":{"0":"post-30316","1":"product","2":"type-product","3":"status-publish","4":"has-post-thumbnail","6":"product_cat-snaye-az-kondisionerlr","7":"product_cat-spirales-nichrome-fecral-az","9":"first","10":"instock","11":"shipping-taxable","12":"product-type-simple"},"_links":{"self":[{"href":"https:\/\/airsystems.ge\/shop\/az\/wp-json\/wp\/v2\/product\/30316","targetHints":{"allow":["GET"]}}],"collection":[{"href":"https:\/\/airsystems.ge\/shop\/az\/wp-json\/wp\/v2\/product"}],"about":[{"href":"https:\/\/airsystems.ge\/shop\/az\/wp-json\/wp\/v2\/types\/product"}],"wp:featuredmedia":[{"embeddable":true,"href":"https:\/\/airsystems.ge\/shop\/az\/wp-json\/wp\/v2\/media\/30311"}],"wp:attachment":[{"href":"https:\/\/airsystems.ge\/shop\/az\/wp-json\/wp\/v2\/media?parent=30316"}],"wp:term":[{"taxonomy":"product_brand","embeddable":true,"href":"https:\/\/airsystems.ge\/shop\/az\/wp-json\/wp\/v2\/product_brand?post=30316"},{"taxonomy":"product_cat","embeddable":true,"href":"https:\/\/airsystems.ge\/shop\/az\/wp-json\/wp\/v2\/product_cat?post=30316"},{"taxonomy":"product_tag","embeddable":true,"href":"https:\/\/airsystems.ge\/shop\/az\/wp-json\/wp\/v2\/product_tag?post=30316"}],"curies":[{"name":"wp","href":"https:\/\/api.w.org\/{rel}","templated":true}]}}