{"id":30176,"date":"2025-04-21T12:34:21","date_gmt":"2025-04-21T08:34:21","guid":{"rendered":"https:\/\/airsystems.ge\/shop\/product\/ae-sr_up-split-system-air-conditioner-for-telecommunications-ceiling-mounting-vertical-flow-without-free-cooling-20c-45c\/"},"modified":"2025-04-21T12:39:57","modified_gmt":"2025-04-21T08:39:57","slug":"ae-sr_up-split-system-air-conditioner-for-telecommunications-ceiling-mounting-vertical-flow-without-free-cooling-20c-45c","status":"publish","type":"product","link":"https:\/\/airsystems.ge\/shop\/az\/product\/ae-sr_up-split-system-air-conditioner-for-telecommunications-ceiling-mounting-vertical-flow-without-free-cooling-20c-45c\/","title":{"rendered":"AE SR_UP Telekommunikasiya \u00fc\u00e7\u00fcn split sistemli kondisioner Tavan montaj\u0131 &#8211; \u015faquli ax\u0131n &#8211; pulsuz soyutma olmadan -20\u00b0C +45\u00b0C"},"content":{"rendered":"<div class=\"elementor-element elementor-element-391e72ec elementor-widget elementor-widget-theme-post-content\" data-id=\"391e72ec\" data-element_type=\"widget\" data-widget_type=\"theme-post-content.default\">\n<div class=\"elementor-widget-container\">\n<p><strong>Texniki x\u00fcsusiyy\u0259tl\u0259r:<\/strong><\/p>\n<p>Boyal\u0131 poladdan haz\u0131rlanm\u0131\u015f \u0259sas \u00e7\u0259r\u00e7iv\u0259 il\u0259 xarici blok<br \/>\nAl\u00fcminiumdan haz\u0131rlanm\u0131\u015f \u0259sas \u00e7\u0259r\u00e7iv\u0259 v\u0259 panell\u0259ri olan daxili blok<br \/>\nY\u00fcks\u0259k korroziyaya davaml\u0131d\u0131r<br \/>\nAl\u00fcminium-al\u00fcminium mikrokanall\u0131 kondensator batareyas\u0131<br \/>\nEnerji t\u0259chizat\u0131 olmad\u0131qda avtomatik yenid\u0259n i\u015f\u0259 sal\u0131n<br \/>\nFanlar buxarlanan b\u00f6lm\u0259 n\u00f6v\u00fc EC<br \/>\nKondensasiya b\u00f6lm\u0259sinin fanatlar\u0131 kondensasiya t\u0259zyiqin\u0259 uy\u011fun olaraq d\u0259yi\u015f\u0259n s\u00fcr\u0259t\u0259 malikdirl\u0259r<br \/>\nElektron termostatik klapan<br \/>\n48Vdc hava emal\u0131 b\u00f6lm\u0259si<\/p>\n<p><strong>Aksesuarlar:<\/strong><\/p>\n<p>Divar\/d\u00f6\u015f\u0259m\u0259 b\u0259rkidici d\u0259sti UE (vibrasiya damperl\u0259ri il\u0259)<br \/>\n\u0130stilik m\u00fcqavim\u0259ti<br \/>\nRS232\/485 interfeys l\u00f6vh\u0259si<br \/>\nEthernet interfeys l\u00f6vh\u0259si<br \/>\nSNMP v\u0259 Veb interfeys l\u00f6vh\u0259si<br \/>\nR\u00fctub\u0259t\u0259 n\u0259zar\u0259t (n\u0259ml\u0259nm\u0259 h\u0259ddi 40%RH@30\u00b0C)<\/p>\n<\/div>\n<\/div>\n<div class=\"elementor-element elementor-element-427e8a79 e-flex e-con-boxed e-con e-child\" data-id=\"427e8a79\" data-element_type=\"container\">\n<div class=\"e-con-inner\">\n<div class=\"elementor-element elementor-element-6e19ed90 hidebutton mc-bl elementor-align-left elementor-widget elementor-widget-button\" data-id=\"6e19ed90\" data-element_type=\"widget\" data-widget_type=\"button.default\">\n<div class=\"elementor-widget-container\">\n<div class=\"elementor-button-wrapper\"><a class=\"elementor-button elementor-button-link elementor-size-sm\" href=\"https:\/\/www.enextechnologies.com\/wp-content\/uploads\/2024\/08\/B_AE__SR_UP_inverter-EN-R-1.pdf\" target=\"_blank\" rel=\"noopener\"><span class=\"elementor-button-content-wrapper\"><span class=\"elementor-button-text\">BROCHURE<\/span><\/span><\/a><\/div>\n<\/div>\n<\/div>\n<\/div>\n<\/div>\n","protected":false},"excerpt":{"rendered":"<p>2,0 il\u0259 17,2 kVt aras\u0131nda<\/p>\n<p>Under Series kondisionerl\u0259ri hava il\u0259 soyudulmu\u015f split sistemdir, otaq daxilind\u0259 qura\u015fd\u0131rmalar, radio baza stansiyas\u0131 \u00fc\u00e7\u00fcn s\u0131\u011f\u0131nacaq v\u0259 m\u0259lumatlar\u0131n emal\u0131 m\u0259rk\u0259zi \u00fc\u00e7\u00fcn ideald\u0131r.<br \/>\nTemperaturun t\u0259nziml\u0259nm\u0259si \u0130nverter texnologiyas\u0131 vasit\u0259sil\u0259 kondisionerin soyutma qabiliyy\u0259tinin d\u0259yi\u015fm\u0259si (kompressorun f\u0131rlanma s\u00fcr\u0259tinin d\u0259yi\u015fm\u0259si) vasit\u0259sil\u0259 \u0259ld\u0259 edilir.<br \/>\nDaxili b\u00f6lm\u0259nin hava ax\u0131n\u0131 a\u015fa\u011f\u0131ya do\u011fru y\u00f6n\u0259ldilir.<br \/>\nKondisionerl\u0259r daxili n\u0259zar\u0259t\u00e7i v\u0259 temperatur v\u0259 t\u0259zyiq zondlar\u0131 il\u0259 t\u0259chiz olunmu\u015fdur ki, bu da m\u00fcst\u0259qil v\u0259 ya \u0259laq\u0259l\u0259ndirilmi\u015f &#8220;soyutma sistemi&#8221; \u0259ld\u0259 etm\u0259y\u0259 imkan verir, b\u00fct\u00fcn idar\u0259etm\u0259 v\u0259 kondisioner funksiyalar\u0131n\u0131n tam ixtisar\u0131n\u0131 t\u0259min edir.<\/p>\n<p>Kondisionerl\u0259r \u0259mrl\u0259ri v\u0259 idar\u0259etm\u0259l\u0259ri idar\u0259 etm\u0259k \u00fc\u00e7\u00fcn uzaqdan interfeys istifad\u0259\u00e7i paneli il\u0259 t\u0259chiz olunub, ay\u0131r\u0131c\u0131larla tamamlan\u0131r, h\u0259ddind\u0259n art\u0131q c\u0259r\u0259yandan daxili elektrik m\u00fchafiz\u0259si il\u0259 t\u0259min edilir.<br \/>\nMexanik x\u00fcsusiyy\u0259tl\u0259rin\u0259 g\u00f6r\u0259, b\u00fct\u00fcn daxili bloklar h\u0259tta m\u00fcxt\u0259lif soyutma qabiliyy\u0259ti il\u0259 biti\u015fik qura\u015fd\u0131r\u0131la bil\u0259r.<\/p>\n","protected":false},"featured_media":30171,"template":"","meta":[],"product_brand":[],"product_cat":[1288,875,1276],"product_tag":[],"class_list":{"0":"post-30176","1":"product","2":"type-product","3":"status-publish","4":"has-post-thumbnail","6":"product_cat-pulsuz-soyutma-olmadan-telekommunikasiya-ucun-split-sistemli-kondisioner","7":"product_cat-snaye-az-kondisionerlr","8":"product_cat-split-kondisioner-telekommunikasiya-ucun-sistemli","10":"first","11":"instock","12":"shipping-taxable","13":"product-type-simple"},"_links":{"self":[{"href":"https:\/\/airsystems.ge\/shop\/az\/wp-json\/wp\/v2\/product\/30176","targetHints":{"allow":["GET"]}}],"collection":[{"href":"https:\/\/airsystems.ge\/shop\/az\/wp-json\/wp\/v2\/product"}],"about":[{"href":"https:\/\/airsystems.ge\/shop\/az\/wp-json\/wp\/v2\/types\/product"}],"wp:featuredmedia":[{"embeddable":true,"href":"https:\/\/airsystems.ge\/shop\/az\/wp-json\/wp\/v2\/media\/30171"}],"wp:attachment":[{"href":"https:\/\/airsystems.ge\/shop\/az\/wp-json\/wp\/v2\/media?parent=30176"}],"wp:term":[{"taxonomy":"product_brand","embeddable":true,"href":"https:\/\/airsystems.ge\/shop\/az\/wp-json\/wp\/v2\/product_brand?post=30176"},{"taxonomy":"product_cat","embeddable":true,"href":"https:\/\/airsystems.ge\/shop\/az\/wp-json\/wp\/v2\/product_cat?post=30176"},{"taxonomy":"product_tag","embeddable":true,"href":"https:\/\/airsystems.ge\/shop\/az\/wp-json\/wp\/v2\/product_tag?post=30176"}],"curies":[{"name":"wp","href":"https:\/\/api.w.org\/{rel}","templated":true}]}}