{"id":30128,"date":"2025-04-20T23:01:00","date_gmt":"2025-04-20T19:01:00","guid":{"rendered":"https:\/\/airsystems.ge\/shop\/product\/ae-sf_dpv-ceiling-mounting-horizontal-flow-with-free-cooling\/"},"modified":"2025-04-20T23:53:20","modified_gmt":"2025-04-20T19:53:20","slug":"ae-sf_dpv-ceiling-mounting-horizontal-flow-with-free-cooling","status":"publish","type":"product","link":"https:\/\/airsystems.ge\/shop\/az\/product\/ae-sf_dpv-ceiling-mounting-horizontal-flow-with-free-cooling\/","title":{"rendered":"AE SF_DPV Telekommunikasiya \u00fc\u00e7\u00fcn split sistemli kondisioner  Tavan montaj\u0131 &#8211; \u00fcf\u00fcqi ax\u0131n &#8211; pulsuz soyutma il\u0259"},"content":{"rendered":"<div class=\"elementor-element elementor-element-70da8153 elementor-widget elementor-widget-theme-page-title elementor-page-title elementor-widget-heading\" data-id=\"70da8153\" data-element_type=\"widget\" data-widget_type=\"theme-page-title.default\">\n<div class=\"elementor-widget-container\">\n<p><strong>Texniki x\u00fcsusiyy\u0259tl\u0259r:<\/strong><br \/>\n\u2022 \u018fsas \u00e7\u0259r\u00e7iv\u0259 poladdan v\u0259 al\u00fcminium panell\u0259rd\u0259n ibar\u0259t xarici blok<br \/>\n\u2022 Mainframe il\u0259 daxili blok v\u0259 al\u00fcminium panell\u0259r<br \/>\n\u2022 Y\u00fcks\u0259k korroziyaya davaml\u0131d\u0131r<br \/>\n\u2022 Al\u00fcminium-al\u00fcminium mikrokanall\u0131 kondensator batareyas\u0131<br \/>\n\u2022 Enerji t\u0259chizat\u0131 olmad\u0131qda avtomatik yenid\u0259n i\u015f\u0259 sal\u0131n<br \/>\n\u2022 EC buxarlanma b\u00f6lm\u0259sinin ventilyatorlar\u0131<br \/>\n\u2022 Kondensasiya b\u00f6lm\u0259sinin ventilyatorlar\u0131 kondensasiya t\u0259zyiqin\u0259 uy\u011fun olaraq d\u0259yi\u015f\u0259n s\u00fcr\u0259t\u0259 malikdir<br \/>\n\u2022 Elektron termostatik klapan<br \/>\n\u2022 48Vdc hava emal\u0131 b\u00f6lm\u0259si<\/p>\n<p><strong>Aksesuarlar:<\/strong><br \/>\n\u2022 Divar\/d\u00f6\u015f\u0259m\u0259 b\u0259rkitm\u0259 d\u0259sti UE (vibrasiya damperl\u0259ri il\u0259)<br \/>\n\u2022 Grille FC qura\u015fd\u0131rma d\u0259sti<br \/>\n\u2022 Kanalla\u015fd\u0131r\u0131lm\u0131\u015f FC qura\u015fd\u0131rma d\u0259sti<br \/>\n\u2022 \u0130stilik m\u00fcqavim\u0259ti<br \/>\n\u2022 RS232\/485 interfeys l\u00f6vh\u0259si<br \/>\n\u2022 Ethernet interfeys l\u00f6vh\u0259si<br \/>\n\u2022 SNMP v\u0259 Veb interfeys l\u00f6vh\u0259si<br \/>\n\u2022 R\u00fctub\u0259t\u0259 n\u0259zar\u0259t (n\u0259ml\u0259nm\u0259 h\u0259ddi 40%RH@30\u00b0C)<\/p>\n<\/div>\n<\/div>\n<div class=\"elementor-element elementor-element-427e8a79 e-flex e-con-boxed e-con e-child\" data-id=\"427e8a79\" data-element_type=\"container\">\n<div class=\"e-con-inner\">\n<div class=\"elementor-element elementor-element-6e19ed90 hidebutton mc-bl elementor-align-left elementor-widget elementor-widget-button\" data-id=\"6e19ed90\" data-element_type=\"widget\" data-widget_type=\"button.default\">\n<div class=\"elementor-widget-container\">\n<div class=\"elementor-button-wrapper\"><a class=\"elementor-button elementor-button-link elementor-size-sm\" href=\"https:\/\/www.enextechnologies.com\/wp-content\/uploads\/2024\/08\/B_AE__SF_DP-ENG-A4-Rev.5-1.pdf\" target=\"_blank\" rel=\"noopener\"><span class=\"elementor-button-content-wrapper\"><span class=\"elementor-button-text\">BROCHURE AE_SF_DP<\/span><\/span><\/a><\/div>\n<\/div>\n<\/div>\n<div class=\"elementor-element elementor-element-13f5f820 hidebutton mc-bl elementor-align-left elementor-widget elementor-widget-button\" data-id=\"13f5f820\" data-element_type=\"widget\" data-widget_type=\"button.default\">\n<div class=\"elementor-widget-container\">\n<div class=\"elementor-button-wrapper\"><a class=\"elementor-button elementor-button-link elementor-size-sm\" href=\"https:\/\/www.enextechnologies.com\/wp-content\/uploads\/2024\/08\/B_AE__SF_DP_inverter-ENG-.pdf\" target=\"_blank\" rel=\"noopener\"><span class=\"elementor-button-content-wrapper\"><span class=\"elementor-button-text\">BROCHURE AE_SF_DP INVERTER<\/span><\/span><\/a><\/div>\n<\/div>\n<\/div>\n<\/div>\n<\/div>\n","protected":false},"excerpt":{"rendered":"<p>2,0 kVt-dan 10,2 kVt-a q\u0259d\u0259r<\/p>\n<p>Split kondisionerl\u0259r hava il\u0259 soyudulmu\u015f tip, otaq daxilind\u0259 qura\u015fd\u0131rma \u00fc\u00e7\u00fcn ideallar, radio baza stansiyas\u0131 v\u0259 m\u0259lumatlar\u0131n emal\u0131 m\u0259rk\u0259zi \u00fc\u00e7\u00fcn s\u0131\u011f\u0131nacaq.<br \/>\nTemperaturun t\u0259nziml\u0259nm\u0259sin\u0259 \u0130nverter texnologiyas\u0131 vasit\u0259sil\u0259 kondisionerin soyutma qabiliyy\u0259tinin d\u0259yi\u015fm\u0259si (kompressorun f\u0131rlanma s\u00fcr\u0259tinin d\u0259yi\u015fm\u0259si) vasit\u0259sil\u0259 nail olmaq olar.<br \/>\nKondisionerl\u0259r, iqlim \u015f\u0259raitinin icaz\u0259 verdiyi zaman \u0259h\u0259miyy\u0259tli d\u0259r\u0259c\u0259d\u0259 enerjiy\u0259 q\u0259na\u0259t etm\u0259y\u0259 imkan ver\u0259n s\u0259rb\u0259st soyutma sistemi il\u0259 t\u0259chiz edilmi\u015fdir.<br \/>\nDaxili b\u00f6lm\u0259nin hava ax\u0131n\u0131 \u015faquli (yer d\u0259yi\u015fdirm\u0259) v\u0259 ya \u00fcf\u00fcqi (\u015f\u0259rti) \u015f\u0259kild\u0259 \u00e7atd\u0131r\u0131la bil\u0259r.<br \/>\nBu avadanl\u0131q s\u0259rb\u0259st soyutma il\u0259 t\u0259chiz edilmi\u015fdir. S\u0259rb\u0259st soyutma sistemi xaricd\u0259n i\u00e7\u0259riy\u0259 v\u0259 \u0259ksin\u0259 hava d\u0259yi\u015fdirm\u0259 qur\u011fusundan ibar\u0259tdir v\u0259 hava \u015f\u0259raiti imkan verdiyi zaman \u0259h\u0259miyy\u0259tli enerji q\u0259na\u0259ti \u0259ld\u0259 edir.<br \/>\nKondisionerl\u0259r daxili n\u0259zar\u0259t\u00e7i v\u0259 temperatur v\u0259 t\u0259zyiq zondlar\u0131 il\u0259 t\u0259chiz olunmu\u015fdur ki, bu da m\u00fcst\u0259qil v\u0259 ya \u0259laq\u0259l\u0259ndirilmi\u015f &#8220;soyutma sistemi&#8221; \u0259ld\u0259 etm\u0259y\u0259 imkan verir, b\u00fct\u00fcn idar\u0259etm\u0259 v\u0259 kondisioner funksiyalar\u0131n\u0131n tam ixtisar\u0131n\u0131 t\u0259min edir.<br \/>\nKondisionerl\u0259r \u0259mrl\u0259ri v\u0259 idar\u0259etm\u0259l\u0259ri idar\u0259 etm\u0259k \u00fc\u00e7\u00fcn uzaqdan interfeys istifad\u0259\u00e7i paneli il\u0259 t\u0259chiz olunub, ay\u0131r\u0131c\u0131larla tamamlan\u0131r, h\u0259ddind\u0259n art\u0131q c\u0259r\u0259yandan daxili elektrik m\u00fchafiz\u0259si il\u0259 t\u0259min edilir.<\/p>\n","protected":false},"featured_media":30123,"template":"","meta":[],"product_brand":[],"product_cat":[1281,875,1276],"product_tag":[],"class_list":{"0":"post-30128","1":"product","2":"type-product","3":"status-publish","4":"has-post-thumbnail","6":"product_cat-kondisioner-split-telekommunikasiya-free-cooling","7":"product_cat-snaye-az-kondisionerlr","8":"product_cat-split-kondisioner-telekommunikasiya-ucun-sistemli","10":"first","11":"instock","12":"shipping-taxable","13":"product-type-simple"},"_links":{"self":[{"href":"https:\/\/airsystems.ge\/shop\/az\/wp-json\/wp\/v2\/product\/30128","targetHints":{"allow":["GET"]}}],"collection":[{"href":"https:\/\/airsystems.ge\/shop\/az\/wp-json\/wp\/v2\/product"}],"about":[{"href":"https:\/\/airsystems.ge\/shop\/az\/wp-json\/wp\/v2\/types\/product"}],"wp:featuredmedia":[{"embeddable":true,"href":"https:\/\/airsystems.ge\/shop\/az\/wp-json\/wp\/v2\/media\/30123"}],"wp:attachment":[{"href":"https:\/\/airsystems.ge\/shop\/az\/wp-json\/wp\/v2\/media?parent=30128"}],"wp:term":[{"taxonomy":"product_brand","embeddable":true,"href":"https:\/\/airsystems.ge\/shop\/az\/wp-json\/wp\/v2\/product_brand?post=30128"},{"taxonomy":"product_cat","embeddable":true,"href":"https:\/\/airsystems.ge\/shop\/az\/wp-json\/wp\/v2\/product_cat?post=30128"},{"taxonomy":"product_tag","embeddable":true,"href":"https:\/\/airsystems.ge\/shop\/az\/wp-json\/wp\/v2\/product_tag?post=30128"}],"curies":[{"name":"wp","href":"https:\/\/api.w.org\/{rel}","templated":true}]}}