{"id":30111,"date":"2025-04-20T22:21:27","date_gmt":"2025-04-20T18:21:27","guid":{"rendered":"https:\/\/airsystems.ge\/shop\/product\/irwu-water-cooled-close-control-unit-for-high-density-racks-30-60-cm\/"},"modified":"2025-04-20T22:26:25","modified_gmt":"2025-04-20T18:26:25","slug":"irwu-water-cooled-close-control-unit-for-high-density-racks-30-60-cm","status":"publish","type":"product","link":"https:\/\/airsystems.ge\/shop\/az\/product\/irwu-water-cooled-close-control-unit-for-high-density-racks-30-60-cm\/","title":{"rendered":"IRWU Y\u00fcks\u0259k s\u0131xl\u0131ql\u0131 r\u0259fl\u0259r \u00fc\u00e7\u00fcn su il\u0259 soyudulmu\u015f yax\u0131n idar\u0259etm\u0259 bloku (30 \u2013 60 sm)"},"content":{"rendered":"","protected":false},"excerpt":{"rendered":"<div id=\"page\" class=\"site\">\n<div id=\"content\" class=\"site-content\" data-mobile-menu-resolution=\"868\">\n<div class=\"elementor elementor-15803 elementor-location-single post-17444 product type-product status-publish has-post-thumbnail hentry\" data-elementor-type=\"single-post\" data-elementor-id=\"15803\" data-elementor-post-type=\"elementor_library\">\n<div class=\"elementor-element elementor-element-4182285c e-con-full e-flex e-con e-parent e-lazyloaded\" data-id=\"4182285c\" data-element_type=\"container\">\n<div class=\"elementor-element elementor-element-27029276 e-con-full e-flex e-con e-child\" data-id=\"27029276\" data-element_type=\"container\">\n<div class=\"elementor-element elementor-element-391e72ec elementor-widget elementor-widget-theme-post-content\" data-id=\"391e72ec\" data-element_type=\"widget\" data-widget_type=\"theme-post-content.default\">\n<div class=\"elementor-widget-container\">\n<p>Soyutma g\u00fcc\u00fc 11,1 KVt-dan 68,9 kVt-a q\u0259d\u0259r<\/p>\n<p>Qapal\u0131 \u015faquli kondisionerl\u0259r RACK COOLER \u201cIRUW\u201d m\u0259lumat m\u0259rk\u0259zind\u0259ki Qaynar N\u00f6qt\u0259l\u0259rin effektiv idar\u0259etm\u0259 sistemidir, h\u0259tta Y\u00dcKS\u018fK S\u0131xl\u0131ql\u0131 rack v\u0259 40 kVt\/m2-d\u0259n \u00e7ox rack \u00fc\u00e7\u00fcn olduqca y\u00fcks\u0259k y\u00fckl\u0259r alt\u0131nda a\u015fa\u011f\u0131 enerji istehlak\u0131 v\u0259 istifad\u0259 imkanlar\u0131n\u0131 t\u0259min edir.<br \/>\nXarici soyuducudan istifad\u0259 etm\u0259kl\u0259 soyutma t\u0259min edil\u0259n hidronik versiyada. Son n\u0259sil elektron ke\u00e7idli f\u0131r\u00e7as\u0131z m\u00fch\u0259rrikl\u0259ri \u00f6z\u00fcnd\u0259 \u0259ks etdir\u0259n EC fan sisteml\u0259rinin istifad\u0259si \u0259la performans v\u0259 a\u015fa\u011f\u0131 istehlak\u0131 t\u0259min edir.<br \/>\nSoyutma sisteminin istehlak\u0131n\u0131 v\u0259 ehtiyat\u0131n\u0131 optimalla\u015fd\u0131rmaq \u00fc\u00e7\u00fcn N +1 EC fanatlar\u0131n\u0131n dinamik idar\u0259 edilm\u0259si il\u0259 standart olaraq m\u00f6vcuddur. Bu f\u0259rdi b\u00f6lm\u0259l\u0259r serverl\u0259rin y\u00fck\u00fcn\u00fc da\u011f\u0131tmaq \u00fc\u00e7\u00fcn yerli olaraq h\u0259r\u0259k\u0259t etm\u0259k \u00fc\u00e7\u00fcn s\u0131radak\u0131 raflar aras\u0131nda yerl\u0259\u015fdirilm\u0259lidir.<br \/>\nEmibayt avadanl\u0131\u011f\u0131 tam dizayn edilmi\u015f v\u0259 Emicon do\u011frulama laboratoriyalar\u0131nda s\u0131naqdan ke\u00e7irilmi\u015fdir.<\/p>\n<\/div>\n<\/div>\n<\/div>\n<\/div>\n<\/div>\n<\/div>\n<\/div>\n","protected":false},"featured_media":30106,"template":"","meta":[],"product_brand":[],"product_cat":[1259,1262,875],"product_tag":[],"class_list":{"0":"post-30111","1":"product","2":"type-product","3":"status-publish","4":"has-post-thumbnail","6":"product_cat-hssas-kondisioner-crac-crah","7":"product_cat-hssas-kondisioner-crah-az","8":"product_cat-snaye-az-kondisionerlr","10":"first","11":"instock","12":"shipping-taxable","13":"product-type-simple"},"_links":{"self":[{"href":"https:\/\/airsystems.ge\/shop\/az\/wp-json\/wp\/v2\/product\/30111","targetHints":{"allow":["GET"]}}],"collection":[{"href":"https:\/\/airsystems.ge\/shop\/az\/wp-json\/wp\/v2\/product"}],"about":[{"href":"https:\/\/airsystems.ge\/shop\/az\/wp-json\/wp\/v2\/types\/product"}],"wp:featuredmedia":[{"embeddable":true,"href":"https:\/\/airsystems.ge\/shop\/az\/wp-json\/wp\/v2\/media\/30106"}],"wp:attachment":[{"href":"https:\/\/airsystems.ge\/shop\/az\/wp-json\/wp\/v2\/media?parent=30111"}],"wp:term":[{"taxonomy":"product_brand","embeddable":true,"href":"https:\/\/airsystems.ge\/shop\/az\/wp-json\/wp\/v2\/product_brand?post=30111"},{"taxonomy":"product_cat","embeddable":true,"href":"https:\/\/airsystems.ge\/shop\/az\/wp-json\/wp\/v2\/product_cat?post=30111"},{"taxonomy":"product_tag","embeddable":true,"href":"https:\/\/airsystems.ge\/shop\/az\/wp-json\/wp\/v2\/product_tag?post=30111"}],"curies":[{"name":"wp","href":"https:\/\/api.w.org\/{rel}","templated":true}]}}