{"id":30098,"date":"2025-04-20T22:13:17","date_gmt":"2025-04-20T18:13:17","guid":{"rendered":"https:\/\/airsystems.ge\/shop\/product\/wu-water-cooled-close-control-unit\/"},"modified":"2025-04-20T22:16:40","modified_gmt":"2025-04-20T18:16:40","slug":"wu-water-cooled-close-control-unit","status":"publish","type":"product","link":"https:\/\/airsystems.ge\/shop\/az\/product\/wu-water-cooled-close-control-unit\/","title":{"rendered":"WU Su il\u0259 soyudulmu\u015f yax\u0131n idar\u0259etm\u0259 bloku"},"content":{"rendered":"","protected":false},"excerpt":{"rendered":"<p>Soyutma g\u00fcc\u00fc 6,3 KVt-dan 157,5 kVt-a q\u0259d\u0259r<\/p>\n<p>Qapal\u0131 idar\u0259etm\u0259 bloku kondisioner, m\u0259lumat m\u0259rk\u0259zi v\u0259 \u00fcmumiyy\u0259tl\u0259 b\u00fct\u00fcn texnoloji t\u0259tbiql\u0259r \u00fc\u00e7\u00fcn x\u00fcsusi \u015f\u0259rait v\u0259 ciddi n\u0259zar\u0259t t\u0259l\u0259b olunan texnoloji qur\u011fular \u00fc\u00e7\u00fcn n\u0259z\u0259rd\u0259 tutulmu\u015f v\u0259 m\u0259hsuldur.<\/p>\n<p>EC \u0130NVERTER ventilyatorlar\u0131 il\u0259 t\u0259chiz olunmu\u015f qur\u011fular, yuxar\u0131 v\u0259 ya a\u015fa\u011f\u0131 ax\u0131n. Bu qur\u011fular 2 yollu modulyasiya ed\u0259n klapan v\u0259 servomotorla t\u0259chiz edilmi\u015fdir. Cihaz xarici soyuducuya qo\u015fulmal\u0131d\u0131r.<\/p>\n<p>Emibayt avadanl\u0131\u011f\u0131 tam dizayn edilmi\u015f v\u0259 Emicon t\u0259sdiql\u0259m\u0259 laboratoriyalar\u0131nda s\u0131naqdan ke\u00e7irilmi\u015fdir.<\/p>\n","protected":false},"featured_media":30093,"template":"","meta":[],"product_brand":[],"product_cat":[1259,1262,875],"product_tag":[],"class_list":{"0":"post-30098","1":"product","2":"type-product","3":"status-publish","4":"has-post-thumbnail","6":"product_cat-hssas-kondisioner-crac-crah","7":"product_cat-hssas-kondisioner-crah-az","8":"product_cat-snaye-az-kondisionerlr","10":"first","11":"instock","12":"shipping-taxable","13":"product-type-simple"},"_links":{"self":[{"href":"https:\/\/airsystems.ge\/shop\/az\/wp-json\/wp\/v2\/product\/30098","targetHints":{"allow":["GET"]}}],"collection":[{"href":"https:\/\/airsystems.ge\/shop\/az\/wp-json\/wp\/v2\/product"}],"about":[{"href":"https:\/\/airsystems.ge\/shop\/az\/wp-json\/wp\/v2\/types\/product"}],"wp:featuredmedia":[{"embeddable":true,"href":"https:\/\/airsystems.ge\/shop\/az\/wp-json\/wp\/v2\/media\/30093"}],"wp:attachment":[{"href":"https:\/\/airsystems.ge\/shop\/az\/wp-json\/wp\/v2\/media?parent=30098"}],"wp:term":[{"taxonomy":"product_brand","embeddable":true,"href":"https:\/\/airsystems.ge\/shop\/az\/wp-json\/wp\/v2\/product_brand?post=30098"},{"taxonomy":"product_cat","embeddable":true,"href":"https:\/\/airsystems.ge\/shop\/az\/wp-json\/wp\/v2\/product_cat?post=30098"},{"taxonomy":"product_tag","embeddable":true,"href":"https:\/\/airsystems.ge\/shop\/az\/wp-json\/wp\/v2\/product_tag?post=30098"}],"curies":[{"name":"wp","href":"https:\/\/api.w.org\/{rel}","templated":true}]}}