{"id":29807,"date":"2025-04-15T09:40:16","date_gmt":"2025-04-15T05:40:16","guid":{"rendered":"https:\/\/airsystems.ge\/shop\/product\/floor-standing-air-conditioner\/"},"modified":"2025-04-15T10:15:26","modified_gmt":"2025-04-15T06:15:26","slug":"floor-standing-air-conditioner","status":"publish","type":"product","link":"https:\/\/airsystems.ge\/shop\/az\/product\/floor-standing-air-conditioner\/","title":{"rendered":"D\u00f6\u015f\u0259m\u0259 Kondisioneri Sabit istilik nasosu"},"content":{"rendered":"<h2>Floor Standing Air Conditioner<\/h2>\n","protected":false},"excerpt":{"rendered":"<p>\u018fsas X\u00fcsusiyy\u0259tl\u0259r<br \/>\n\u2022 36.000-d\u0259n 58.000 Btu\/saat tutumlu 3 model.<br \/>\n\u2022 R410 \u018ftraf m\u00fchit\u0259 uy\u011fun soyuducu.<br \/>\n\u2022 M\u00fcasir v\u0259 y\u0131\u011fcam dizayn.<br \/>\n\u2022 S\u0259m\u0259r\u0259li Soyutma v\u0259 \u0130stilik.<br \/>\n\u2022 52 Deg C-\u0259 q\u0259d\u0259r y\u00fcks\u0259k m\u00fchit \u0259m\u0259liyyat\u0131.<br \/>\n\u2022 Daxili \/ \u00c7\u00f6l \u00fc\u00e7\u00fcn q\u0131z\u0131l \u00f6rt\u00fckl\u00fc \u00fczg\u0259cl\u0259r.<br \/>\n\u2022 Avtomatik yenid\u0259n ba\u015flad\u0131n v\u0259 Self Diaqnoz.<br \/>\n\u2022 Yuxu rejimi.<br \/>\n\u2022 24 saat A\u00e7ma\/S\u00f6nd\u00fcrm\u0259 taymeri.<br \/>\n\u2022 Yuyula bil\u0259n Hava Filtri.<\/p>\n","protected":false},"featured_media":29796,"template":"","meta":[],"product_brand":[],"product_cat":[1194,801],"product_tag":[],"class_list":{"0":"post-29807","1":"product","2":"type-product","3":"status-publish","4":"has-post-thumbnail","6":"product_cat-dosm-kondisioneri-air-conditioner-az","7":"product_cat-air-conditioner-az","9":"first","10":"instock","11":"shipping-taxable","12":"product-type-simple"},"_links":{"self":[{"href":"https:\/\/airsystems.ge\/shop\/az\/wp-json\/wp\/v2\/product\/29807","targetHints":{"allow":["GET"]}}],"collection":[{"href":"https:\/\/airsystems.ge\/shop\/az\/wp-json\/wp\/v2\/product"}],"about":[{"href":"https:\/\/airsystems.ge\/shop\/az\/wp-json\/wp\/v2\/types\/product"}],"wp:featuredmedia":[{"embeddable":true,"href":"https:\/\/airsystems.ge\/shop\/az\/wp-json\/wp\/v2\/media\/29796"}],"wp:attachment":[{"href":"https:\/\/airsystems.ge\/shop\/az\/wp-json\/wp\/v2\/media?parent=29807"}],"wp:term":[{"taxonomy":"product_brand","embeddable":true,"href":"https:\/\/airsystems.ge\/shop\/az\/wp-json\/wp\/v2\/product_brand?post=29807"},{"taxonomy":"product_cat","embeddable":true,"href":"https:\/\/airsystems.ge\/shop\/az\/wp-json\/wp\/v2\/product_cat?post=29807"},{"taxonomy":"product_tag","embeddable":true,"href":"https:\/\/airsystems.ge\/shop\/az\/wp-json\/wp\/v2\/product_tag?post=29807"}],"curies":[{"name":"wp","href":"https:\/\/api.w.org\/{rel}","templated":true}]}}