{"id":27772,"date":"2024-01-25T22:28:27","date_gmt":"2024-01-25T18:28:27","guid":{"rendered":"https:\/\/airsystems.ge\/shop\/product\/heylo-cyclone-ultra-flex-ulv-sprayer\/"},"modified":"2025-04-06T00:33:05","modified_gmt":"2025-04-05T20:33:05","slug":"heylo-cyclone-ultra-flex-ulv-sprayer","status":"publish","type":"product","link":"https:\/\/airsystems.ge\/shop\/az\/product\/heylo-cyclone-ultra-flex-ulv-sprayer\/","title":{"rendered":"Heylo CYCLONE ULTRA FLEX \u2013 ULV \u00e7il\u0259yici"},"content":{"rendered":"<section class=\"max-w-[1088px] mx-auto w-full px-5 my-10 md:my-12 lg:my-16 xl:my-20 xl:px-0\" data-block=\"bullet-list\">\n<div class=\"md:text-center\">\n<h3 class=\"text-black font-bold text-lg md:text-xl lg:text-2xl\">\u018fsas x\u00fcsusiyy\u0259tl\u0259r<\/h3>\n<\/div>\n<div class=\"mt-6 md:mt-10\">\n<div class=\"flex flex-wrap\">\n<div class=\"w-full md:w-1\/2 auto-bullets md:pr-16\">\n<ul>\n<li class=\"text-sm md:text-base text-black mt-3 flex items-start\">\n<div class=\"pl-5\">N\u0259mli duman\u0131n yaranmas\u0131 \u00fc\u00e7\u00fcn ULV \u00e7il\u0259yici<br \/>\nB\u00f6y\u00fck \u0259razil\u0259rd\u0259 az miqdarda aktiv madd\u0259l\u0259rin dumanlanmas\u0131<br \/>\nAktiv madd\u0259l\u0259rin m\u0259qs\u0259dy\u00f6nl\u00fc t\u0259tbiqi \u00fc\u00e7\u00fcn \u00e7evik cihaz \u015flanq\u0131<\/div>\n<\/li>\n<\/ul>\n<\/div>\n<\/div>\n<\/div>\n<\/section>\n<section class=\"max-w-[1088px] mx-auto w-full my-10 md:my-12 lg:my-16 xl:my-20\" data-block=\"content-block\">\n<div class=\"max-w-[1088px] mx-auto\">\n<div class=\"flex flex-col items-center gap-6 px-5 w-full md:grid md:grid-cols-12 md:items-stretch xl:px-0\" data-content-block=\"container\">\n<div class=\"relative flex flex-col gap-5 w-full md:col-span-12 md:col-start-1 sm:items-start sm:text-left order-first md:order-none\" data-content-block=\"column\">\n<div class=\"prose text-pretty max-w-full text-left text-black prose-p:text-black prose-headings:mt-6 prose-headings:mb-3 md:prose-headings:text-lg prose-a:text-current prose-a:transition prose-a:ease-linear prose-a:duration-300\" data-content-block=\"text\">\n<p><strong>A\u015fa\u011f\u0131dak\u0131 m\u0259hsullarla istifad\u0259 \u00fc\u00e7\u00fcn:<\/strong><\/p>\n<p>Odoks<br \/>\nAlron sitroks<br \/>\nPenetroks<br \/>\nYa\u015f qoxuya n\u0259zar\u0259t (WOC)<br \/>\nBIO- t\u0259z\u0259 +<br \/>\nBIO-saner<br \/>\nKanal &#8211; mastik<\/p>\n<\/div>\n<\/div>\n<\/div>\n<\/div>\n<\/section>\n<section class=\"max-w-[1088px] mx-auto w-full px-5 my-10 md:my-12 lg:my-16 xl:my-20 xl:px-0\" data-block=\"product-specifications\">\n<div class=\"md:text-center\">\n<h3 class=\"text-black font-bold text-lg md:text-xl lg:text-2xl\"><strong>Product specifications<\/strong><\/h3>\n<\/div>\n<div class=\" md:mt-10\">\n<div class=\"\">\n<div class=\"lg:mt-0 \">\n<div id=\"spec-cyclone-ultra-flex\" class=\"prose max-w-full md:overflow-auto\" data-spec-content=\"\">\n<div class=\"spreadsheet-container hidden md:block\">\n<table class=\"w-full table-fixed mb-0\">\n<thead>\n<tr>\n<th class=\"font-bold text-base\"><span class=\"block px-4\">Specifications<\/span><\/th>\n<th class=\"font-bold text-base text-center\"><span class=\"block px-10 md:px-20\">Units<\/span><\/th>\n<th class=\"font-bold text-base text-center will-change\"><span class=\"block px-4\">Cyclone\u00a0Ultra\u00a0Flex<\/span><\/th>\n<\/tr>\n<\/thead>\n<tbody>\n<tr class=\"bg-grey-200\/50 p-2\">\n<td colspan=\"1\"><span class=\"block px-4\">Electrical connection<\/span><\/td>\n<td class=\"text-center\">\n<div class=\"px-10 md:px-20 flex items-center justify-center\">V\/Hz<\/div>\n<\/td>\n<td class=\"text-center will-change\">\n<div class=\"px-10 md:px-20 flex items-center justify-center\">230\/1ph\/50<\/div>\n<\/td>\n<\/tr>\n<tr class=\" p-2\">\n<td colspan=\"1\"><span class=\"block px-4\">Tank capacity<\/span><\/td>\n<td class=\"text-center\">\n<div class=\"px-10 md:px-20 flex items-center justify-center\">l<\/div>\n<\/td>\n<td class=\"text-center will-change\">\n<div class=\"px-10 md:px-20 flex items-center justify-center\">3.4<\/div>\n<\/td>\n<\/tr>\n<tr class=\"bg-grey-200\/50 p-2\">\n<td colspan=\"1\"><span class=\"block px-4\">Spray performance<\/span><\/td>\n<td class=\"text-center\">\n<div class=\"px-10 md:px-20 flex items-center justify-center\">l\/h<\/div>\n<\/td>\n<td class=\"text-center will-change\">\n<div class=\"px-10 md:px-20 flex items-center justify-center\">0-19<\/div>\n<\/td>\n<\/tr>\n<tr class=\" p-2\">\n<td colspan=\"1\"><span class=\"block px-4\">Droplet size<\/span><\/td>\n<td class=\"text-center\">\n<div class=\"px-10 md:px-20 flex items-center justify-center\">\u00b5m<\/div>\n<\/td>\n<td class=\"text-center will-change\">\n<div class=\"px-10 md:px-20 flex items-center justify-center\">5-30<\/div>\n<\/td>\n<\/tr>\n<tr class=\"bg-grey-200\/50 p-2\">\n<td colspan=\"1\"><span class=\"block px-4\">Product size (l x w x h)<\/span><\/td>\n<td class=\"text-center\">\n<div class=\"px-10 md:px-20 flex items-center justify-center\">mm<\/div>\n<\/td>\n<td class=\"text-center will-change\">\n<div class=\"px-10 md:px-20 flex items-center justify-center\">1370 x 202 x 365<\/div>\n<\/td>\n<\/tr>\n<tr class=\" p-2\">\n<td colspan=\"1\"><span class=\"block px-4\">Net weight<\/span><\/td>\n<td class=\"text-center\">\n<div class=\"px-10 md:px-20 flex items-center justify-center\">kg<\/div>\n<\/td>\n<td class=\"text-center will-change\">\n<div class=\"px-10 md:px-20 flex items-center justify-center\">4.8<\/div>\n<\/td>\n<\/tr>\n<\/tbody>\n<\/table>\n<\/div>\n<\/div>\n<\/div>\n<\/div>\n<\/div>\n<\/section>\n<section class=\"max-w-[1088px] mx-auto w-full px-5 my-10 md:my-12 lg:my-16 xl:my-20 xl:px-0\" data-block=\"link-list\">\n<div class=\"max-w-[1088px] mx-auto\">\n<div class=\"md:text-center\">\n<ul>\n<li class=\"flex items-center gap-5 text-sm text-black mt-3 md:text-base lg:text-lg\"><strong>Uy\u011fundur:<\/strong><\/li>\n<\/ul>\n<\/div>\n<div class=\"mt-6 max-w-4xl mx-auto\">\n<div class=\"flex flex-wrap md:ml-20\">\n<div class=\"w-full md:w-1\/2 auto-bullets md:pr-16\">\n<ul>\n<li class=\"flex items-center gap-5 text-sm text-black mt-3 md:text-base lg:text-lg\">K\u0259nd t\u0259s\u0259rr\u00fcfat\u0131<br \/>\nTicar\u0259t binalar\u0131<br \/>\nTikinti<br \/>\nS\u0259naye, fabrikl\u0259r v\u0259 istehsal<br \/>\nSu z\u0259r\u0259rinin b\u0259rpas\u0131<\/li>\n<\/ul>\n<\/div>\n<\/div>\n<\/div>\n<\/div>\n<\/section>\n","protected":false},"excerpt":{"rendered":"<div class=\"max-w-4xl\">\n<div class=\"text-xl font-bold mt-1 md:mt-2\">B\u00f6y\u00fck \u0259razil\u0259r \u00fc\u00e7\u00fcn r\u00fctub\u0259tli duman<\/div>\n<\/div>\n<div class=\"grid grid-cols-1 gap-8 md:grid-cols-2 lg:gap-12 xl:gap-20\">\n<div class=\"w-full lg:sticky\" data-sticky-sidebar=\"\">\n<div class=\"absolute z-[4] top-0 right-0 pointer-events-none\">\n<figure><img decoding=\"async\" src=\"https:\/\/dantherm-group-cdn.s3.amazonaws.com\/media\/brands\/DG-Banners-Rebranding-HEYLO-to-MASTER-EN.jpg\" alt=\"\" \/><\/figure>\n<p>B\u00f6y\u00fck \u0259razil\u0259r\u0259 az miqdarda aktiv madd\u0259nin t\u0259tbiqin\u0259 g\u0259ldikd\u0259, ULV \u00e7il\u0259yicil\u0259ri ilk se\u00e7imdir. ULV &#8220;ultra a\u015fa\u011f\u0131 h\u0259cm&#8221; dem\u0259kdir. Adi \u00e7il\u0259yicil\u0259rl\u0259 m\u00fcqayis\u0259d\u0259 onlar h\u0259l\u0259 d\u0259 dumanlay\u0131c\u0131n\u0131n hiss\u0259cikl\u0259rind\u0259n t\u0259xmin\u0259n 10 d\u0259f\u0259 b\u00f6y\u00fck olan \u00e7ox ki\u00e7ik damc\u0131lar yarad\u0131rlar. M\u0259qs\u0259dli \u00e7il\u0259m\u0259 \u00fc\u00e7\u00fcn \u00e7evik \u015flanq.<\/p>\n<p>F\u0259rdi m\u00fchafiz\u0259 vasit\u0259l\u0259ri haqq\u0131nda m\u0259lumat \u00fc\u00e7\u00fcn istifad\u0259 olunacaq m\u00fcvafiq m\u0259hsullar\u0131n t\u0259hl\u00fck\u0259sizlik m\u0259lumat v\u0259r\u0259ql\u0259rin\u0259 m\u00fcraci\u0259t edin.<\/p>\n<\/div>\n<\/div>\n<\/div>\n","protected":false},"featured_media":27767,"template":"","meta":[],"product_brand":[],"product_cat":[812,809,971],"product_tag":[],"class_list":{"0":"post-27772","1":"product","2":"type-product","3":"status-publish","4":"has-post-thumbnail","6":"product_cat-hava-tmizlyicisi-tmizlm-toz-filtr","7":"product_cat-hava-nmlndiricisi-kondisioner-az-ventilyasiya-ventilyator","8":"product_cat-disinfection","10":"first","11":"instock","12":"shipping-taxable","13":"product-type-simple"},"_links":{"self":[{"href":"https:\/\/airsystems.ge\/shop\/az\/wp-json\/wp\/v2\/product\/27772","targetHints":{"allow":["GET"]}}],"collection":[{"href":"https:\/\/airsystems.ge\/shop\/az\/wp-json\/wp\/v2\/product"}],"about":[{"href":"https:\/\/airsystems.ge\/shop\/az\/wp-json\/wp\/v2\/types\/product"}],"wp:featuredmedia":[{"embeddable":true,"href":"https:\/\/airsystems.ge\/shop\/az\/wp-json\/wp\/v2\/media\/27767"}],"wp:attachment":[{"href":"https:\/\/airsystems.ge\/shop\/az\/wp-json\/wp\/v2\/media?parent=27772"}],"wp:term":[{"taxonomy":"product_brand","embeddable":true,"href":"https:\/\/airsystems.ge\/shop\/az\/wp-json\/wp\/v2\/product_brand?post=27772"},{"taxonomy":"product_cat","embeddable":true,"href":"https:\/\/airsystems.ge\/shop\/az\/wp-json\/wp\/v2\/product_cat?post=27772"},{"taxonomy":"product_tag","embeddable":true,"href":"https:\/\/airsystems.ge\/shop\/az\/wp-json\/wp\/v2\/product_tag?post=27772"}],"curies":[{"name":"wp","href":"https:\/\/api.w.org\/{rel}","templated":true}]}}