{"id":27626,"date":"2024-01-25T22:31:19","date_gmt":"2024-01-25T18:31:19","guid":{"rendered":"https:\/\/airsystems.ge\/shop\/product\/heylo-farbstop-3000-overspray-extraction\/"},"modified":"2025-04-05T22:49:48","modified_gmt":"2025-04-05T18:49:48","slug":"heylo-farbstop-3000-overspray-extraction","status":"publish","type":"product","link":"https:\/\/airsystems.ge\/shop\/az\/product\/heylo-farbstop-3000-overspray-extraction\/","title":{"rendered":"Heylo FarbStop 3000 \u2013 h\u0259ddind\u0259n art\u0131q p\u00fcsk\u00fcrtm\u0259 \u00e7\u0131xar\u0131lmas\u0131"},"content":{"rendered":"<section class=\"max-w-[1088px] mx-auto w-full px-5 my-10 md:my-12 lg:my-16 xl:my-20 xl:px-0\" data-block=\"bullet-list\">\n<div class=\"md:text-center\">\n<h3 class=\"text-black font-bold text-lg md:text-xl lg:text-2xl\">\u018fsas x\u00fcsusiyy\u0259tl\u0259r<\/h3>\n<\/div>\n<div class=\"mt-6 md:mt-10\">\n<div class=\"flex flex-wrap\">\n<div class=\"w-full md:w-1\/2 auto-bullets md:pr-16\">\n<ul>\n<li class=\"text-sm md:text-base text-black mt-3 flex items-start\">\n<div class=\"pl-5\">Tikinti sah\u0259sind\u0259 v\u0259 ya atelyed\u0259 \u00e7il\u0259m\u0259 i\u015fl\u0259ri zaman\u0131 boya duman\u0131n\u0131n \u00e7\u0131xar\u0131lmas\u0131 \u00fc\u00e7\u00fcn<br \/>\nY\u00fcks\u0259k hava ax\u0131n\u0131<br \/>\nToz, kir, boya duman\u0131 birba\u015fa \u00e7\u0131xar\u0131l\u0131r<br \/>\nS\u00fcr\u0259tl\u0259 da\u015f\u0131n\u0131b<br \/>\nHava kanal\u0131n\u0131 birl\u0259\u015fdir\u0259r\u0259k m\u0259qs\u0259dy\u00f6nl\u00fc \u00e7\u0131xarma m\u00fcmk\u00fcnd\u00fcr<\/div>\n<\/li>\n<\/ul>\n<\/div>\n<\/div>\n<\/div>\n<\/section>\n<section class=\"max-w-[1088px] mx-auto w-full px-5 my-10 md:my-12 lg:my-16 xl:my-20 xl:px-0\" data-block=\"product-specifications\">\n<div class=\"md:text-center\">\n<h3 class=\"text-black font-bold text-lg md:text-xl lg:text-2xl\"><strong>Product specifications<\/strong><\/h3>\n<\/div>\n<div class=\" md:mt-10\">\n<div class=\"\">\n<div class=\"lg:mt-0 \">\n<div id=\"spec-farbstop-3000\" class=\"prose max-w-full md:overflow-auto\" data-spec-content=\"\">\n<div class=\"spreadsheet-container hidden md:block\">\n<table class=\"w-full table-fixed mb-0\">\n<thead>\n<tr>\n<th class=\"font-bold text-base\"><span class=\"block px-4\">Specifications<\/span><\/th>\n<th class=\"font-bold text-base text-center\"><span class=\"block px-10 md:px-20\">Units<\/span><\/th>\n<th class=\"font-bold text-base text-center will-change\"><span class=\"block px-4\">FarbStop\u00a03000<\/span><\/th>\n<\/tr>\n<\/thead>\n<tbody>\n<tr class=\"bg-grey-200\/50 p-2\">\n<td colspan=\"1\"><span class=\"block px-4\">Fan air flow rate max.<\/span><\/td>\n<td class=\"text-center\">\n<div class=\"px-10 md:px-20 flex items-center justify-center\">m\u00b3\/h<\/div>\n<\/td>\n<td class=\"text-center will-change\">\n<div class=\"px-10 md:px-20 flex items-center justify-center\">3,102<\/div>\n<\/td>\n<\/tr>\n<tr class=\" p-2\">\n<td colspan=\"1\"><span class=\"block px-4\">Power supply<\/span><\/td>\n<td class=\"text-center\">\n<div class=\"px-10 md:px-20 flex items-center justify-center\">V\/Hz<\/div>\n<\/td>\n<td class=\"text-center will-change\">\n<div class=\"px-10 md:px-20 flex items-center justify-center\">230\/1ph\/50<\/div>\n<\/td>\n<\/tr>\n<tr class=\"bg-grey-200\/50 p-2\">\n<td colspan=\"1\"><span class=\"block px-4\">Included filter<\/span><\/td>\n<td class=\"text-center\">\n<div class=\"px-10 md:px-20 flex items-center justify-center\"><\/div>\n<\/td>\n<td class=\"text-center will-change\">\n<div class=\"px-10 md:px-20 flex items-center justify-center\">Paint overspray filter (only for sovent-free colours)<\/div>\n<\/td>\n<\/tr>\n<tr class=\" p-2\">\n<td colspan=\"1\"><span class=\"block px-4\">Sound level @3m<\/span><\/td>\n<td class=\"text-center\">\n<div class=\"px-10 md:px-20 flex items-center justify-center\">dB(A)<\/div>\n<\/td>\n<td class=\"text-center will-change\">\n<div class=\"px-10 md:px-20 flex items-center justify-center\">78<\/div>\n<\/td>\n<\/tr>\n<tr class=\"bg-grey-200\/50 p-2\">\n<td colspan=\"1\"><span class=\"block px-4\">Product size filter housing (l x w x h)<\/span><\/td>\n<td class=\"text-center\">\n<div class=\"px-10 md:px-20 flex items-center justify-center\">mm<\/div>\n<\/td>\n<td class=\"text-center will-change\">\n<div class=\"px-10 md:px-20 flex items-center justify-center\">450 x 430 x 450<\/div>\n<\/td>\n<\/tr>\n<tr class=\" p-2\">\n<td colspan=\"1\"><span class=\"block px-4\">Weight<\/span><\/td>\n<td class=\"text-center\">\n<div class=\"px-10 md:px-20 flex items-center justify-center\">kg<\/div>\n<\/td>\n<td class=\"text-center will-change\">\n<div class=\"px-10 md:px-20 flex items-center justify-center\">29<\/div>\n<\/td>\n<\/tr>\n<\/tbody>\n<\/table>\n<\/div>\n<\/div>\n<\/div>\n<\/div>\n<\/div>\n<\/section>\n<section class=\"max-w-[1088px] mx-auto w-full px-5 my-10 md:my-12 lg:my-16 xl:my-20 xl:px-0\" data-block=\"link-list\">\n<div class=\"max-w-[1088px] mx-auto\">\n<div class=\"md:text-center\">\n<ul>\n<li class=\"flex items-center gap-5 text-sm text-black mt-3 md:text-base lg:text-lg\"><strong>Uy\u011fundur:<\/strong><\/li>\n<\/ul>\n<\/div>\n<div class=\"mt-6 max-w-4xl mx-auto\">\n<div class=\"flex flex-wrap md:ml-20\">\n<div class=\"w-full md:w-1\/2 auto-bullets md:pr-16\">\n<ul>\n<li class=\"flex items-center gap-5 text-sm text-black mt-3 md:text-base lg:text-lg\">Ticar\u0259t binalar\u0131<br \/>\nTikinti<br \/>\nS\u0259naye, fabrikl\u0259r v\u0259 istehsal<br \/>\n\u0130stirah\u0259t v\u0259 istirah\u0259t<br \/>\n\u0130car\u0259 \u015firk\u0259tl\u0259ri<\/li>\n<\/ul>\n<\/div>\n<\/div>\n<\/div>\n<\/div>\n<\/section>\n","protected":false},"excerpt":{"rendered":"<div class=\"max-w-4xl\">\n<div class=\"text-xl font-bold mt-1 md:mt-2\">Ventilyator v\u0259 h\u0259ddind\u0259n art\u0131q p\u00fcsk\u00fcrtm\u0259 filtri il\u0259 birba\u015fa toz \u00e7\u0131xarma<\/div>\n<\/div>\n<figure><img decoding=\"async\" src=\"https:\/\/dantherm-group-cdn.s3.amazonaws.com\/media\/brands\/DG-Banners-Rebranding-HEYLO-to-MASTER-EN.jpg\" alt=\"\" \/><\/figure>\n<p>S\u0259yyar sprey \u00e7\u0131xarma &#8211; atelyed\u0259 v\u0259 tikinti sah\u0259sind\u0259 istifad\u0259 \u00fc\u00e7\u00fcn.<\/p>\n<p>FarbStop ehtiva edir: Ventilator PowerVent 3000 + filtr korpusu + quru sprey filtri<\/p>\n<p>B\u00f6y\u00fck s\u0259thl\u0259r v\u0259 ya y\u00fcks\u0259k standartl\u0131 boyalar, bir qayda olaraq, bu g\u00fcn s\u0131x\u0131lm\u0131\u015f hava v\u0259 ya havas\u0131z bitkil\u0259r t\u0259r\u0259find\u0259n t\u0259tbiq olunur. Yaranan m\u00fcr\u0259kk\u0259b duman\u0131 t\u0259hl\u00fck\u0259siz \u015f\u0259kild\u0259 \u00e7\u0259kilm\u0259lidir.<\/p>\n<p>FarbStop (PowerVent 3000 ventilyatoru il\u0259 kombinasiyada kombi) burada tikinti sah\u0259sind\u0259 v\u0259 ya emalatxanada \u00e7evik \u015f\u0259kild\u0259 boya i\u015fl\u0259ri zaman\u0131 h\u0259ddind\u0259n art\u0131q p\u00fcsk\u00fcr\u0259n duman\u0131 d\u0259rhal \u00e7\u0131xarmaq \u00fc\u00e7\u00fcn faydal\u0131, tez qura\u015fd\u0131r\u0131lm\u0131\u015f h\u0259lldir.<\/p>\n<p>Toz \u00e7\u0131xarmaq \u00fc\u00e7\u00fcn toz filtrl\u0259rind\u0259n istifad\u0259 edil\u0259 bil\u0259r. Bax\u0131n: StaubStop.<\/p>\n","protected":false},"featured_media":27615,"template":"","meta":[],"product_brand":[],"product_cat":[812,809],"product_tag":[],"class_list":{"0":"post-27626","1":"product","2":"type-product","3":"status-publish","4":"has-post-thumbnail","6":"product_cat-hava-tmizlyicisi-tmizlm-toz-filtr","7":"product_cat-hava-nmlndiricisi-kondisioner-az-ventilyasiya-ventilyator","9":"first","10":"instock","11":"shipping-taxable","12":"product-type-simple"},"_links":{"self":[{"href":"https:\/\/airsystems.ge\/shop\/az\/wp-json\/wp\/v2\/product\/27626","targetHints":{"allow":["GET"]}}],"collection":[{"href":"https:\/\/airsystems.ge\/shop\/az\/wp-json\/wp\/v2\/product"}],"about":[{"href":"https:\/\/airsystems.ge\/shop\/az\/wp-json\/wp\/v2\/types\/product"}],"wp:featuredmedia":[{"embeddable":true,"href":"https:\/\/airsystems.ge\/shop\/az\/wp-json\/wp\/v2\/media\/27615"}],"wp:attachment":[{"href":"https:\/\/airsystems.ge\/shop\/az\/wp-json\/wp\/v2\/media?parent=27626"}],"wp:term":[{"taxonomy":"product_brand","embeddable":true,"href":"https:\/\/airsystems.ge\/shop\/az\/wp-json\/wp\/v2\/product_brand?post=27626"},{"taxonomy":"product_cat","embeddable":true,"href":"https:\/\/airsystems.ge\/shop\/az\/wp-json\/wp\/v2\/product_cat?post=27626"},{"taxonomy":"product_tag","embeddable":true,"href":"https:\/\/airsystems.ge\/shop\/az\/wp-json\/wp\/v2\/product_tag?post=27626"}],"curies":[{"name":"wp","href":"https:\/\/api.w.org\/{rel}","templated":true}]}}