{"id":27047,"date":"2024-01-22T20:53:31","date_gmt":"2024-01-22T16:53:31","guid":{"rendered":"https:\/\/airsystems.ge\/shop\/product\/trotec-ttk-650-s-condensation-dehumidifier\/"},"modified":"2025-04-05T15:18:11","modified_gmt":"2025-04-05T11:18:11","slug":"trotec-ttk-650-s-condensation-dehumidifier","status":"publish","type":"product","link":"https:\/\/airsystems.ge\/shop\/az\/product\/trotec-ttk-650-s-condensation-dehumidifier\/","title":{"rendered":"Trotec TTK 650 S &#8211; kondensasiya n\u0259ml\u0259ndiricisi."},"content":{"rendered":"<section class=\"max-w-[1088px] mx-auto w-full px-5 my-10 md:my-12 lg:my-16 xl:my-20 xl:px-0\" data-block=\"bullet-list\">\n<div class=\"md:text-center\">\n<h3 class=\"text-black font-bold text-lg md:text-xl lg:text-2xl\">\u018fsas x\u00fcsusiyy\u0259tl\u0259r.<\/h3>\n<\/div>\n<div class=\"mt-6 md:mt-10\">\n<div class=\"flex flex-wrap\">\n<div class=\"w-full md:w-1\/2 auto-bullets md:pr-16\">\n<ul>\n<li class=\"text-sm md:text-base text-black mt-3 flex items-start\">\n<div class=\"pl-5\">T\u0259l\u0259b olunan m\u00fchitl\u0259rd\u0259 davaml\u0131l\u0131q \u00fc\u00e7\u00fcn m\u00f6hk\u0259m konstruksiya.<br \/>\nAsan da\u015f\u0131nma \u00fc\u00e7\u00fcn \u00e7ubuq tutaca\u011f\u0131 v\u0259 b\u00f6y\u00fck t\u0259k\u0259rl\u0259ri olan vaqon dizayn\u0131 A\u015fa\u011f\u0131 temperaturda s\u0259m\u0259r\u0259li i\u015fl\u0259m\u0259 \u00fc\u00e7\u00fcn isti qaz\u0131n \u0259rim\u0259si.<br \/>\n\u018ftraf m\u00fchit\u0259 uy\u011fun soyuducu (R454C).<br \/>\nTikinti sah\u0259l\u0259ri v\u0259 suyun z\u0259d\u0259l\u0259nm\u0259sinin b\u0259rpas\u0131 kimi irimiqyasl\u0131 qurutma i\u015fl\u0259ri \u00fc\u00e7\u00fcn uy\u011fundur.<br \/>\nUzunm\u00fcdd\u0259tli etibarl\u0131l\u0131q \u00fc\u00e7\u00fcn y\u00fcks\u0259k keyfiyy\u0259tli materiallardan istifad\u0259 etm\u0259kl\u0259 tikilmi\u015fdir.<br \/>\nOptimalla\u015fd\u0131r\u0131lm\u0131\u015f performans \u00fc\u00e7\u00fcn qabaqc\u0131l istilik nasosu texnologiyas\u0131.<br \/>\nDavaml\u0131 qurutma \u00fc\u00e7\u00fcn kondensat drenaj\u0131.<br \/>\nRahatl\u0131q v\u0259 t\u0259hl\u00fck\u0259sizlik \u00fc\u00e7\u00fcn avtomatik s\u00f6nd\u00fcrm\u0259.<br \/>\nGeni\u015f \u00e7e\u015fidli t\u0259l\u0259bkar t\u0259tbiql\u0259r \u00fc\u00e7\u00fcn ideald\u0131r.<br \/>\n\u0130st\u0259y\u0259 g\u00f6r\u0259 dig\u0259r variantlar.<\/div>\n<\/li>\n<\/ul>\n<\/div>\n<\/div>\n<\/div>\n<\/section>\n<section class=\"max-w-[1088px] mx-auto w-full px-5 my-10 md:my-12 lg:my-16 xl:my-20 xl:px-0\" data-block=\"product-specifications\">\n<div class=\"md:text-center\">\n<h3 class=\"text-black font-bold text-lg md:text-xl lg:text-2xl\"><strong>Product specifications<\/strong><\/h3>\n<\/div>\n<div class=\" md:mt-10\">\n<div class=\"\">\n<div class=\"lg:mt-0 \">\n<div id=\"spec-ttk-650-s\" class=\"prose max-w-full md:overflow-auto\" data-spec-content=\"\">\n<div class=\"spreadsheet-container hidden md:block\">\n<table class=\"w-full table-fixed mb-0\">\n<thead>\n<tr>\n<th class=\"font-bold text-base\"><span class=\"block px-4\">Specifications<\/span><\/th>\n<th class=\"font-bold text-base text-center\"><span class=\"block px-10 md:px-20\">Units<\/span><\/th>\n<th class=\"font-bold text-base text-center will-change\"><span class=\"block px-4\">TTK\u00a0650\u00a0S<\/span><\/th>\n<\/tr>\n<\/thead>\n<tbody>\n<tr class=\"bg-grey-200\/50 p-2\">\n<td colspan=\"1\"><span class=\"block px-4\">Dehumidification capacity*<\/span><\/td>\n<td class=\"text-center\">\n<div class=\"px-10 md:px-20 flex items-center justify-center\">l\/24h<\/div>\n<\/td>\n<td class=\"text-center will-change\">\n<div class=\"px-10 md:px-20 flex items-center justify-center\">88<\/div>\n<\/td>\n<\/tr>\n<tr class=\" p-2\">\n<td colspan=\"1\"><span class=\"block px-4\">Specific energy consumption (SEC)*<\/span><\/td>\n<td class=\"text-center\">\n<div class=\"px-10 md:px-20 flex items-center justify-center\">kWh\/l<\/div>\n<\/td>\n<td class=\"text-center will-change\">\n<div class=\"px-10 md:px-20 flex items-center justify-center\">0.5<\/div>\n<\/td>\n<\/tr>\n<tr class=\"bg-grey-200\/50 p-2\">\n<td colspan=\"1\"><span class=\"block px-4\">Air flow<\/span><\/td>\n<td class=\"text-center\">\n<div class=\"px-10 md:px-20 flex items-center justify-center\">m<sup>3<\/sup>\/h<\/div>\n<\/td>\n<td class=\"text-center will-change\">\n<div class=\"px-10 md:px-20 flex items-center justify-center\">925<\/div>\n<\/td>\n<\/tr>\n<tr class=\" p-2\">\n<td colspan=\"1\"><span class=\"block px-4\">Operating temperature range<\/span><\/td>\n<td class=\"text-center\">\n<div class=\"px-10 md:px-20 flex items-center justify-center\">\u00b0C<\/div>\n<\/td>\n<td class=\"text-center will-change\">\n<div class=\"px-10 md:px-20 flex items-center justify-center\">5-32<\/div>\n<\/td>\n<\/tr>\n<tr class=\"bg-grey-200\/50 p-2\">\n<td colspan=\"1\"><span class=\"block px-4\">Operating humidity range<\/span><\/td>\n<td class=\"text-center\">\n<div class=\"px-10 md:px-20 flex items-center justify-center\">% RH<\/div>\n<\/td>\n<td class=\"text-center will-change\">\n<div class=\"px-10 md:px-20 flex items-center justify-center\">35-95<\/div>\n<\/td>\n<\/tr>\n<tr class=\" p-2\">\n<td colspan=\"1\"><span class=\"block px-4\">Max. power consumption<\/span><\/td>\n<td class=\"text-center\">\n<div class=\"px-10 md:px-20 flex items-center justify-center\">kW<\/div>\n<\/td>\n<td class=\"text-center will-change\">\n<div class=\"px-10 md:px-20 flex items-center justify-center\">2.1<\/div>\n<\/td>\n<\/tr>\n<tr class=\"bg-grey-200\/50 p-2\">\n<td colspan=\"1\"><span class=\"block px-4\">Power supply<\/span><\/td>\n<td class=\"text-center\">\n<div class=\"px-10 md:px-20 flex items-center justify-center\">V\/Hz<\/div>\n<\/td>\n<td class=\"text-center will-change\">\n<div class=\"px-10 md:px-20 flex items-center justify-center\">230\/50<\/div>\n<\/td>\n<\/tr>\n<tr class=\" p-2\">\n<td colspan=\"1\"><span class=\"block px-4\">Sound level<\/span><\/td>\n<td class=\"text-center\">\n<div class=\"px-10 md:px-20 flex items-center justify-center\">dB(A)<\/div>\n<\/td>\n<td class=\"text-center will-change\">\n<div class=\"px-10 md:px-20 flex items-center justify-center\">56<\/div>\n<\/td>\n<\/tr>\n<tr class=\"bg-grey-200\/50 p-2\">\n<td colspan=\"1\"><span class=\"block px-4\">Condensate tank<\/span><\/td>\n<td class=\"text-center\">\n<div class=\"px-10 md:px-20 flex items-center justify-center\">l<\/div>\n<\/td>\n<td class=\"text-center will-change\">\n<div class=\"px-10 md:px-20 flex items-center justify-center\">&#8211;<\/div>\n<\/td>\n<\/tr>\n<tr class=\" p-2\">\n<td colspan=\"1\"><span class=\"block px-4\">Power cord<\/span><\/td>\n<td class=\"text-center\">\n<div class=\"px-10 md:px-20 flex items-center justify-center\">m<\/div>\n<\/td>\n<td class=\"text-center will-change\">\n<div class=\"px-10 md:px-20 flex items-center justify-center\">3<\/div>\n<\/td>\n<\/tr>\n<tr class=\"bg-grey-200\/50 p-2\">\n<td colspan=\"1\"><span class=\"block px-4\">Refrigerant type\/amount<\/span><\/td>\n<td class=\"text-center\">\n<div class=\"px-10 md:px-20 flex items-center justify-center\">g<\/div>\n<\/td>\n<td class=\"text-center will-change\">\n<div class=\"px-10 md:px-20 flex items-center justify-center\">R454C\/1,050<\/div>\n<\/td>\n<\/tr>\n<tr class=\" p-2\">\n<td colspan=\"1\"><span class=\"block px-4\">Product size (h x w x d)<\/span><\/td>\n<td class=\"text-center\">\n<div class=\"px-10 md:px-20 flex items-center justify-center\">mm<\/div>\n<\/td>\n<td class=\"text-center will-change\">\n<div class=\"px-10 md:px-20 flex items-center justify-center\">1,022 x 511 x 616<\/div>\n<\/td>\n<\/tr>\n<tr class=\"bg-grey-200\/50 p-2\">\n<td colspan=\"1\"><span class=\"block px-4\">Weight<\/span><\/td>\n<td class=\"text-center\">\n<div class=\"px-10 md:px-20 flex items-center justify-center\">kg<\/div>\n<\/td>\n<td class=\"text-center will-change\">\n<div class=\"px-10 md:px-20 flex items-center justify-center\">52<\/div>\n<\/td>\n<\/tr>\n<tr class=\" p-2\">\n<td colspan=\"3\"><span class=\"block px-4\">* 30\u00b0C\/80% RH<\/span><\/td>\n<\/tr>\n<\/tbody>\n<\/table>\n<\/div>\n<\/div>\n<\/div>\n<\/div>\n<\/div>\n<\/section>\n<section class=\"max-w-[1088px] mx-auto w-full px-5 my-10 md:my-12 lg:my-16 xl:my-20 xl:px-0\" data-block=\"link-list\">\n<div class=\"max-w-[1088px] mx-auto\">\n<div class=\"md:text-center\">\n<ul>\n<li><strong>Uy\u011fundur:<\/strong><\/li>\n<\/ul>\n<\/div>\n<div class=\"mt-6 max-w-4xl mx-auto\">\n<div class=\"flex flex-wrap md:ml-20\">\n<div class=\"w-full md:w-1\/2 auto-bullets md:pr-16\">\n<ul>\n<li class=\"flex items-center gap-5 text-sm text-black mt-3 md:text-base lg:text-lg\">Ticar\u0259t binalar\u0131.<br \/>\nTikinti.<br \/>\nS\u0259naye, fabrikl\u0259r v\u0259 istehsal.<br \/>\n\u0130stirah\u0259t v\u0259 istirah\u0259t.<br \/>\nH\u0259rbi v\u0259 aerokosmik.<br \/>\nMuzeyl\u0259r v\u0259 qalereyalar.<br \/>\n\u0130car\u0259 \u015firk\u0259tl\u0259ri.<br \/>\nYa\u015fay\u0131\u015f binalar\u0131.<br \/>\nAnbarlar v\u0259 anbarlar.<br \/>\nSu z\u0259r\u0259rinin b\u0259rpas\u0131.<\/li>\n<\/ul>\n<\/div>\n<\/div>\n<\/div>\n<\/div>\n<\/section>\n<section class=\"max-w-[1088px] mx-auto w-full px-5 my-10 md:my-12 lg:my-16 xl:my-20 xl:px-0\" data-block=\"related-downloads\">\n<div class=\"md:text-center\">\n<h3 class=\"text-black font-bold text-lg md:text-xl lg:text-2xl\"><strong>Useful downloads<\/strong><\/h3>\n<\/div>\n<div class=\"mt-6 md:mt-10\">\n<div class=\"flex flex-col md:flex-row md:flex-wrap md:justify-center\">\n<div class=\"mb-4 md:mb-8 w-full md:w-1\/2 md:px-4\">\n<div class=\"p-4 md:p-5 h-full flex md:items-center border border-grey-300\">\n<div class=\"mt-1.5 md:mt-0 w-6 md:w-10\"><a href=\"https:\/\/www.danthermgroup.com\/downloads\/trotec-ttk-s-series-product-guide\" target=\"_blank\" rel=\"nofollow noindex noopener\"><img decoding=\"async\" class=\"lazyload h-8 md:h-14 w-auto object-contain\" src=\"https:\/\/dantherm-group-cdn.s3.amazonaws.com\/media\/icons\/download-guide.svg\" alt=\"Download guide\" height=\"56\" \/><\/a><\/div>\n<div class=\"flex-1 pl-4 md:px-8\">\n<h2 class=\"font-bold text-sm md:text-lg\"><a class=\"underline underline-offset-2 decoration-transparent transition duration-300 ease-linear hover:decoration-black\" href=\"https:\/\/www.danthermgroup.com\/downloads\/trotec-ttk-s-series-product-guide\" target=\"_blank\" rel=\"nofollow noindex noopener\">Trotec TTK S-series product guide<\/a><\/h2>\n<div class=\"prose text-grey-500 text-sm\">Guides<\/div>\n<\/div>\n<\/div>\n<\/div>\n<\/div>\n<\/div>\n<\/section>\n","protected":false},"excerpt":{"rendered":"<div class=\"max-w-4xl\">\n<div class=\"text-xl font-bold mt-1 md:mt-2\">\n<p>Professional kommersiya n\u0259ml\u0259ndiricil\u0259ri.<\/p>\n<p>TTK 650 S \u0259n t\u0259l\u0259bkar qurutma i\u015fl\u0259ri \u00fc\u00e7\u00fcn n\u0259z\u0259rd\u0259 tutulmu\u015f g\u00fccl\u00fc n\u0259ml\u0259ndiricidir. Y\u00fcks\u0259k n\u0259ml\u0259ndirm\u0259 qabiliyy\u0259ti v\u0259 m\u00f6hk\u0259m konstruksiyas\u0131 onu tikinti sah\u0259l\u0259ri v\u0259 suyun z\u0259d\u0259l\u0259nm\u0259sinin b\u0259rpas\u0131 kimi geni\u015f miqyasl\u0131 t\u0259tbiql\u0259r \u00fc\u00e7\u00fcn uy\u011fun edir.<\/p>\n<p>Davaml\u0131 TTK 650 S 52 kq a\u011f\u0131rl\u0131\u011f\u0131nda v\u0259 g\u00fcnd\u0259 88 litr n\u0259m \u00e7\u0131xarmaq qabiliyy\u0259tin\u0259 malikdir. Enerji istehlak\u0131n\u0131 azaltmaq \u00fc\u00e7\u00fcn apar\u0131c\u0131 istilik nasosu texnologiyas\u0131 il\u0259 t\u0259chiz edilmi\u015fdir.<\/p>\n<p>Dig\u0259r kondensasiya n\u0259ml\u0259ndiricil\u0259rin\u0259 bax\u0131n v\u0259 ya \u00e7oxsayl\u0131 t\u0259tbiql\u0259r \u00fc\u00e7\u00fcn uy\u011fun olan kommersiya n\u0259ml\u0259ndiricil\u0259rimizin tam \u00e7e\u015fidin\u0259 bax\u0131n.<\/p>\n<\/div>\n<\/div>\n","protected":false},"featured_media":27042,"template":"","meta":[],"product_brand":[],"product_cat":[809,861,885],"product_tag":[],"class_list":{"0":"post-27047","1":"product","2":"type-product","3":"status-publish","4":"has-post-thumbnail","6":"product_cat-hava-nmlndiricisi-kondisioner-az-ventilyasiya-ventilyator","7":"product_cat-nmlndiricilr-nmlndirici-hava","8":"product_cat-nmlndirici-qurutma-nmlndiricilr-az","10":"first","11":"instock","12":"shipping-taxable","13":"product-type-simple"},"_links":{"self":[{"href":"https:\/\/airsystems.ge\/shop\/az\/wp-json\/wp\/v2\/product\/27047","targetHints":{"allow":["GET"]}}],"collection":[{"href":"https:\/\/airsystems.ge\/shop\/az\/wp-json\/wp\/v2\/product"}],"about":[{"href":"https:\/\/airsystems.ge\/shop\/az\/wp-json\/wp\/v2\/types\/product"}],"wp:featuredmedia":[{"embeddable":true,"href":"https:\/\/airsystems.ge\/shop\/az\/wp-json\/wp\/v2\/media\/27042"}],"wp:attachment":[{"href":"https:\/\/airsystems.ge\/shop\/az\/wp-json\/wp\/v2\/media?parent=27047"}],"wp:term":[{"taxonomy":"product_brand","embeddable":true,"href":"https:\/\/airsystems.ge\/shop\/az\/wp-json\/wp\/v2\/product_brand?post=27047"},{"taxonomy":"product_cat","embeddable":true,"href":"https:\/\/airsystems.ge\/shop\/az\/wp-json\/wp\/v2\/product_cat?post=27047"},{"taxonomy":"product_tag","embeddable":true,"href":"https:\/\/airsystems.ge\/shop\/az\/wp-json\/wp\/v2\/product_tag?post=27047"}],"curies":[{"name":"wp","href":"https:\/\/api.w.org\/{rel}","templated":true}]}}