{"id":25416,"date":"2024-01-25T22:40:44","date_gmt":"2024-01-25T18:40:44","guid":{"rendered":"https:\/\/airsystems.ge\/shop\/product\/master-cd-5000-floor-dryer\/"},"modified":"2025-03-17T19:01:50","modified_gmt":"2025-03-17T15:01:50","slug":"master-cd-5000-floor-dryer","status":"publish","type":"product","link":"https:\/\/airsystems.ge\/shop\/az\/product\/master-cd-5000-floor-dryer\/","title":{"rendered":"Master CD 5000 \u2013 d\u00f6\u015f\u0259m\u0259 qurutma ma\u015f\u0131n\u0131. ventilyator"},"content":{"rendered":"<div class=\"wpb-content-wrapper\"><p>[vc_row][vc_column]\r\n\t\t<div id=\"wd-65a957de2ee55\" class=\"title-wrapper wd-wpb set-mb-s reset-last-child  wd-rs-65a957de2ee55 wd-title-color-default wd-title-style-default text-center  wd-underline-colored\">\r\n\t\t\t\r\n\t\t\t<div class=\"liner-continer\">\r\n\t\t\t\t<h4 class=\"woodmart-title-container title  wd-font-weight- wd-fontsize-l\" >Key features<\/h4>\r\n\t\t\t\t\t\t\t<\/div>\r\n\t\t\t\r\n\t\t\t\r\n\t\t\t\r\n\t\t<\/div>\r\n\t\t\r\n\t\t[\/vc_column][\/vc_row][vc_row][vc_column width=&#8221;1\/2&#8243;]\r\n\t\t<ul class=\" wd-rs-65b5026373104 wd-list wd-wpb color-scheme- wd-fontsize-xs wd-list-type-icon wd-list-style-default wd-justify-left \" id=\"wd-65b5026373104\">\r\n\t\t\t\t\t\t\t\t\t\t\t<li>\r\n\t\t\t\t\t<span class=\"list-icon far fa-check-circle\"><\/span>\r\n\t\t\t\t\t<span class=\"list-content\"> Flat diffuser <\/span>\r\n\t\t\t\t\t\t\t\t\t<\/li>\r\n\t\t\t\t\t\t\t\t\t\t\t<li>\r\n\t\t\t\t\t<span class=\"list-icon far fa-check-circle\"><\/span>\r\n\t\t\t\t\t<span class=\"list-content\"> Robust and durable construction <\/span>\r\n\t\t\t\t\t\t\t\t\t<\/li>\r\n\t\t\t\t\t\t\t\t\t\t\t<li>\r\n\t\t\t\t\t<span class=\"list-icon far fa-check-circle\"><\/span>\r\n\t\t\t\t\t<span class=\"list-content\"> Easy to use and transport <\/span>\r\n\t\t\t\t\t\t\t\t\t<\/li>\r\n\t\t\t\t\t<\/ul>\r\n\t\t[\/vc_column][vc_column width=&#8221;1\/2&#8243;]\r\n\t\t<ul class=\" wd-rs-65b5027a7d166 wd-list wd-wpb color-scheme- wd-fontsize-xs wd-list-type-icon wd-list-style-default wd-justify-left \" id=\"wd-65b5027a7d166\">\r\n\t\t\t\t\t\t\t\t\t\t\t<li>\r\n\t\t\t\t\t<span class=\"list-icon far fa-check-circle\"><\/span>\r\n\t\t\t\t\t<span class=\"list-content\"> Equipped with an additional socket for series connection <\/span>\r\n\t\t\t\t\t\t\t\t\t<\/li>\r\n\t\t\t\t\t\t\t\t\t\t\t<li>\r\n\t\t\t\t\t<span class=\"list-icon far fa-check-circle\"><\/span>\r\n\t\t\t\t\t<span class=\"list-content\"> Comfortable handles <\/span>\r\n\t\t\t\t\t\t\t\t\t<\/li>\r\n\t\t\t\t\t<\/ul>\r\n\t\t[\/vc_column][\/vc_row][vc_row][vc_column]\r\n\t\t<div id=\"wd-65a97cfe5a139\" class=\"title-wrapper wd-wpb set-mb-s reset-last-child  wd-rs-65a97cfe5a139 wd-title-color-default wd-title-style-default text-center  wd-underline-colored\">\r\n\t\t\t\r\n\t\t\t<div class=\"liner-continer\">\r\n\t\t\t\t<h4 class=\"woodmart-title-container title  wd-font-weight- wd-fontsize-l\" >Product specifications<\/h4>\r\n\t\t\t\t\t\t\t<\/div>\r\n\t\t\t\r\n\t\t\t\r\n\t\t\t\r\n\t\t<\/div>\r\n\t\t\r\n\t\t[\/vc_column][\/vc_row][vc_row][vc_column][vc_raw_html]JTNDZGl2JTIwY2xhc3MlM0QlMjJ3ZC1lbC10YWJsZSUyMiUzRSUwQSUyMCUyMCUzQ2RpdiUyMGNsYXNzJTNEJTIyd2QtZWwtdGFibGUtd3JhcCUyMiUzRSUwQSUyMCUyMCUyMCUyMCUzQ3RhYmxlJTIwY2xhc3MlM0QlMjJ3ZC1lbC10YWJsZSUyMiUzRSUwQSUyMCUyMCUyMCUyMCUyMCUyMCUzQ3Rib2R5JTIwY2xhc3MlM0QlMjJ0ZXh0LWxlZnQlMjIlM0UlMEElMjAlMjAlMjAlMjAlMjAlMjAlMjAlMjAlM0N0ciUzRSUwQSUyMCUyMCUyMCUyMCUyMCUyMCUyMCUyMCUyMCUyMCUzQ3RoJTIwY29sc3BhbiUzRCUyMjElMjIlMjByb3dzcGFuJTNEJTIyMSUyMiUzRVNwZWNpZmljYXRpb25zJTNDJTJGdGglM0UlMEElMjAlMjAlMjAlMjAlMjAlMjAlMjAlMjAlMjAlMjAlM0N0aCUyMGNvbHNwYW4lM0QlMjIxJTIyJTIwcm93c3BhbiUzRCUyMjElMjIlM0VVbml0cyUzQyUyRnRoJTNFJTBBJTIwJTIwJTIwJTIwJTIwJTIwJTIwJTIwJTIwJTIwJTNDdGglMjBjb2xzcGFuJTNEJTIyMSUyMiUyMHJvd3NwYW4lM0QlMjIxJTIyJTNFQ0QlMjA1MDAwJTNDJTJGdGglM0UlMEElMjAlMjAlMjAlMjAlMjAlMjAlMjAlMjAlM0MlMkZ0ciUzRSUwQSUyMCUyMCUyMCUyMCUyMCUyMCUyMCUyMCUzQ3RyJTNFJTBBJTIwJTIwJTIwJTIwJTIwJTIwJTIwJTIwJTIwJTIwJTNDdGQlMjBjb2xzcGFuJTNEJTIyMSUyMiUyMHJvd3NwYW4lM0QlMjIxJTIyJTNFQWlyJTIwZmxvdyUzQyUyRnRkJTNFJTBBJTIwJTIwJTIwJTIwJTIwJTIwJTIwJTIwJTIwJTIwJTNDdGQlMjBjb2xzcGFuJTNEJTIyMSUyMiUyMHJvd3NwYW4lM0QlMjIxJTIyJTNFbSVDMiVCMyUyRmglM0MlMkZ0ZCUzRSUwQSUyMCUyMCUyMCUyMCUyMCUyMCUyMCUyMCUyMCUyMCUzQ3RkJTIwY29sc3BhbiUzRCUyMjElMjIlMjByb3dzcGFuJTNEJTIyMSUyMiUzRTIlMkM2NDAlM0MlMkZ0ZCUzRSUwQSUyMCUyMCUyMCUyMCUyMCUyMCUyMCUyMCUzQyUyRnRyJTNFJTBBJTIwJTIwJTIwJTIwJTIwJTIwJTIwJTIwJTNDdHIlM0UlMEElMjAlMjAlMjAlMjAlMjAlMjAlMjAlMjAlMjAlMjAlM0N0ZCUyMGNvbHNwYW4lM0QlMjIxJTIyJTIwcm93c3BhbiUzRCUyMjElMjIlM0VNYXguJTIwYWlyJTIwcHJlc3N1cmUlM0MlMkZ0ZCUzRSUwQSUyMCUyMCUyMCUyMCUyMCUyMCUyMCUyMCUyMCUyMCUzQ3RkJTIwY29sc3BhbiUzRCUyMjElMjIlMjByb3dzcGFuJTNEJTIyMSUyMiUzRVBhJTNDJTJGdGQlM0UlMEElMjAlMjAlMjAlMjAlMjAlMjAlMjAlMjAlMjAlMjAlM0N0ZCUyMGNvbHNwYW4lM0QlMjIxJTIyJTIwcm93c3BhbiUzRCUyMjElMjIlM0U1MDAlM0MlMkZ0ZCUzRSUwQSUyMCUyMCUyMCUyMCUyMCUyMCUyMCUyMCUzQyUyRnRyJTNFJTBBJTIwJTIwJTIwJTIwJTIwJTIwJTIwJTIwJTNDdHIlM0UlMEElMjAlMjAlMjAlMjAlMjAlMjAlMjAlMjAlMjAlMjAlM0N0ZCUyMGNvbHNwYW4lM0QlMjIxJTIyJTIwcm93c3BhbiUzRCUyMjElMjIlM0VGYW4lMjB0eXBlJTNDJTJGdGQlM0UlMEElMjAlMjAlMjAlMjAlMjAlMjAlMjAlMjAlMjAlMjAlM0N0ZCUyMGNvbHNwYW4lM0QlMjIxJTIyJTIwcm93c3BhbiUzRCUyMjElMjIlM0UlM0MlMkZ0ZCUzRSUwQSUyMCUyMCUyMCUyMCUyMCUyMCUyMCUyMCUyMCUyMCUzQ3RkJTIwY29sc3BhbiUzRCUyMjElMjIlMjByb3dzcGFuJTNEJTIyMSUyMiUzRTElMjB4JTIwQ2VudHJpZnVnYWwlM0MlMkZ0ZCUzRSUwQSUyMCUyMCUyMCUyMCUyMCUyMCUyMCUyMCUzQyUyRnRyJTNFJTBBJTIwJTIwJTIwJTIwJTIwJTIwJTIwJTIwJTNDdHIlM0UlMEElMjAlMjAlMjAlMjAlMjAlMjAlMjAlMjAlMjAlMjAlM0N0ZCUyMGNvbHNwYW4lM0QlMjIxJTIyJTIwcm93c3BhbiUzRCUyMjElMjIlM0VGYW4lMjBzcGVlZCUzQyUyRnRkJTNFJTBBJTIwJTIwJTIwJTIwJTIwJTIwJTIwJTIwJTIwJTIwJTNDdGQlMjBjb2xzcGFuJTNEJTIyMSUyMiUyMHJvd3NwYW4lM0QlMjIxJTIyJTNFJTNDJTJGdGQlM0UlMEElMjAlMjAlMjAlMjAlMjAlMjAlMjAlMjAlMjAlMjAlM0N0ZCUyMGNvbHNwYW4lM0QlMjIxJTIyJTIwcm93c3BhbiUzRCUyMjElMjIlM0UzJTNDJTJGdGQlM0UlMEElMjAlMjAlMjAlMjAlMjAlMjAlMjAlMjAlM0MlMkZ0ciUzRSUwQSUyMCUyMCUyMCUyMCUyMCUyMCUyMCUyMCUzQ3RyJTNFJTBBJTIwJTIwJTIwJTIwJTIwJTIwJTIwJTIwJTIwJTIwJTNDdGQlMjBjb2xzcGFuJTNEJTIyMSUyMiUyMHJvd3NwYW4lM0QlMjIxJTIyJTNFUG93ZXIlMjBjb25zdW1wdGlvbiUzQyUyRnRkJTNFJTBBJTIwJTIwJTIwJTIwJTIwJTIwJTIwJTIwJTIwJTIwJTNDdGQlMjBjb2xzcGFuJTNEJTIyMSUyMiUyMHJvd3NwYW4lM0QlMjIxJTIyJTNFVyUzQyUyRnRkJTNFJTBBJTIwJTIwJTIwJTIwJTIwJTIwJTIwJTIwJTIwJTIwJTNDdGQlMjBjb2xzcGFuJTNEJTIyMSUyMiUyMHJvd3NwYW4lM0QlMjIxJTIyJTNFMzg0JTJGNDUyJTJGNTUwJTNDJTJGdGQlM0UlMEElMjAlMjAlMjAlMjAlMjAlMjAlMjAlMjAlM0MlMkZ0ciUzRSUwQSUyMCUyMCUyMCUyMCUyMCUyMCUyMCUyMCUzQ3RyJTNFJTBBJTIwJTIwJTIwJTIwJTIwJTIwJTIwJTIwJTIwJTIwJTNDdGQlMjBjb2xzcGFuJTNEJTIyMSUyMiUyMHJvd3NwYW4lM0QlMjIxJTIyJTNFUG93ZXIlMjBzdXBwbHklM0MlMkZ0ZCUzRSUwQSUyMCUyMCUyMCUyMCUyMCUyMCUyMCUyMCUyMCUyMCUzQ3RkJTIwY29sc3BhbiUzRCUyMjElMjIlMjByb3dzcGFuJTNEJTIyMSUyMiUzRVYlMkZIeiUzQyUyRnRkJTNFJTBBJTIwJTIwJTIwJTIwJTIwJTIwJTIwJTIwJTIwJTIwJTNDdGQlMjBjb2xzcGFuJTNEJTIyMSUyMiUyMHJvd3NwYW4lM0QlMjIxJTIyJTNFMjIwLTI0MCUyRjFwaCUyRjUwJTNDJTJGdGQlM0UlMEElMjAlMjAlMjAlMjAlMjAlMjAlMjAlMjAlM0MlMkZ0ciUzRSUwQSUyMCUyMCUyMCUyMCUyMCUyMCUyMCUyMCUzQ3RyJTNFJTBBJTIwJTIwJTIwJTIwJTIwJTIwJTIwJTIwJTIwJTIwJTNDdGQlMjBjb2xzcGFuJTNEJTIyMSUyMiUyMHJvd3NwYW4lM0QlMjIxJTIyJTNFT3V0bGV0JTIwZGlhbWV0ZXIlM0MlMkZ0ZCUzRSUwQSUyMCUyMCUyMCUyMCUyMCUyMCUyMCUyMCUyMCUyMCUzQ3RkJTIwY29sc3BhbiUzRCUyMjElMjIlMjByb3dzcGFuJTNEJTIyMSUyMiUzRWNtJTNDJTJGdGQlM0UlMEElMjAlMjAlMjAlMjAlMjAlMjAlMjAlMjAlMjAlMjAlM0N0ZCUyMGNvbHNwYW4lM0QlMjIxJTIyJTIwcm93c3BhbiUzRCUyMjElMjIlM0UxMiUyMHglMjA0MiUzQyUyRnRkJTNFJTBBJTIwJTIwJTIwJTIwJTIwJTIwJTIwJTIwJTNDJTJGdHIlM0UlMEElMjAlMjAlMjAlMjAlMjAlMjAlMjAlMjAlM0N0ciUzRSUwQSUyMCUyMCUyMCUyMCUyMCUyMCUyMCUyMCUyMCUyMCUzQ3RkJTIwY29sc3BhbiUzRCUyMjElMjIlMjByb3dzcGFuJTNEJTIyMSUyMiUzRUlubGV0JTIwZGlhbWV0ZXIlM0MlMkZ0ZCUzRSUwQSUyMCUyMCUyMCUyMCUyMCUyMCUyMCUyMCUyMCUyMCUzQ3RkJTIwY29sc3BhbiUzRCUyMjElMjIlMjByb3dzcGFuJTNEJTIyMSUyMiUzRWNtJTNDJTJGdGQlM0UlMEElMjAlMjAlMjAlMjAlMjAlMjAlMjAlMjAlMjAlMjAlM0N0ZCUyMGNvbHNwYW4lM0QlMjIxJTIyJTIwcm93c3BhbiUzRCUyMjElMjIlM0VOJTJGQSUzQyUyRnRkJTNFJTBBJTIwJTIwJTIwJTIwJTIwJTIwJTIwJTIwJTNDJTJGdHIlM0UlMEElMjAlMjAlMjAlMjAlMjAlMjAlMjAlMjAlM0N0ciUzRSUwQSUyMCUyMCUyMCUyMCUyMCUyMCUyMCUyMCUyMCUyMCUzQ3RkJTIwY29sc3BhbiUzRCUyMjElMjIlMjByb3dzcGFuJTNEJTIyMSUyMiUzRUFpciUyMGN1cnJlbnQlM0MlMkZ0ZCUzRSUwQSUyMCUyMCUyMCUyMCUyMCUyMCUyMCUyMCUyMCUyMCUzQ3RkJTIwY29sc3BhbiUzRCUyMjElMjIlMjByb3dzcGFuJTNEJTIyMSUyMiUzRSUzQyUyRnRkJTNFJTBBJTIwJTIwJTIwJTIwJTIwJTIwJTIwJTIwJTIwJTIwJTNDdGQlMjBjb2xzcGFuJTNEJTIyMSUyMiUyMHJvd3NwYW4lM0QlMjIxJTIyJTNFQmxvdyUyMG91dCUzQyUyRnRkJTNFJTBBJTIwJTIwJTIwJTIwJTIwJTIwJTIwJTIwJTNDJTJGdHIlM0UlMEElMjAlMjAlMjAlMjAlMjAlMjAlMjAlMjAlM0N0ciUzRSUwQSUyMCUyMCUyMCUyMCUyMCUyMCUyMCUyMCUyMCUyMCUzQ3RkJTIwY29sc3BhbiUzRCUyMjElMjIlMjByb3dzcGFuJTNEJTIyMSUyMiUzRVByb3RlY3Rpb24lM0MlMkZ0ZCUzRSUwQSUyMCUyMCUyMCUyMCUyMCUyMCUyMCUyMCUyMCUyMCUzQ3RkJTIwY29sc3BhbiUzRCUyMjElMjIlMjByb3dzcGFuJTNEJTIyMSUyMiUzRSUzQyUyRnRkJTNFJTBBJTIwJTIwJTIwJTIwJTIwJTIwJTIwJTIwJTIwJTIwJTNDdGQlMjBjb2xzcGFuJTNEJTIyMSUyMiUyMHJvd3NwYW4lM0QlMjIxJTIyJTNFSVAyNCUzQyUyRnRkJTNFJTBBJTIwJTIwJTIwJTIwJTIwJTIwJTIwJTIwJTNDJTJGdHIlM0UlMEElMjAlMjAlMjAlMjAlMjAlMjAlMjAlMjAlM0N0ciUzRSUwQSUyMCUyMCUyMCUyMCUyMCUyMCUyMCUyMCUyMCUyMCUzQ3RkJTIwY29sc3BhbiUzRCUyMjElMjIlMjByb3dzcGFuJTNEJTIyMSUyMiUzRVByb2R1Y3QlMjBzaXplJTIwJTI4bCUyMHglMjB3JTIweCUyMGglMjklM0MlMkZ0ZCUzRSUwQSUyMCUyMCUyMCUyMCUyMCUyMCUyMCUyMCUyMCUyMCUzQ3RkJTIwY29sc3BhbiUzRCUyMjElMjIlMjByb3dzcGFuJTNEJTIyMSUyMiUzRW1tJTNDJTJGdGQlM0UlMEElMjAlMjAlMjAlMjAlMjAlMjAlMjAlMjAlMjAlMjAlM0N0ZCUyMGNvbHNwYW4lM0QlMjIxJTIyJTIwcm93c3BhbiUzRCUyMjElMjIlM0U1MTAlMjB4JTIwNDIwJTIweCUyMDQ4MCUzQyUyRnRkJTNFJTBBJTIwJTIwJTIwJTIwJTIwJTIwJTIwJTIwJTNDJTJGdHIlM0UlMEElMjAlMjAlMjAlMjAlMjAlMjAlMjAlMjAlM0N0ciUzRSUwQSUyMCUyMCUyMCUyMCUyMCUyMCUyMCUyMCUyMCUyMCUzQ3RkJTIwY29sc3BhbiUzRCUyMjElMjIlMjByb3dzcGFuJTNEJTIyMSUyMiUzRUJveCUyMHNpemUlMjAlMjhsJTIweCUyMHclMjB4JTIwaCUyOSUzQyUyRnRkJTNFJTBBJTIwJTIwJTIwJTIwJTIwJTIwJTIwJTIwJTIwJTIwJTNDdGQlMjBjb2xzcGFuJTNEJTIyMSUyMiUyMHJvd3NwYW4lM0QlMjIxJTIyJTNFbW0lM0MlMkZ0ZCUzRSUwQSUyMCUyMCUyMCUyMCUyMCUyMCUyMCUyMCUyMCUyMCUzQ3RkJTIwY29sc3BhbiUzRCUyMjElMjIlMjByb3dzcGFuJTNEJTIyMSUyMiUzRTUyMCUyMHglMjA0MzAlMjB4JTIwNTAwJTNDJTJGdGQlM0UlMEElMjAlMjAlMjAlMjAlMjAlMjAlMjAlMjAlM0MlMkZ0ciUzRSUwQSUyMCUyMCUyMCUyMCUyMCUyMCUyMCUyMCUzQ3RyJTNFJTBBJTIwJTIwJTIwJTIwJTIwJTIwJTIwJTIwJTIwJTIwJTNDdGQlMjBjb2xzcGFuJTNEJTIyMSUyMiUyMHJvd3NwYW4lM0QlMjIxJTIyJTNFTmV0JTJGZ3Jvc3MlMjB3ZWlnaHQlM0MlMkZ0ZCUzRSUwQSUyMCUyMCUyMCUyMCUyMCUyMCUyMCUyMCUyMCUyMCUzQ3RkJTIwY29sc3BhbiUzRCUyMjElMjIlMjByb3dzcGFuJTNEJTIyMSUyMiUzRWtnJTNDJTJGdGQlM0UlMEElMjAlMjAlMjAlMjAlMjAlMjAlMjAlMjAlMjAlMjAlM0N0ZCUyMGNvbHNwYW4lM0QlMjIxJTIyJTIwcm93c3BhbiUzRCUyMjElMjIlM0UxNC4yJTJGMTUuNSUzQyUyRnRkJTNFJTBBJTIwJTIwJTIwJTIwJTIwJTIwJTIwJTIwJTNDJTJGdHIlM0UlMEElMjAlMjAlMjAlMjAlMjAlMjAlMjAlMjAlM0N0ciUzRSUwQSUyMCUyMCUyMCUyMCUyMCUyMCUyMCUyMCUyMCUyMCUzQ3RkJTIwY29sc3BhbiUzRCUyMjElMjIlMjByb3dzcGFuJTNEJTIyMSUyMiUzRVBhbGxldCUzQyUyRnRkJTNFJTBBJTIwJTIwJTIwJTIwJTIwJTIwJTIwJTIwJTIwJTIwJTNDdGQlMjBjb2xzcGFuJTNEJTIyMSUyMiUyMHJvd3NwYW4lM0QlMjIxJTIyJTNFcGNzJTNDJTJGdGQlM0UlMEElMjAlMjAlMjAlMjAlMjAlMjAlMjAlMjAlMjAlMjAlM0N0ZCUyMGNvbHNwYW4lM0QlMjIxJTIyJTIwcm93c3BhbiUzRCUyMjElMjIlM0UxNiUzQyUyRnRkJTNFJTBBJTIwJTIwJTIwJTIwJTIwJTIwJTIwJTIwJTNDJTJGdHIlM0UlMEElMjAlMjAlMjAlMjAlMjAlMjAlM0MlMkZ0Ym9keSUzRSUwQSUyMCUyMCUyMCUyMCUzQyUyRnRhYmxlJTNFJTBBJTIwJTIwJTNDJTJGZGl2JTNFJTBBJTNDJTJGZGl2JTNFJTBB[\/vc_raw_html][\/vc_column][\/vc_row][vc_row][vc_column]\r\n\t\t<div id=\"wd-65a9893650cd2\" class=\"title-wrapper wd-wpb set-mb-s reset-last-child  wd-rs-65a9893650cd2 wd-title-color-default wd-title-style-default text-center  wd-underline-colored\">\r\n\t\t\t\r\n\t\t\t<div class=\"liner-continer\">\r\n\t\t\t\t<h4 class=\"woodmart-title-container title  wd-font-weight- wd-fontsize-l\" >Suitable for<\/h4>\r\n\t\t\t\t\t\t\t<\/div>\r\n\t\t\t\r\n\t\t\t\r\n\t\t\t\r\n\t\t<\/div>\r\n\t\t\r\n\t\t[\/vc_column][\/vc_row][vc_row][vc_column width=&#8221;1\/2&#8243;]\t\t<div id=\"wd-65b502aee905c\" class=\"wd-text-block wd-wpb reset-last-child wd-rs-65b502aee905c text-left \">\r\n\t\t\t<ul>\n<li style=\"text-align: left;\">Agriculture<\/li>\n<li style=\"text-align: left;\">Buildings and commercial spaces<\/li>\n<li style=\"text-align: left;\">Construction<\/li>\n<\/ul>\n\t\t<\/div>\r\n\t\t[\/vc_column][vc_column width=&#8221;1\/2&#8243;]\t\t<div id=\"wd-65b502a191012\" class=\"wd-text-block wd-wpb reset-last-child wd-rs-65b502a191012 text-left \">\r\n\t\t\t<ul>\n<li>General industry and production<\/li>\n<li>Rental companies<\/li>\n<li>Water damage restoration<\/li>\n<\/ul>\n\t\t<\/div>\r\n\t\t[\/vc_column][\/vc_row][vc_row][vc_column]\r\n\t\t<div id=\"wd-65aa6e6129302\" class=\"title-wrapper wd-wpb set-mb-s reset-last-child  wd-rs-65aa6e6129302 wd-title-color-default wd-title-style-default text-center  wd-underline-colored\">\r\n\t\t\t\r\n\t\t\t<div class=\"liner-continer\">\r\n\t\t\t\t<h4 class=\"woodmart-title-container title  wd-font-weight- wd-fontsize-l\" >Useful downloads<\/h4>\r\n\t\t\t\t\t\t\t<\/div>\r\n\t\t\t\r\n\t\t\t\r\n\t\t\t\r\n\t\t<\/div>\r\n\t\t\r\n\t\t[\/vc_column][\/vc_row][vc_row][vc_column]\r\n\t\t<ul class=\" wd-rs-65b502c05a8b9 wd-list wd-wpb color-scheme- wd-fontsize-xs wd-list-type-icon wd-list-style-square wd-justify-left wd-list-shape-icon \" id=\"wd-65b502c05a8b9\">\r\n\t\t\t\t\t\t\t\t\t\t\t<li>\r\n\t\t\t\t\t<span class=\"list-icon fas fa-download\"><\/span>\r\n\t\t\t\t\t<span class=\"list-content\">Master catalogue <\/span>\r\n\t\t\t\t\t\t\t\t\t\t\t<a class=\"wd-fill\" href=\"https:\/\/catalogue.dantherm.com\/master\/master-catalogue-en\/\" title=\"\" aria-label=\"List link\"><\/a>\r\n\t\t\t\t\t\t\t\t\t<\/li>\r\n\t\t\t\t\t\t\t\t\t\t\t<li>\r\n\t\t\t\t\t<span class=\"list-icon fas fa-download\"><\/span>\r\n\t\t\t\t\t<span class=\"list-content\">Master CD 5000 user manual<\/span>\r\n\t\t\t\t\t\t\t\t\t\t\t<a class=\"wd-fill\" href=\"https:\/\/www.danthermgroup.com\/en-gb\/downloads\/master-cd-5000-manual\" title=\"\" aria-label=\"List link\"><\/a>\r\n\t\t\t\t\t\t\t\t\t<\/li>\r\n\t\t\t\t\t<\/ul>\r\n\t\t[\/vc_column][\/vc_row]<\/p>\n<\/div>","protected":false},"excerpt":{"rendered":"<div class=\"mt-1 md:mt-2 text-xl\">\n<p>D\u00f6\u015f\u0259m\u0259 quruducular\u0131<\/p>\n<p>D\u00fcz diffuzorlu m\u00f6hk\u0259m v\u0259 y\u00fcks\u0259k s\u0259m\u0259r\u0259li d\u00f6\u015f\u0259m\u0259 qurutma ma\u015f\u0131nlar\u0131. Ev, ofis, t\u0259mir i\u015fl\u0259ri \u00fc\u00e7\u00fcn ideald\u0131r.<\/p>\n<p>Hava ax\u0131n\u0131: 2 640 m3\/saat<\/p>\n<\/div>\n","protected":false},"featured_media":20584,"template":"","meta":[],"product_brand":[],"product_cat":[809,992,967],"product_tag":[],"class_list":{"0":"post-25416","1":"product","2":"type-product","3":"status-publish","4":"has-post-thumbnail","6":"product_cat-hava-nmlndiricisi-kondisioner-az-ventilyasiya-ventilyator","7":"product_cat-peskar-ufleyiciler-hava-sirkulyatorlari-ventilyator","8":"product_cat-ventilyasiya-az-ventilyator-havalandirma-eksenel-radial","10":"first","11":"instock","12":"shipping-taxable","13":"purchasable","14":"product-type-simple"},"_links":{"self":[{"href":"https:\/\/airsystems.ge\/shop\/az\/wp-json\/wp\/v2\/product\/25416","targetHints":{"allow":["GET"]}}],"collection":[{"href":"https:\/\/airsystems.ge\/shop\/az\/wp-json\/wp\/v2\/product"}],"about":[{"href":"https:\/\/airsystems.ge\/shop\/az\/wp-json\/wp\/v2\/types\/product"}],"wp:featuredmedia":[{"embeddable":true,"href":"https:\/\/airsystems.ge\/shop\/az\/wp-json\/wp\/v2\/media\/20584"}],"wp:attachment":[{"href":"https:\/\/airsystems.ge\/shop\/az\/wp-json\/wp\/v2\/media?parent=25416"}],"wp:term":[{"taxonomy":"product_brand","embeddable":true,"href":"https:\/\/airsystems.ge\/shop\/az\/wp-json\/wp\/v2\/product_brand?post=25416"},{"taxonomy":"product_cat","embeddable":true,"href":"https:\/\/airsystems.ge\/shop\/az\/wp-json\/wp\/v2\/product_cat?post=25416"},{"taxonomy":"product_tag","embeddable":true,"href":"https:\/\/airsystems.ge\/shop\/az\/wp-json\/wp\/v2\/product_tag?post=25416"}],"curies":[{"name":"wp","href":"https:\/\/api.w.org\/{rel}","templated":true}]}}