{"id":25303,"date":"2025-03-11T15:03:03","date_gmt":"2025-03-11T11:03:03","guid":{"rendered":"https:\/\/airsystems.ge\/shop\/product\/vrf-vrv-fan-coil-low-static-pressure-ducted-indoor-unit-2-2-kw-to-4-5-kw-yvdvxh022war-gx-yvdvxh028war-gx-yvdvxh036war-gx-yvdvxh045war-gx\/"},"modified":"2025-03-11T15:04:32","modified_gmt":"2025-03-11T11:04:32","slug":"vrf-vrv-fan-coil-low-static-pressure-ducted-indoor-unit-2-2-kw-to-4-5-kw-yvdvxh022war-gx-yvdvxh028war-gx-yvdvxh036war-gx-yvdvxh045war-gx","status":"publish","type":"product","link":"https:\/\/airsystems.ge\/shop\/az\/product\/vrf-vrv-fan-coil-low-static-pressure-ducted-indoor-unit-2-2-kw-to-4-5-kw-yvdvxh022war-gx-yvdvxh028war-gx-yvdvxh036war-gx-yvdvxh045war-gx\/","title":{"rendered":"VRF VRV Fan coil A\u015fa\u011f\u0131 Statik T\u0259zyiqli Kanall\u0131 Daxili Qur\u011fu 2,2 kVt &#8211; 4,5 kVt YVDVXH022WAR-GX YVDVXH028WAR-GX YVDVXH036WAR-GX YVDVXH045WAR-GX"},"content":{"rendered":"<ul class=\"nav hr-tabs-nav nav-alignment--center clearfix\" role=\"tablist\">\n<li class=\"hr-tabs-nav-item active in\"><a role=\"tab\" href=\"https:\/\/www.yorkvrf.com.tr\/en\/york-vrf-air-conditioner-low-static-duct-type-indoor-unit\/#eluiddd54dc84_1_0\" data-toggle=\"tab\">TECHNICAL INFORMATION<\/a><\/li>\n<li class=\"hr-tabs-nav-item \"><a role=\"tab\" href=\"https:\/\/www.yorkvrf.com.tr\/en\/york-vrf-air-conditioner-low-static-duct-type-indoor-unit\/#eluiddd54dc84_1_1\" data-toggle=\"tab\">DOCUMENTS<\/a><\/li>\n<\/ul>\n<div class=\"tab-content\">\n<div id=\"eluiddd54dc84_1_0\" class=\"tab-pane active in\">\n<div class=\"row tabPaneContainer \">\n<div id=\"eluidb97f8e54\" class=\"eluidb97f8e54 col-md-12 col-sm-12 znColumnElement\">\n<div class=\"znColumnElement-innerWrapper-eluidb97f8e54 znColumnElement-innerWrapper znColumnElement-innerWrapper--valign-top znColumnElement-innerWrapper--halign-left \">\n<div class=\"znColumnElement-innerContent\">\n<div class=\"zn_custom_html eluid3789a4b4 \">\n<table border=\"0\" width=\"679\" cellspacing=\"1\" cellpadding=\"0\">\n<colgroup>\n<col width=\"156\" \/>\n<col width=\"53\" \/>\n<col width=\"45\" \/>\n<col span=\"2\" width=\"139\" \/>\n<col width=\"147\" \/><\/colgroup>\n<tbody>\n<tr>\n<td class=\"xl75\" colspan=\"3\" width=\"254\" height=\"20\"><span class=\"font6\">Model Name<\/span><\/td>\n<td class=\"xl63\" width=\"139\"><span class=\"font6\">YV3VXH022WAR&#8211;GX<\/span><\/td>\n<td class=\"xl63\" width=\"139\"><span class=\"font6\">YV3VXH028WAR&#8211;GX<\/span><\/td>\n<td class=\"xl63\" width=\"147\"><span class=\"font6\">YV3VXH036WAR&#8211;GX<\/span><\/td>\n<\/tr>\n<tr>\n<td class=\"xl78\" colspan=\"2\" width=\"209\" height=\"31\"><span class=\"font7\">Power (Supply) Source ( Ph, V, Hz )<\/span><\/td>\n<td class=\"xl65\" width=\"45\"><span class=\"font7\">V \/ Ph \/ Hz<\/span><\/td>\n<td class=\"xl66\" width=\"139\"><span class=\"font5\">220~230-1-50\/60<\/span><\/td>\n<td class=\"xl66\" width=\"139\"><span class=\"font5\">220~230-1-50\/60<\/span><\/td>\n<td class=\"xl66\" width=\"147\"><span class=\"font5\">220~230-1-50\/60<\/span><\/td>\n<\/tr>\n<tr>\n<td class=\"xl78\" colspan=\"2\" width=\"209\" height=\"21\"><span class=\"font7\">Nominal Device Capacity<\/span><\/td>\n<td class=\"xl67\" width=\"45\"><span class=\"font7\">HP<\/span><\/td>\n<td class=\"xl68\">0,8<\/td>\n<td class=\"xl69\">1<\/td>\n<td class=\"xl68\">1,2<\/td>\n<\/tr>\n<tr>\n<td class=\"xl80\" rowspan=\"2\" width=\"156\" height=\"40\"><span class=\"font6\">Capacity<\/span><\/td>\n<td class=\"xl65\" width=\"53\"><span class=\"font7\">Cooling<\/span><\/td>\n<td class=\"xl82\" rowspan=\"2\" width=\"45\"><span class=\"font7\">kW<\/span><\/td>\n<td class=\"xl70\">2,2<\/td>\n<td class=\"xl70\">2,8<\/td>\n<td class=\"xl70\">3,6<\/td>\n<\/tr>\n<tr>\n<td class=\"xl65\" width=\"53\" height=\"20\"><span class=\"font7\">Heating<\/span><\/td>\n<td class=\"xl68\">2,5<\/td>\n<td class=\"xl68\">3,2<\/td>\n<td class=\"xl68\">4,0<\/td>\n<\/tr>\n<tr>\n<td class=\"xl84\" rowspan=\"2\" width=\"156\" height=\"40\"><span class=\"font7\">Capacity<\/span><\/td>\n<td class=\"xl65\" width=\"53\"><span class=\"font7\">Cooling<\/span><\/td>\n<td class=\"xl86\" rowspan=\"2\" width=\"45\"><span class=\"font7\">Btu\/H<\/span><\/td>\n<td class=\"xl71\">7500<\/td>\n<td class=\"xl71\">9600<\/td>\n<td class=\"xl71\">12300<\/td>\n<\/tr>\n<tr>\n<td class=\"xl65\" width=\"53\" height=\"20\"><span class=\"font7\">Heating<\/span><\/td>\n<td class=\"xl69\">8500<\/td>\n<td class=\"xl69\">10900<\/td>\n<td class=\"xl69\">13600<\/td>\n<\/tr>\n<tr>\n<td class=\"xl78\" colspan=\"2\" width=\"209\" height=\"20\"><span class=\"font7\">Absorbed Power<\/span><\/td>\n<td class=\"xl67\" width=\"45\"><span class=\"font7\">W<\/span><\/td>\n<td class=\"xl71\">50<\/td>\n<td class=\"xl71\">50<\/td>\n<td class=\"xl71\">56<\/td>\n<\/tr>\n<tr>\n<td class=\"xl78\" colspan=\"2\" width=\"209\" height=\"20\"><span class=\"font7\">Working Current<\/span><\/td>\n<td class=\"xl67\" width=\"45\"><span class=\"font7\">kW<\/span><\/td>\n<td class=\"xl72\">0,23<\/td>\n<td class=\"xl72\">0,23<\/td>\n<td class=\"xl72\">0,26<\/td>\n<\/tr>\n<tr>\n<td class=\"xl78\" colspan=\"2\" width=\"209\" height=\"20\"><span class=\"font7\">External Static Pressure<\/span><\/td>\n<td class=\"xl67\" width=\"45\"><span class=\"font7\">Pa<\/span><\/td>\n<td class=\"xl66\" width=\"139\"><span class=\"font5\">0 ~ 30<\/span><\/td>\n<td class=\"xl66\" width=\"139\"><span class=\"font5\">0 ~ 30<\/span><\/td>\n<td class=\"xl66\" width=\"147\"><span class=\"font5\">0 ~ 30<\/span><\/td>\n<\/tr>\n<tr>\n<td class=\"xl78\" colspan=\"2\" width=\"209\" height=\"20\"><span class=\"font7\">Air Flow (High \/ Medium \/ Low)<\/span><\/td>\n<td class=\"xl73\" width=\"45\"><span class=\"font7\">m<\/span><span class=\"font8\"><sup>3<\/sup><\/span><span class=\"font7\">\/h<\/span><\/td>\n<td class=\"xl74\" width=\"139\"><span class=\"font5\">480 \/ 420 \/ 360<\/span><\/td>\n<td class=\"xl74\" width=\"139\"><span class=\"font5\">480 \/ 420 \/ 360<\/span><\/td>\n<td class=\"xl74\" width=\"147\"><span class=\"font5\">550 \/ 430 \/ 370<\/span><\/td>\n<\/tr>\n<tr>\n<td class=\"xl78\" colspan=\"2\" width=\"209\" height=\"21\"><span class=\"font7\">Volume ( High \/ Medium \/ Low )<\/span><\/td>\n<td class=\"xl67\" width=\"45\"><span class=\"font7\">dB(A)<\/span><\/td>\n<td class=\"xl66\" width=\"139\"><span class=\"font5\">27 \/ 24 \/ 21<\/span><\/td>\n<td class=\"xl66\" width=\"139\"><span class=\"font5\">27 \/ 24 \/ 21<\/span><\/td>\n<td class=\"xl66\" width=\"147\"><span class=\"font5\">30 \/ 28 \/ 25<\/span><\/td>\n<\/tr>\n<tr>\n<td class=\"xl80\" rowspan=\"3\" width=\"156\" height=\"60\"><span class=\"font6\">Body Dimensions<\/span><\/td>\n<td class=\"xl65\" width=\"53\"><span class=\"font7\">Height<\/span><\/td>\n<td class=\"xl82\" rowspan=\"3\" width=\"45\"><span class=\"font7\">mm<\/span><\/td>\n<td class=\"xl69\">185<\/td>\n<td class=\"xl69\">185<\/td>\n<td class=\"xl69\">185<\/td>\n<\/tr>\n<tr>\n<td class=\"xl65\" width=\"53\" height=\"20\"><span class=\"font7\">Width<\/span><\/td>\n<td class=\"xl71\">850<\/td>\n<td class=\"xl71\">850<\/td>\n<td class=\"xl71\">850<\/td>\n<\/tr>\n<tr>\n<td class=\"xl65\" width=\"53\" height=\"20\"><span class=\"font7\">Depth<\/span><\/td>\n<td class=\"xl69\">420<\/td>\n<td class=\"xl69\">420<\/td>\n<td class=\"xl69\">420<\/td>\n<\/tr>\n<tr>\n<td class=\"xl64\" width=\"156\" height=\"20\"><span class=\"font7\">Weight<\/span><\/td>\n<td class=\"xl65\" width=\"53\"><span class=\"font7\">Body<\/span><\/td>\n<td class=\"xl67\" width=\"45\"><span class=\"font7\">kg<\/span><\/td>\n<td class=\"xl70\">16,5<\/td>\n<td class=\"xl70\">16,5<\/td>\n<td class=\"xl70\">17,5<\/td>\n<\/tr>\n<tr>\n<td class=\"xl84\" rowspan=\"2\" width=\"156\" height=\"41\"><span class=\"font7\">Copper Pipe Connection Diameters<\/span><\/td>\n<td class=\"xl65\" width=\"53\"><span class=\"font7\">Liquid<\/span><\/td>\n<td class=\"xl82\" rowspan=\"2\" width=\"45\"><span class=\"font7\">mm<\/span><\/td>\n<td class=\"xl74\" width=\"139\"><span class=\"font5\">\u00d8 6,35<\/span><\/td>\n<td class=\"xl74\" width=\"139\"><span class=\"font5\">\u00d8 6,35<\/span><\/td>\n<td class=\"xl74\" width=\"147\"><span class=\"font5\">\u00d8 6,35<\/span><\/td>\n<\/tr>\n<tr>\n<td class=\"xl65\" width=\"53\" height=\"20\"><span class=\"font7\">Gaz<\/span><\/td>\n<td class=\"xl66\" width=\"139\"><span class=\"font5\">\u00d8 9,52<\/span><\/td>\n<td class=\"xl66\" width=\"139\"><span class=\"font5\">\u00d8 9,52<\/span><\/td>\n<td class=\"xl66\" width=\"147\"><span class=\"font5\">\u00d8 12,7<\/span><\/td>\n<\/tr>\n<tr>\n<td class=\"xl84\" rowspan=\"2\" width=\"156\" height=\"41\"><span class=\"font7\">Channel Connection Dimensions<\/span><\/td>\n<td class=\"xl65\" width=\"53\"><span class=\"font7\">Blowing<\/span><\/td>\n<td class=\"xl90\" rowspan=\"2\" width=\"45\"><span class=\"font7\">( G x Y )<\/span><br \/>\n<span class=\"font7\">mm<\/span><\/td>\n<td class=\"xl74\" width=\"139\"><span class=\"font5\">640 x 90<\/span><\/td>\n<td class=\"xl74\" width=\"139\"><span class=\"font5\">640 x 90<\/span><\/td>\n<td class=\"xl74\" width=\"147\"><span class=\"font5\">640 x 90<\/span><\/td>\n<\/tr>\n<tr>\n<td class=\"xl65\" width=\"53\" height=\"20\"><span class=\"font7\">suction<\/span><\/td>\n<td class=\"xl66\" width=\"139\"><span class=\"font5\">760 x 152<\/span><\/td>\n<td class=\"xl66\" width=\"139\"><span class=\"font5\">760 x 152<\/span><\/td>\n<td class=\"xl66\" width=\"147\"><span class=\"font5\">760 x 152<\/span><\/td>\n<\/tr>\n<tr>\n<td class=\"xl78\" colspan=\"2\" width=\"209\" height=\"21\"><span class=\"font7\">Drain Mouth Outlet Diameter<\/span><\/td>\n<td class=\"xl67\" width=\"45\"><span class=\"font7\">mm<\/span><\/td>\n<td class=\"xl69\">25<\/td>\n<td class=\"xl69\">25<\/td>\n<td class=\"xl69\">25<\/td>\n<\/tr>\n<tr>\n<td class=\"xl78\" colspan=\"3\" width=\"254\" height=\"20\"><span class=\"font7\">Drain Pump &#8211; Head<\/span><\/td>\n<td class=\"xl93\" colspan=\"3\" width=\"425\"><span class=\"font5\">Standart 600 mm<\/span><\/td>\n<\/tr>\n<\/tbody>\n<\/table>\n<p>&nbsp;<\/p>\n<table border=\"0\" width=\"679\" cellspacing=\"1\" cellpadding=\"0\">\n<colgroup>\n<col width=\"156\" \/>\n<col width=\"53\" \/>\n<col width=\"45\" \/>\n<col span=\"2\" width=\"139\" \/>\n<col width=\"147\" \/><\/colgroup>\n<tbody>\n<tr>\n<td class=\"xl75\" colspan=\"3\" width=\"254\" height=\"20\"><span class=\"font6\">Model Name<\/span><\/td>\n<td class=\"xl63\" width=\"139\"><span class=\"font6\">YV3VXH045WAR&#8211;GX<\/span><\/td>\n<td class=\"xl63\" width=\"139\"><span class=\"font6\">YV3VXH056WAR&#8211;GX<\/span><\/td>\n<td class=\"xl63\" width=\"147\"><span class=\"font6\">YV3VXH071WAR&#8211;GX<\/span><\/td>\n<\/tr>\n<tr>\n<td class=\"xl78\" colspan=\"2\" width=\"209\" height=\"31\"><span class=\"font7\">Power (Supply) Source ( Ph, V, Hz )<\/span><\/td>\n<td class=\"xl65\" width=\"45\"><span class=\"font7\">V \/ Ph \/ Hz<\/span><\/td>\n<td class=\"xl66\" width=\"139\"><span class=\"font5\">220~230-1-50\/60<\/span><\/td>\n<td class=\"xl66\" width=\"139\"><span class=\"font5\">220~230-1-50\/60<\/span><\/td>\n<td class=\"xl66\" width=\"147\"><span class=\"font5\">220~230-1-50\/60<\/span><\/td>\n<\/tr>\n<tr>\n<td class=\"xl78\" colspan=\"2\" width=\"209\" height=\"21\"><span class=\"font7\">Nominal Device Capacity<\/span><\/td>\n<td class=\"xl67\" width=\"45\"><span class=\"font7\">HP<\/span><\/td>\n<td class=\"xl68\">1,7<\/td>\n<td class=\"xl69\">2<\/td>\n<td class=\"xl68\">2,5<\/td>\n<\/tr>\n<tr>\n<td class=\"xl80\" rowspan=\"2\" width=\"156\" height=\"40\"><span class=\"font6\">Capacity<\/span><\/td>\n<td class=\"xl65\" width=\"53\"><span class=\"font7\">Cooling<\/span><\/td>\n<td class=\"xl82\" rowspan=\"2\" width=\"45\"><span class=\"font7\">kW<\/span><\/td>\n<td class=\"xl70\">4,5<\/td>\n<td class=\"xl70\">5,6<\/td>\n<td class=\"xl70\">7,1<\/td>\n<\/tr>\n<tr>\n<td class=\"xl65\" width=\"53\" height=\"20\"><span class=\"font7\">Heating<\/span><\/td>\n<td class=\"xl68\">5,0<\/td>\n<td class=\"xl68\">6,3<\/td>\n<td class=\"xl68\">8,0<\/td>\n<\/tr>\n<tr>\n<td class=\"xl84\" rowspan=\"2\" width=\"156\" height=\"40\"><span class=\"font7\">Capacity<\/span><\/td>\n<td class=\"xl65\" width=\"53\"><span class=\"font7\">Cooling<\/span><\/td>\n<td class=\"xl86\" rowspan=\"2\" width=\"45\"><span class=\"font7\">Btu\/H<\/span><\/td>\n<td class=\"xl71\">15100<\/td>\n<td class=\"xl71\">19100<\/td>\n<td class=\"xl71\">24200<\/td>\n<\/tr>\n<tr>\n<td class=\"xl65\" width=\"53\" height=\"20\"><span class=\"font7\">Heating<\/span><\/td>\n<td class=\"xl69\">17100<\/td>\n<td class=\"xl69\">21500<\/td>\n<td class=\"xl69\">27300<\/td>\n<\/tr>\n<tr>\n<td class=\"xl78\" colspan=\"2\" width=\"209\" height=\"20\"><span class=\"font7\">Absorbed Power<\/span><\/td>\n<td class=\"xl67\" width=\"45\"><span class=\"font7\">W<\/span><\/td>\n<td class=\"xl71\">65<\/td>\n<td class=\"xl71\">80<\/td>\n<td class=\"xl71\">117<\/td>\n<\/tr>\n<tr>\n<td class=\"xl78\" colspan=\"2\" width=\"209\" height=\"20\"><span class=\"font7\">Working Current<\/span><\/td>\n<td class=\"xl67\" width=\"45\"><span class=\"font7\">kW<\/span><\/td>\n<td class=\"xl68\">0,3<\/td>\n<td class=\"xl72\">0,37<\/td>\n<td class=\"xl72\">0,54<\/td>\n<\/tr>\n<tr>\n<td class=\"xl78\" colspan=\"2\" width=\"209\" height=\"20\"><span class=\"font7\">External Static Pressure<\/span><\/td>\n<td class=\"xl67\" width=\"45\"><span class=\"font7\">Pa<\/span><\/td>\n<td class=\"xl66\" width=\"139\"><span class=\"font5\">0 ~ 30<\/span><\/td>\n<td class=\"xl66\" width=\"139\"><span class=\"font5\">0 ~ 30<\/span><\/td>\n<td class=\"xl66\" width=\"147\"><span class=\"font5\">0 ~ 30<\/span><\/td>\n<\/tr>\n<tr>\n<td class=\"xl78\" colspan=\"2\" width=\"209\" height=\"20\"><span class=\"font7\">Air Flow (High \/ Medium \/ Low)<\/span><\/td>\n<td class=\"xl73\" width=\"45\"><span class=\"font7\">m<\/span><span class=\"font8\"><sup>3<\/sup><\/span><span class=\"font7\">\/h<\/span><\/td>\n<td class=\"xl74\" width=\"139\"><span class=\"font5\">600 \/ 540 \/ 460<\/span><\/td>\n<td class=\"xl74\" width=\"139\"><span class=\"font5\">800 \/ 690 \/ 580<\/span><\/td>\n<td class=\"xl74\" width=\"147\"><span class=\"font5\">930 \/ 850 \/ 750<\/span><\/td>\n<\/tr>\n<tr>\n<td class=\"xl78\" colspan=\"2\" width=\"209\" height=\"21\"><span class=\"font7\">Volume ( High \/ Medium \/ Low )<\/span><\/td>\n<td class=\"xl67\" width=\"45\"><span class=\"font7\">dB(A)<\/span><\/td>\n<td class=\"xl66\" width=\"139\"><span class=\"font5\">33 \/ 30 \/ 27<\/span><\/td>\n<td class=\"xl66\" width=\"139\"><span class=\"font5\">33 \/ 30 \/ 28<\/span><\/td>\n<td class=\"xl66\" width=\"147\"><span class=\"font5\">36 \/ 33 \/ 31<\/span><\/td>\n<\/tr>\n<tr>\n<td class=\"xl80\" rowspan=\"3\" width=\"156\" height=\"60\"><span class=\"font6\">Body Dimensions<\/span><\/td>\n<td class=\"xl65\" width=\"53\"><span class=\"font7\">Height<\/span><\/td>\n<td class=\"xl82\" rowspan=\"3\" width=\"45\"><span class=\"font7\">mm<\/span><\/td>\n<td class=\"xl69\">185<\/td>\n<td class=\"xl69\">185<\/td>\n<td class=\"xl69\">185<\/td>\n<\/tr>\n<tr>\n<td class=\"xl65\" width=\"53\" height=\"20\"><span class=\"font7\">Width<\/span><\/td>\n<td class=\"xl71\">850<\/td>\n<td class=\"xl71\">1170<\/td>\n<td class=\"xl71\">1170<\/td>\n<\/tr>\n<tr>\n<td class=\"xl65\" width=\"53\" height=\"20\"><span class=\"font7\">Depth<\/span><\/td>\n<td class=\"xl69\">420<\/td>\n<td class=\"xl69\">420<\/td>\n<td class=\"xl69\">420<\/td>\n<\/tr>\n<tr>\n<td class=\"xl64\" width=\"156\" height=\"20\"><span class=\"font7\">Weight<\/span><\/td>\n<td class=\"xl65\" width=\"53\"><span class=\"font7\">Body<\/span><\/td>\n<td class=\"xl67\" width=\"45\"><span class=\"font7\">kg<\/span><\/td>\n<td class=\"xl70\">18,5<\/td>\n<td class=\"xl70\">22,2<\/td>\n<td class=\"xl71\">24<\/td>\n<\/tr>\n<tr>\n<td class=\"xl84\" rowspan=\"2\" width=\"156\" height=\"41\"><span class=\"font7\">Copper Pipe Connection Diameters<\/span><\/td>\n<td class=\"xl65\" width=\"53\"><span class=\"font7\">Liquid<\/span><\/td>\n<td class=\"xl82\" rowspan=\"2\" width=\"45\"><span class=\"font7\">mm<\/span><\/td>\n<td class=\"xl74\" width=\"139\"><span class=\"font5\">\u00d8 6,35<\/span><\/td>\n<td class=\"xl74\" width=\"139\"><span class=\"font5\">\u00d8 6,35<\/span><\/td>\n<td class=\"xl74\" width=\"147\"><span class=\"font5\">\u00d8 9,52<\/span><\/td>\n<\/tr>\n<tr>\n<td class=\"xl65\" width=\"53\" height=\"20\"><span class=\"font7\">Gaz<\/span><\/td>\n<td class=\"xl66\" width=\"139\"><span class=\"font5\">\u00d8 12,7<\/span><\/td>\n<td class=\"xl66\" width=\"139\"><span class=\"font5\">\u00d8 12,7<\/span><\/td>\n<td class=\"xl66\" width=\"147\"><span class=\"font5\">\u00d8 15.88<\/span><\/td>\n<\/tr>\n<tr>\n<td class=\"xl84\" rowspan=\"2\" width=\"156\" height=\"41\"><span class=\"font7\">Channel Connection Dimensions<\/span><\/td>\n<td class=\"xl65\" width=\"53\"><span class=\"font7\">Blowing<\/span><\/td>\n<td class=\"xl90\" rowspan=\"2\" width=\"45\"><span class=\"font7\">( G x Y )<\/span><br \/>\n<span class=\"font7\">mm<\/span><\/td>\n<td class=\"xl74\" width=\"139\"><span class=\"font5\">640 x 90<\/span><\/td>\n<td class=\"xl74\" width=\"139\"><span class=\"font5\">960 x 90<\/span><\/td>\n<td class=\"xl74\" width=\"147\"><span class=\"font5\">960 x 90<\/span><\/td>\n<\/tr>\n<tr>\n<td class=\"xl65\" width=\"53\" height=\"20\"><span class=\"font7\">suction<\/span><\/td>\n<td class=\"xl66\" width=\"139\"><span class=\"font5\">760 x 152<\/span><\/td>\n<td class=\"xl66\" width=\"139\"><span class=\"font5\">1080 x 152<\/span><\/td>\n<td class=\"xl66\" width=\"147\"><span class=\"font5\">1080 x 152<\/span><\/td>\n<\/tr>\n<tr>\n<td class=\"xl78\" colspan=\"2\" width=\"209\" height=\"21\"><span class=\"font7\">Drain Mouth Outlet Diameter<\/span><\/td>\n<td class=\"xl67\" width=\"45\"><span class=\"font7\">mm<\/span><\/td>\n<td class=\"xl69\">25<\/td>\n<td class=\"xl69\">25<\/td>\n<td class=\"xl69\">25<\/td>\n<\/tr>\n<tr>\n<td class=\"xl78\" colspan=\"3\" width=\"254\" height=\"20\"><span class=\"font7\">Drain Pump &#8211; Head<\/span><\/td>\n<td class=\"xl93\" colspan=\"3\" width=\"425\"><span class=\"font5\">Standart 600 mm<\/span><\/td>\n<\/tr>\n<\/tbody>\n<\/table>\n<\/div>\n<\/div>\n<\/div>\n<\/div>\n<\/div>\n<\/div>\n<\/div>\n","protected":false},"excerpt":{"rendered":"<p>\u2022 Ultra nazik dizayn\u0131 say\u0259sind\u0259 minimum yer tutur<\/p>\n<p>\u2013 Yaln\u0131z 185 mm y\u00fcks\u0259klik x 500 mm d\u0259rinlik<\/p>\n<p>\u2022 0 v\u0259 ya 30Pa se\u00e7il\u0259 bil\u0259n xarici statik t\u0259zyiq<\/p>\n<p>\u2022 Drenaj qab\u0131<\/p>\n<p>&#8211; Asan s\u00f6k\u00fclm\u0259si<\/p>\n<p>\u2013 Drenaj x\u0259tl\u0259rini iki istiqam\u0259td\u0259 birl\u0259\u015fdirm\u0259k imkan\u0131<\/p>\n<p>\u2022 600 mm standart drenaj nasosu<\/p>\n<p>\u2022 Ota\u011f\u0131n estetikas\u0131n\u0131 pozmayan gizli qura\u015fd\u0131rma<\/p>\n<p>\u2022 \u00c7ox y\u00f6nl\u00fc montaj imkan\u0131<\/p>\n<p>\u2013 Hava alma kanal\u0131 olan v\u0259 ya olmayan<\/p>\n<p>\u2013 A\u015fa\u011f\u0131 v\u0259 ya arxa havan\u0131n emi\u015f istiqam\u0259ti<\/p>\n<p>\u2022 Simli idar\u0259etm\u0259 standart\u0131,<\/p>\n<p>simsiz idar\u0259etm\u0259 iste\u011fe ba\u011fl\u0131d\u0131r<\/p>\n<p>&nbsp;<\/p>\n<table width=\"267\">\n<tbody>\n<tr>\n<td width=\"135\">YVDVXH022WAR-GX<\/td>\n<td width=\"64\">2.2<\/td>\n<td width=\"68\">\u00a0\u00a0\u00a0\u00a0\u00a0\u00a0\u00a0 915 \u20be<\/td>\n<\/tr>\n<tr>\n<td>YVDVXH028WAR-GX<\/td>\n<td>2.8<\/td>\n<td>\u00a0\u00a0\u00a0\u00a0\u00a0\u00a0\u00a0 961 \u20be<\/td>\n<\/tr>\n<tr>\n<td>YVDVXH036WAR-GX<\/td>\n<td>3.6<\/td>\n<td>\u00a0\u00a0\u00a0\u00a0 1,023 \u20be<\/td>\n<\/tr>\n<tr>\n<td>YVDVXH045WAR-GX<\/td>\n<td>4.5<\/td>\n<td>\u00a0\u00a0\u00a0\u00a0 1,085 \u20be<\/td>\n<\/tr>\n<\/tbody>\n<\/table>\n","protected":false},"featured_media":25298,"template":"","meta":[],"product_brand":[],"product_cat":[1073,801],"product_tag":[],"class_list":{"0":"post-25303","1":"product","2":"type-product","3":"status-publish","4":"has-post-thumbnail","6":"product_cat-vrf-daxili-qurgu-vrv-az","7":"product_cat-air-conditioner-az","9":"first","10":"instock","11":"shipping-taxable","12":"product-type-simple"},"_links":{"self":[{"href":"https:\/\/airsystems.ge\/shop\/az\/wp-json\/wp\/v2\/product\/25303","targetHints":{"allow":["GET"]}}],"collection":[{"href":"https:\/\/airsystems.ge\/shop\/az\/wp-json\/wp\/v2\/product"}],"about":[{"href":"https:\/\/airsystems.ge\/shop\/az\/wp-json\/wp\/v2\/types\/product"}],"wp:featuredmedia":[{"embeddable":true,"href":"https:\/\/airsystems.ge\/shop\/az\/wp-json\/wp\/v2\/media\/25298"}],"wp:attachment":[{"href":"https:\/\/airsystems.ge\/shop\/az\/wp-json\/wp\/v2\/media?parent=25303"}],"wp:term":[{"taxonomy":"product_brand","embeddable":true,"href":"https:\/\/airsystems.ge\/shop\/az\/wp-json\/wp\/v2\/product_brand?post=25303"},{"taxonomy":"product_cat","embeddable":true,"href":"https:\/\/airsystems.ge\/shop\/az\/wp-json\/wp\/v2\/product_cat?post=25303"},{"taxonomy":"product_tag","embeddable":true,"href":"https:\/\/airsystems.ge\/shop\/az\/wp-json\/wp\/v2\/product_tag?post=25303"}],"curies":[{"name":"wp","href":"https:\/\/api.w.org\/{rel}","templated":true}]}}