{"id":25288,"date":"2025-03-11T14:43:59","date_gmt":"2025-03-11T10:43:59","guid":{"rendered":"https:\/\/airsystems.ge\/shop\/product\/vrf-vrv-fan-coil-slim-low-static-pressure-ducted-indoor-unit-2-8-kw-to-5-6-kw-yv3vxh028war-gx-yv3vxh036war-gx-yv3vxh045war-gx-yv3vxh056war-gx-york\/"},"modified":"2025-03-11T14:58:08","modified_gmt":"2025-03-11T10:58:08","slug":"vrf-vrv-fan-coil-slim-low-static-pressure-ducted-indoor-unit-2-8-kw-to-5-6-kw-yv3vxh028war-gx-yv3vxh036war-gx-yv3vxh045war-gx-yv3vxh056war-gx-york","status":"publish","type":"product","link":"https:\/\/airsystems.ge\/shop\/az\/product\/vrf-vrv-fan-coil-slim-low-static-pressure-ducted-indoor-unit-2-8-kw-to-5-6-kw-yv3vxh028war-gx-yv3vxh036war-gx-yv3vxh045war-gx-yv3vxh056war-gx-york\/","title":{"rendered":"VRF VRV Fan coil \u0130nc\u0259 A\u015fa\u011f\u0131 Statik T\u0259zyiqli Kanall\u0131 Daxili Qur\u011fu 2,8 kVt-dan 5.6 kV-a q\u0259d\u0259r YV3VXH028WAR-GX YV3VXH036WAR-GX YV3VXH045WAR-GX YV3VXH056WAR-GX YORK"},"content":{"rendered":"<table width=\"267\">\n<tbody>\n<tr>\n<td width=\"135\">YV3VXH028WAR-GX<\/td>\n<td width=\"64\">2.8<\/td>\n<td width=\"68\">\u00a0\u00a0\u00a0\u00a0 1,039 \u20be<\/td>\n<\/tr>\n<tr>\n<td>YV3VXH036WAR-GX<\/td>\n<td>3.6<\/td>\n<td>\u00a0\u00a0\u00a0\u00a0 1,085 \u20be<\/td>\n<\/tr>\n<tr>\n<td>YV3VXH045WAR-GX<\/td>\n<td>4.5<\/td>\n<td>\u00a0\u00a0\u00a0\u00a0 1,271 \u20be<\/td>\n<\/tr>\n<tr>\n<td>YV3VXH056WAR-GX<\/td>\n<td>5.6<\/td>\n<td>\u00a0\u00a0\u00a0\u00a0 1,302 \u20be<\/td>\n<\/tr>\n<\/tbody>\n<\/table>\n","protected":false},"excerpt":{"rendered":"<p>\u2022 Ultra nazik dizayn qura\u015fd\u0131rma \u00fc\u00e7\u00fcn minimum yer t\u0259l\u0259b edir \u2013 Yaln\u0131z 185 mm h\u00fcnd\u00fcrl\u00fck x 500 mm d\u0259rinlik<br \/>\n\u2022 0 v\u0259 ya 30Pa se\u00e7il\u0259 bil\u0259n xarici statik t\u0259zyiq<br \/>\n\u2022 Drenaj qab\u0131n\u0131 y\u0131xmaq \u2013 Asan s\u00f6km\u0259k \u2013 Drenaj qab\u0131n\u0131n istiqam\u0259tini d\u0259yi\u015fdirm\u0259kl\u0259 iki t\u0259r\u0259fli drenaj m\u00f6vcuddur<br \/>\n\u2022 Daxili y\u00fcks\u0259k ba\u015fl\u0131ql\u0131 600 mm drenaj nasosu<br \/>\n\u2022 Gizli qura\u015fd\u0131rma ota\u011f\u0131n estetikas\u0131na t\u0259sir g\u00f6st\u0259rmir<br \/>\n\u2022 \u00c7ox rejimli qura\u015fd\u0131rma \u2013 Hava qaytarma kanal\u0131 il\u0259 v\u0259 ya olmadan \u2013 A\u015fa\u011f\u0131 v\u0259 ya arxa hava qaytar\u0131lmas\u0131<br \/>\n\u2022 Simli n\u0259zar\u0259t\u00e7i standart t\u0259klifdir, simsiz n\u0259zar\u0259t\u00e7i is\u0259 iste\u011fe ba\u011fl\u0131d\u0131r<\/p>\n","protected":false},"featured_media":25283,"template":"","meta":[],"product_brand":[],"product_cat":[1073,801],"product_tag":[],"class_list":{"0":"post-25288","1":"product","2":"type-product","3":"status-publish","4":"has-post-thumbnail","6":"product_cat-vrf-daxili-qurgu-vrv-az","7":"product_cat-air-conditioner-az","9":"first","10":"instock","11":"shipping-taxable","12":"product-type-simple"},"_links":{"self":[{"href":"https:\/\/airsystems.ge\/shop\/az\/wp-json\/wp\/v2\/product\/25288","targetHints":{"allow":["GET"]}}],"collection":[{"href":"https:\/\/airsystems.ge\/shop\/az\/wp-json\/wp\/v2\/product"}],"about":[{"href":"https:\/\/airsystems.ge\/shop\/az\/wp-json\/wp\/v2\/types\/product"}],"wp:featuredmedia":[{"embeddable":true,"href":"https:\/\/airsystems.ge\/shop\/az\/wp-json\/wp\/v2\/media\/25283"}],"wp:attachment":[{"href":"https:\/\/airsystems.ge\/shop\/az\/wp-json\/wp\/v2\/media?parent=25288"}],"wp:term":[{"taxonomy":"product_brand","embeddable":true,"href":"https:\/\/airsystems.ge\/shop\/az\/wp-json\/wp\/v2\/product_brand?post=25288"},{"taxonomy":"product_cat","embeddable":true,"href":"https:\/\/airsystems.ge\/shop\/az\/wp-json\/wp\/v2\/product_cat?post=25288"},{"taxonomy":"product_tag","embeddable":true,"href":"https:\/\/airsystems.ge\/shop\/az\/wp-json\/wp\/v2\/product_tag?post=25288"}],"curies":[{"name":"wp","href":"https:\/\/api.w.org\/{rel}","templated":true}]}}