{"id":25240,"date":"2025-03-11T13:05:09","date_gmt":"2025-03-11T09:05:09","guid":{"rendered":"https:\/\/airsystems.ge\/shop\/product\/vrf-vrv-fan-coil-wall-mounted-indoor-unit-3-6kw-to-7-1kw-york-yvbvxh036war-gx-yvbvxh045war-gx-yvbvxh056war-gx-yvbvxh071war-gx\/"},"modified":"2025-03-11T13:15:02","modified_gmt":"2025-03-11T09:15:02","slug":"vrf-vrv-fan-coil-wall-mounted-indoor-unit-3-6kw-to-7-1kw-york-yvbvxh036war-gx-yvbvxh045war-gx-yvbvxh056war-gx-yvbvxh071war-gx","status":"publish","type":"product","link":"https:\/\/airsystems.ge\/shop\/az\/product\/vrf-vrv-fan-coil-wall-mounted-indoor-unit-3-6kw-to-7-1kw-york-yvbvxh036war-gx-yvbvxh045war-gx-yvbvxh056war-gx-yvbvxh071war-gx\/","title":{"rendered":"VRF VRV Fan coil Divara qura\u015fd\u0131r\u0131lm\u0131\u015f Kanal Tipi \u015eaquli Daxili Qur\u011fu 3,6kW &#8211; 7,1kW YORK YVBVXH036WAR-GX YVBVXH045WAR-GX YVBVXH056WAR-GX YVBVXH071WAR-GX"},"content":{"rendered":"<table width=\"267\">\n<tbody>\n<tr>\n<td width=\"135\">YVBVXH036WAR-GX<\/td>\n<td width=\"64\">3.6<\/td>\n<td width=\"68\">\u00a0 1,054.00 \u20be<\/td>\n<\/tr>\n<tr>\n<td>YVBVXH045WAR-GX<\/td>\n<td>4.5<\/td>\n<td>\u00a0 1,085.00 \u20be<\/td>\n<\/tr>\n<tr>\n<td>YVBVXH056WAR-GX<\/td>\n<td>5.6<\/td>\n<td>\u00a0 1,116.00 \u20be<\/td>\n<\/tr>\n<tr>\n<td>YVBVXH071WAR-GX<\/td>\n<td>7.1<\/td>\n<td>\u00a0 1,178.00 \u20be<\/td>\n<\/tr>\n<\/tbody>\n<\/table>\n","protected":false},"excerpt":{"rendered":"<p>Optimal rahatl\u0131q v\u0259 misilsiz s\u0259m\u0259r\u0259lilik t\u0259min ed\u0259n HVAC Sisteml\u0259ri.<\/p>\n","protected":false},"featured_media":25229,"template":"","meta":[],"product_brand":[],"product_cat":[1073,801],"product_tag":[],"class_list":{"0":"post-25240","1":"product","2":"type-product","3":"status-publish","4":"has-post-thumbnail","6":"product_cat-vrf-daxili-qurgu-vrv-az","7":"product_cat-air-conditioner-az","9":"first","10":"instock","11":"shipping-taxable","12":"product-type-simple"},"_links":{"self":[{"href":"https:\/\/airsystems.ge\/shop\/az\/wp-json\/wp\/v2\/product\/25240","targetHints":{"allow":["GET"]}}],"collection":[{"href":"https:\/\/airsystems.ge\/shop\/az\/wp-json\/wp\/v2\/product"}],"about":[{"href":"https:\/\/airsystems.ge\/shop\/az\/wp-json\/wp\/v2\/types\/product"}],"wp:featuredmedia":[{"embeddable":true,"href":"https:\/\/airsystems.ge\/shop\/az\/wp-json\/wp\/v2\/media\/25229"}],"wp:attachment":[{"href":"https:\/\/airsystems.ge\/shop\/az\/wp-json\/wp\/v2\/media?parent=25240"}],"wp:term":[{"taxonomy":"product_brand","embeddable":true,"href":"https:\/\/airsystems.ge\/shop\/az\/wp-json\/wp\/v2\/product_brand?post=25240"},{"taxonomy":"product_cat","embeddable":true,"href":"https:\/\/airsystems.ge\/shop\/az\/wp-json\/wp\/v2\/product_cat?post=25240"},{"taxonomy":"product_tag","embeddable":true,"href":"https:\/\/airsystems.ge\/shop\/az\/wp-json\/wp\/v2\/product_tag?post=25240"}],"curies":[{"name":"wp","href":"https:\/\/api.w.org\/{rel}","templated":true}]}}