{"id":25087,"date":"2025-02-27T14:14:04","date_gmt":"2025-02-27T10:14:04","guid":{"rendered":"https:\/\/airsystems.ge\/shop\/product\/mini-vrf-outdoor-unit-28-kw-vrv-yv2syh028kas-york\/"},"modified":"2025-02-27T14:20:07","modified_gmt":"2025-02-27T10:20:07","slug":"mini-vrf-outdoor-unit-28-kw-vrv-yv2syh028kas-york","status":"publish","type":"product","link":"https:\/\/airsystems.ge\/shop\/az\/product\/mini-vrf-outdoor-unit-28-kw-vrv-yv2syh028kas-york\/","title":{"rendered":"Mini VRF Xarici Blok 28 kW VRV YV2SYH028KAS YORK"},"content":{"rendered":"","protected":false},"excerpt":{"rendered":"<p>\u2022 Artan i\u015f diapazonu il\u0259 b\u00f6y\u00fck kompressor tutumu (10% \u2013 100%)<br \/>\n\u2022 DC \u0130nverter Rotary Texnologiyas\u0131<br \/>\n\u2022 -5\u00b0C il\u0259 +43\u00b0C aras\u0131 soyutma DB (xarici temperatur)<br \/>\n\u2022 -15\u00b0C il\u0259 +18\u00b0C aras\u0131nda q\u0131zd\u0131rma WB (xarici temperatur)<br \/>\n\u2022 3,9 EER-\u0259 \u00e7atan y\u00fcks\u0259k s\u0259m\u0259r\u0259lilik<br \/>\n\u2022 \u018ftraf m\u00fchit\u0259 uy\u011fun soyuducu R-410A<br \/>\n\u2022 \u00c7evik v\u0259 s\u00fcr\u0259tli montaj<br \/>\n\u2022 Daha az yer tutma<br \/>\n\u2022 Frontal yuxar\u0131<br \/>\n\u2022 \u00c7evik daxili blok birl\u0259\u015fm\u0259si<br \/>\n\u2022 Sakit \u0259m\u0259liyyat<\/p>\n","protected":false},"featured_media":25082,"template":"","meta":[],"product_brand":[],"product_cat":[801,1067],"product_tag":[],"class_list":{"0":"post-25087","1":"product","2":"type-product","3":"status-publish","4":"has-post-thumbnail","6":"product_cat-air-conditioner-az","7":"product_cat-vrf-xarici-cihazlar-vrv-az","9":"first","10":"instock","11":"shipping-taxable","12":"purchasable","13":"product-type-simple"},"_links":{"self":[{"href":"https:\/\/airsystems.ge\/shop\/az\/wp-json\/wp\/v2\/product\/25087","targetHints":{"allow":["GET"]}}],"collection":[{"href":"https:\/\/airsystems.ge\/shop\/az\/wp-json\/wp\/v2\/product"}],"about":[{"href":"https:\/\/airsystems.ge\/shop\/az\/wp-json\/wp\/v2\/types\/product"}],"wp:featuredmedia":[{"embeddable":true,"href":"https:\/\/airsystems.ge\/shop\/az\/wp-json\/wp\/v2\/media\/25082"}],"wp:attachment":[{"href":"https:\/\/airsystems.ge\/shop\/az\/wp-json\/wp\/v2\/media?parent=25087"}],"wp:term":[{"taxonomy":"product_brand","embeddable":true,"href":"https:\/\/airsystems.ge\/shop\/az\/wp-json\/wp\/v2\/product_brand?post=25087"},{"taxonomy":"product_cat","embeddable":true,"href":"https:\/\/airsystems.ge\/shop\/az\/wp-json\/wp\/v2\/product_cat?post=25087"},{"taxonomy":"product_tag","embeddable":true,"href":"https:\/\/airsystems.ge\/shop\/az\/wp-json\/wp\/v2\/product_tag?post=25087"}],"curies":[{"name":"wp","href":"https:\/\/api.w.org\/{rel}","templated":true}]}}