{"id":25052,"date":"2025-02-27T13:26:28","date_gmt":"2025-02-27T09:26:28","guid":{"rendered":"https:\/\/airsystems.ge\/shop\/product\/mini-vrf-outdoor-unit-18-kw-vrv-yv2vyh018kas-york\/"},"modified":"2025-02-27T13:55:54","modified_gmt":"2025-02-27T09:55:54","slug":"mini-vrf-outdoor-unit-18-kw-vrv-yv2vyh018kas-york","status":"publish","type":"product","link":"https:\/\/airsystems.ge\/shop\/az\/product\/mini-vrf-outdoor-unit-18-kw-vrv-yv2vyh018kas-york\/","title":{"rendered":"Mini VRF Xarici Blok 18 kW VRV YV2VYH018KAS YORK"},"content":{"rendered":"","protected":false},"excerpt":{"rendered":"<p>Patentli ax\u0131n kanal\u0131 dizayn\u0131<br \/>\n\u2022M\u00fcasir fan dizayn\u0131, hava ax\u0131n\u0131 %17 v\u0259 s\u0259s-k\u00fcy\u00fc \u0259vv\u0259lki m\u0259hsula nisb\u0259t\u0259n 3dB azald\u0131r.<br \/>\n\u2022Fan, hava itkisini v\u0259 hava m\u00fcqavim\u0259tini azalda v\u0259 istilik m\u00fcbadil\u0259sinin s\u0259m\u0259r\u0259liliyini art\u0131ra bil\u0259r.<\/p>\n<p>Y\u00fcks\u0259k S\u0259m\u0259r\u0259li \u0130stilik d\u0259yi\u015fdiricisi<br \/>\nYeni \u00fc\u00e7 qatl\u0131 fin v\u0259 d\u00f6rd yollu istilik d\u0259yi\u015fdiricisi, istilik m\u00fcbadil\u0259si sah\u0259sini art\u0131r\u0131r, b\u00f6y\u00fck tutum t\u0259min edir.<\/p>\n<p>Gec\u0259l\u0259r A\u015fa\u011f\u0131 S\u0259s v\u0259 Sakit \u018fm\u0259liyyat<br \/>\nM\u00fcst\u0259qil mexaniki v\u0259 hava t\u0259chizat\u0131 otaqlar\u0131 y\u00fcks\u0259k effektiv s\u0259sbo\u011fucu il\u0259 birlikd\u0259 kompressor s\u0259s-k\u00fcy\u00fcn\u00fc xeyli azald\u0131r.<br \/>\nXarici blokda gec\u0259 sakit i\u015f rejimi, s\u0259s-k\u00fcy\u00fc 8 dB\/A-a q\u0259d\u0259r azalda bil\u0259r.<\/p>\n","protected":false},"featured_media":25022,"template":"","meta":[],"product_brand":[],"product_cat":[801,1067],"product_tag":[],"class_list":{"0":"post-25052","1":"product","2":"type-product","3":"status-publish","4":"has-post-thumbnail","6":"product_cat-air-conditioner-az","7":"product_cat-vrf-xarici-cihazlar-vrv-az","9":"first","10":"instock","11":"shipping-taxable","12":"purchasable","13":"product-type-simple"},"_links":{"self":[{"href":"https:\/\/airsystems.ge\/shop\/az\/wp-json\/wp\/v2\/product\/25052","targetHints":{"allow":["GET"]}}],"collection":[{"href":"https:\/\/airsystems.ge\/shop\/az\/wp-json\/wp\/v2\/product"}],"about":[{"href":"https:\/\/airsystems.ge\/shop\/az\/wp-json\/wp\/v2\/types\/product"}],"wp:featuredmedia":[{"embeddable":true,"href":"https:\/\/airsystems.ge\/shop\/az\/wp-json\/wp\/v2\/media\/25022"}],"wp:attachment":[{"href":"https:\/\/airsystems.ge\/shop\/az\/wp-json\/wp\/v2\/media?parent=25052"}],"wp:term":[{"taxonomy":"product_brand","embeddable":true,"href":"https:\/\/airsystems.ge\/shop\/az\/wp-json\/wp\/v2\/product_brand?post=25052"},{"taxonomy":"product_cat","embeddable":true,"href":"https:\/\/airsystems.ge\/shop\/az\/wp-json\/wp\/v2\/product_cat?post=25052"},{"taxonomy":"product_tag","embeddable":true,"href":"https:\/\/airsystems.ge\/shop\/az\/wp-json\/wp\/v2\/product_tag?post=25052"}],"curies":[{"name":"wp","href":"https:\/\/api.w.org\/{rel}","templated":true}]}}