{"id":24775,"date":"2024-01-24T22:29:14","date_gmt":"2024-01-24T18:29:14","guid":{"rendered":"https:\/\/airsystems.ge\/shop\/product\/dantherm-cdp-85-ducted-swimming-pool-and-commercial-dehumidifiers\/"},"modified":"2025-02-25T17:09:00","modified_gmt":"2025-02-25T13:09:00","slug":"dantherm-cdp-85-ducted-swimming-pool-and-commercial-dehumidifiers","status":"publish","type":"product","link":"https:\/\/airsystems.ge\/shop\/az\/product\/dantherm-cdp-85-ducted-swimming-pool-and-commercial-dehumidifiers\/","title":{"rendered":"Dantherm CDP 85 \u2013 kanall\u0131 \u00fczg\u00fc\u00e7\u00fcl\u00fck hovuzu v\u0259 kommersiya n\u0259ml\u0259ndiricil\u0259ri"},"content":{"rendered":"<div class=\"md:text-center\">\n<h3 class=\"text-black font-bold text-lg md:text-xl lg:text-2xl\"><strong>Product specifications<\/strong><\/h3>\n<\/div>\n<div class=\" md:mt-10\">\n<div class=\"\">\n<div class=\"lg:mt-0 \">\n<div id=\"spec-cdp-85\" class=\"prose max-w-full md:overflow-auto\" data-spec-content=\"\">\n<div class=\"spreadsheet-container hidden md:block\">\n<table class=\"w-full table-fixed mb-0\">\n<thead>\n<tr>\n<th class=\"font-bold text-base\"><span class=\"block px-4\">Specifications<\/span><\/th>\n<th class=\"font-bold text-base text-center\"><span class=\"block px-10 md:px-20\">Units<\/span><\/th>\n<th class=\"font-bold text-base text-center will-change\"><span class=\"block px-4\">CDP\u00a085<\/span><\/th>\n<\/tr>\n<\/thead>\n<tbody>\n<tr class=\"bg-grey-200\/50 p-2\">\n<td colspan=\"1\"><span class=\"block px-4\">Operating temperature range<\/span><\/td>\n<td class=\"text-center\">\n<div class=\"px-10 md:px-20 flex items-center justify-center\">\u00b0C<\/div>\n<\/td>\n<td class=\"text-center will-change\">\n<div class=\"px-10 md:px-20 flex items-center justify-center\">15-38<\/div>\n<\/td>\n<\/tr>\n<tr class=\" p-2\">\n<td colspan=\"1\"><span class=\"block px-4\">Operating humidity range<\/span><\/td>\n<td class=\"text-center\">\n<div class=\"px-10 md:px-20 flex items-center justify-center\">% RH<\/div>\n<\/td>\n<td class=\"text-center will-change\">\n<div class=\"px-10 md:px-20 flex items-center justify-center\">40-95<\/div>\n<\/td>\n<\/tr>\n<tr class=\"bg-grey-200\/50 p-2\">\n<td colspan=\"1\"><span class=\"block px-4\">Air flow, nominal<\/span><\/td>\n<td class=\"text-center\">\n<div class=\"px-10 md:px-20 flex items-center justify-center\">m\u00b3\/h<\/div>\n<\/td>\n<td class=\"text-center will-change\">\n<div class=\"px-10 md:px-20 flex items-center justify-center\">1,500<\/div>\n<\/td>\n<\/tr>\n<tr class=\" p-2\">\n<td colspan=\"1\"><span class=\"block px-4\">Air flow, range<\/span><\/td>\n<td class=\"text-center\">\n<div class=\"px-10 md:px-20 flex items-center justify-center\">m\u00b3\/h<\/div>\n<\/td>\n<td class=\"text-center will-change\">\n<div class=\"px-10 md:px-20 flex items-center justify-center\">550-1,500<\/div>\n<\/td>\n<\/tr>\n<tr class=\"bg-grey-200\/50 p-2\">\n<td colspan=\"1\"><span class=\"block px-4\">Dehumidification capacity @ 30\u00b0C\/60% RH<\/span><\/td>\n<td class=\"text-center\">\n<div class=\"px-10 md:px-20 flex items-center justify-center\">l\/24h<\/div>\n<\/td>\n<td class=\"text-center will-change\">\n<div class=\"px-10 md:px-20 flex items-center justify-center\">88<\/div>\n<\/td>\n<\/tr>\n<tr class=\" p-2\">\n<td colspan=\"1\"><span class=\"block px-4\">Dehumidification capacity @ 20\u00b0C\/60% RH<\/span><\/td>\n<td class=\"text-center\">\n<div class=\"px-10 md:px-20 flex items-center justify-center\">l\/24h<\/div>\n<\/td>\n<td class=\"text-center will-change\">\n<div class=\"px-10 md:px-20 flex items-center justify-center\">56<\/div>\n<\/td>\n<\/tr>\n<tr class=\"bg-grey-200\/50 p-2\">\n<td colspan=\"1\"><span class=\"block px-4\">Dehumidification capacity @ 30\u00b0C\/60% RH<\/span><\/td>\n<td class=\"text-center\">\n<div class=\"px-10 md:px-20 flex items-center justify-center\">l\/24h<\/div>\n<\/td>\n<td class=\"text-center will-change\">\n<div class=\"px-10 md:px-20 flex items-center justify-center\">\n<p>126 (15% outdoor air w\/9,0 g\/kg)<\/p>\n<div data-mount=\"ToolTip\" data-text=\"15% outdoor air w\/ 9,0 g\/kg\">\n<div class=\"ml-2 appearance-none hover:opacity-75\" role=\"button\"><\/div>\n<\/div>\n<\/div>\n<\/td>\n<\/tr>\n<tr class=\" p-2\">\n<td colspan=\"1\"><span class=\"block px-4\">Specific Energy Consumption (SEC)<\/span><\/td>\n<td class=\"text-center\">\n<div class=\"px-10 md:px-20 flex items-center justify-center\">kWh\/l<\/div>\n<\/td>\n<td class=\"text-center will-change\">\n<div class=\"px-10 md:px-20 flex items-center justify-center\">\n<p>0.38 (30\u00b0C\/60% RH @ nominal airflow)<\/p>\n<div data-mount=\"ToolTip\" data-text=\"30\u00b0C\/60% RH @ nominal airflow\">\n<div class=\"ml-2 appearance-none hover:opacity-75\" role=\"button\"><\/div>\n<\/div>\n<\/div>\n<\/td>\n<\/tr>\n<tr class=\"bg-grey-200\/50 p-2\">\n<td colspan=\"1\"><span class=\"block px-4\">Specific Energy Consumption (SEC)<\/span><\/td>\n<td class=\"text-center\">\n<div class=\"px-10 md:px-20 flex items-center justify-center\">kWh\/l<\/div>\n<\/td>\n<td class=\"text-center will-change\">\n<div class=\"px-10 md:px-20 flex items-center justify-center\">\n<p>0.58 (20\u00b0C\/60% RH @ nominal airflow)<\/p>\n<div data-mount=\"ToolTip\" data-text=\"20\u00b0C\/60% RH @ nominal airflow\">\n<div class=\"ml-2 appearance-none hover:opacity-75\" role=\"button\"><\/div>\n<\/div>\n<\/div>\n<\/td>\n<\/tr>\n<tr class=\" p-2\">\n<td colspan=\"1\"><span class=\"block px-4\">Max. external pressure loss<\/span><\/td>\n<td class=\"text-center\">\n<div class=\"px-10 md:px-20 flex items-center justify-center\">Pa<\/div>\n<\/td>\n<td class=\"text-center will-change\">\n<div class=\"px-10 md:px-20 flex items-center justify-center\">300<\/div>\n<\/td>\n<\/tr>\n<tr class=\"bg-grey-200\/50 p-2\">\n<td colspan=\"1\"><span class=\"block px-4\">R454C gas weight\/CO\u2082 equivalent<\/span><\/td>\n<td class=\"text-center\">\n<div class=\"px-10 md:px-20 flex items-center justify-center\">kg\/t<\/div>\n<\/td>\n<td class=\"text-center will-change\">\n<div class=\"px-10 md:px-20 flex items-center justify-center\">1.2\/0.18<\/div>\n<\/td>\n<\/tr>\n<tr class=\" p-2\">\n<td colspan=\"1\"><span class=\"block px-4\">Power supply<\/span><\/td>\n<td class=\"text-center\">\n<div class=\"px-10 md:px-20 flex items-center justify-center\">V\/Hz<\/div>\n<\/td>\n<td class=\"text-center will-change\">\n<div class=\"px-10 md:px-20 flex items-center justify-center\">230\/1ph\/50<\/div>\n<\/td>\n<\/tr>\n<tr class=\"bg-grey-200\/50 p-2\">\n<td colspan=\"1\"><span class=\"block px-4\">Power consumption, nominal air flow<\/span><\/td>\n<td class=\"text-center\">\n<div class=\"px-10 md:px-20 flex items-center justify-center\">kW<\/div>\n<\/td>\n<td class=\"text-center will-change\">\n<div class=\"px-10 md:px-20 flex items-center justify-center\">1.9<\/div>\n<\/td>\n<\/tr>\n<tr class=\" p-2\">\n<td colspan=\"1\"><span class=\"block px-4\">Current, max.<\/span><\/td>\n<td class=\"text-center\">\n<div class=\"px-10 md:px-20 flex items-center justify-center\">A<\/div>\n<\/td>\n<td class=\"text-center will-change\">\n<div class=\"px-10 md:px-20 flex items-center justify-center\">8.8<\/div>\n<\/td>\n<\/tr>\n<tr class=\"bg-grey-200\/50 p-2\">\n<td colspan=\"1\"><span class=\"block px-4\">@ 20\u00b0C\/60%<\/span><\/td>\n<td class=\"text-center\">\n<div class=\"px-10 md:px-20 flex items-center justify-center\">kW<\/div>\n<\/td>\n<td class=\"text-center will-change\">\n<div class=\"px-10 md:px-20 flex items-center justify-center\">1.3<\/div>\n<\/td>\n<\/tr>\n<tr class=\" p-2\">\n<td colspan=\"1\"><span class=\"block px-4\">@ 30\u00b0C\/60%<\/span><\/td>\n<td class=\"text-center\">\n<div class=\"px-10 md:px-20 flex items-center justify-center\">kW<\/div>\n<\/td>\n<td class=\"text-center will-change\">\n<div class=\"px-10 md:px-20 flex items-center justify-center\">1.4<\/div>\n<\/td>\n<\/tr>\n<tr class=\"bg-grey-200\/50 p-2\">\n<td colspan=\"1\"><span class=\"block px-4\">Maximum<\/span><\/td>\n<td class=\"text-center\">\n<div class=\"px-10 md:px-20 flex items-center justify-center\">kW<\/div>\n<\/td>\n<td class=\"text-center will-change\">\n<div class=\"px-10 md:px-20 flex items-center justify-center\">1.9<\/div>\n<\/td>\n<\/tr>\n<tr class=\" p-2\">\n<td colspan=\"1\"><span class=\"block px-4\">Product size (w x d x h)<\/span><\/td>\n<td class=\"text-center\">\n<div class=\"px-10 md:px-20 flex items-center justify-center\">mm<\/div>\n<\/td>\n<td class=\"text-center will-change\">\n<div class=\"px-10 md:px-20 flex items-center justify-center\">1155 x 725 x 650<\/div>\n<\/td>\n<\/tr>\n<tr class=\"bg-grey-200\/50 p-2\">\n<td colspan=\"1\"><span class=\"block px-4\">Weight (w\/o water-cooled condenser)<\/span><\/td>\n<td class=\"text-center\">\n<div class=\"px-10 md:px-20 flex items-center justify-center\">kg<\/div>\n<\/td>\n<td class=\"text-center will-change\">\n<div class=\"px-10 md:px-20 flex items-center justify-center\">140<\/div>\n<\/td>\n<\/tr>\n<tr class=\" p-2\">\n<td colspan=\"1\"><span class=\"block px-4\">Colour<\/span><\/td>\n<td class=\"text-center\">\n<div class=\"px-10 md:px-20 flex items-center justify-center\"><\/div>\n<\/td>\n<td class=\"text-center will-change\">\n<div class=\"px-10 md:px-20 flex items-center justify-center\">RAL 9016<\/div>\n<\/td>\n<\/tr>\n<\/tbody>\n<\/table>\n<\/div>\n<\/div>\n<\/div>\n<\/div>\n<\/div>\n","protected":false},"excerpt":{"rendered":"<p>Y\u00fcks\u0259k tutumlu kanall\u0131 \u00fczg\u00fc\u00e7\u00fcl\u00fck hovuzu v\u0259 ticar\u0259t n\u0259ml\u0259ndiricil\u0259ri<\/p>\n<p>CDP 175 kanall\u0131 kondensasiya n\u0259ml\u0259ndiricil\u0259ri x\u00fcsusi olaraq mehmanxana, \u00f6z\u0259l v\u0259 m\u00fcalic\u0259 hovuzu zal\u0131 n\u0259minin t\u0259mizl\u0259nm\u0259si \u00fc\u00e7\u00fcn n\u0259z\u0259rd\u0259 tutulmu\u015fdur. Onlar h\u0259r kVt\/saata b\u00f6y\u00fck n\u0259m \u00e7\u0131xarma, y\u00fcks\u0259k davaml\u0131l\u0131q v\u0259 s\u0259m\u0259r\u0259li \u00f6z\u00fcn\u00fct\u0259nziml\u0259m\u0259 t\u0259klif edir. Onlar biti\u015fik texniki otaqda qura\u015fd\u0131rmaq \u00fc\u00e7\u00fcn ideald\u0131r.<\/p>\n<p>B\u00fct\u00fcn metal hiss\u0259l\u0259r v\u0259 daxili s\u0259thl\u0259r montajdan \u0259vv\u0259l toz boya il\u0259 \u00f6rt\u00fcl\u00fcr v\u0259 buxarland\u0131r\u0131c\u0131 v\u0259 kondensator rulonlar\u0131 epoksi \u00f6rt\u00fckl\u00fc al\u00fcminiumdan haz\u0131rlan\u0131r. Korroziyadan qorunma EN\/ISO 12944-2, C4 sinfin\u0259 uy\u011fundur.<\/p>\n<p>Bu diapazon Dantherm CC6 n\u0259zar\u0259t\u00e7i il\u0259 t\u0259chiz olunub, o, t\u0259yin n\u00f6qt\u0259l\u0259rinin istifad\u0259\u00e7i t\u0259r\u0259find\u0259n asan f\u0259rdil\u0259\u015fdirilm\u0259si v\u0259 \u0259m\u0259liyyat d\u0259yi\u015f\u0259nl\u0259rinin vizualla\u015fd\u0131r\u0131lmas\u0131 \u00fc\u00e7\u00fcn inteqrasiya olunmu\u015f 2,4 d\u00fcyml\u00fck sensor ekranla t\u0259chiz edilib.<\/p>\n<p>Dig\u0259r \u00fczg\u00fc\u00e7\u00fcl\u00fck hovuzu n\u0259ml\u0259ndiricil\u0259rin\u0259 bax\u0131n v\u0259 ya \u00e7oxsayl\u0131 t\u0259tbiql\u0259r \u00fc\u00e7\u00fcn uy\u011fun olan kommersiya v\u0259 s\u0259naye n\u0259ml\u0259ndiricil\u0259rimizin tam \u00e7e\u015fidin\u0259 bax\u0131n.<\/p>\n<p>\u018fsas x\u00fcsusiyy\u0259tl\u0259r<br \/>\nEC m\u0259rk\u0259zd\u0259nqa\u00e7ma sabit ax\u0131n\u0131 fan\u0131<br \/>\n\u0130stifad\u0259\u00e7i a\u015fa\u011f\u0131 v\u0259 y\u00fcks\u0259k hava h\u0259cmini t\u0259yin etdi<br \/>\nGWP 148 olan R454C soyuducu<br \/>\nDa\u015f\u0131nan yoxlama giri\u015fi<br \/>\nKanal ba\u011flant\u0131s\u0131 vasit\u0259sil\u0259 xarici hava giri\u015fi imkan\u0131 (15%)<br \/>\nT\u0259chizat hava kanal\u0131n\u0131 ya \u00fcf\u00fcqi v\u0259 ya \u015faquli olaraq birl\u0259\u015fdirin<br \/>\nMikrokanall\u0131 kondensator<br \/>\nEgzoz fan\u0131n\u0131n v\u0259\/v\u0259 ya xarici hava damperinin inteqrasiya olunmu\u015f idar\u0259si<br \/>\n\u0130stilik v\u0259 soyutma t\u0259l\u0259binin t\u0259nziml\u0259nm\u0259si<br \/>\nVeril\u0259n microSD kart vasit\u0259sil\u0259 m\u0259lumatlar\u0131n qeyd edilm\u0259si v\u0259 proqram t\u0259minat\u0131n\u0131n yenil\u0259nm\u0259si<br \/>\nKompakt qur\u011fu ist\u0259nil\u0259n zavod ota\u011f\u0131n\u0131n konfiqurasiyas\u0131na uy\u011fun haz\u0131rlanm\u0131\u015fd\u0131r<br \/>\n45 mm izolyasiyal\u0131 sendvi\u00e7 \u00f6rt\u00fck panell\u0259ri<br \/>\nOpsiyonel su il\u0259 soyudulan kondensator<br \/>\n\u00dc\u00e7 t\u0259yin edilmi\u015f n\u00f6qt\u0259 t\u0259yin edilmi\u015f idar\u0259etm\u0259 rejimi &#8211; nisbi, m\u00fctl\u0259q v\u0259 ya \u015feh n\u00f6qt\u0259si<br \/>\nModbus RTU (RS485)<\/p>\n","protected":false},"featured_media":24770,"template":"","meta":[],"product_brand":[],"product_cat":[809,861],"product_tag":[],"class_list":{"0":"post-24775","1":"product","2":"type-product","3":"status-publish","4":"has-post-thumbnail","6":"product_cat-hava-nmlndiricisi-kondisioner-az-ventilyasiya-ventilyator","7":"product_cat-nmlndiricilr-nmlndirici-hava","9":"first","10":"instock","11":"shipping-taxable","12":"purchasable","13":"product-type-simple"},"_links":{"self":[{"href":"https:\/\/airsystems.ge\/shop\/az\/wp-json\/wp\/v2\/product\/24775","targetHints":{"allow":["GET"]}}],"collection":[{"href":"https:\/\/airsystems.ge\/shop\/az\/wp-json\/wp\/v2\/product"}],"about":[{"href":"https:\/\/airsystems.ge\/shop\/az\/wp-json\/wp\/v2\/types\/product"}],"wp:featuredmedia":[{"embeddable":true,"href":"https:\/\/airsystems.ge\/shop\/az\/wp-json\/wp\/v2\/media\/24770"}],"wp:attachment":[{"href":"https:\/\/airsystems.ge\/shop\/az\/wp-json\/wp\/v2\/media?parent=24775"}],"wp:term":[{"taxonomy":"product_brand","embeddable":true,"href":"https:\/\/airsystems.ge\/shop\/az\/wp-json\/wp\/v2\/product_brand?post=24775"},{"taxonomy":"product_cat","embeddable":true,"href":"https:\/\/airsystems.ge\/shop\/az\/wp-json\/wp\/v2\/product_cat?post=24775"},{"taxonomy":"product_tag","embeddable":true,"href":"https:\/\/airsystems.ge\/shop\/az\/wp-json\/wp\/v2\/product_tag?post=24775"}],"curies":[{"name":"wp","href":"https:\/\/api.w.org\/{rel}","templated":true}]}}