{"id":24693,"date":"2024-01-28T20:30:06","date_gmt":"2024-01-28T16:30:06","guid":{"rendered":"https:\/\/airsystems.ge\/shop\/product\/dantherm-ac-m11-tent-cooler\/"},"modified":"2025-02-24T16:16:26","modified_gmt":"2025-02-24T12:16:26","slug":"dantherm-ac-m11-tent-cooler","status":"publish","type":"product","link":"https:\/\/airsystems.ge\/shop\/az\/product\/dantherm-ac-m11-tent-cooler\/","title":{"rendered":"Dantherm AC-M11 \u2013 \u00e7ad\u0131r soyuducusu"},"content":{"rendered":"<div class=\"md:text-center\">\n<h3 class=\"text-black font-bold text-lg md:text-xl lg:text-2xl\"><strong>Product specifications<\/strong><\/h3>\n<\/div>\n<div class=\" md:mt-10\">\n<div class=\"\">\n<div class=\"lg:mt-0 \">\n<div id=\"spec-ac-m11\" class=\"prose max-w-full md:overflow-auto\" data-spec-content=\"\">\n<div class=\"spreadsheet-container hidden md:block\">\n<table class=\"w-full table-fixed mb-0\">\n<thead>\n<tr>\n<th class=\"font-bold text-base\"><span class=\"block px-4\">Specifications<\/span><\/th>\n<th class=\"font-bold text-base text-center\"><span class=\"block px-10 md:px-20\">Units<\/span><\/th>\n<th class=\"font-bold text-base text-center will-change\"><span class=\"block px-4\">AC-M11<\/span><\/th>\n<\/tr>\n<\/thead>\n<tbody>\n<tr class=\"bg-grey-200\/50 p-2\">\n<td colspan=\"1\"><span class=\"block px-4\">Registered NSN number<\/span><\/td>\n<td class=\"text-center\">\n<div class=\"px-10 md:px-20 flex items-center justify-center\"><\/div>\n<\/td>\n<td class=\"text-center will-change\">\n<div class=\"px-10 md:px-20 flex items-center justify-center\">Yes<\/div>\n<\/td>\n<\/tr>\n<tr class=\" p-2\">\n<td colspan=\"1\"><span class=\"block px-4\">Operating temperature range, cooling<\/span><\/td>\n<td class=\"text-center\">\n<div class=\"px-10 md:px-20 flex items-center justify-center\">\u00b0C<\/div>\n<\/td>\n<td class=\"text-center will-change\">\n<div class=\"px-10 md:px-20 flex items-center justify-center\">+20 \u2013 +60<\/div>\n<\/td>\n<\/tr>\n<tr class=\"bg-grey-200\/50 p-2\">\n<td colspan=\"1\"><span class=\"block px-4\">Operating temperature range, heating<\/span><\/td>\n<td class=\"text-center\">\n<div class=\"px-10 md:px-20 flex items-center justify-center\">\u00b0C<\/div>\n<\/td>\n<td class=\"text-center will-change\">\n<div class=\"px-10 md:px-20 flex items-center justify-center\">-32 \u2013 +20<\/div>\n<\/td>\n<\/tr>\n<tr class=\" p-2\">\n<td colspan=\"1\"><span class=\"block px-4\">Air flow<\/span><\/td>\n<td class=\"text-center\">\n<div class=\"px-10 md:px-20 flex items-center justify-center\">m\u00b3\/h<\/div>\n<\/td>\n<td class=\"text-center will-change\">\n<div class=\"px-10 md:px-20 flex items-center justify-center\">1,700<\/div>\n<\/td>\n<\/tr>\n<tr class=\"bg-grey-200\/50 p-2\">\n<td colspan=\"1\"><span class=\"block px-4\">Sound level @ 1m<\/span><\/td>\n<td class=\"text-center\">\n<div class=\"px-10 md:px-20 flex items-center justify-center\">dB(A)<\/div>\n<\/td>\n<td class=\"text-center will-change\">\n<div class=\"px-10 md:px-20 flex items-center justify-center\">55<\/div>\n<\/td>\n<\/tr>\n<tr class=\" p-2\">\n<td colspan=\"1\"><span class=\"block px-4\">Protection class<\/span><\/td>\n<td class=\"text-center\">\n<div class=\"px-10 md:px-20 flex items-center justify-center\"><\/div>\n<\/td>\n<td class=\"text-center will-change\">\n<div class=\"px-10 md:px-20 flex items-center justify-center\">IPX5<\/div>\n<\/td>\n<\/tr>\n<tr class=\"bg-grey-200\/50 p-2\">\n<td colspan=\"1\"><span class=\"block px-4\">Refrigerant<\/span><\/td>\n<td class=\"text-center\">\n<div class=\"px-10 md:px-20 flex items-center justify-center\">Type\/kg<\/div>\n<\/td>\n<td class=\"text-center will-change\">\n<div class=\"px-10 md:px-20 flex items-center justify-center\">R134a\/2.0<\/div>\n<\/td>\n<\/tr>\n<tr class=\" p-2\">\n<td colspan=\"1\"><span class=\"block px-4\">Nominal cooling capacity<\/span><\/td>\n<td class=\"text-center\">\n<div class=\"px-10 md:px-20 flex items-center justify-center\">kW<\/div>\n<\/td>\n<td class=\"text-center will-change\">\n<div class=\"px-10 md:px-20 flex items-center justify-center\">11<\/div>\n<\/td>\n<\/tr>\n<tr class=\"bg-grey-200\/50 p-2\">\n<td colspan=\"1\"><span class=\"block px-4\">Heating capacity (optional)<\/span><\/td>\n<td class=\"text-center\">\n<div class=\"px-10 md:px-20 flex items-center justify-center\">kW<\/div>\n<\/td>\n<td class=\"text-center will-change\">\n<div class=\"px-10 md:px-20 flex items-center justify-center\">8<\/div>\n<\/td>\n<\/tr>\n<tr class=\" p-2\">\n<td colspan=\"1\"><span class=\"block px-4\">Power supply<\/span><\/td>\n<td class=\"text-center\">\n<div class=\"px-10 md:px-20 flex items-center justify-center\">V\/Hz<\/div>\n<\/td>\n<td class=\"text-center will-change\">\n<div class=\"px-10 md:px-20 flex items-center justify-center\">400\/3ph\/50<\/div>\n<\/td>\n<\/tr>\n<tr class=\"bg-grey-200\/50 p-2\">\n<td colspan=\"1\"><span class=\"block px-4\">Max. running current, cooling\/heating<\/span><\/td>\n<td class=\"text-center\">\n<div class=\"px-10 md:px-20 flex items-center justify-center\">A<\/div>\n<\/td>\n<td class=\"text-center will-change\">\n<div class=\"px-10 md:px-20 flex items-center justify-center\">15\/16<\/div>\n<\/td>\n<\/tr>\n<tr class=\" p-2\">\n<td colspan=\"1\"><span class=\"block px-4\">Locked rotor amperage (LRA)<\/span><\/td>\n<td class=\"text-center\">\n<div class=\"px-10 md:px-20 flex items-center justify-center\">A<\/div>\n<\/td>\n<td class=\"text-center will-change\">\n<div class=\"px-10 md:px-20 flex items-center justify-center\">65.5<\/div>\n<\/td>\n<\/tr>\n<tr class=\"bg-grey-200\/50 p-2\">\n<td colspan=\"1\"><span class=\"block px-4\">Max. power consumption cooling\/heating<\/span><\/td>\n<td class=\"text-center\">\n<div class=\"px-10 md:px-20 flex items-center justify-center\">W<\/div>\n<\/td>\n<td class=\"text-center will-change\">\n<div class=\"px-10 md:px-20 flex items-center justify-center\">4,200\/8,800<\/div>\n<\/td>\n<\/tr>\n<tr class=\" p-2\">\n<td colspan=\"1\"><span class=\"block px-4\">Hose connection<\/span><\/td>\n<td class=\"text-center\">\n<div class=\"px-10 md:px-20 flex items-center justify-center\">\u00d8mm<\/div>\n<\/td>\n<td class=\"text-center will-change\">\n<div class=\"px-10 md:px-20 flex items-center justify-center\">315<\/div>\n<\/td>\n<\/tr>\n<tr class=\"bg-grey-200\/50 p-2\">\n<td colspan=\"1\"><span class=\"block px-4\">Product size (h x l x w)<\/span><\/td>\n<td class=\"text-center\">\n<div class=\"px-10 md:px-20 flex items-center justify-center\">mm<\/div>\n<\/td>\n<td class=\"text-center will-change\">\n<div class=\"px-10 md:px-20 flex items-center justify-center\">735 x 1140 x 1140<\/div>\n<\/td>\n<\/tr>\n<tr class=\" p-2\">\n<td colspan=\"1\"><span class=\"block px-4\">Weight<\/span><\/td>\n<td class=\"text-center\">\n<div class=\"px-10 md:px-20 flex items-center justify-center\">kg<\/div>\n<\/td>\n<td class=\"text-center will-change\">\n<div class=\"px-10 md:px-20 flex items-center justify-center\">162<\/div>\n<\/td>\n<\/tr>\n<\/tbody>\n<\/table>\n<\/div>\n<\/div>\n<\/div>\n<\/div>\n<\/div>\n","protected":false},"excerpt":{"rendered":"<p>AC-M11 kondisioneri, \u0259sas\u0259n m\u00fcv\u0259qq\u0259ti v\u0259 ya da\u015f\u0131nan binalarda v\u0259 ya \u00e7ad\u0131rlarda kondisioner t\u0259min etm\u0259k \u00fc\u00e7\u00fcn haz\u0131rlanm\u0131\u015f portativ qur\u011fudur.<\/p>\n<p>AC-M11 s\u0259rt polad \u00e7\u0259r\u00e7iv\u0259y\u0259 qura\u015fd\u0131r\u0131lm\u0131\u015f ki\u00e7ik, y\u00fcng\u00fcl \u00e7\u0259kili al\u00fcminium qur\u011fudur. B\u00f6lm\u0259 kanall\u0131 t\u0259dar\u00fck v\u0259 geri hava il\u0259 k\u0259nar qura\u015fd\u0131rma \u00fc\u00e7\u00fcn n\u0259z\u0259rd\u0259 tutulmu\u015fdur.<\/p>\n<p>\u0130st\u0259nil\u0259n miqyasda b\u00fct\u00fcn t\u0259tbiq n\u00f6vl\u0259ri v\u0259 kommersiya m\u0259qs\u0259dl\u0259ri \u00fc\u00e7\u00fcn uy\u011fun olan hava soyutma qur\u011fular\u0131 v\u0259 \u00e7ad\u0131r soyuducular\u0131 \u00e7e\u015fidimiz\u0259 bax\u0131n.<\/p>\n<p>\u018fsas x\u00fcsusiyy\u0259tl\u0259r<br \/>\nStandart 20&#8243; ISO konteynerind\u0259n optimal istifad\u0259 \u00fc\u00e7\u00fcn n\u0259z\u0259rd\u0259 tutulmu\u015fdur<br \/>\nAC-M11, laz\u0131mi yerl\u0259rd\u0259 izolyasiya edilmi\u015f panell\u0259ri olan, toz boya il\u0259 \u00f6rt\u00fclm\u00fc\u015f g\u00fccl\u00fc metal \u00e7\u0259r\u00e7iv\u0259y\u0259 qura\u015fd\u0131r\u0131lm\u0131\u015fd\u0131r<br \/>\n\u00dcst r\u0259ngl\u0259m\u0259 standart qum r\u0259ngidir<br \/>\nDaxili istilik il\u0259 se\u00e7im \u0259traf m\u00fchitin temperaturu 20\u00b0C-d\u0259n a\u015fa\u011f\u0131 olduqda q\u0131zd\u0131r\u0131lacaq<br \/>\nY\u00fcks\u0259k d\u0259r\u0259c\u0259d\u0259 etibarl\u0131l\u0131q v\u0259 a\u015fa\u011f\u0131 s\u0259s-k\u00fcy s\u0259viyy\u0259si \u00fc\u00e7\u00fcn s\u00fcr\u00fc\u015fd\u00fcrm\u0259 kompressoru<br \/>\nAvtomatik faza n\u0259zar\u0259ti<br \/>\nVahidl\u0259rin ard\u0131c\u0131l ba\u015flamas\u0131 m\u00fcmk\u00fcnd\u00fcr<br \/>\nKompressorun uzun xidm\u0259t m\u00fcdd\u0259tini t\u0259min ed\u0259n HP\/LP pressostat a\u00e7arlar\u0131<br \/>\nT\u0259z\u0259 hava q\u0259bulu<br \/>\nD\u00f6rd t\u0259r\u0259fli \u00e7\u0259ng\u0259l qald\u0131r\u0131c\u0131 il\u0259 i\u015fl\u0259m\u0259<\/p>\n","protected":false},"featured_media":24670,"template":"","meta":[],"product_brand":[],"product_cat":[986,851,878,857,1182,845,817],"product_tag":[],"class_list":{"0":"post-24693","1":"product","2":"type-product","3":"status-publish","4":"has-post-thumbnail","6":"product_cat-air-cooling-az","7":"product_cat-air-cooling-dantherm-az","8":"product_cat-kondisioner-soyuducular-soyutma-biosoyuducu","9":"product_cat-cadir-soyuduculari-az","10":"product_cat-cadir-kondisioner-az-soyuduculari","11":"product_cat-kondisioner-dantherm-az","12":"product_cat-trotec-az","14":"first","15":"instock","16":"shipping-taxable","17":"product-type-simple"},"_links":{"self":[{"href":"https:\/\/airsystems.ge\/shop\/az\/wp-json\/wp\/v2\/product\/24693","targetHints":{"allow":["GET"]}}],"collection":[{"href":"https:\/\/airsystems.ge\/shop\/az\/wp-json\/wp\/v2\/product"}],"about":[{"href":"https:\/\/airsystems.ge\/shop\/az\/wp-json\/wp\/v2\/types\/product"}],"wp:featuredmedia":[{"embeddable":true,"href":"https:\/\/airsystems.ge\/shop\/az\/wp-json\/wp\/v2\/media\/24670"}],"wp:attachment":[{"href":"https:\/\/airsystems.ge\/shop\/az\/wp-json\/wp\/v2\/media?parent=24693"}],"wp:term":[{"taxonomy":"product_brand","embeddable":true,"href":"https:\/\/airsystems.ge\/shop\/az\/wp-json\/wp\/v2\/product_brand?post=24693"},{"taxonomy":"product_cat","embeddable":true,"href":"https:\/\/airsystems.ge\/shop\/az\/wp-json\/wp\/v2\/product_cat?post=24693"},{"taxonomy":"product_tag","embeddable":true,"href":"https:\/\/airsystems.ge\/shop\/az\/wp-json\/wp\/v2\/product_tag?post=24693"}],"curies":[{"name":"wp","href":"https:\/\/api.w.org\/{rel}","templated":true}]}}