{"id":24611,"date":"2025-02-24T00:45:38","date_gmt":"2025-02-23T20:45:38","guid":{"rendered":"https:\/\/airsystems.ge\/shop\/product\/acoustic-panels-with-perimetric-light-alphacoustic-perix\/"},"modified":"2025-02-24T00:46:25","modified_gmt":"2025-02-23T20:46:25","slug":"acoustic-panels-with-perimetric-light-alphacoustic-perix","status":"publish","type":"product","link":"https:\/\/airsystems.ge\/shop\/az\/product\/acoustic-panels-with-perimetric-light-alphacoustic-perix\/","title":{"rendered":"Perimetrik \u0130\u015f\u0131ql\u0131 Akustik Panell\u0259r ALPHAcoustic \u2013 Perix"},"content":{"rendered":"","protected":false},"excerpt":{"rendered":"<p>Dizayn\/Format D\u00fczbucaql\u0131\/Dair\u0259vi\/\u00c7oxbucaql\u0131<\/p>\n<p>ALPHAcoustic \u2013 Perix.Fos akustikan\u0131 i\u015f\u0131qland\u0131rma il\u0259 birl\u0259\u015fdir\u0259n yeni akustik panell\u0259r seriyas\u0131d\u0131r. Around m\u0259nas\u0131n\u0131 ver\u0259n yunanca &#8220;\u03a0\u03ad\u03c1\u03b9\u03be&#8221; s\u00f6z\u00fcnd\u0259n sonra adland\u0131r\u0131lan bu tavan qur\u011fular\u0131 m\u00fcasir v\u0259 i\u015f\u0131ql\u0131 m\u0259kan yaratmaq \u00fc\u00e7\u00fcn akustik panelin \u0259traf\u0131nda s\u0259rh\u0259d nax\u0131\u015f\u0131nda i\u015f\u0131q \u00e7\u0259r\u00e7iv\u0259sini ehtiva edir.<\/p>\n<p>Kateqoriya: \u0130\u015f\u0131ql\u0131 Akustik Panell\u0259r<\/p>\n","protected":false},"featured_media":24588,"template":"","meta":[],"product_brand":[],"product_cat":[804,931,954],"product_tag":[],"class_list":{"0":"post-24611","1":"product","2":"type-product","3":"status-publish","4":"has-post-thumbnail","6":"product_cat-akustika-ss-kuy-v-vibrasiyaya-nzart","7":"product_cat-architectural-acoustic-az","8":"product_cat-akustik-panellr-isiqli-az","10":"first","11":"instock","12":"shipping-taxable","13":"product-type-simple"},"_links":{"self":[{"href":"https:\/\/airsystems.ge\/shop\/az\/wp-json\/wp\/v2\/product\/24611","targetHints":{"allow":["GET"]}}],"collection":[{"href":"https:\/\/airsystems.ge\/shop\/az\/wp-json\/wp\/v2\/product"}],"about":[{"href":"https:\/\/airsystems.ge\/shop\/az\/wp-json\/wp\/v2\/types\/product"}],"wp:featuredmedia":[{"embeddable":true,"href":"https:\/\/airsystems.ge\/shop\/az\/wp-json\/wp\/v2\/media\/24588"}],"wp:attachment":[{"href":"https:\/\/airsystems.ge\/shop\/az\/wp-json\/wp\/v2\/media?parent=24611"}],"wp:term":[{"taxonomy":"product_brand","embeddable":true,"href":"https:\/\/airsystems.ge\/shop\/az\/wp-json\/wp\/v2\/product_brand?post=24611"},{"taxonomy":"product_cat","embeddable":true,"href":"https:\/\/airsystems.ge\/shop\/az\/wp-json\/wp\/v2\/product_cat?post=24611"},{"taxonomy":"product_tag","embeddable":true,"href":"https:\/\/airsystems.ge\/shop\/az\/wp-json\/wp\/v2\/product_tag?post=24611"}],"curies":[{"name":"wp","href":"https:\/\/api.w.org\/{rel}","templated":true}]}}