{"id":24549,"date":"2025-02-24T00:37:34","date_gmt":"2025-02-23T20:37:34","guid":{"rendered":"https:\/\/airsystems.ge\/shop\/product\/acoustic-baffles-with-light-alphacoustic-ab-fos\/"},"modified":"2025-02-24T00:41:36","modified_gmt":"2025-02-23T20:41:36","slug":"acoustic-baffles-with-light-alphacoustic-ab-fos","status":"publish","type":"product","link":"https:\/\/airsystems.ge\/shop\/az\/product\/acoustic-baffles-with-light-alphacoustic-ab-fos\/","title":{"rendered":"Y\u00fcng\u00fcl ALPHAcoustic il\u0259 akustik baffler \u2013 AB.Fos"},"content":{"rendered":"","protected":false},"excerpt":{"rendered":"<p>Dizayn\/Format D\u00fcz d\u00fczbucaql\u0131\/Sinusoidal<\/p>\n<p>ALPHAcoustic \u2013 AB.Fos Box d\u00fczbucaql\u0131 en k\u0259siyi olan i\u015f\u0131ql\u0131 \u015faquli s\u0259s uducu tavan p\u0259rd\u0259l\u0259ridir.<br \/>\nOnlar minimal, q\u0259na\u0259tcil xarakterli v\u0259 sad\u0259 Dorik \u00fcslublu t\u0259tbiql\u0259rd\u0259 se\u00e7ilir.<\/p>\n<p>M\u00fcvafiq akustik ara\u015fd\u0131rmaya g\u00f6r\u0259, onlar tavandan \u015faquli olaraq as\u0131l\u0131rlar.<\/p>\n<p>Kateqoriya: \u0130\u015f\u0131ql\u0131 Akustik Panell\u0259r<\/p>\n","protected":false},"featured_media":24514,"template":"","meta":[],"product_brand":[],"product_cat":[804,931,954],"product_tag":[],"class_list":{"0":"post-24549","1":"product","2":"type-product","3":"status-publish","4":"has-post-thumbnail","6":"product_cat-akustika-ss-kuy-v-vibrasiyaya-nzart","7":"product_cat-architectural-acoustic-az","8":"product_cat-akustik-panellr-isiqli-az","10":"first","11":"instock","12":"shipping-taxable","13":"product-type-simple"},"_links":{"self":[{"href":"https:\/\/airsystems.ge\/shop\/az\/wp-json\/wp\/v2\/product\/24549","targetHints":{"allow":["GET"]}}],"collection":[{"href":"https:\/\/airsystems.ge\/shop\/az\/wp-json\/wp\/v2\/product"}],"about":[{"href":"https:\/\/airsystems.ge\/shop\/az\/wp-json\/wp\/v2\/types\/product"}],"wp:featuredmedia":[{"embeddable":true,"href":"https:\/\/airsystems.ge\/shop\/az\/wp-json\/wp\/v2\/media\/24514"}],"wp:attachment":[{"href":"https:\/\/airsystems.ge\/shop\/az\/wp-json\/wp\/v2\/media?parent=24549"}],"wp:term":[{"taxonomy":"product_brand","embeddable":true,"href":"https:\/\/airsystems.ge\/shop\/az\/wp-json\/wp\/v2\/product_brand?post=24549"},{"taxonomy":"product_cat","embeddable":true,"href":"https:\/\/airsystems.ge\/shop\/az\/wp-json\/wp\/v2\/product_cat?post=24549"},{"taxonomy":"product_tag","embeddable":true,"href":"https:\/\/airsystems.ge\/shop\/az\/wp-json\/wp\/v2\/product_tag?post=24549"}],"curies":[{"name":"wp","href":"https:\/\/api.w.org\/{rel}","templated":true}]}}