{"id":24462,"date":"2025-02-24T00:25:31","date_gmt":"2025-02-23T20:25:31","guid":{"rendered":"https:\/\/airsystems.ge\/shop\/product\/luminous-acoustic-ceiling-alphacoustic-sky-fos\/"},"modified":"2025-02-24T00:28:00","modified_gmt":"2025-02-23T20:28:00","slug":"luminous-acoustic-ceiling-alphacoustic-sky-fos","status":"publish","type":"product","link":"https:\/\/airsystems.ge\/shop\/az\/product\/luminous-acoustic-ceiling-alphacoustic-sky-fos\/","title":{"rendered":"\u0130\u015f\u0131ql\u0131 akustik tavan ALPHAcoustic \u2013 Sky.Fos"},"content":{"rendered":"","protected":false},"excerpt":{"rendered":"<p>Dizayn\/Format D\u00fczbucaql\u0131\/\u00c7oxbucaql\u0131<\/p>\n<p>ALPHAcoustic \u2013 Sky.Fos akustikan\u0131 i\u015f\u0131qland\u0131rma il\u0259 birl\u0259\u015fdir\u0259n yeni akustik panell\u0259r seriyas\u0131d\u0131r. \u0130\u015f\u0131q m\u0259nas\u0131n\u0131 ver\u0259n yunanca &#8220;\u03a6\u03a9\u03a3&#8221; s\u00f6z\u00fcn\u00fcn \u015f\u0259r\u0259fin\u0259 adland\u0131r\u0131lan bu Akustik\/\u0130\u015f\u0131ql\u0131 tavan panell\u0259ri ya tavandan \u00fcf\u00fcqi \u015f\u0259kild\u0259 as\u0131la, ya da \u015faquli olaraq divara yap\u0131\u015fd\u0131r\u0131la bil\u0259r. Y\u00fcks\u0259k intensivliy\u0259 malik gizli LED-l\u0259r i\u015f\u0131\u011f\u0131 \u00f6n panelin par\u00e7a s\u0259thin\u0259 b\u0259rab\u0259r \u015f\u0259kild\u0259 yay\u0131r.<\/p>\n<p>Kateqoriya: \u0130\u015f\u0131ql\u0131 Akustik Panell\u0259r<\/p>\n","protected":false},"featured_media":24457,"template":"","meta":[],"product_brand":[],"product_cat":[804,931,954],"product_tag":[],"class_list":{"0":"post-24462","1":"product","2":"type-product","3":"status-publish","4":"has-post-thumbnail","6":"product_cat-akustika-ss-kuy-v-vibrasiyaya-nzart","7":"product_cat-architectural-acoustic-az","8":"product_cat-akustik-panellr-isiqli-az","10":"first","11":"instock","12":"shipping-taxable","13":"product-type-simple"},"_links":{"self":[{"href":"https:\/\/airsystems.ge\/shop\/az\/wp-json\/wp\/v2\/product\/24462","targetHints":{"allow":["GET"]}}],"collection":[{"href":"https:\/\/airsystems.ge\/shop\/az\/wp-json\/wp\/v2\/product"}],"about":[{"href":"https:\/\/airsystems.ge\/shop\/az\/wp-json\/wp\/v2\/types\/product"}],"wp:featuredmedia":[{"embeddable":true,"href":"https:\/\/airsystems.ge\/shop\/az\/wp-json\/wp\/v2\/media\/24457"}],"wp:attachment":[{"href":"https:\/\/airsystems.ge\/shop\/az\/wp-json\/wp\/v2\/media?parent=24462"}],"wp:term":[{"taxonomy":"product_brand","embeddable":true,"href":"https:\/\/airsystems.ge\/shop\/az\/wp-json\/wp\/v2\/product_brand?post=24462"},{"taxonomy":"product_cat","embeddable":true,"href":"https:\/\/airsystems.ge\/shop\/az\/wp-json\/wp\/v2\/product_cat?post=24462"},{"taxonomy":"product_tag","embeddable":true,"href":"https:\/\/airsystems.ge\/shop\/az\/wp-json\/wp\/v2\/product_tag?post=24462"}],"curies":[{"name":"wp","href":"https:\/\/api.w.org\/{rel}","templated":true}]}}