{"id":24426,"date":"2025-02-24T00:19:11","date_gmt":"2025-02-23T20:19:11","guid":{"rendered":"https:\/\/airsystems.ge\/shop\/product\/wooden-acoustic-panel-alphacoustic-%e2%80%90-wp\/"},"modified":"2025-02-24T00:20:18","modified_gmt":"2025-02-23T20:20:18","slug":"wooden-acoustic-panel-alphacoustic-%e2%80%90-wp","status":"publish","type":"product","link":"https:\/\/airsystems.ge\/shop\/az\/product\/wooden-acoustic-panel-alphacoustic-%e2%80%90-wp\/","title":{"rendered":"Taxta akustik panel ALPHAcoustic &#8211; WP"},"content":{"rendered":"","protected":false},"excerpt":{"rendered":"<p>ALPHA coustic-WP zal\u0131n akustikas\u0131n\u0131 yax\u015f\u0131la\u015fd\u0131ran v\u0259 h\u0259r bir ota\u011f\u0131n ist\u0259nil\u0259n memarl\u0131q t\u0259l\u0259bini \u00f6d\u0259m\u0259k \u00fc\u00e7\u00fcn m\u00fcxt\u0259lif kombinasiya formalar\u0131nda istifad\u0259 oluna bil\u0259n taxta s\u0259s uducu panell\u0259rdir.<\/p>\n<p>Kateqoriya: X\u00fcsusi Dizayn Akustik Panell\u0259r<\/p>\n","protected":false},"featured_media":24409,"template":"","meta":[],"product_brand":[],"product_cat":[804,931,948],"product_tag":[],"class_list":{"0":"post-24426","1":"product","2":"type-product","3":"status-publish","4":"has-post-thumbnail","6":"product_cat-akustika-ss-kuy-v-vibrasiyaya-nzart","7":"product_cat-architectural-acoustic-az","8":"product_cat-akustik-panellr-dizayn-az","10":"first","11":"instock","12":"shipping-taxable","13":"product-type-simple"},"_links":{"self":[{"href":"https:\/\/airsystems.ge\/shop\/az\/wp-json\/wp\/v2\/product\/24426","targetHints":{"allow":["GET"]}}],"collection":[{"href":"https:\/\/airsystems.ge\/shop\/az\/wp-json\/wp\/v2\/product"}],"about":[{"href":"https:\/\/airsystems.ge\/shop\/az\/wp-json\/wp\/v2\/types\/product"}],"wp:featuredmedia":[{"embeddable":true,"href":"https:\/\/airsystems.ge\/shop\/az\/wp-json\/wp\/v2\/media\/24409"}],"wp:attachment":[{"href":"https:\/\/airsystems.ge\/shop\/az\/wp-json\/wp\/v2\/media?parent=24426"}],"wp:term":[{"taxonomy":"product_brand","embeddable":true,"href":"https:\/\/airsystems.ge\/shop\/az\/wp-json\/wp\/v2\/product_brand?post=24426"},{"taxonomy":"product_cat","embeddable":true,"href":"https:\/\/airsystems.ge\/shop\/az\/wp-json\/wp\/v2\/product_cat?post=24426"},{"taxonomy":"product_tag","embeddable":true,"href":"https:\/\/airsystems.ge\/shop\/az\/wp-json\/wp\/v2\/product_tag?post=24426"}],"curies":[{"name":"wp","href":"https:\/\/api.w.org\/{rel}","templated":true}]}}