{"id":24318,"date":"2025-02-23T23:45:37","date_gmt":"2025-02-23T19:45:37","guid":{"rendered":"https:\/\/airsystems.ge\/shop\/product\/trapezoid-acoustic-panel-alphacoustic-urban\/"},"modified":"2025-02-23T23:47:51","modified_gmt":"2025-02-23T19:47:51","slug":"trapezoid-acoustic-panel-alphacoustic-urban","status":"publish","type":"product","link":"https:\/\/airsystems.ge\/shop\/az\/product\/trapezoid-acoustic-panel-alphacoustic-urban\/","title":{"rendered":"Trapezoid akustik panel ALPHAcoustic \u2013 URBAN"},"content":{"rendered":"","protected":false},"excerpt":{"rendered":"<div class=\"woocommerce-product-details__short-description\">\n<p>ALPHAcoustic \u2013 Urban, \u015e\u0259h\u0259r Dizayn Layih\u0259sind\u0259n ilhamlanm\u0131\u015f akustik paneldir. Panel tamamil\u0259 akustik \u015f\u0259ffaf par\u00e7a il\u0259 \u00f6rt\u00fclm\u00fc\u015fd\u00fcr.<br \/>\nALPHAcoustic \u2013 Urban sonsuz m\u00fcmk\u00fcn birl\u0259\u015fm\u0259l\u0259r yarada bil\u0259n yaln\u0131z iki f\u0259rqli panel dizayn\u0131ndan ibar\u0259tdir.<\/p>\n<p>O, narahatedici s\u0259s-k\u00fcy\u00fcn \u0259ks olunmas\u0131n\u0131, daxili akustikan\u0131n yax\u015f\u0131la\u015fd\u0131r\u0131lmas\u0131n\u0131, \u0259ks-s\u0259da do\u011furan s\u0259s-k\u00fcy\u00fcn azald\u0131lmas\u0131n\u0131 t\u0259klif edir,<br \/>\nist\u0259nil\u0259n daxili m\u0259kan\u0131n estetikas\u0131n\u0131 art\u0131rark\u0259n daha yax\u015f\u0131 akustik m\u00fchit t\u0259klif edir.<\/p>\n<p>Kateqoriya: X\u00fcsusi Dizayn Akustik Panell\u0259r<\/p>\n<\/div>\n","protected":false},"featured_media":24307,"template":"","meta":[],"product_brand":[],"product_cat":[804,931,948],"product_tag":[],"class_list":{"0":"post-24318","1":"product","2":"type-product","3":"status-publish","4":"has-post-thumbnail","6":"product_cat-akustika-ss-kuy-v-vibrasiyaya-nzart","7":"product_cat-architectural-acoustic-az","8":"product_cat-akustik-panellr-dizayn-az","10":"first","11":"instock","12":"shipping-taxable","13":"product-type-simple"},"_links":{"self":[{"href":"https:\/\/airsystems.ge\/shop\/az\/wp-json\/wp\/v2\/product\/24318","targetHints":{"allow":["GET"]}}],"collection":[{"href":"https:\/\/airsystems.ge\/shop\/az\/wp-json\/wp\/v2\/product"}],"about":[{"href":"https:\/\/airsystems.ge\/shop\/az\/wp-json\/wp\/v2\/types\/product"}],"wp:featuredmedia":[{"embeddable":true,"href":"https:\/\/airsystems.ge\/shop\/az\/wp-json\/wp\/v2\/media\/24307"}],"wp:attachment":[{"href":"https:\/\/airsystems.ge\/shop\/az\/wp-json\/wp\/v2\/media?parent=24318"}],"wp:term":[{"taxonomy":"product_brand","embeddable":true,"href":"https:\/\/airsystems.ge\/shop\/az\/wp-json\/wp\/v2\/product_brand?post=24318"},{"taxonomy":"product_cat","embeddable":true,"href":"https:\/\/airsystems.ge\/shop\/az\/wp-json\/wp\/v2\/product_cat?post=24318"},{"taxonomy":"product_tag","embeddable":true,"href":"https:\/\/airsystems.ge\/shop\/az\/wp-json\/wp\/v2\/product_tag?post=24318"}],"curies":[{"name":"wp","href":"https:\/\/api.w.org\/{rel}","templated":true}]}}