{"id":24298,"date":"2025-02-23T23:40:04","date_gmt":"2025-02-23T19:40:04","guid":{"rendered":"https:\/\/airsystems.ge\/shop\/product\/soundproofing-curtains-alphacoustic-acu-noise\/"},"modified":"2025-02-23T23:41:41","modified_gmt":"2025-02-23T19:41:41","slug":"soundproofing-curtains-alphacoustic-acu-noise","status":"publish","type":"product","link":"https:\/\/airsystems.ge\/shop\/az\/product\/soundproofing-curtains-alphacoustic-acu-noise\/","title":{"rendered":"S\u0259s izolyasiya ed\u0259n p\u0259rd\u0259l\u0259r ALPHAcoustic \u2013 ACu. S\u0259s-k\u00fcy"},"content":{"rendered":"","protected":false},"excerpt":{"rendered":"<div class=\"woocommerce-product-details__short-description\">\n<p>Akustik p\u0259rd\u0259l\u0259r \u00fcmumiyy\u0259tl\u0259 s\u0259s-k\u00fcy\u00fcn \u00f6t\u00fcr\u00fclm\u0259sini dayand\u0131rmaq \u00fc\u00e7\u00fcn istifad\u0259 edilmir. Buna baxmayaraq, b\u0259zi hallarda, diqq\u0259tl\u0259 planla\u015fd\u0131rma il\u0259, akustik p\u0259rd\u0259l\u0259r arzuolunmaz s\u0259s-k\u00fcy\u00fc udur v\u0259 \u0259ks etdir\u0259 bil\u0259r. Xarici \u00fcz par\u00e7alar\u0131 aras\u0131nda y\u00fcks\u0259k k\u00fctl\u0259li par\u00e7alar\/membran interpolasiyas\u0131 il\u0259 m\u0259qbul s\u0259s izolyasiya d\u0259y\u0259rl\u0259rin\u0259 nail ola bil\u0259rik. Bu c\u00fcr p\u0259rd\u0259l\u0259rin \/ p\u0259rd\u0259l\u0259rin effektivliyi yollar\u0131n m\u00f6h\u00fcrl\u0259nm\u0259sin\u0259 nail olmaqdan as\u0131l\u0131d\u0131r.<\/p>\n<p>Kateqoriya: Akustik p\u0259rd\u0259l\u0259r<\/p>\n<\/div>\n","protected":false},"featured_media":24256,"template":"","meta":[],"product_brand":[],"product_cat":[804,942,931],"product_tag":[],"class_list":{"0":"post-24298","1":"product","2":"type-product","3":"status-publish","4":"has-post-thumbnail","6":"product_cat-akustika-ss-kuy-v-vibrasiyaya-nzart","7":"product_cat-akustik-prdlr-az","8":"product_cat-architectural-acoustic-az","10":"first","11":"instock","12":"shipping-taxable","13":"product-type-simple"},"_links":{"self":[{"href":"https:\/\/airsystems.ge\/shop\/az\/wp-json\/wp\/v2\/product\/24298","targetHints":{"allow":["GET"]}}],"collection":[{"href":"https:\/\/airsystems.ge\/shop\/az\/wp-json\/wp\/v2\/product"}],"about":[{"href":"https:\/\/airsystems.ge\/shop\/az\/wp-json\/wp\/v2\/types\/product"}],"wp:featuredmedia":[{"embeddable":true,"href":"https:\/\/airsystems.ge\/shop\/az\/wp-json\/wp\/v2\/media\/24256"}],"wp:attachment":[{"href":"https:\/\/airsystems.ge\/shop\/az\/wp-json\/wp\/v2\/media?parent=24298"}],"wp:term":[{"taxonomy":"product_brand","embeddable":true,"href":"https:\/\/airsystems.ge\/shop\/az\/wp-json\/wp\/v2\/product_brand?post=24298"},{"taxonomy":"product_cat","embeddable":true,"href":"https:\/\/airsystems.ge\/shop\/az\/wp-json\/wp\/v2\/product_cat?post=24298"},{"taxonomy":"product_tag","embeddable":true,"href":"https:\/\/airsystems.ge\/shop\/az\/wp-json\/wp\/v2\/product_tag?post=24298"}],"curies":[{"name":"wp","href":"https:\/\/api.w.org\/{rel}","templated":true}]}}