{"id":23809,"date":"2025-02-12T21:44:05","date_gmt":"2025-02-12T17:44:05","guid":{"rendered":"https:\/\/airsystems.ge\/shop\/product\/impact-sound-insulation-slabs-isolfon-rebond\/"},"modified":"2025-02-23T21:40:21","modified_gmt":"2025-02-23T17:40:21","slug":"impact-sound-insulation-slabs-isolfon-rebond","status":"publish","type":"product","link":"https:\/\/airsystems.ge\/shop\/az\/product\/impact-sound-insulation-slabs-isolfon-rebond\/","title":{"rendered":"Z\u0259rb\u0259li S\u0259s \u0130zolyasiya Plit\u0259l\u0259r ISOLfon \u2013 Rebond"},"content":{"rendered":"<p>ISOLFON-Re\u0392ond poliuretan yap\u0131\u015fqan il\u0259 presl\u0259nmi\u015f v\u0259 yap\u0131\u015fd\u0131r\u0131lm\u0131\u015f t\u0259krar emal edilmi\u015f \u00e7evik poliuretan k\u00f6p\u00fckl\u0259rd\u0259n istehsal olunur v\u0259 s\u0259s udma, s\u0259s izolyasiyas\u0131 v\u0259 z\u0259rb\u0259 vibrasiya izolyasiyas\u0131 t\u0259klif etm\u0259k \u00fc\u00e7\u00fcn n\u0259z\u0259rd\u0259 tutulmu\u015fdur.<br \/>\nOnun \u0259sas t\u0259tbiqi binalardak\u0131 m\u00fcr\u0259kk\u0259b akustik probleml\u0259ri h\u0259ll etm\u0259kdir.<\/p>\n<p>Divar v\u0259 tavan \u00fczl\u00fckl\u0259rind\u0259 hava bo\u015fluqlar\u0131n\u0131 doldurmaq v\u0259 K\u00fctl\u0259vi Yay effektini yaratmaq, divar sisteminin S\u0259s \u0130zolyasiya x\u00fcsusiyy\u0259tl\u0259rini yax\u015f\u0131la\u015fd\u0131rmaq \u00fc\u00e7\u00fcn istifad\u0259 olunur. ISOLFON-Re\u0392ond kompozisiyan\u0131n tutarl\u0131l\u0131\u011f\u0131 v\u0259 elastikliyi k\u00fctl\u0259 rolunu oynayan materiallarla (al\u00e7\u0131pan, MDF, s\u0259rt taxta v\u0259 s.) birlikd\u0259 &#8220;yay&#8221; kimi istifad\u0259 olunur. Bel\u0259 kompozisiyan\u0131n n\u0259tic\u0259si misilsiz\u00a0T\u0259sir Vibrasiya \u0130zolyasiyas\u0131d\u0131r.<\/p>\n<p>S\u0259s izolyasiyas\u0131<br \/>\nT\u0259k qatl\u0131 arak\u0259sm\u0259l\u0259rin s\u0259s-k\u00fcy\u00fcn azald\u0131lmas\u0131 onlar\u0131n s\u0259th k\u00fctl\u0259sind\u0259n, \u0259yilm\u0259- s\u0259rtliyind\u0259n as\u0131l\u0131d\u0131r. K\u00fctl\u0259ni ikiqat art\u0131rd\u0131qca s\u0259si d\u0259 art\u0131r\u0131r<br \/>\n6 dB izolyasiya. Yax\u015f\u0131 s\u0259s-k\u00fcy\u00fcn azald\u0131lmas\u0131n\u0131 (Rw \u2264 50 dB) t\u0259min etm\u0259k \u00fc\u00e7\u00fcn bir qatl\u0131 arak\u0259sm\u0259l\u0259r 250 kq\/m\u00b2-d\u0259n \u00e7ox s\u0259th k\u00fctl\u0259si t\u0259l\u0259b edir.<br \/>\n\u00dczl\u00fc \u00e7ox qatl\u0131 panell\u0259r \u00fc\u00e7\u00fcn daha az k\u00fctl\u0259 il\u0259 daha \u00e7ox s\u0259s-k\u00fcy azald\u0131lmas\u0131na, k\u00fctl\u0259vi yay prinsipind\u0259n istifad\u0259 etm\u0259kl\u0259 nail olmaq olar.<br \/>\nS\u0259s izolyasiyas\u0131 t\u0259b\u0259q\u0259l\u0259r aras\u0131ndak\u0131 bo\u015fluqlar\u0131 art\u0131rmaqla yax\u015f\u0131la\u015fd\u0131r\u0131la bil\u0259r. Bo\u015fluq rezonans\u0131n\u0131n qar\u015f\u0131s\u0131n\u0131 almaq \u00fc\u00e7\u00fcn bo\u015fluq s\u0259s udma il\u0259 doldurulmal\u0131d\u0131r<br \/>\nISOLFON-ReBond kimi y\u00fcng\u00fcl yum\u015faq material.<\/p>\n<p><img loading=\"lazy\" decoding=\"async\" class=\"weighted noise reduction index table alignnone wp-image-34599 \" src=\"https:\/\/alphacoustic.com\/wp-content\/uploads\/2025\/01\/weighted-noise-reduction-index-table-e1738261736770.webp\" alt=\"weighted noise reduction index table\" width=\"339\" height=\"246\" \/><\/p>\n<p>ISO 10140 v\u0259 ISO 717.1-\u0259 uy\u011fun olaraq s\u0259sin azald\u0131lmas\u0131 indeksi Rw(dB)<\/p>\n","protected":false},"excerpt":{"rendered":"<div class=\"woocommerce-product-details__short-description\">\n<p>ISOLFON-Re\u0392ond poliuretan yap\u0131\u015fqan il\u0259 presl\u0259nmi\u015f v\u0259 yap\u0131\u015fd\u0131r\u0131lm\u0131\u015f t\u0259krar emal edilmi\u015f \u00e7evik poliuretan k\u00f6p\u00fckl\u0259rd\u0259n istehsal olunur v\u0259 s\u0259s udma, s\u0259s izolyasiyas\u0131 v\u0259 z\u0259rb\u0259 vibrasiya izolyasiyas\u0131 t\u0259klif etm\u0259k \u00fc\u00e7\u00fcn n\u0259z\u0259rd\u0259 tutulmu\u015fdur.<\/p>\n<p>ISOLFON-Re\u0392ond Poliuretan yap\u0131\u015fqan il\u0259 presl\u0259nmi\u015f v\u0259 yap\u0131\u015fd\u0131r\u0131lm\u0131\u015f t\u0259krar emal edilmi\u015f \u00e7evik poliuretan k\u00f6p\u00fckl\u0259rd\u0259n istehsal olunur.<\/p>\n<p><img loading=\"lazy\" decoding=\"async\" class=\"alignleft wp-image-34028\" src=\"https:\/\/alphacoustic.com\/wp-content\/uploads\/2024\/11\/icon_sustainability_eco-01-300x300.webp\" alt=\"Eco-friendly product with recycled materials\" width=\"57\" height=\"57\" \/><br \/>\nT\u0259krar emal edilmi\u015f materiallarla ekoloji c\u0259h\u0259td\u0259n t\u0259miz m\u0259hsul<\/p>\n<p>&nbsp;<\/p>\n<\/div>\n<div class=\"product_meta\">Kateqoriya:\u00a0S\u0259s udma<\/div>\n","protected":false},"featured_media":22865,"template":"","meta":[],"product_brand":[],"product_cat":[804],"product_tag":[],"class_list":{"0":"post-23809","1":"product","2":"type-product","3":"status-publish","4":"has-post-thumbnail","6":"product_cat-akustika-ss-kuy-v-vibrasiyaya-nzart","8":"first","9":"instock","10":"shipping-taxable","11":"product-type-simple"},"_links":{"self":[{"href":"https:\/\/airsystems.ge\/shop\/az\/wp-json\/wp\/v2\/product\/23809","targetHints":{"allow":["GET"]}}],"collection":[{"href":"https:\/\/airsystems.ge\/shop\/az\/wp-json\/wp\/v2\/product"}],"about":[{"href":"https:\/\/airsystems.ge\/shop\/az\/wp-json\/wp\/v2\/types\/product"}],"wp:featuredmedia":[{"embeddable":true,"href":"https:\/\/airsystems.ge\/shop\/az\/wp-json\/wp\/v2\/media\/22865"}],"wp:attachment":[{"href":"https:\/\/airsystems.ge\/shop\/az\/wp-json\/wp\/v2\/media?parent=23809"}],"wp:term":[{"taxonomy":"product_brand","embeddable":true,"href":"https:\/\/airsystems.ge\/shop\/az\/wp-json\/wp\/v2\/product_brand?post=23809"},{"taxonomy":"product_cat","embeddable":true,"href":"https:\/\/airsystems.ge\/shop\/az\/wp-json\/wp\/v2\/product_cat?post=23809"},{"taxonomy":"product_tag","embeddable":true,"href":"https:\/\/airsystems.ge\/shop\/az\/wp-json\/wp\/v2\/product_tag?post=23809"}],"curies":[{"name":"wp","href":"https:\/\/api.w.org\/{rel}","templated":true}]}}