{"id":23788,"date":"2025-02-12T23:41:20","date_gmt":"2025-02-12T19:41:20","guid":{"rendered":"https:\/\/airsystems.ge\/shop\/product\/eco-sound-absorbing-slabs-izifon\/"},"modified":"2025-02-23T20:50:18","modified_gmt":"2025-02-23T16:50:18","slug":"eco-sound-absorbing-slabs-izifon","status":"publish","type":"product","link":"https:\/\/airsystems.ge\/shop\/az\/product\/eco-sound-absorbing-slabs-izifon\/","title":{"rendered":"Eko S\u0259s Ed\u0259n Plit\u0259l\u0259r iZiFON"},"content":{"rendered":"<h3>Sound Absorption Properties<\/h3>\n<p><img loading=\"lazy\" decoding=\"async\" class=\"alignnone wp-image-31414\" title=\"iZiFON Sound Absorption Diagram\" src=\"https:\/\/alphacoustic.com\/wp-content\/uploads\/2024\/01\/Sound-Absorption-Diagram_ENG-300x300.png\" sizes=\"auto, (max-width: 600px) 100vw, 600px\" srcset=\"https:\/\/alphacoustic.com\/wp-content\/uploads\/2024\/01\/Sound-Absorption-Diagram_ENG-600x336.png 600w, https:\/\/alphacoustic.com\/wp-content\/uploads\/2024\/01\/Sound-Absorption-Diagram_ENG.png 864w\" alt=\"iZiFON Sound Absorption Diagram_ENG\" width=\"600\" height=\"336\" \/><\/p>\n<p>\u018flav\u0259 x\u00fcsusiyy\u0259tl\u0259r<\/p>\n<p>\u0130stilik ke\u00e7iriciliyi: \u03bb10 = 0,031 W\/m.K (s\u0131xl\u0131q 38,5 Kg\/m\u00b3 \u00fc\u00e7\u00fcn)<br \/>\nYan\u011f\u0131na davaml\u0131l\u0131q: FMVSS 302:2011-\u0259 uy\u011fun olaraq (Bureau Veritas t\u0259r\u0259find\u0259n t\u0259sdiq edilmi\u015fdir)<br \/>\nDaxili havan\u0131n keyfiyy\u0259ti: ISO 16000-\u0259 uy\u011fun olaraq sertifikatla\u015fd\u0131r\u0131l\u0131b: Daxili havan\u0131n keyfiyy\u0259ti, CSI-SpA t\u0259r\u0259find\u0259n VOC v\u0259 Formaldehid yoxdur.<\/p>\n","protected":false},"excerpt":{"rendered":"<div class=\"woocommerce-product-details__short-description\">\n<p>100% polyester lifd\u0259n haz\u0131rlanm\u0131\u015f yeni n\u0259sil m\u0259hsul, s\u0259s v\u0259 istilik izolyasiyas\u0131 \u00fc\u00e7\u00fcn ideald\u0131r.<\/p>\n<p><img loading=\"lazy\" decoding=\"async\" class=\"alignleft wp-image-34028\" src=\"https:\/\/alphacoustic.com\/wp-content\/uploads\/2024\/11\/icon_sustainability_eco-01-300x300.webp\" alt=\"Eco-friendly product with recycled materials\" width=\"57\" height=\"57\" \/><br \/>\nT\u0259krar emal edilmi\u015f materiallarla ekoloji t\u0259miz m\u0259hsul<\/p>\n<p>&nbsp;<\/p>\n<\/div>\n<div class=\"product_meta\">Kateqoriya:\u00a0S\u0259s udma<\/div>\n","protected":false},"featured_media":22949,"template":"","meta":[],"product_brand":[],"product_cat":[804],"product_tag":[],"class_list":{"0":"post-23788","1":"product","2":"type-product","3":"status-publish","4":"has-post-thumbnail","6":"product_cat-akustika-ss-kuy-v-vibrasiyaya-nzart","8":"first","9":"instock","10":"shipping-taxable","11":"product-type-simple"},"_links":{"self":[{"href":"https:\/\/airsystems.ge\/shop\/az\/wp-json\/wp\/v2\/product\/23788","targetHints":{"allow":["GET"]}}],"collection":[{"href":"https:\/\/airsystems.ge\/shop\/az\/wp-json\/wp\/v2\/product"}],"about":[{"href":"https:\/\/airsystems.ge\/shop\/az\/wp-json\/wp\/v2\/types\/product"}],"wp:featuredmedia":[{"embeddable":true,"href":"https:\/\/airsystems.ge\/shop\/az\/wp-json\/wp\/v2\/media\/22949"}],"wp:attachment":[{"href":"https:\/\/airsystems.ge\/shop\/az\/wp-json\/wp\/v2\/media?parent=23788"}],"wp:term":[{"taxonomy":"product_brand","embeddable":true,"href":"https:\/\/airsystems.ge\/shop\/az\/wp-json\/wp\/v2\/product_brand?post=23788"},{"taxonomy":"product_cat","embeddable":true,"href":"https:\/\/airsystems.ge\/shop\/az\/wp-json\/wp\/v2\/product_cat?post=23788"},{"taxonomy":"product_tag","embeddable":true,"href":"https:\/\/airsystems.ge\/shop\/az\/wp-json\/wp\/v2\/product_tag?post=23788"}],"curies":[{"name":"wp","href":"https:\/\/api.w.org\/{rel}","templated":true}]}}