{"id":23770,"date":"2025-02-07T15:08:40","date_gmt":"2025-02-07T11:08:40","guid":{"rendered":"https:\/\/airsystems.ge\/shop\/product\/vibro-ms-multi-anti-vibration-spring-mounts\/"},"modified":"2025-02-26T00:24:31","modified_gmt":"2025-02-25T20:24:31","slug":"vibro-ms-multi-anti-vibration-spring-mounts","status":"publish","type":"product","link":"https:\/\/airsystems.ge\/shop\/az\/product\/vibro-ms-multi-anti-vibration-spring-mounts\/","title":{"rendered":"Vibro-MS: \u00c7ox Titr\u0259m\u0259y\u0259 Qar\u015f\u0131 Yay Ba\u011flay\u0131c\u0131lar\u0131"},"content":{"rendered":"<p><img loading=\"lazy\" decoding=\"async\" class=\"alignleft wp-image-4886\" src=\"https:\/\/antivibration-systems.com\/wp-content\/uploads\/2012\/10\/Vibro-MS-Selection-Table1.png\" sizes=\"auto, (max-width: 587px) 100vw, 587px\" srcset=\"https:\/\/antivibration-systems.com\/wp-content\/uploads\/2012\/10\/Vibro-MS-Selection-Table1.png 925w, https:\/\/antivibration-systems.com\/wp-content\/uploads\/2012\/10\/Vibro-MS-Selection-Table1-300x93.png 300w\" alt=\"Vibro-MS Selection Table\" width=\"587\" height=\"182\" \/><\/p>\n<p>Maksimum y\u00fck alt\u0131nda statik \u0259yilm\u0259 25 mm<\/p>\n<p>Maksimum y\u00fck alt\u0131nda 3 Hz-\u0259 q\u0259d\u0259r t\u0259bii tezlik<\/p>\n","protected":false},"excerpt":{"rendered":"<p>\u00c7ox yayl\u0131 antivibrasiya qur\u011fusu &#8211; x\u00fcsusil\u0259 a\u015fa\u011f\u0131 h\u00fcnd\u00fcrl\u00fcy\u0259 (tip L) malik olmaq \u00fc\u00e7\u00fcn n\u0259z\u0259rd\u0259 tutulmu\u015fdur v\u0259 a\u015fa\u011f\u0131 tezlikli vibrasiya il\u0259 \u00e7ox effektivdir.<\/p>\n<p>T\u018fSV\u0130R\u0130<\/p>\n<p>Vibro-MS \u00e7oxlu s\u0259rb\u0259st dayanan yaylar\u0131 olan vibrasiya \u0259leyhin\u0259 qur\u011fudur. O, x\u00fcsusi olaraq a\u015fa\u011f\u0131 h\u00fcnd\u00fcrl\u00fcy\u0259 (tip L) malik olmaq \u00fc\u00e7\u00fcn n\u0259z\u0259rd\u0259 tutulmu\u015fdur v\u0259 a\u015fa\u011f\u0131 tezlikli vibrasiyalar\u0131n udulmas\u0131nda \u00e7ox effektivdir. Vibro-MS, bazas\u0131na b\u0259rkidilmi\u015f rezin profill\u0259 g\u0259lir v\u0259 yaylar vasit\u0259sil\u0259 \u00f6t\u00fcr\u00fcl\u0259 bil\u0259n y\u00fcks\u0259k tezlikl\u0259rd\u0259 izolyasiyan\u0131n s\u0259m\u0259r\u0259liliyini art\u0131rmaq \u00fc\u00e7\u00fcn s\u0259s k\u0259sici rolunu oynay\u0131r. Yaylar innovativ b\u0259rkitm\u0259 sistemi il\u0259 b\u0259rkidilir.<\/p>\n<p>ALTERNAT\u0130V FORMALAR<\/p>\n<p>Vibro-MS Kompleksi kompleks anti-vibrasiya m\u0259hsuludur v\u0259 Vibro-MS | \u00c7ox anti-vibrasiya yay ba\u011flay\u0131c\u0131lar\u0131 v\u0259 Vibro-EP | \u00dcz\u0259n D\u00f6\u015f\u0259m\u0259 D\u0259st\u0259kl\u0259ri.<br \/>\nYay v\u0259 elastik yast\u0131\u011f\u0131n bu birl\u0259\u015fm\u0259si onun daha geni\u015f tezlik diapazonu \u00fc\u00e7\u00fcn effektivliyini t\u0259min edir v\u0259 bel\u0259likl\u0259, onu vibrasiya n\u0259zar\u0259tind\u0259 daha effektiv edir.<br \/>\nBazas\u0131n\u0131n alt\u0131ndak\u0131 elastik yast\u0131q daha yax\u015f\u0131 s\u0259s k\u0259sici rolunu oynay\u0131r v\u0259 yaylar vasit\u0259sil\u0259 \u00f6t\u00fcr\u00fcl\u0259 bil\u0259n y\u00fcks\u0259k tezlikl\u0259rd\u0259 izolyasiya s\u0259m\u0259r\u0259liliyini art\u0131r\u0131r.<\/p>\n<p>T\u018fTB\u0130QL\u018fR<\/p>\n<p>Vibro-MS a\u015fa\u011f\u0131 tezlikli vibrasiya n\u0259zar\u0259ti \u00fc\u00e7\u00fcn istifad\u0259 olunur v\u0259 x\u00fcsusil\u0259 daha \u00e7ox sabitlik \u00fc\u00e7\u00fcn \u00e7oxlu yaylar\u0131n istifad\u0259si laz\u0131m oldu\u011fu hallarda.<\/p>\n<p>MONTAJ<\/p>\n<p>H\u0259r bir izolyatorun yerini tap\u0131n Vibro-MS | \u00c7ox Titr\u0259m\u0259 \u018fleyhin\u0259 Yay Yerin\u0259 qura\u015fd\u0131r\u0131l\u0131r<br \/>\n\u0130zolyatorlar\u0131 laz\u0131mi yer\u0259 yerl\u0259\u015fdirin v\u0259 alt l\u00f6vh\u0259ni binan\u0131n d\u0259st\u0259kl\u0259yici polad v\u0259 ya betonuna yap\u0131\u015fd\u0131r\u0131n.<br \/>\nM12 yuxar\u0131 vintini avadanl\u0131\u011f\u0131n \u0259sas\u0131n\u0131n m\u00fcvafiq \u00e7uxurundan ke\u00e7irin. M12 c\u0131vatalar\u0131ndan istifad\u0259 ed\u0259r\u0259k b\u0259rkitm\u0259k \u00fc\u00e7\u00fcn \u00fcst qay\u011f\u0131 avadanl\u0131\u011f\u0131n ayaq m\u00f6t\u0259riz\u0259sin\u0259 s\u0131x\u0131n.<br \/>\nAvadanl\u0131\u011fa qura\u015fd\u0131r\u0131ld\u0131qdan sonra izolyator qur\u011fular\u0131n\u0131n \u0259l\u00e7atan olmas\u0131n\u0131 t\u0259min etm\u0259k \u00fc\u00e7\u00fcn Vibro-MS-i laz\u0131mi q\u0259d\u0259r f\u0131rlad\u0131n. Alternativ olaraq, avadanl\u0131\u011fa qura\u015fd\u0131r\u0131ld\u0131qdan sonra montaj delikl\u0259ri \u0259l\u00e7atan deyils\u0259, \u0259vv\u0259lc\u0259 m\u00fcvafiq M10 boltlar\u0131ndan istifad\u0259 ed\u0259r\u0259k vibrasiya \u0259leyhin\u0259 qur\u011funu bazaya b\u0259rkidin.<\/p>\n","protected":false},"featured_media":22156,"template":"","meta":[],"product_brand":[],"product_cat":[927],"product_tag":[],"class_list":{"0":"post-23770","1":"product","2":"type-product","3":"status-publish","4":"has-post-thumbnail","6":"product_cat-vibrasiya-anti-ss-kuy-akustik-az","8":"first","9":"instock","10":"shipping-taxable","11":"product-type-simple"},"_links":{"self":[{"href":"https:\/\/airsystems.ge\/shop\/az\/wp-json\/wp\/v2\/product\/23770","targetHints":{"allow":["GET"]}}],"collection":[{"href":"https:\/\/airsystems.ge\/shop\/az\/wp-json\/wp\/v2\/product"}],"about":[{"href":"https:\/\/airsystems.ge\/shop\/az\/wp-json\/wp\/v2\/types\/product"}],"wp:featuredmedia":[{"embeddable":true,"href":"https:\/\/airsystems.ge\/shop\/az\/wp-json\/wp\/v2\/media\/22156"}],"wp:attachment":[{"href":"https:\/\/airsystems.ge\/shop\/az\/wp-json\/wp\/v2\/media?parent=23770"}],"wp:term":[{"taxonomy":"product_brand","embeddable":true,"href":"https:\/\/airsystems.ge\/shop\/az\/wp-json\/wp\/v2\/product_brand?post=23770"},{"taxonomy":"product_cat","embeddable":true,"href":"https:\/\/airsystems.ge\/shop\/az\/wp-json\/wp\/v2\/product_cat?post=23770"},{"taxonomy":"product_tag","embeddable":true,"href":"https:\/\/airsystems.ge\/shop\/az\/wp-json\/wp\/v2\/product_tag?post=23770"}],"curies":[{"name":"wp","href":"https:\/\/api.w.org\/{rel}","templated":true}]}}