{"id":23766,"date":"2025-02-07T15:19:49","date_gmt":"2025-02-07T11:19:49","guid":{"rendered":"https:\/\/airsystems.ge\/shop\/product\/vibro-msh-heavy-duty-multi-spring-anti-vibration-mount\/"},"modified":"2025-02-26T00:24:31","modified_gmt":"2025-02-25T20:24:31","slug":"vibro-msh-heavy-duty-multi-spring-anti-vibration-mount","status":"publish","type":"product","link":"https:\/\/airsystems.ge\/shop\/az\/product\/vibro-msh-heavy-duty-multi-spring-anti-vibration-mount\/","title":{"rendered":"Vibro-MSH: \u00c7ox Yayl\u0131 Vibrasiyaya Qar\u015f\u0131 A\u011f\u0131r Y\u00fckl\u0259m\u0259"},"content":{"rendered":"<p><img loading=\"lazy\" decoding=\"async\" class=\"alignnone wp-image-4433\" src=\"https:\/\/antivibration-systems.com\/wp-content\/uploads\/2012\/10\/msh.jpg\" sizes=\"auto, (max-width: 627px) 100vw, 627px\" srcset=\"https:\/\/antivibration-systems.com\/wp-content\/uploads\/2012\/10\/msh.jpg 973w, https:\/\/antivibration-systems.com\/wp-content\/uploads\/2012\/10\/msh-300x93.jpg 300w\" alt=\"msh\" width=\"850\" height=\"263\" \/><\/p>\n<p><img loading=\"lazy\" decoding=\"async\" class=\" wp-image-4432 aligncenter\" src=\"https:\/\/antivibration-systems.com\/wp-content\/uploads\/2016\/04\/msh.jpg\" sizes=\"auto, (max-width: 280px) 100vw, 280px\" srcset=\"https:\/\/antivibration-systems.com\/wp-content\/uploads\/2016\/04\/msh.jpg 420w, https:\/\/antivibration-systems.com\/wp-content\/uploads\/2016\/04\/msh-300x201.jpg 300w\" alt=\"msh\" width=\"280\" height=\"188\" \/><\/p>\n<p>Maksimum y\u00fck alt\u0131nda statik \u0259yilm\u0259 25 mm<br \/>\nMaksimum y\u00fck alt\u0131nda 3 Hz-\u0259 q\u0259d\u0259r t\u0259bii tezlik<\/p>\n<div class=\"n4sEPd\">\n<div class=\"FFpbKc\">\n<div class=\"xMmqsf\">\n<div class=\"r375lc\">\n<div class=\"aJIq1d\" dir=\"ltr\" data-language-code=\"auto\" data-language-name=\"Detect language\" data-text=\"\" data-crosslingual-hint=\"undefined\" data-location=\"1\" data-enable-toggle-playback-speed=\"true\">\n<div class=\"m0Qfkd\"><\/div>\n<\/div>\n<\/div>\n<\/div>\n<\/div>\n<\/div>\n","protected":false},"excerpt":{"rendered":"<p>\u00c7ox a\u011f\u0131r avadanl\u0131qlar \u00fc\u00e7\u00fcn \u00e7oxlu yayl\u0131 antivibrasiya qur\u011fusu<\/p>\n<p>T\u018fSV\u0130R\u0130<\/p>\n<p>Vibro-MSH, \u00e7ox a\u011f\u0131r avadanl\u0131qlar \u00fc\u00e7\u00fcn \u00e7oxlu yaylar\u0131 olan a\u011f\u0131r y\u00fck\u0259 malik vibrasiya \u0259leyhin\u0259 qur\u011fudur. O, x\u00fcsusi olaraq a\u015fa\u011f\u0131 tezlikli vibrasiyalar\u0131 udmaq \u00fc\u00e7\u00fcn n\u0259z\u0259rd\u0259 tutulmu\u015fdur (m\u0259s\u0259l\u0259n, pistonlu ma\u015f\u0131nlar)<br \/>\nBundan \u0259lav\u0259, Vibro-MSH rezin profill\u0259 g\u0259lir, onun bazas\u0131na b\u0259rkidilir v\u0259 bulaqlar vasit\u0259sil\u0259 \u00f6t\u00fcr\u00fcl\u0259 bil\u0259n y\u00fcks\u0259k tezlikl\u0259rd\u0259 izolyasiyan\u0131n s\u0259m\u0259r\u0259liliyini art\u0131rmaq \u00fc\u00e7\u00fcn s\u0259s k\u0259sici rolunu oynay\u0131r. Yaylar metal bazaya innovativ b\u0259rkitm\u0259 sistemi il\u0259 b\u0259rkidilir.<\/p>\n<p>T\u018fTB\u0130QL\u018fR<\/p>\n<p>Vibro-MSH | A\u011f\u0131r y\u00fckl\u00fc \u00c7ox Yayl\u0131 Anti-vibrasiya montaj\u0131 a\u015fa\u011f\u0131 tezlikli vibrasiya udma t\u0259l\u0259b ed\u0259n \u00e7ox a\u011f\u0131r ma\u015f\u0131nlar\u0131n qura\u015fd\u0131r\u0131lmas\u0131 \u00fc\u00e7\u00fcn istifad\u0259 olunur.<\/p>\n<p>&nbsp;<\/p>\n<p>MONTAJ<\/p>\n<p>H\u0259r bir izolyatorun yerini tap\u0131n Vibro-MSH | A\u011f\u0131r xidm\u0259t\u0259 malik \u00c7ox Yayl\u0131 Vibrasiyaya Qar\u015f\u0131 Qura\u015fd\u0131rma yerin\u0259.<br \/>\n\u0130zolyatorlar\u0131 laz\u0131mi yer\u0259 yerl\u0259\u015fdirin v\u0259 alt l\u00f6vh\u0259ni binan\u0131n d\u0259st\u0259kl\u0259yici polad v\u0259 ya betonuna yap\u0131\u015fd\u0131r\u0131n.<br \/>\nM12 yuxar\u0131 vintini avadanl\u0131\u011f\u0131n \u0259sas\u0131n\u0131n m\u00fcvafiq \u00e7uxurundan ke\u00e7irin. M12 c\u0131vatalar\u0131ndan istifad\u0259 ed\u0259r\u0259k b\u0259rkitm\u0259k \u00fc\u00e7\u00fcn \u00fcst qay\u011f\u0131 avadanl\u0131\u011f\u0131n ayaq m\u00f6t\u0259riz\u0259sin\u0259 s\u0131x\u0131n.<br \/>\nAvadanl\u0131\u011fa qura\u015fd\u0131r\u0131ld\u0131qdan sonra izolyator qur\u011fular\u0131n\u0131n \u0259l\u00e7atan olmas\u0131n\u0131 t\u0259min etm\u0259k \u00fc\u00e7\u00fcn Vibro-MS-i laz\u0131mi q\u0259d\u0259r f\u0131rlad\u0131n. Alternativ olaraq, avadanl\u0131\u011fa qura\u015fd\u0131r\u0131ld\u0131qdan sonra montaj delikl\u0259ri \u0259l\u00e7atan deyils\u0259, \u0259vv\u0259lc\u0259 m\u00fcvafiq M10 boltlar\u0131ndan istifad\u0259 ed\u0259r\u0259k vibrasiya \u0259leyhin\u0259 qur\u011funu bazaya b\u0259rkidin.<\/p>\n","protected":false},"featured_media":22160,"template":"","meta":[],"product_brand":[],"product_cat":[927],"product_tag":[],"class_list":{"0":"post-23766","1":"product","2":"type-product","3":"status-publish","4":"has-post-thumbnail","6":"product_cat-vibrasiya-anti-ss-kuy-akustik-az","8":"first","9":"instock","10":"shipping-taxable","11":"product-type-simple"},"_links":{"self":[{"href":"https:\/\/airsystems.ge\/shop\/az\/wp-json\/wp\/v2\/product\/23766","targetHints":{"allow":["GET"]}}],"collection":[{"href":"https:\/\/airsystems.ge\/shop\/az\/wp-json\/wp\/v2\/product"}],"about":[{"href":"https:\/\/airsystems.ge\/shop\/az\/wp-json\/wp\/v2\/types\/product"}],"wp:featuredmedia":[{"embeddable":true,"href":"https:\/\/airsystems.ge\/shop\/az\/wp-json\/wp\/v2\/media\/22160"}],"wp:attachment":[{"href":"https:\/\/airsystems.ge\/shop\/az\/wp-json\/wp\/v2\/media?parent=23766"}],"wp:term":[{"taxonomy":"product_brand","embeddable":true,"href":"https:\/\/airsystems.ge\/shop\/az\/wp-json\/wp\/v2\/product_brand?post=23766"},{"taxonomy":"product_cat","embeddable":true,"href":"https:\/\/airsystems.ge\/shop\/az\/wp-json\/wp\/v2\/product_cat?post=23766"},{"taxonomy":"product_tag","embeddable":true,"href":"https:\/\/airsystems.ge\/shop\/az\/wp-json\/wp\/v2\/product_tag?post=23766"}],"curies":[{"name":"wp","href":"https:\/\/api.w.org\/{rel}","templated":true}]}}