{"id":23739,"date":"2025-02-07T16:33:55","date_gmt":"2025-02-07T12:33:55","guid":{"rendered":"https:\/\/airsystems.ge\/shop\/product\/vibro-3d-multi-directional-anti-vibration-mount\/"},"modified":"2025-02-26T00:24:30","modified_gmt":"2025-02-25T20:24:30","slug":"vibro-3d-multi-directional-anti-vibration-mount","status":"publish","type":"product","link":"https:\/\/airsystems.ge\/shop\/az\/product\/vibro-3d-multi-directional-anti-vibration-mount\/","title":{"rendered":"Vibro-3D: \u00c7ox istiqam\u0259tli vibrasiya \u0259leyhin\u0259 montaj"},"content":{"rendered":"<p><img loading=\"lazy\" decoding=\"async\" class=\"alignnone size-full wp-image-13540\" src=\"https:\/\/antivibration-systems.com\/wp-content\/uploads\/2024\/10\/Vibro-3D-selection-table-e1727971790312.jpg\" sizes=\"auto, (max-width: 700px) 100vw, 700px\" srcset=\"https:\/\/antivibration-systems.com\/wp-content\/uploads\/2024\/10\/Vibro-3D-selection-table-e1727971790312.jpg 700w, https:\/\/antivibration-systems.com\/wp-content\/uploads\/2024\/10\/Vibro-3D-selection-table-e1727971790312-291x300.jpg 291w, https:\/\/antivibration-systems.com\/wp-content\/uploads\/2024\/10\/Vibro-3D-selection-table-e1727971790312-24x24.jpg 24w, https:\/\/antivibration-systems.com\/wp-content\/uploads\/2024\/10\/Vibro-3D-selection-table-e1727971790312-48x48.jpg 48w\" alt=\"Vibro-3D selection table\" width=\"700\" height=\"721\" \/><\/p>\n<div class=\"border_grid photo_gallery \" data-rt-animate=\"animate\" data-rt-animation-type=\"fadeInDown\">\n<div class=\"row fixed_heights\">\n<div class=\"col col-sm-3 col-xs-12 \">\n<div><img decoding=\"async\" class=\"img-responsive\" src=\"https:\/\/antivibration-systems.com\/wp-content\/uploads\/2012\/10\/3D-katopsien.jpg\" alt=\"Vibro-3D \u2013 Plan View\" \/><\/div>\n<\/div>\n<div class=\"col col-sm-3 col-xs-12 \">\n<div><img decoding=\"async\" class=\"img-responsive\" src=\"https:\/\/antivibration-systems.com\/wp-content\/uploads\/2012\/10\/3D-tomien.jpg\" alt=\"Vibro-3D \u2013 Section\" \/><\/div>\n<\/div>\n<div class=\"col col-sm-3 col-xs-12 \">\n<div><img decoding=\"async\" class=\"img-responsive\" src=\"https:\/\/antivibration-systems.com\/wp-content\/uploads\/2012\/10\/3D-polykateuthintikien.jpg\" alt=\"Vibro-3D \u2013 Multidirectional load\" \/><\/div>\n<\/div>\n<\/div>\n<\/div>\n<p>Vibro-3D-nin sinkl\u0259nmi\u015f metal qab\u0131\u011f\u0131 daxili elastik hiss\u0259l\u0259ri a\u015f\u0131nd\u0131r\u0131c\u0131 m\u00fchitl\u0259rd\u0259n qoruyur v\u0259 buna g\u00f6r\u0259 d\u0259 \u00e7ox s\u0259rt v\u0259 korroziyal\u0131 \u015f\u0259raitd\u0259 bel\u0259 uzun\u00f6m\u00fcrl\u00fcl\u00fcy\u00fc t\u0259min edir. Bundan \u0259lav\u0259, Vibro-3D unikal dizayn\u0131 say\u0259sind\u0259 y\u00fcks\u0259k t\u0259hl\u00fck\u0259sizlik standartlar\u0131na cavab verir ki, h\u0259tta daxili elastik hiss\u0259l\u0259ri m\u0259hv ed\u0259c\u0259k da\u011f\u0131d\u0131c\u0131 \u015f\u0259raitd\u0259 (Yan\u011f\u0131n) bel\u0259 as\u0131lm\u0131\u015f cihaz\u0131 saxlayan onun \u00fcst fiksasiyas\u0131 s\u0131radan \u00e7\u0131xm\u0131r (Fail Safe).<\/p>\n<p>Vibro-3D geni\u015f \u00e7e\u015fidli y\u00fckl\u0259ri \u0259hat\u0259 edir, daxili poliuretan k\u00f6p\u00fckl\u0259rin s\u0131xl\u0131\u011f\u0131n\u0131 v\u0259 s\u0259rtliyini d\u0259yi\u015fdirm\u0259k qabiliyy\u0259tin\u0259 g\u00f6r\u0259, o, h\u0259m\u00e7inin 150-\u0259 q\u0259d\u0259r a\u00e7\u0131sal uy\u011funsuzluq qabiliyy\u0259tin\u0259 malikdir.<\/p>\n<p>O, Di\u015fi sonluq (tip F), ki\u015fi (tip \u039c) v\u0259 montaj \u00fc\u00e7\u00fcn x\u00fcsusi \u00fcst di\u015fi fiksasiya il\u0259 (tip SF) m\u00f6vcuddur.<\/p>\n<p>Vibro-3D h\u0259m montaj, h\u0259m d\u0259 m\u00fcvafiq y\u00fckl\u0259rin dayand\u0131r\u0131lmas\u0131 \u00fc\u00e7\u00fcn istifad\u0259 edil\u0259 bil\u0259r.<\/p>\n<p>Qeyd: Radial q\u00fcvv\u0259 \u00fc\u00e7\u00fcn maksimum y\u00fck montaj y\u00fck\u00fcn\u00fcn 15%-i olmal\u0131d\u0131r.<\/p>\n","protected":false},"excerpt":{"rendered":"<p>T<\/p>\n<p>Yeni Vibro-3D anti-vibrasiya qur\u011fusu h\u0259r istiqam\u0259td\u0259 (x,y,z) a\u011f\u0131r vibrasiyal\u0131 avadanl\u0131qlar\u0131 d\u0259st\u0259kl\u0259y\u0259 bil\u0259r v\u0259 g\u0259rginlik, s\u0131x\u0131lma, k\u0259sm\u0259 xarakterli q\u00fcvv\u0259l\u0259ri saxlaya bilir. \u018fsas daxili elastik material yar\u0131 qapal\u0131 h\u00fcceyr\u0259l\u0259ri olan poliuretan k\u00f6p\u00fckd\u00fcr.<\/p>\n<p>T\u018fSV\u0130R\u0130<\/p>\n<p>Yeni vibrasiya \u0259leyhin\u0259 qur\u011fu Vibro-3D h\u0259r istiqam\u0259td\u0259 (x,y,z) a\u011f\u0131r vibrasiyal\u0131 avadanl\u0131\u011f\u0131 d\u0259st\u0259kl\u0259y\u0259 bil\u0259n v\u0259 g\u0259rginlik, s\u0131x\u0131lma, k\u0259silm\u0259 xarakterli q\u00fcvv\u0259l\u0259ri saxlaya bil\u0259n bir ne\u00e7\u0259 vibrasiya \u0259leyhin\u0259 qur\u011fulardan biridir.<br \/>\nVibro-3D anti-vibrasiya qur\u011fusu h\u0259r \u00fc\u00e7 oxda impulsiv y\u00fckl\u0259ri saxlamaq \u00fc\u00e7\u00fcn n\u0259z\u0259rd\u0259 tutulmu\u015fdur, buna g\u00f6r\u0259 d\u0259 o, minimum m\u0259hv olmaq t\u0259hl\u00fck\u0259si il\u0259 y\u00fcks\u0259k \u015faquli v\u0259 ya yanal z\u0259rb\u0259l\u0259r\/s\u0131x\u0131lmalar q\u0259bul ed\u0259 bilir.<br \/>\n\u018fsas daxili elastik material Almaniyada BSW t\u0259r\u0259find\u0259n Regufoam\u00ae ticar\u0259t ni\u015fan\u0131 il\u0259 istehsal olunan yar\u0131 qapal\u0131 h\u00fcceyr\u0259li poliuretan k\u00f6p\u00fckd\u00fcr. Drezden Universitetind\u0259 apar\u0131lan mexaniki davran\u0131\u015f diaqramlar\u0131n\u0131n tam \u00e7e\u015fidi ist\u0259k \u0259sas\u0131nda m\u00f6vcuddur.<\/p>\n<p>Vibro-3D \u00c7ox istiqam\u0259tli anti-vibrasiya montaj\u0131, uy\u011fundur:<br \/>\n\u0130\u015fl\u0259nmi\u015f qaz borular\u0131n\u0131n dayand\u0131r\u0131lmas\u0131.<br \/>\nD\u0259niz v\u0259 Aviasiya T\u018fTB\u0130QL\u018fR\u0130.<br \/>\nFreon soyutma boru k\u0259m\u0259rl\u0259rinin d\u0259st\u0259kl\u0259nm\u0259si.<br \/>\nY\u00fcks\u0259k RPM m\u00fch\u0259rrikl\u0259rinin qura\u015fd\u0131r\u0131lmas\u0131.<br \/>\nElektron cihazlar\u0131n qura\u015fd\u0131r\u0131lmas\u0131.<br \/>\nDinamikl\u0259rin as\u0131lmas\u0131 v\u0259 divara b\u0259rkidilm\u0259si.<br \/>\nMa\u015f\u0131nlar\u0131n seysmik m\u00fchafiz\u0259si.<br \/>\nH\u00fcnd\u00fcrl\u00fcy\u00fcn t\u0259nziml\u0259nm\u0259si v\u0259 qura\u015fd\u0131r\u0131lmas\u0131<\/p>\n<p>Vibro-3D vibrasiya \u0259leyhin\u0259 qur\u011fu pasa davaml\u0131 H\u00fcnd\u00fcrl\u00fck T\u0259nziml\u0259m\u0259 Cihaz\u0131 (Vibro-HR) il\u0259 t\u0259chiz edilmi\u015fdir.<\/p>\n","protected":false},"featured_media":22242,"template":"","meta":[],"product_brand":[],"product_cat":[927],"product_tag":[],"class_list":{"0":"post-23739","1":"product","2":"type-product","3":"status-publish","4":"has-post-thumbnail","6":"product_cat-vibrasiya-anti-ss-kuy-akustik-az","8":"first","9":"instock","10":"shipping-taxable","11":"product-type-simple"},"_links":{"self":[{"href":"https:\/\/airsystems.ge\/shop\/az\/wp-json\/wp\/v2\/product\/23739","targetHints":{"allow":["GET"]}}],"collection":[{"href":"https:\/\/airsystems.ge\/shop\/az\/wp-json\/wp\/v2\/product"}],"about":[{"href":"https:\/\/airsystems.ge\/shop\/az\/wp-json\/wp\/v2\/types\/product"}],"wp:featuredmedia":[{"embeddable":true,"href":"https:\/\/airsystems.ge\/shop\/az\/wp-json\/wp\/v2\/media\/22242"}],"wp:attachment":[{"href":"https:\/\/airsystems.ge\/shop\/az\/wp-json\/wp\/v2\/media?parent=23739"}],"wp:term":[{"taxonomy":"product_brand","embeddable":true,"href":"https:\/\/airsystems.ge\/shop\/az\/wp-json\/wp\/v2\/product_brand?post=23739"},{"taxonomy":"product_cat","embeddable":true,"href":"https:\/\/airsystems.ge\/shop\/az\/wp-json\/wp\/v2\/product_cat?post=23739"},{"taxonomy":"product_tag","embeddable":true,"href":"https:\/\/airsystems.ge\/shop\/az\/wp-json\/wp\/v2\/product_tag?post=23739"}],"curies":[{"name":"wp","href":"https:\/\/api.w.org\/{rel}","templated":true}]}}