{"id":23729,"date":"2025-02-07T17:37:37","date_gmt":"2025-02-07T13:37:37","guid":{"rendered":"https:\/\/airsystems.ge\/shop\/product\/vibro-ch-anti-vibration-ceiling-hanger\/"},"modified":"2025-02-26T00:24:30","modified_gmt":"2025-02-25T20:24:30","slug":"vibro-ch-anti-vibration-ceiling-hanger","status":"publish","type":"product","link":"https:\/\/airsystems.ge\/shop\/az\/product\/vibro-ch-anti-vibration-ceiling-hanger\/","title":{"rendered":"Vibro-CH: Anti-vibrasiya Tavan Ask\u0131s\u0131"},"content":{"rendered":"<table border=\"1\" width=\"281\" cellspacing=\"1\" cellpadding=\"1\">\n<tbody>\n<tr>\n<td>\n<p align=\"center\"><strong>TYPE<\/strong><\/p>\n<\/td>\n<td>\n<p align=\"center\"><strong>MAXIMUM LOAD (kp*)<\/strong><\/p>\n<\/td>\n<\/tr>\n<tr>\n<td>\n<p align=\"center\"><strong><em>Vibro<\/em>-CH.25<\/strong><\/p>\n<\/td>\n<td>\n<p align=\"center\">25<\/p>\n<\/td>\n<\/tr>\n<tr>\n<td>\n<p align=\"center\"><strong><em>Vibro<\/em>-CH.50<\/strong><\/p>\n<\/td>\n<td>\n<p align=\"center\">50<\/p>\n<\/td>\n<\/tr>\n<tr>\n<td>\n<p align=\"center\"><strong><em>Vibro<\/em>-CH.100<\/strong><\/p>\n<\/td>\n<td>\n<p align=\"center\">100<\/p>\n<\/td>\n<\/tr>\n<tr>\n<td>\n<p align=\"center\"><strong><em>Vibro<\/em>-CH.150<\/strong><\/p>\n<\/td>\n<td>\n<p align=\"center\">150<\/p>\n<\/td>\n<\/tr>\n<\/tbody>\n<\/table>\n<p><em>*1kp = 10N<\/em><\/p>\n<p><strong>Dinamik X\u00fcsusiyy\u0259tl\u0259r<\/strong><\/p>\n<p>3 Hz-\u0259 q\u0259d\u0259r t\u0259bii tezlik<br \/>\nMaksimum y\u00fck alt\u0131nda t\u0259xmin\u0259n 25 mm\u00a0statik \u0259yilm\u0259<\/p>\n","protected":false},"excerpt":{"rendered":"<p>Daha yax\u015f\u0131 vibrasiya izolyasiyas\u0131 \u00fc\u00e7\u00fcn vibrasiyaya qar\u015f\u0131 rezin v\u0259 metal yay birl\u0259\u015fm\u0259sind\u0259n ibar\u0259t yay asma. Vibro CH antivibrasiya as\u0131lqan\u0131ndan a\u015fa\u011f\u0131dak\u0131 t\u0259tbiql\u0259rd\u0259 istifad\u0259 oluna bil\u0259r: \u00dcz\u0259n tavanlarda s\u0259s izolyasiyas\u0131 \u00fc\u00e7\u00fcn vibrasiya \u0259leyhin\u0259 As\u0131lqan (al\u00e7\u0131pan il\u0259 asma tavan) Titr\u0259m\u0259 \u0259leyhin\u0259 ma\u015f\u0131n\u0131n as\u0131lmas\u0131 (y\u0259ni FCU), borular\u0131n, hava kanallar\u0131n\u0131n, s\u0259sucaldanlar\u0131n vibrasiya izolyasiyas\u0131 v\u0259 s.<\/p>\n<p>T\u018fSV\u0130R\u0130<\/p>\n<p>Vibro-CH, a\u015fa\u011f\u0131 v\u0259 y\u00fcks\u0259k tezlikli vibrasiyan\u0131 daha yax\u015f\u0131 izolyasiya etm\u0259k \u00fc\u00e7\u00fcn vibrasiyaya qar\u015f\u0131 rezin v\u0259 metal yay birl\u0259\u015fm\u0259sind\u0259n ibar\u0259t yayl\u0131 as\u0131lqand\u0131r.<\/p>\n<p>Vibro-CH vibrasiya \u0259leyhin\u0259 as\u0131lqan a\u015fa\u011f\u0131dak\u0131lardan ibar\u0259tdir:<br \/>\n\u2022 Qoruma \u00fc\u00e7\u00fcn boyal\u0131 \u00fczl\u00fckl\u00fc polad \u00e7\u0259r\u00e7iv\u0259 v\u0259 ya sinkl\u0259nmi\u015f metal<br \/>\n\u2022 DIN standart\u0131na uy\u011fun sinkl\u0259nmi\u015f \u00fczl\u00fckl\u00fc polad yay<br \/>\n\u2022 Yay\u0131n h\u0259r\u0259k\u0259tinin qar\u015f\u0131s\u0131n\u0131 almaq \u00fc\u00e7\u00fcn polad fincan<br \/>\n\u2022 S\u0259s tezliyinin daha yax\u015f\u0131 izolyasiyas\u0131 \u00fc\u00e7\u00fcn yuxar\u0131dak\u0131 rezin element (yar\u0131 qapal\u0131 kameral\u0131 poliuretan k\u00f6p\u00fck)<br \/>\n\u2022 Qoruyucu qayka il\u0259 asma \u00e7ubuq (ist\u0259k \u0259sas\u0131nda)<br \/>\n\u2022 Alt qozunu \u00e7evir\u0259r\u0259k \u0259vv\u0259lc\u0259d\u0259n y\u00fckl\u0259m\u0259 qabiliyy\u0259ti<br \/>\n\u2022 Metal \u00e7\u0259r\u00e7iv\u0259 il\u0259 t\u0259mas etm\u0259d\u0259n 30 d\u0259r\u0259c\u0259y\u0259 q\u0259d\u0259r bucaqlar\u0131n d\u00fcz\u00fclm\u0259 qabiliyy\u0259ti<br \/>\n\u2022 S\u0259s k\u00f6rp\u00fcs\u00fcn\u00fcn qar\u015f\u0131s\u0131n\u0131 almaq \u00fc\u00e7\u00fcn \u00e7\u0131x\u0131nt\u0131l\u0131 kollu rezin yay fincan\u0131<br \/>\n\u2022 M\u00fcxt\u0259lif n\u00f6v asma (vida, g\u00f6zl\u0259r qal\u0131n).<br \/>\n\u2022 \u018fvv\u0259lc\u0259d\u0259n y\u00fckl\u0259m\u0259 d\u0259sti (ist\u0259k \u0259sas\u0131nda).<\/p>\n<p>*As\u0131l\u0131 bolt daxil deyil.<\/p>\n<p>&nbsp;<\/p>\n<p>T\u018fTB\u0130QL\u018fR<\/p>\n<p>Vibro CH vibrasiya \u0259leyhin\u0259 as\u0131lqan a\u015fa\u011f\u0131dak\u0131 t\u0259tbiql\u0259rd\u0259 istifad\u0259 edil\u0259 bil\u0259r:<\/p>\n<p>\u00dcz\u0259n tavanlarda vibrasiya \u0259leyhin\u0259 as\u0131lqan kimi s\u0259s izolyasiyas\u0131 (al\u00e7\u0131pan il\u0259 asma tavan)<br \/>\nTitr\u0259m\u0259 \u0259leyhin\u0259 ma\u015f\u0131n\u0131n as\u0131lmas\u0131 (y\u0259ni FCU), borular\u0131n, hava kanallar\u0131n\u0131n, dinamikl\u0259rin vibrasiya izolyasiyas\u0131 v\u0259 s.<\/p>\n<p>&nbsp;<\/p>\n<p>MONTAJ T\u018fL\u0130MATLARI<\/p>\n<p>1. R\u0259ng kodlu yaylardan v\u0259 ya identifikasiya kimi etiketl\u0259m\u0259d\u0259n istifad\u0259 ed\u0259r\u0259k, h\u0259r bir vibrasiya \u0259leyhin\u0259 as\u0131lqan Vibro-CH-ni t\u0259qdimat cizgisin\u0259 uy\u011fun olaraq yerl\u0259\u015fdirin.<br \/>\n2. \u0130zolyatorlar aras\u0131nda d\u00fczg\u00fcn m\u0259saf\u0259 \u0259ld\u0259 etm\u0259k \u00fc\u00e7\u00fcn vibrasiya \u0259leyhin\u0259 as\u0131lqan Vibro-CH-ni yuxar\u0131 tavana etibarl\u0131 \u015f\u0259kild\u0259 b\u0259rkidin.<br \/>\n3. Y\u00fck\u00fc vibrasiya \u0259leyhin\u0259 as\u0131lqanlar aras\u0131nda b\u00f6l\u00fc\u015fd\u00fcrm\u0259k \u00fc\u00e7\u00fcn \u00e7ubu\u011fu m\u00fcvafiq s\u0259viyy\u0259y\u0259 d\u00fcz\u0259ltm\u0259k \u00fc\u00e7\u00fcn t\u0259nziml\u0259yin.<br \/>\n4. Asma tavan\u0131n metal \u00e7\u0259r\u00e7iv\u0259sinin adekvat uy\u011funla\u015fd\u0131r\u0131lmas\u0131n\u0131 yoxlay\u0131n.<\/p>\n<p><a class=\"swipebox\" title=\"VIBRO CH-INSTALLATION INSTRUCTIONS\" href=\"https:\/\/antivibration-systems.com\/wp-content\/uploads\/2012\/10\/VIBRO-CH-INSTALLATION-INSTRUCTIONS.jpg\" data-rel=\"lightbox-gallery-bGlnaHRib3gtZ2FsbGVyeS0w\" data-rl_title=\"VIBRO CH-INSTALLATION INSTRUCTIONS\" data-rl_caption=\"\"><img loading=\"lazy\" decoding=\"async\" class=\"alignleft size-medium wp-image-10544\" src=\"https:\/\/antivibration-systems.com\/wp-content\/uploads\/2012\/10\/VIBRO-CH-INSTALLATION-INSTRUCTIONS-300x223.jpg\" sizes=\"auto, (max-width: 300px) 100vw, 300px\" srcset=\"https:\/\/antivibration-systems.com\/wp-content\/uploads\/2012\/10\/VIBRO-CH-INSTALLATION-INSTRUCTIONS-300x223.jpg 300w, https:\/\/antivibration-systems.com\/wp-content\/uploads\/2012\/10\/VIBRO-CH-INSTALLATION-INSTRUCTIONS-768x571.jpg 768w, https:\/\/antivibration-systems.com\/wp-content\/uploads\/2012\/10\/VIBRO-CH-INSTALLATION-INSTRUCTIONS.jpg 981w\" alt=\"\" width=\"300\" height=\"223\" \/><\/a><a class=\"swipebox\" title=\"VIBRO CH-INSTALLATION INSTRUCTIONS_2\" href=\"https:\/\/antivibration-systems.com\/wp-content\/uploads\/2012\/10\/VIBRO-CH-INSTALLATION-INSTRUCTIONS_2.jpg\" data-rel=\"lightbox-gallery-bGlnaHRib3gtZ2FsbGVyeS0w\" data-rl_title=\"VIBRO CH-INSTALLATION INSTRUCTIONS_2\" data-rl_caption=\"\">1. R\u0259ng kodlu yaylardan v\u0259 ya identifikasiya kimi etiketl\u0259m\u0259d\u0259n istifad\u0259 ed\u0259r\u0259k, h\u0259r bir vibrasiya \u0259leyhin\u0259 as\u0131lqan Vibro-CH-ni t\u0259qdimat cizgisin\u0259 uy\u011fun olaraq yerl\u0259\u015fdirin.<br \/>\n2. \u0130zolyatorlar aras\u0131nda d\u00fczg\u00fcn m\u0259saf\u0259 \u0259ld\u0259 etm\u0259k \u00fc\u00e7\u00fcn vibrasiya \u0259leyhin\u0259 as\u0131lqan Vibro-CH-ni yuxar\u0131 tavana etibarl\u0131 \u015f\u0259kild\u0259 b\u0259rkidin.<br \/>\n3. Y\u00fck\u00fc vibrasiya \u0259leyhin\u0259 as\u0131lqanlar aras\u0131nda b\u00f6l\u00fc\u015fd\u00fcrm\u0259k \u00fc\u00e7\u00fcn \u00e7ubu\u011fu m\u00fcvafiq s\u0259viyy\u0259y\u0259 d\u00fcz\u0259ltm\u0259k \u00fc\u00e7\u00fcn t\u0259nziml\u0259yin.<br \/>\n4. Asma tavan\u0131n metal \u00e7\u0259r\u00e7iv\u0259sinin adekvat uy\u011funla\u015fd\u0131r\u0131lmas\u0131n\u0131 yoxlay\u0131n.<br \/>\n<img loading=\"lazy\" decoding=\"async\" class=\"alignleft wp-image-10547\" src=\"https:\/\/antivibration-systems.com\/wp-content\/uploads\/2012\/10\/VIBRO-CH-INSTALLATION-INSTRUCTIONS_2-300x139.jpg\" sizes=\"auto, (max-width: 512px) 100vw, 512px\" srcset=\"https:\/\/antivibration-systems.com\/wp-content\/uploads\/2012\/10\/VIBRO-CH-INSTALLATION-INSTRUCTIONS_2-300x139.jpg 300w, https:\/\/antivibration-systems.com\/wp-content\/uploads\/2012\/10\/VIBRO-CH-INSTALLATION-INSTRUCTIONS_2-768x355.jpg 768w, https:\/\/antivibration-systems.com\/wp-content\/uploads\/2012\/10\/VIBRO-CH-INSTALLATION-INSTRUCTIONS_2-1024x474.jpg 1024w, https:\/\/antivibration-systems.com\/wp-content\/uploads\/2012\/10\/VIBRO-CH-INSTALLATION-INSTRUCTIONS_2.jpg 1440w\" alt=\"\" width=\"512\" height=\"237\" \/><\/a><\/p>\n<p>&nbsp;<\/p>\n","protected":false},"featured_media":22260,"template":"","meta":[],"product_brand":[],"product_cat":[927],"product_tag":[],"class_list":{"0":"post-23729","1":"product","2":"type-product","3":"status-publish","4":"has-post-thumbnail","6":"product_cat-vibrasiya-anti-ss-kuy-akustik-az","8":"first","9":"instock","10":"shipping-taxable","11":"product-type-simple"},"_links":{"self":[{"href":"https:\/\/airsystems.ge\/shop\/az\/wp-json\/wp\/v2\/product\/23729","targetHints":{"allow":["GET"]}}],"collection":[{"href":"https:\/\/airsystems.ge\/shop\/az\/wp-json\/wp\/v2\/product"}],"about":[{"href":"https:\/\/airsystems.ge\/shop\/az\/wp-json\/wp\/v2\/types\/product"}],"wp:featuredmedia":[{"embeddable":true,"href":"https:\/\/airsystems.ge\/shop\/az\/wp-json\/wp\/v2\/media\/22260"}],"wp:attachment":[{"href":"https:\/\/airsystems.ge\/shop\/az\/wp-json\/wp\/v2\/media?parent=23729"}],"wp:term":[{"taxonomy":"product_brand","embeddable":true,"href":"https:\/\/airsystems.ge\/shop\/az\/wp-json\/wp\/v2\/product_brand?post=23729"},{"taxonomy":"product_cat","embeddable":true,"href":"https:\/\/airsystems.ge\/shop\/az\/wp-json\/wp\/v2\/product_cat?post=23729"},{"taxonomy":"product_tag","embeddable":true,"href":"https:\/\/airsystems.ge\/shop\/az\/wp-json\/wp\/v2\/product_tag?post=23729"}],"curies":[{"name":"wp","href":"https:\/\/api.w.org\/{rel}","templated":true}]}}