{"id":23725,"date":"2025-02-07T17:54:22","date_gmt":"2025-02-07T13:54:22","guid":{"rendered":"https:\/\/airsystems.ge\/shop\/product\/vibro-ch-mini-multiform-anti-vibration-suspension\/"},"modified":"2025-02-26T00:24:29","modified_gmt":"2025-02-25T20:24:29","slug":"vibro-ch-mini-multiform-anti-vibration-suspension","status":"publish","type":"product","link":"https:\/\/airsystems.ge\/shop\/az\/product\/vibro-ch-mini-multiform-anti-vibration-suspension\/","title":{"rendered":"Vibro-CH mini: \u00c7oxformal\u0131 Titr\u0259m\u0259y\u0259 Qar\u015f\u0131 Asma"},"content":{"rendered":"<p><strong>Dinamik X\u00fcsusiyy\u0259tl\u0259r<\/strong><\/p>\n<p>Maksimum Y\u00fck:\u00a020\u00a0daN &amp; 50 daN<\/p>\n<p>10Hz-d\u0259n \u00e7ox t\u0259bii tezlik.<\/p>\n<p>\u0130st\u0259y\u0259 g\u00f6r\u0259 daha \u00e7ox y\u00fck.<\/p>\n","protected":false},"excerpt":{"rendered":"<p>Vibro-CH Mini | Multiformal\u0131 Titr\u0259m\u0259 \u018fleyhin\u0259 Asma m\u00fcvafiq yerl\u0259rd\u0259 \u00e7entikl\u0259ri olan sinkl\u0259nmi\u015f poladdan haz\u0131rlanm\u0131\u015f metal \u00e7\u0259r\u00e7iv\u0259d\u0259n v\u0259 Vibro mini vibrasiyaya qar\u015f\u0131 qur\u011fudan ibar\u0259tdir.<\/p>\n<p>&nbsp;<\/p>\n<p>T\u018fSV\u0130R\u0130<\/p>\n<p>Vibro-mini \u2013 Vibro-CH mini anti-vibrasiya rezin d\u0259st\u0259yi il\u0259 Multiformal\u0131 Asma:<\/p>\n<p>Ma\u015f\u0131nlar\u0131n vibrasiyaya qar\u015f\u0131 dayand\u0131r\u0131lmas\u0131 (ventilyatorlar, kondisionerl\u0259r v\u0259 s.)<br \/>\nS\u0259s izolyasiya ed\u0259n asma tavan\u0131n (gips plit\u0259sinin) dayand\u0131r\u0131lmas\u0131.<br \/>\nBorular\u0131n, hava kanallar\u0131n\u0131n vibrasiyaya qar\u015f\u0131 asq\u0131s\u0131.<\/p>\n<p>Vibro-CH mini sinkl\u0259nmi\u015f a\u011f\u0131r metal \u00e7\u0259r\u00e7iv\u0259d\u0259n v\u0259 vibrasiyaya qar\u015f\u0131 rezin Vibro-mini dayaqdan ibar\u0259tdir. Ad\u0259t\u0259n, metal \u00e7\u0259r\u00e7iv\u0259 yast\u0131 formada \u00e7atd\u0131r\u0131l\u0131r. Metal \u00e7\u0259r\u00e7iv\u0259 asanl\u0131qla r\u0259q\u0259ml\u0259rd\u0259 g\u00f6st\u0259ril\u0259n 3 formadan h\u0259r hans\u0131 birin\u0259 \u00e7evril\u0259 bil\u0259r.<\/p>\n<p>FORMALAR<\/p>\n<p>Vibro-CH mini Multiforma Anti-vibrasiya asq\u0131s\u0131 a\u015fa\u011f\u0131dak\u0131 formalarda istifad\u0259 edil\u0259 bil\u0259r:<\/p>\n<p>Forma (1): metal asq\u0131n\u0131n profilinin h\u0259r iki t\u0259r\u0259find\u0259 vidalanm\u0131\u015fd\u0131r.<br \/>\nForma (2): tavanda 2 anker il\u0259 vidalanm\u0131\u015fd\u0131r.<br \/>\nForma (3): tavana 1 l\u00f6vb\u0259rl\u0259 b\u0259rkidilir.<br \/>\nForma (4): qarmaq il\u0259 as\u0131lm\u0131\u015fd\u0131r.<\/p>\n<p>MONTAJ<\/p>\n<p>\u015e\u0259b\u0259k\u0259 nax\u0131\u015f\u0131n\u0131 v\u0259 tavan asma yerini m\u00f6vcud \u00fcz\u0259rind\u0259 qeyd edin<br \/>\nizolyasiya edilm\u0259mi\u015f tavan.<br \/>\nPolad l\u00f6vb\u0259rd\u0259n istifad\u0259 ed\u0259r\u0259k, beton tavana as\u0131lqan\u0131 b\u0259rkidin<br \/>\nM8 v\u0259 rezin elementind\u0259n ke\u00e7\u0259n m\u00fcvafiq \u00e7ubuq<br \/>\nas\u0131lqan, qoruyucu qayka il\u0259 d\u00fcz\u0259ldin.<br \/>\nAs\u0131lqanlar ota\u011f\u0131n \u00f6l\u00e7\u00fcl\u0259rin\u0259 v\u0259 \u00f6l\u00e7\u00fcl\u0259rin\u0259 uy\u011fun olaraq yerl\u0259\u015fdirilir<br \/>\ntavan\u0131n \u00fcmumi \u00e7\u0259kisi, t\u0259xmin\u0259n 4 as\u0131lqan\/m\u00b2.<br \/>\n\u0130zolyatorun ayaqlar\u0131n\u0131 2+2 uy\u011fun istifad\u0259 ed\u0259r\u0259k \u0259sas profild\u0259 d\u00fcz\u0259ldin<br \/>\nvintl\u0259r.<br \/>\nB\u00fct\u00fcn metal kanallar perimetri divarlar\u0131 il\u0259 t\u0259masda olmamal\u0131d\u0131r<br \/>\ns\u0259s k\u00f6rp\u00fcl\u0259ri).<br \/>\nD\u00fcz\u0259ldici t\u0259nziml\u0259m\u0259y\u0259 davam etm\u0259k \u00fc\u00e7\u00fcn alt qozunu i\u00e7\u0259ri \u00e7evirin<br \/>\nlaz\u0131mi s\u0259viyy\u0259y\u0259 \u00e7atana q\u0259d\u0259r m\u00fcvafiq istiqam\u0259td\u0259.<br \/>\nS\u0259s udma sistemi d\u0259 daxil olmaqla idman zal\u0131 sistemini qura\u015fd\u0131r\u0131n<br \/>\nplit\u0259l\u0259r v\u0259 s\u0259s-k\u00fcy izolyasiya membranlar\u0131na g\u00f6r\u0259<br \/>\ngymsumboard istehsal\u00e7\u0131s\u0131 t\u0259limatlar\u0131.<br \/>\nKenarlar\u0131 m\u00f6hk\u0259m b\u0259rkitm\u0259y\u0259n mastika il\u0259 m\u00f6h\u00fcrl\u0259yin.<\/p>\n","protected":false},"featured_media":22282,"template":"","meta":[],"product_brand":[],"product_cat":[927],"product_tag":[],"class_list":{"0":"post-23725","1":"product","2":"type-product","3":"status-publish","4":"has-post-thumbnail","6":"product_cat-vibrasiya-anti-ss-kuy-akustik-az","8":"first","9":"instock","10":"shipping-taxable","11":"product-type-simple"},"_links":{"self":[{"href":"https:\/\/airsystems.ge\/shop\/az\/wp-json\/wp\/v2\/product\/23725","targetHints":{"allow":["GET"]}}],"collection":[{"href":"https:\/\/airsystems.ge\/shop\/az\/wp-json\/wp\/v2\/product"}],"about":[{"href":"https:\/\/airsystems.ge\/shop\/az\/wp-json\/wp\/v2\/types\/product"}],"wp:featuredmedia":[{"embeddable":true,"href":"https:\/\/airsystems.ge\/shop\/az\/wp-json\/wp\/v2\/media\/22282"}],"wp:attachment":[{"href":"https:\/\/airsystems.ge\/shop\/az\/wp-json\/wp\/v2\/media?parent=23725"}],"wp:term":[{"taxonomy":"product_brand","embeddable":true,"href":"https:\/\/airsystems.ge\/shop\/az\/wp-json\/wp\/v2\/product_brand?post=23725"},{"taxonomy":"product_cat","embeddable":true,"href":"https:\/\/airsystems.ge\/shop\/az\/wp-json\/wp\/v2\/product_cat?post=23725"},{"taxonomy":"product_tag","embeddable":true,"href":"https:\/\/airsystems.ge\/shop\/az\/wp-json\/wp\/v2\/product_tag?post=23725"}],"curies":[{"name":"wp","href":"https:\/\/api.w.org\/{rel}","templated":true}]}}