{"id":23714,"date":"2025-02-07T18:37:49","date_gmt":"2025-02-07T14:37:49","guid":{"rendered":"https:\/\/airsystems.ge\/shop\/product\/vibro-sh-f-vibration-isolation-of-low-and-high-frequencies\/"},"modified":"2025-02-26T00:24:29","modified_gmt":"2025-02-25T20:24:29","slug":"vibro-sh-f-vibration-isolation-of-low-and-high-frequencies","status":"publish","type":"product","link":"https:\/\/airsystems.ge\/shop\/az\/product\/vibro-sh-f-vibration-isolation-of-low-and-high-frequencies\/","title":{"rendered":"Vibro-SH.F: A\u015fa\u011f\u0131 v\u0259 y\u00fcks\u0259k tezlikl\u0259rin vibrasiya izolyasiyas\u0131"},"content":{"rendered":"<p><a class=\"swipebox\" title=\"Vibro-SH.F Selection Table\" href=\"https:\/\/antivibration-systems.com\/wp-content\/uploads\/2012\/10\/Vibro-SH.F-Selection-Table.jpg\" data-rel=\"lightbox-gallery-bGlnaHRib3gtZ2FsbGVyeS0w\" data-rl_title=\"Vibro-SH.F Selection Table\" data-rl_caption=\"\"><img loading=\"lazy\" decoding=\"async\" class=\"aligncenter wp-image-10744\" src=\"https:\/\/antivibration-systems.com\/wp-content\/uploads\/2012\/10\/Vibro-SH.F-Selection-Table.jpg\" alt=\"Selection Table Vibro-SH.F\" width=\"508\" height=\"217\" \/><\/a><\/p>\n","protected":false},"excerpt":{"rendered":"<p>\u0130nsan qula\u011f\u0131n\u0131n e\u015fitdiyi a\u015fa\u011f\u0131 v\u0259 y\u00fcks\u0259k tezlikl\u0259rin daha yax\u015f\u0131 vibrasiya izolyasiyas\u0131 \u00fc\u00e7\u00fcn metal yay il\u0259 x\u00fcsusi rezin birl\u0259\u015fm\u0259si<\/p>\n<p>T\u018fSV\u0130R\u0130<\/p>\n<p>Vibro-SH.F A\u015fa\u011f\u0131 v\u0259 Y\u00fcks\u0259k Tezlikl\u0259rin Vibrasiya \u0130zolyatoru y\u00fcks\u0259k keyfiyy\u0259tli poliuretan h\u00fcceyr\u0259 k\u00f6p\u00fcy\u00fc (Regufoam\u00ae) v\u0259 insan e\u015fitm\u0259 spektri daxilind\u0259 \u00e7ox geni\u015f vibrasiya tezlikl\u0259rini t\u0259crid etm\u0259k \u00fc\u00e7\u00fcn x\u00fcsusi olaraq haz\u0131rlanm\u0131\u015f metal yay\u0131n birl\u0259\u015fm\u0259sidir.<\/p>\n<p>Vibro-SH.F a\u015fa\u011f\u0131dak\u0131lardan ibar\u0259tdir:<\/p>\n<p>Boyal\u0131 bitirm\u0259 v\u0259 ya sinkl\u0259nmi\u015f qoruma il\u0259 polad \u00e7\u0259r\u00e7iv\u0259.<br \/>\nDIN standart\u0131na uy\u011fun sinkl\u0259nmi\u015f \u00f6rt\u00fckl\u00fc polad yay.<br \/>\nYay\u0131n h\u0259r\u0259k\u0259tinin qar\u015f\u0131s\u0131n\u0131 almaq \u00fc\u00e7\u00fcn polad fincan.<br \/>\nKau\u00e7uk element (yar\u0131 qapal\u0131 h\u00fcceyr\u0259l\u0259ri olan poliuretan k\u00f6p\u00fck).<br \/>\nT\u0259hl\u00fck\u0259sizlik qozu il\u0259 \u00e7ubuq (ist\u0259k \u0259sas\u0131nda).<br \/>\nMetal \u00e7\u0259r\u00e7iv\u0259 il\u0259 t\u0259mas etm\u0259d\u0259n 30 d\u0259r\u0259c\u0259y\u0259 q\u0259d\u0259r a\u00e7\u0131sal uy\u011funsuzluq qabiliyy\u0259ti.<br \/>\n\u018fvv\u0259lc\u0259d\u0259n y\u00fckl\u0259m\u0259 d\u0259sti (ist\u0259k \u0259sas\u0131nda).<br \/>\nT\u018fTB\u0130QL\u018fR<\/p>\n<p>S\u0259s izolyasiyas\u0131 Tavan Ask\u0131s\u0131 (al\u00e7\u0131pan il\u0259 asma tavan)<br \/>\nMa\u015f\u0131nlar \u00fc\u00e7\u00fcn vibrasiya \u0259leyhin\u0259 as\u0131lqan<br \/>\nBorular\u0131n, hava kanallar\u0131n\u0131n, dinamikl\u0259rin vibrasiya izolyasiyas\u0131 v\u0259 s.<br \/>\nD\u0130NAM\u0130K X\u00dcSUS\u0130YY\u018fTL\u018fR<\/p>\n<p>Maksimum y\u00fckd\u0259 t\u0259bii tezlik 3 Hz.<br \/>\nMaksimum y\u00fckd\u0259 t\u0259xmin\u0259n 25 mm statik \u0259yilm\u0259.<\/p>\n<p>MONTAJ<\/p>\n<p>1. R\u0259ng kodlu yaylardan v\u0259 ya identifikasiya kimi etiketl\u0259m\u0259d\u0259n istifad\u0259 ed\u0259r\u0259k, h\u0259r bir Vibro-SH.F vibrasiya izolyatorunu submital r\u0259sm\u0259 uy\u011fun olaraq yerl\u0259\u015fdirin.<br \/>\n2. \u0130zolyatorlar aras\u0131nda d\u00fczg\u00fcn m\u0259saf\u0259y\u0259 nail olmaq \u00fc\u00e7\u00fcn Vibro-SH.F yayl\u0131 as\u0131lqan\u0131n\u0131 yuxar\u0131 tavana etibarl\u0131 \u015f\u0259kild\u0259 b\u0259rkidin.<br \/>\n3. Y\u00fck\u00fc sring izolyatorlar\u0131 aras\u0131nda b\u0259rab\u0259r paylamaq \u00fc\u00e7\u00fcn m\u00fcvafiq s\u0259viyy\u0259ni d\u00fcz\u0259ltm\u0259k \u00fc\u00e7\u00fcn \u00e7ubu\u011fu t\u0259nziml\u0259yin.<br \/>\n4. Asma tavan\u0131n metal \u00e7\u0259r\u00e7iv\u0259sin\u0259 adekvat uy\u011funlu\u011funu yoxlay\u0131n.<\/p>\n","protected":false},"featured_media":22323,"template":"","meta":[],"product_brand":[],"product_cat":[927],"product_tag":[],"class_list":{"0":"post-23714","1":"product","2":"type-product","3":"status-publish","4":"has-post-thumbnail","6":"product_cat-vibrasiya-anti-ss-kuy-akustik-az","8":"first","9":"instock","10":"shipping-taxable","11":"product-type-simple"},"_links":{"self":[{"href":"https:\/\/airsystems.ge\/shop\/az\/wp-json\/wp\/v2\/product\/23714","targetHints":{"allow":["GET"]}}],"collection":[{"href":"https:\/\/airsystems.ge\/shop\/az\/wp-json\/wp\/v2\/product"}],"about":[{"href":"https:\/\/airsystems.ge\/shop\/az\/wp-json\/wp\/v2\/types\/product"}],"wp:featuredmedia":[{"embeddable":true,"href":"https:\/\/airsystems.ge\/shop\/az\/wp-json\/wp\/v2\/media\/22323"}],"wp:attachment":[{"href":"https:\/\/airsystems.ge\/shop\/az\/wp-json\/wp\/v2\/media?parent=23714"}],"wp:term":[{"taxonomy":"product_brand","embeddable":true,"href":"https:\/\/airsystems.ge\/shop\/az\/wp-json\/wp\/v2\/product_brand?post=23714"},{"taxonomy":"product_cat","embeddable":true,"href":"https:\/\/airsystems.ge\/shop\/az\/wp-json\/wp\/v2\/product_cat?post=23714"},{"taxonomy":"product_tag","embeddable":true,"href":"https:\/\/airsystems.ge\/shop\/az\/wp-json\/wp\/v2\/product_tag?post=23714"}],"curies":[{"name":"wp","href":"https:\/\/api.w.org\/{rel}","templated":true}]}}