{"id":23704,"date":"2025-02-07T19:28:14","date_gmt":"2025-02-07T15:28:14","guid":{"rendered":"https:\/\/airsystems.ge\/shop\/product\/vibro-fs-anti-vibration-rubber-supports-for-wooden-floors\/"},"modified":"2025-02-26T00:24:29","modified_gmt":"2025-02-25T20:24:29","slug":"vibro-fs-anti-vibration-rubber-supports-for-wooden-floors","status":"publish","type":"product","link":"https:\/\/airsystems.ge\/shop\/az\/product\/vibro-fs-anti-vibration-rubber-supports-for-wooden-floors\/","title":{"rendered":"Vibro-FS: Taxta d\u00f6\u015f\u0259m\u0259l\u0259r \u00fc\u00e7\u00fcn vibrasiyaya qar\u015f\u0131 rezin dayaqlar"},"content":{"rendered":"<p>X\u00fcsusi modulyasiya edilmi\u015f reseptorun i\u00e7\u0259risind\u0259 \u00a0l_l\u00a0\u00a0taxta lata v\u0259 ya \u00fcz\u0259n divarlar\u0131n metal profili (polad \u00e7\u0259r\u00e7iv\u0259, metal dir\u0259kl\u0259r v\u0259 s.) il\u0259 qura\u015fd\u0131r\u0131la v\u0259 boltlarla yan qapaqlara b\u0259rkidil\u0259 bil\u0259r. Vibro-FS d\u00f6\u015f\u0259m\u0259y\u0259 v\u0259 ya divara geni\u015fl\u0259ndirici boltlar v\u0259 ya inox d\u0131rnaqlar\u0131 il\u0259 b\u0259rkidil\u0259 bil\u0259r.<\/p>\n<p>D\u0130QQ\u018fT:<br \/>\nH\u0259r bir fiksasiya n\u00f6qt\u0259sind\u0259 metal yuyuculardan da istifad\u0259 edilm\u0259lidir.<\/p>\n<p>D\u00f6\u015f\u0259m\u0259 divara qoyulmamal\u0131d\u0131r, buna g\u00f6r\u0259 d\u0259 x\u00fcsusi haz\u0131rlanm\u0131\u015f elastik profil Vibro-band yerl\u0259\u015fdirilm\u0259lidir.<\/p>\n","protected":false},"excerpt":{"rendered":"<p>T\u018fTB\u0130Q<\/p>\n<p>TAAX D\u00d6\u015e\u018fM\u018fL\u018fRD\u018f T\u018fS\u0130RL\u018fR\u0130N AZALMASI<\/p>\n<p>T\u018fSV\u0130R\u0130<\/p>\n<p>Vibro-FS Titr\u0259m\u0259y\u0259 Qar\u015f\u0131 Rezin D\u0259st\u0259kl\u0259r taxta d\u00f6\u015f\u0259m\u0259l\u0259rd\u0259 z\u0259rb\u0259 s\u0259sini azaltmaq \u00fc\u00e7\u00fcn haz\u0131rlanm\u0131\u015f x\u00fcsusi dizayn edilmi\u015f homojen elastomer dayaq sistemidir.<br \/>\nZ\u0259rb\u0259 s\u0259si, q\u0131sa m\u00fcdd\u0259tli impulsun birba\u015fa qurulu\u015fa t\u0259sir etdiyi zaman yaranan s\u0259s\u0259 aiddir.<br \/>\nVibro-FS vibrasiya qoruyucular\u0131 yuxar\u0131 m\u0259rt\u0259b\u0259l\u0259rd\u0259n a\u015fa\u011f\u0131 s\u0259viyy\u0259l\u0259r\u0259 q\u0259d\u0259r z\u0259rb\u0259 s\u0259sinin y\u00fcks\u0259k d\u0259r\u0259c\u0259d\u0259 azald\u0131lmas\u0131n\u0131 t\u0259klif edir.<br \/>\nD\u00f6\u015f\u0259m\u0259 yast\u0131qlar\u0131 h\u0259m d\u0259 istilik v\u0259 akustik k\u00f6rp\u00fcl\u0259rin yaranmas\u0131n\u0131n qar\u015f\u0131s\u0131n\u0131 ala bil\u0259r.<br \/>\nH\u0259m\u00e7inin, onlar y\u00fcng\u00fcl arak\u0259sm\u0259l\u0259rin izolyasiyas\u0131n\u0131 yax\u015f\u0131la\u015fd\u0131r\u0131rlar.<\/p>\n<p>MONTAJ<\/p>\n<p>X\u00fcsusi modulyasiya edilmi\u015f reseptorun i\u00e7\u0259risind\u0259 taxta \u00e7ubuq v\u0259 ya \u00fcz\u0259n divarlar\u0131n metal profili<br \/>\n(polad karkas, metal \u015ftamplar v\u0259 s.) yan qapaqlara boltlar vasit\u0259sil\u0259 qura\u015fd\u0131r\u0131la v\u0259 b\u0259rkidil\u0259 bil\u0259r.<br \/>\nVibro-FS d\u00f6\u015f\u0259m\u0259y\u0259 (v\u0259 ya divara) geni\u015fl\u0259ndirici boltlar v\u0259 ya inox d\u0131rnaqlar\u0131 il\u0259 b\u0259rkidil\u0259 bil\u0259r. H\u0259r d\u00fcz\u0259li\u015fd\u0259<br \/>\nmetal yuyucu istifad\u0259 edilm\u0259lidir (daxildir). D\u00f6\u015f\u0259m\u0259 divara qar\u015f\u0131 qoyulmamal\u0131d\u0131r v\u0259<br \/>\nbu s\u0259b\u0259bd\u0259n x\u00fcsusi haz\u0131rlanm\u0131\u015f elastik profil VIBRO-band yerl\u0259\u015fdirilm\u0259lidir<br \/>\nd\u00f6\u015f\u0259m\u0259 v\u0259 divar aras\u0131nda t\u0259tbiq edilm\u0259lidir.<\/p>\n<p><img loading=\"lazy\" decoding=\"async\" title=\"Vibro-FS - Diagram 3\" src=\"https:\/\/antivibration-systems.com\/wp-content\/uploads\/2012\/10\/FS-application-3d-150x150.jpg\" alt=\"\" width=\"150\" height=\"150\" \/><\/p>\n<p>T\u00d6VS\u0130Y\u018f ED\u0130L\u018fN K\u018fM\u0130D\u018f<\/p>\n<p>m\u00b2 \u00fc\u00e7\u00fcn 6-8 Vibro-FS Anti-vibrasiya rezin dayaqlar<\/p>\n<p>MAKS\u0130MUM Y\u00dcK<\/p>\n<p>H\u0259r montaj n\u00f6qt\u0259si \u00fc\u00e7\u00fcn 80\u00a0daN.<\/p>\n","protected":false},"featured_media":22371,"template":"","meta":[],"product_brand":[],"product_cat":[927],"product_tag":[],"class_list":{"0":"post-23704","1":"product","2":"type-product","3":"status-publish","4":"has-post-thumbnail","6":"product_cat-vibrasiya-anti-ss-kuy-akustik-az","8":"first","9":"instock","10":"shipping-taxable","11":"product-type-simple"},"_links":{"self":[{"href":"https:\/\/airsystems.ge\/shop\/az\/wp-json\/wp\/v2\/product\/23704","targetHints":{"allow":["GET"]}}],"collection":[{"href":"https:\/\/airsystems.ge\/shop\/az\/wp-json\/wp\/v2\/product"}],"about":[{"href":"https:\/\/airsystems.ge\/shop\/az\/wp-json\/wp\/v2\/types\/product"}],"wp:featuredmedia":[{"embeddable":true,"href":"https:\/\/airsystems.ge\/shop\/az\/wp-json\/wp\/v2\/media\/22371"}],"wp:attachment":[{"href":"https:\/\/airsystems.ge\/shop\/az\/wp-json\/wp\/v2\/media?parent=23704"}],"wp:term":[{"taxonomy":"product_brand","embeddable":true,"href":"https:\/\/airsystems.ge\/shop\/az\/wp-json\/wp\/v2\/product_brand?post=23704"},{"taxonomy":"product_cat","embeddable":true,"href":"https:\/\/airsystems.ge\/shop\/az\/wp-json\/wp\/v2\/product_cat?post=23704"},{"taxonomy":"product_tag","embeddable":true,"href":"https:\/\/airsystems.ge\/shop\/az\/wp-json\/wp\/v2\/product_tag?post=23704"}],"curies":[{"name":"wp","href":"https:\/\/api.w.org\/{rel}","templated":true}]}}