{"id":23702,"date":"2025-02-07T19:44:22","date_gmt":"2025-02-07T15:44:22","guid":{"rendered":"https:\/\/airsystems.ge\/shop\/product\/vibro-band-intermediate-anti-vibration-band-for-wooden-floors\/"},"modified":"2025-02-26T00:24:28","modified_gmt":"2025-02-25T20:24:28","slug":"vibro-band-intermediate-anti-vibration-band-for-wooden-floors","status":"publish","type":"product","link":"https:\/\/airsystems.ge\/shop\/az\/product\/vibro-band-intermediate-anti-vibration-band-for-wooden-floors\/","title":{"rendered":"Vibro-Band: Taxta D\u00f6\u015f\u0259m\u0259l\u0259r \u00fc\u00e7\u00fcn Aral\u0131q Anti-vibrasiya Band\u0131"},"content":{"rendered":"","protected":false},"excerpt":{"rendered":"<p>T\u018fTB\u0130QL\u018fR<\/p>\n<p>Vibro-Band \u0259t\u0259k l\u00f6vh\u0259l\u0259ri v\u0259 \u00fcz\u0259n taxta d\u00f6\u015f\u0259m\u0259l\u0259r aras\u0131nda aral\u0131q vibrasiya \u0259leyhin\u0259 bant kimi istifad\u0259 olunur. Vibro-Band istifad\u0259 ed\u0259r\u0259k, \u0259t\u0259kd\u0259n s\u0259s v\u0259 vibrasiya ke\u00e7m\u0259sinin qar\u015f\u0131s\u0131 al\u0131n\u0131r.<\/p>\n<p>T\u018fSV\u0130R\u0130<\/p>\n<p>Vibro-Band anti-vibrasiya profili x\u00fcsusi sintetik kau\u00e7ukdan haz\u0131rlan\u0131r.<\/p>\n<p>Onun innovativ dizayn\u0131 t\u0259min edir:<br \/>\n\u2022 Asan qura\u015fd\u0131rma.<br \/>\n\u2022 M\u00fcmk\u00fcn s\u0259sin qar\u015f\u0131s\u0131n\u0131n al\u0131nmas\u0131 \u2013 k\u00f6rp\u00fc.<br \/>\n\u2022 D\u00f6\u015f\u0259m\u0259nin su izolyasiyas\u0131.<br \/>\n\u2022 Skirting-board v\u0259 taxta parket aras\u0131nda m\u00f6hk\u0259m qura\u015fd\u0131rma.<\/p>\n<p>Aral\u0131q vibrasiya \u0259leyhin\u0259 bant, Vibro-Band, yandan \u00f6t\u00fcr\u00fcl\u0259n vibrasiyan\u0131n qar\u015f\u0131s\u0131n\u0131 almaq \u00fc\u00e7\u00fcn vibrasiya \u0259leyhin\u0259 qur\u011fular\u00a0Vibro-FM\u00a0v\u0259 ya\u00a0Vibro-FS\u00a0 il\u0259 istifad\u0259 edildikd\u0259 taxta mismarlanm\u0131\u015f d\u00f6\u015f\u0259m\u0259l\u0259rd\u0259 z\u0259ruri aksesuard\u0131r.<\/p>\n<p>MONTAJ<\/p>\n<p>Parketin qura\u015fd\u0131r\u0131lmas\u0131 zaman\u0131 parket v\u0259 divar aras\u0131nda s\u0259s-k\u00fcy salmamaq \u00fc\u00e7\u00fcn m\u00fcvafiq bo\u015fluq (4 \u2013 8 mm) olmal\u0131d\u0131r.<br \/>\nVibro-Band-\u0131 basaraq bo\u015flu\u011fa qoyun. Qapaqlar\u0131 say\u0259sind\u0259 asanl\u0131qla b\u0259rkidilir, lakin laz\u0131m olduqda yuxar\u0131 hiss\u0259si divara m\u0131xlana bil\u0259r.<br \/>\nN\u0259hay\u0259t, \u0259t\u0259k l\u00f6vh\u0259sini Vibro-Band \u00fcz\u0259rin\u0259 qoyun.<\/p>\n","protected":false},"featured_media":22385,"template":"","meta":[],"product_brand":[],"product_cat":[927],"product_tag":[],"class_list":{"0":"post-23702","1":"product","2":"type-product","3":"status-publish","4":"has-post-thumbnail","6":"product_cat-vibrasiya-anti-ss-kuy-akustik-az","8":"first","9":"instock","10":"shipping-taxable","11":"product-type-simple"},"_links":{"self":[{"href":"https:\/\/airsystems.ge\/shop\/az\/wp-json\/wp\/v2\/product\/23702","targetHints":{"allow":["GET"]}}],"collection":[{"href":"https:\/\/airsystems.ge\/shop\/az\/wp-json\/wp\/v2\/product"}],"about":[{"href":"https:\/\/airsystems.ge\/shop\/az\/wp-json\/wp\/v2\/types\/product"}],"wp:featuredmedia":[{"embeddable":true,"href":"https:\/\/airsystems.ge\/shop\/az\/wp-json\/wp\/v2\/media\/22385"}],"wp:attachment":[{"href":"https:\/\/airsystems.ge\/shop\/az\/wp-json\/wp\/v2\/media?parent=23702"}],"wp:term":[{"taxonomy":"product_brand","embeddable":true,"href":"https:\/\/airsystems.ge\/shop\/az\/wp-json\/wp\/v2\/product_brand?post=23702"},{"taxonomy":"product_cat","embeddable":true,"href":"https:\/\/airsystems.ge\/shop\/az\/wp-json\/wp\/v2\/product_cat?post=23702"},{"taxonomy":"product_tag","embeddable":true,"href":"https:\/\/airsystems.ge\/shop\/az\/wp-json\/wp\/v2\/product_tag?post=23702"}],"curies":[{"name":"wp","href":"https:\/\/api.w.org\/{rel}","templated":true}]}}