{"id":23688,"date":"2025-02-07T20:25:37","date_gmt":"2025-02-07T16:25:37","guid":{"rendered":"https:\/\/airsystems.ge\/shop\/product\/vibro-qh-mini-sound-insulation-ceiling-hanger\/"},"modified":"2025-02-26T00:24:28","modified_gmt":"2025-02-25T20:24:28","slug":"vibro-qh-mini-sound-insulation-ceiling-hanger","status":"publish","type":"product","link":"https:\/\/airsystems.ge\/shop\/az\/product\/vibro-qh-mini-sound-insulation-ceiling-hanger\/","title":{"rendered":"Vibro-QH mini: S\u0259s \u0130zolyasiyal\u0131 Tavan Ask\u0131s\u0131"},"content":{"rendered":"<p>Maksimum Y\u00fck: 20 &amp; 50 daN<\/p>\n<p>\u018fld\u0259 edil\u0259n t\u0259bii tezlik: 15Hz.<\/p>\n<p>Qeyd: S\u00fcspansiyonun ankeri perpendikulyar olmal\u0131d\u0131r.<\/p>\n","protected":false},"excerpt":{"rendered":"<p>Tavan sisteml\u0259rinin metal profili il\u0259 s\u00fcr\u0259tli \u0259laq\u0259 il\u0259 antivibrasiya as\u0131lqanlar\u0131<\/p>\n<p>Vibro-mini uy\u011fun g\u00fccl\u0259ndirilmi\u015f v\u0259 modulyasiya edilmi\u015f sinkl\u0259nmi\u015f metal asma as\u0131lqan il\u0259 birl\u0259\u015fdiril\u0259 bil\u0259r ki, bu da al\u00e7\u0131pan tavanlar \u00fc\u00e7\u00fcn s\u0259s izolyasiyas\u0131 \u00fcz\u0259rind\u0259 vibrasiya izolyasiyas\u0131 t\u0259klif ed\u0259n Vibro-QH mini S\u0259s \u0130zolyasiyal\u0131 Tavan Ask\u0131s\u0131n\u0131 yarad\u0131r. Vibro-mini-nin rezin d\u0259liyi, ke\u00e7irici boltlar \u00fc\u00e7\u00fcn \u00d88 mm-dir. Asma tavan\u0131n h\u00fcnd\u00fcrl\u00fcy\u00fcn\u00fc t\u0259nziml\u0259m\u0259k \u00fc\u00e7\u00fcn uzun yivli \u00e7ubuqdan istifad\u0259 etm\u0259k olar.<\/p>\n<p>Asma as\u0131lqan DIN 186182-1-\u0259 uy\u011fun olaraq 60 x 27 mm standart tavan profill\u0259ri il\u0259 tez v\u0259 asan \u0259laq\u0259 \u00fc\u00e7\u00fcn tutma k\u0259narlar\u0131na malikdir.<br \/>\nBu k\u0259narlar asanl\u0131qla idar\u0259 oluna bilm\u0259si \u00fc\u00e7\u00fcn asma tavanlar\u0131n standart metal profilin\u0259 uy\u011funla\u015fma\u011fa k\u00f6m\u0259k edir.<br \/>\nBel\u0259likl\u0259, i\u015f d\u0259y\u0259ri azal\u0131r v\u0259 h\u0259m d\u0259 qura\u015fd\u0131r\u0131c\u0131n\u0131n i\u015fini asanla\u015fd\u0131r\u0131r.<\/p>\n<p>T\u018fTB\u0130QL\u018fR<\/p>\n<p>S\u018fS \u0130ZOLASYONU YANLI\u015e<br \/>\nTAVAN ASKISI<br \/>\nTavan sisteml\u0259rinin metal profili il\u0259 S\u00dcR\u018fTL\u0130 \u018fLAQ\u018f<\/p>\n","protected":false},"featured_media":22455,"template":"","meta":[],"product_brand":[],"product_cat":[927],"product_tag":[],"class_list":{"0":"post-23688","1":"product","2":"type-product","3":"status-publish","4":"has-post-thumbnail","6":"product_cat-vibrasiya-anti-ss-kuy-akustik-az","8":"first","9":"instock","10":"shipping-taxable","11":"product-type-simple"},"_links":{"self":[{"href":"https:\/\/airsystems.ge\/shop\/az\/wp-json\/wp\/v2\/product\/23688","targetHints":{"allow":["GET"]}}],"collection":[{"href":"https:\/\/airsystems.ge\/shop\/az\/wp-json\/wp\/v2\/product"}],"about":[{"href":"https:\/\/airsystems.ge\/shop\/az\/wp-json\/wp\/v2\/types\/product"}],"wp:featuredmedia":[{"embeddable":true,"href":"https:\/\/airsystems.ge\/shop\/az\/wp-json\/wp\/v2\/media\/22455"}],"wp:attachment":[{"href":"https:\/\/airsystems.ge\/shop\/az\/wp-json\/wp\/v2\/media?parent=23688"}],"wp:term":[{"taxonomy":"product_brand","embeddable":true,"href":"https:\/\/airsystems.ge\/shop\/az\/wp-json\/wp\/v2\/product_brand?post=23688"},{"taxonomy":"product_cat","embeddable":true,"href":"https:\/\/airsystems.ge\/shop\/az\/wp-json\/wp\/v2\/product_cat?post=23688"},{"taxonomy":"product_tag","embeddable":true,"href":"https:\/\/airsystems.ge\/shop\/az\/wp-json\/wp\/v2\/product_tag?post=23688"}],"curies":[{"name":"wp","href":"https:\/\/api.w.org\/{rel}","templated":true}]}}