{"id":23682,"date":"2025-02-07T20:49:36","date_gmt":"2025-02-07T16:49:36","guid":{"rendered":"https:\/\/airsystems.ge\/shop\/product\/ucb-mini-u-form-sound-isolation-ceiling-bracket\/"},"modified":"2025-02-26T00:24:28","modified_gmt":"2025-02-25T20:24:28","slug":"ucb-mini-u-form-sound-isolation-ceiling-bracket","status":"publish","type":"product","link":"https:\/\/airsystems.ge\/shop\/az\/product\/ucb-mini-u-form-sound-isolation-ceiling-bracket\/","title":{"rendered":"UCB.mini: U formal\u0131 s\u0259s izolyasiyas\u0131 Tavan Braketi"},"content":{"rendered":"<table border=\"1\" width=\"281\" cellspacing=\"1\" cellpadding=\"1\">\n<tbody>\n<tr>\n<td>\n<p align=\"center\"><strong>TYPE<\/strong><\/p>\n<\/td>\n<td>\n<p align=\"center\"><strong>LOAD RANGE (daN)<\/strong><\/p>\n<\/td>\n<\/tr>\n<tr>\n<td>\n<p align=\"center\"><b>UCB.mini 20<\/b><\/p>\n<\/td>\n<td>\n<p align=\"center\">8-20<\/p>\n<\/td>\n<\/tr>\n<tr>\n<td>\n<p align=\"center\"><b>UCB.mini 50<\/b><\/p>\n<\/td>\n<td>\n<p align=\"center\">20-50<\/p>\n<\/td>\n<\/tr>\n<\/tbody>\n<\/table>\n<p><img loading=\"lazy\" decoding=\"async\" class=\"alignleft wp-image-10864 size-medium\" src=\"https:\/\/antivibration-systems.com\/wp-content\/uploads\/2020\/12\/Vibro-Mini-Deflection-300x185.png\" sizes=\"auto, (max-width: 300px) 100vw, 300px\" srcset=\"https:\/\/antivibration-systems.com\/wp-content\/uploads\/2020\/12\/Vibro-Mini-Deflection-300x185.png 300w, https:\/\/antivibration-systems.com\/wp-content\/uploads\/2020\/12\/Vibro-Mini-Deflection-768x473.png 768w, https:\/\/antivibration-systems.com\/wp-content\/uploads\/2020\/12\/Vibro-Mini-Deflection.png 975w\" alt=\"\" width=\"300\" height=\"185\" \/><\/p>\n","protected":false},"excerpt":{"rendered":"<p>Divar y\u0131r\u011falanmas\u0131, tavan asmas\u0131 v\u0259 aksesuarlar\u0131n as\u0131lmas\u0131 \u00fc\u00e7\u00fcn U formal\u0131 s\u0259s izolyasiya m\u00f6t\u0259riz\u0259si.<\/p>\n<p>Vibro-UCB.mini\u00a0vibrasiya izolyasiyas\u0131 il\u0259 birlikd\u0259 struktur d\u0259st\u0259yin t\u0259l\u0259b olundu\u011fu m\u00fcxt\u0259lif divar v\u0259 tavan t\u0259tbiql\u0259rind\u0259 istifad\u0259 olunan U formal\u0131 s\u0259s izolyasiya m\u00f6t\u0259riz\u0259sidir. Bura divar\u0131n y\u0131r\u011falanmas\u0131, tavan\u0131n as\u0131lmas\u0131 v\u0259 aksesuarlar\u0131n as\u0131lmas\u0131 daxildir.<br \/>\nBu as\u0131lqanlar a\u015fa\u011f\u0131 v\u0259 y\u00fcks\u0259k tezlik diapazonunda y\u00fcks\u0259k s\u0259s izolyasiyas\u0131 \u00fc\u00e7\u00fcn taxta kiri\u015fli tavanlarda, divar v\u0259 tavan sisteml\u0259rinin m\u0259hdudla\u015fd\u0131r\u0131lmas\u0131nda istifad\u0259 olunur.<\/p>\n<p>\u018fsas orqan:<\/p>\n<p>DIN EN 10111\/10051-\u0259 uy\u011fun yum\u015faq polad, DIN 50961-\u0259 uy\u011fun sink l\u00f6vh\u0259 il\u0259 qorunur.<br \/>\n\u00dcst t\u0259r\u0259find\u0259 14 mm-lik bir de\u015fik<br \/>\n\u0391 sap\u0131 M6 alt\u0131ndak\u0131 de\u015fik.<br \/>\nAsan vida fiksasiyas\u0131 \u00fc\u00e7\u00fcn k\u00f6m\u0259k\u00e7i yanal delikl\u0259r.<\/p>\n<p>Vibrasiya izolyatoru:\u00a0Vibro-mini\u00a0rezin yast\u0131q<\/p>\n<p>Qeyd:<br \/>\n\u2013 S\u00fcspansiyonun anker \u00e7ubu\u011fu perpendikulyar ola bil\u0259r.<br \/>\n\u2013 Rezin yast\u0131q m\u00f6t\u0259riz\u0259nin \u00fcst\u00fcnd\u0259ki qayka v\u0259 yuyucunu s\u0131xaraq \u0259vv\u0259lc\u0259d\u0259n s\u0131x\u0131lm\u0131\u015f \u015f\u0259kild\u0259 qura\u015fd\u0131r\u0131la bil\u0259r.<br \/>\n\u2013 Ke\u00e7id vida elastik hiss\u0259nin yan\u011f\u0131n zaman\u0131 m\u0259hv olmas\u0131 zaman\u0131 ma\u015f\u0131n\u0131n d\u00fc\u015fm\u0259sinin qar\u015f\u0131s\u0131n\u0131 al\u0131r. (Fail Safe)<br \/>\n\u2013 Pioner dizayn\u0131 say\u0259sind\u0259 Vibro-mini y\u00fckl\u0259ndikd\u0259 b\u00f6y\u00fck \u0259yilm\u0259 (bu, daha yax\u015f\u0131 vibrasiya \u0259leyhin\u0259 n\u0259tic\u0259l\u0259r dem\u0259kdir) verir.<\/p>\n","protected":false},"featured_media":22471,"template":"","meta":[],"product_brand":[],"product_cat":[927],"product_tag":[],"class_list":{"0":"post-23682","1":"product","2":"type-product","3":"status-publish","4":"has-post-thumbnail","6":"product_cat-vibrasiya-anti-ss-kuy-akustik-az","8":"first","9":"instock","10":"shipping-taxable","11":"product-type-simple"},"_links":{"self":[{"href":"https:\/\/airsystems.ge\/shop\/az\/wp-json\/wp\/v2\/product\/23682","targetHints":{"allow":["GET"]}}],"collection":[{"href":"https:\/\/airsystems.ge\/shop\/az\/wp-json\/wp\/v2\/product"}],"about":[{"href":"https:\/\/airsystems.ge\/shop\/az\/wp-json\/wp\/v2\/types\/product"}],"wp:featuredmedia":[{"embeddable":true,"href":"https:\/\/airsystems.ge\/shop\/az\/wp-json\/wp\/v2\/media\/22471"}],"wp:attachment":[{"href":"https:\/\/airsystems.ge\/shop\/az\/wp-json\/wp\/v2\/media?parent=23682"}],"wp:term":[{"taxonomy":"product_brand","embeddable":true,"href":"https:\/\/airsystems.ge\/shop\/az\/wp-json\/wp\/v2\/product_brand?post=23682"},{"taxonomy":"product_cat","embeddable":true,"href":"https:\/\/airsystems.ge\/shop\/az\/wp-json\/wp\/v2\/product_cat?post=23682"},{"taxonomy":"product_tag","embeddable":true,"href":"https:\/\/airsystems.ge\/shop\/az\/wp-json\/wp\/v2\/product_tag?post=23682"}],"curies":[{"name":"wp","href":"https:\/\/api.w.org\/{rel}","templated":true}]}}