{"id":23678,"date":"2025-02-07T20:53:10","date_gmt":"2025-02-07T16:53:10","guid":{"rendered":"https:\/\/airsystems.ge\/shop\/product\/vibro-midi-anti-vibration-rubber-support\/"},"modified":"2025-02-26T00:24:27","modified_gmt":"2025-02-25T20:24:27","slug":"vibro-midi-anti-vibration-rubber-support","status":"publish","type":"product","link":"https:\/\/airsystems.ge\/shop\/az\/product\/vibro-midi-anti-vibration-rubber-support\/","title":{"rendered":"Vibro-Midi: Titr\u0259m\u0259y\u0259 qar\u015f\u0131 rezin d\u0259st\u0259k"},"content":{"rendered":"","protected":false},"excerpt":{"rendered":"<p>Vibro-Midi vibrasiya probleml\u0259ri \u00fc\u00e7\u00fcn dahiyan\u0259 ucuz h\u0259lldir. Yenilik\u00e7i dizayn\u0131 say\u0259sind\u0259 y\u00fck alt\u0131nda t\u0259sirli bir \u0259yilm\u0259 t\u0259min edir.<\/p>\n<p>T\u018fSV\u0130R\u0130<\/p>\n<p>Anti-vibrasiya rezin d\u0259st\u0259yi<\/p>\n<p>Vibro-Midi vibrasiya \u0259leyhin\u0259 rezin dayaq vibrasiya \u00fc\u00e7\u00fcn z\u0259kal\u0131 ucuz h\u0259lldir.<br \/>\nprobleml\u0259r. Yenilik\u00e7i dizayn\u0131 say\u0259sind\u0259 Vibro-Midi y\u00fck alt\u0131nda t\u0259sirli bir \u0259yilm\u0259 t\u0259min edir. Bu<br \/>\nz\u0259mind\u0259 bir l\u00f6vb\u0259rl\u0259 uy\u011funla\u015fd\u0131r\u0131la bil\u0259r v\u0259 ya yivli vasit\u0259sil\u0259 tavandan as\u0131lmaq olar<br \/>\n\u00e7ubuqlar v\u0259 ya h\u0259tta M8 \u2013 M10 mm-lik vida il\u0259 metal bazaya yerl\u0259\u015fdiril\u0259 bil\u0259r.<\/p>\n<p>Yuxar\u0131da qeyd olunan vint, silindrik rezin boyuna g\u00f6r\u0259 he\u00e7 bir s\u0259s k\u00f6rp\u00fcs\u00fc yaratm\u0131r.<\/p>\n<p>Diqq\u0259t edin:<\/p>\n<p>Ke\u00e7id vida, rezin hiss\u0259nin m\u0259hv olmas\u0131 hal\u0131nda ma\u015f\u0131n\u0131n d\u00fc\u015fm\u0259sinin qar\u015f\u0131s\u0131n\u0131 al\u0131r. (Fail Safe).<br \/>\nMetal yuyucudan d\u00fczg\u00fcn istifad\u0259 etm\u0259k \u00fc\u00e7\u00fcn l\u00fctf\u0259n G\u00f6st\u0259rici t\u0259tbiql\u0259r v\u0259r\u0259q\u0259sin\u0259 bax\u0131n.<br \/>\nMetal yuyucu il\u0259 t\u0259mas\u0131n qar\u015f\u0131s\u0131n\u0131 almaq \u00fc\u00e7\u00fcn boyun t\u0259r\u0259fd\u0259n bir rezin yuyucu da yerl\u0259\u015fdirm\u0259y\u0259 diqq\u0259t yetirin.<br \/>\nQura\u015fd\u0131rma n\u00fcmun\u0259l\u0259ri \u00fc\u00e7\u00fcn T\u0259tbiql\u0259r PDF-ni yoxlay\u0131n.<\/p>\n<p>D\u0130NAM\u0130K X\u00dcSUS\u0130YY\u018fTL\u018fR<\/p>\n<p>\u00c7arpma (maksimum y\u00fck\u0259): 8 mm<br \/>\nT\u0259bii Tezlik: Vibro-Midi uy\u011fundur<br \/>\nt\u0259bii vibrasiya il\u0259 qar\u015f\u0131la\u015fmaq<br \/>\n8 Hz-d\u0259n \u00e7ox tezlik.<\/p>\n","protected":false},"featured_media":22473,"template":"","meta":[],"product_brand":[],"product_cat":[927],"product_tag":[],"class_list":{"0":"post-23678","1":"product","2":"type-product","3":"status-publish","4":"has-post-thumbnail","6":"product_cat-vibrasiya-anti-ss-kuy-akustik-az","8":"first","9":"instock","10":"shipping-taxable","11":"product-type-simple"},"_links":{"self":[{"href":"https:\/\/airsystems.ge\/shop\/az\/wp-json\/wp\/v2\/product\/23678","targetHints":{"allow":["GET"]}}],"collection":[{"href":"https:\/\/airsystems.ge\/shop\/az\/wp-json\/wp\/v2\/product"}],"about":[{"href":"https:\/\/airsystems.ge\/shop\/az\/wp-json\/wp\/v2\/types\/product"}],"wp:featuredmedia":[{"embeddable":true,"href":"https:\/\/airsystems.ge\/shop\/az\/wp-json\/wp\/v2\/media\/22473"}],"wp:attachment":[{"href":"https:\/\/airsystems.ge\/shop\/az\/wp-json\/wp\/v2\/media?parent=23678"}],"wp:term":[{"taxonomy":"product_brand","embeddable":true,"href":"https:\/\/airsystems.ge\/shop\/az\/wp-json\/wp\/v2\/product_brand?post=23678"},{"taxonomy":"product_cat","embeddable":true,"href":"https:\/\/airsystems.ge\/shop\/az\/wp-json\/wp\/v2\/product_cat?post=23678"},{"taxonomy":"product_tag","embeddable":true,"href":"https:\/\/airsystems.ge\/shop\/az\/wp-json\/wp\/v2\/product_tag?post=23678"}],"curies":[{"name":"wp","href":"https:\/\/api.w.org\/{rel}","templated":true}]}}