{"id":23646,"date":"2025-02-07T22:01:58","date_gmt":"2025-02-07T18:01:58","guid":{"rendered":"https:\/\/airsystems.ge\/shop\/product\/seismicon-seismic-restraint\/"},"modified":"2025-02-26T00:12:10","modified_gmt":"2025-02-25T20:12:10","slug":"seismicon-seismic-restraint","status":"publish","type":"product","link":"https:\/\/airsystems.ge\/shop\/az\/product\/seismicon-seismic-restraint\/","title":{"rendered":"SeismiCon: Seysmik M\u0259hdudiyy\u0259t"},"content":{"rendered":"<p><img loading=\"lazy\" decoding=\"async\" class=\"alignleft wp-image-4922\" src=\"https:\/\/antivibration-systems.com\/wp-content\/uploads\/2012\/11\/Vibro-SeiSmicon-Selection-Table.png\" alt=\"Vibro-SeiSmicon Selection Table\" width=\"674\" height=\"93\" \/><\/p>\n","protected":false},"excerpt":{"rendered":"<p>Xarici q\u00fcvv\u0259l\u0259rin h\u0259y\u0259canlanmas\u0131 zaman\u0131 antivibrasiya qur\u011fular\u0131na \u0259saslanan ma\u015f\u0131nlar \u00fc\u00e7\u00fcn m\u0259hdudiyy\u0259tl\u0259r<\/p>\n<p>T\u018fSV\u0130R\u0130<\/p>\n<p>SeismiCon Seysmik M\u0259hdudiyy\u0259t a\u015fa\u011f\u0131dak\u0131lar \u00fc\u00e7\u00fcn istifad\u0259 olunur:<\/p>\n<p>Seysmik stimulla\u015fd\u0131rma zaman\u0131 ma\u015f\u0131nlar\u0131n m\u0259hdud yerd\u0259yi\u015fm\u0259l\u0259ri.<br \/>\nXarici q\u00fcvv\u0259l\u0259rin h\u0259y\u0259canlanmas\u0131 zaman\u0131 vibrasiya \u0259leyhin\u0259 qur\u011fulara \u0259saslanan m\u00f6h\u00fcrl\u0259yici ma\u015f\u0131nlar.<br \/>\nXarici stimulla\u015fd\u0131rma zaman\u0131 (m\u0259s\u0259l\u0259n, z\u0259lz\u0259l\u0259, k\u00fcl\u0259k, f\u0131rlanma v\u0259 s.) yaylar, elastik yast\u0131qlar v\u0259 s. kimi vibrasiya \u0259leyhin\u0259 qur\u011fulara \u0259saslanan ma\u015f\u0131nlar kritik yerd\u0259yi\u015fm\u0259l\u0259r yarada bil\u0259r.<br \/>\nBu yerd\u0259yi\u015fm\u0259l\u0259r \u0259m\u0259liyyat\u0131 dayand\u0131ra v\u0259 ya h\u0259tta ma\u015f\u0131nlara ciddi ziyan vura bil\u0259r.<\/p>\n<p>SeismiCon Seysmik M\u0259hdudiyy\u0259t t\u0259tbiq edil\u0259n q\u00fcvv\u0259l\u0259r\u0259 m\u00fcqavim\u0259t g\u00f6st\u0259r\u0259 v\u0259 avadanl\u0131\u011f\u0131n h\u0259r \u00fc\u00e7 istiqam\u0259td\u0259 h\u0259r\u0259k\u0259tini m\u0259hdudla\u015fd\u0131ra bil\u0259r. Onlar g\u0259rginlik, s\u0131x\u0131lma, k\u0259silm\u0259 kimi z\u0259lz\u0259l\u0259 q\u00fcvv\u0259l\u0259rin\u0259 davam ed\u0259 bilirl\u0259r.<\/p>\n<p>M\u0259hdudiyy\u0259tl\u0259r h\u0259m\u00e7inin daxili neopren kolunun dayan\u0131ql\u0131l\u0131q h\u0259ddi dayand\u0131qlar\u0131 \u00fc\u00e7\u00fcn ma\u015f\u0131n v\u0259 onun dayaq bazas\u0131 aras\u0131nda s\u0259s k\u00f6rp\u00fcs\u00fcn\u00fcn yarad\u0131lmas\u0131na mane olur, bel\u0259likl\u0259 normal i\u015f zaman\u0131 vibrasiya \u00f6t\u00fcr\u00fclm\u00fcr.<\/p>\n<p>MONTAJ<\/p>\n<p>D\u00f6rd Vibro-SeismiCon seysmik qoruyucu ma\u015f\u0131n\u0131n h\u0259r t\u0259r\u0259find\u0259, onun \u0259sas\u0131n\u0131n k\u00fcncl\u0259rinin yax\u0131nl\u0131\u011f\u0131nda qura\u015fd\u0131r\u0131lmal\u0131d\u0131r.<br \/>\nSaxlaman\u0131n t\u0259tbiqi ma\u015f\u0131n\u0131n qura\u015fd\u0131r\u0131lmas\u0131 v\u0259 istismar\u0131ndan sonra apar\u0131lmal\u0131d\u0131r. Daha sonra h\u00fcnd\u00fcrl\u00fckd\u0259 m\u0259hdudiyy\u0259t t\u0259nziml\u0259n\u0259 bil\u0259r.<br \/>\nX\u00fcsusi qura\u015fd\u0131rma ehtiyaclar\u0131na uy\u011funla\u015fmaq laz\u0131md\u0131rsa, metal t\u0259b\u0259q\u0259l\u0259rin \u0259lav\u0259l\u0259ri b\u0259rkidici hiss\u0259l\u0259rin\u0259 vidalana v\u0259 ya qaynaq edil\u0259 bil\u0259r.<br \/>\nMa\u015f\u0131n \u00e7\u0259r\u00e7iv\u0259sinin v\u0259 h\u0259m\u00e7inin bina konstruksiyas\u0131n\u0131n z\u0259lz\u0259l\u0259 v\u0259 ya h\u0259ddind\u0259n art\u0131q k\u00fcl\u0259k y\u00fckl\u0259nm\u0259si zaman\u0131 SeismiCon-a ba\u011fl\u0131 qalmaq \u00fc\u00e7\u00fcn laz\u0131mi g\u00fcc\u0259 malik olmas\u0131 t\u0259min edilm\u0259lidir.<\/p>\n","protected":false},"featured_media":22621,"template":"","meta":[],"product_brand":[],"product_cat":[927],"product_tag":[],"class_list":{"0":"post-23646","1":"product","2":"type-product","3":"status-publish","4":"has-post-thumbnail","6":"product_cat-vibrasiya-anti-ss-kuy-akustik-az","8":"first","9":"instock","10":"shipping-taxable","11":"product-type-simple"},"_links":{"self":[{"href":"https:\/\/airsystems.ge\/shop\/az\/wp-json\/wp\/v2\/product\/23646","targetHints":{"allow":["GET"]}}],"collection":[{"href":"https:\/\/airsystems.ge\/shop\/az\/wp-json\/wp\/v2\/product"}],"about":[{"href":"https:\/\/airsystems.ge\/shop\/az\/wp-json\/wp\/v2\/types\/product"}],"wp:featuredmedia":[{"embeddable":true,"href":"https:\/\/airsystems.ge\/shop\/az\/wp-json\/wp\/v2\/media\/22621"}],"wp:attachment":[{"href":"https:\/\/airsystems.ge\/shop\/az\/wp-json\/wp\/v2\/media?parent=23646"}],"wp:term":[{"taxonomy":"product_brand","embeddable":true,"href":"https:\/\/airsystems.ge\/shop\/az\/wp-json\/wp\/v2\/product_brand?post=23646"},{"taxonomy":"product_cat","embeddable":true,"href":"https:\/\/airsystems.ge\/shop\/az\/wp-json\/wp\/v2\/product_cat?post=23646"},{"taxonomy":"product_tag","embeddable":true,"href":"https:\/\/airsystems.ge\/shop\/az\/wp-json\/wp\/v2\/product_tag?post=23646"}],"curies":[{"name":"wp","href":"https:\/\/api.w.org\/{rel}","templated":true}]}}