{"id":23618,"date":"2025-02-07T23:11:16","date_gmt":"2025-02-07T19:11:16","guid":{"rendered":"https:\/\/airsystems.ge\/shop\/product\/vibro-sil-em-3\/"},"modified":"2025-02-25T23:52:12","modified_gmt":"2025-02-25T19:52:12","slug":"vibro-sil-em-3","status":"publish","type":"product","link":"https:\/\/airsystems.ge\/shop\/az\/product\/vibro-sil-em-3\/","title":{"rendered":"Vibro.SiL-EM.3"},"content":{"rendered":"<p><img loading=\"lazy\" decoding=\"async\" class=\"alignnone wp-image-4451\" src=\"https:\/\/antivibration-systems.com\/wp-content\/uploads\/2014\/08\/sil-em3.jpg\" sizes=\"auto, (max-width: 612px) 100vw, 612px\" srcset=\"https:\/\/antivibration-systems.com\/wp-content\/uploads\/2014\/08\/sil-em3.jpg 594w, https:\/\/antivibration-systems.com\/wp-content\/uploads\/2014\/08\/sil-em3-300x96.jpg 300w\" alt=\"sil em3\" width=\"612\" height=\"196\" \/><\/p>\n<p>VIBRO SiL EM.3 a\u015fa\u011f\u0131dak\u0131 texniki x\u00fcsusiyy\u0259tl\u0259ri t\u0259klif ed\u0259n qabaqc\u0131l anti-vibrasiya h\u0259llidir:<\/p>\n<p>\u2022 Geni\u015f\u00a0 i\u015f\u00a0 temperatur\u00a0 diapazonu: -40\u00a0 il\u0259\u00a0 +200\u00b0C<\/p>\n<p>\u2022 \u00c7ox a\u015fa\u011f\u0131 s\u0131x\u0131lma d\u0259sti<\/p>\n<p>\u2022 Uzunm\u00fcdd\u0259tli davaml\u0131l\u0131q v\u0259 sabitlik<\/p>\n<p>\u2022 \u018ftraf m\u00fchit\u0259 uy\u011fundur. T\u0259rkibind\u0259 z\u0259r\u0259rli \u0259lav\u0259l\u0259r yoxdur<\/p>\n<p>\u2022 A\u015fa\u011f\u0131 qoxu<\/p>\n<p>\u2022 \u018fyilm\u0259\u00a0(maksimum y\u00fckd\u0259):\u00a04 mm<\/p>\n<p>\u2022 T\u0259bii Tezlik:\u00a0 \u2265\u00a08 Hz.<\/p>\n","protected":false},"excerpt":{"rendered":"<p>Vibro.SiL-EM.3 silikon anti-vibrasiya metal &#8211; rezin montajlar, kompressorlar, nasoslar, ventilyatorlar, i\u015fl\u0259nmi\u015f qaz borular\u0131 \/ s\u0259sbo\u011fucu d\u0259st\u0259yi, h\u0259ssas elektron avadanl\u0131qlar v\u0259 s. \u00fc\u00e7\u00fcn y\u00fcks\u0259k vibrasiya m\u00fchafiz\u0259si t\u0259klif ed\u0259 bil\u0259r.<\/p>\n<p>Vibro.SiL-EM.3 silikon anti-vibrasiya metal &#8211; rezin montajlar, geni\u015f temperatur diapazonunun (-40 il\u0259 +200\u00b0C) ba\u015f verdiyi avionik, d\u0259niz, h\u0259rbi v\u0259 tibbi t\u0259tbiql\u0259rd\u0259 kompressorlar, nasoslar, fanatlar, i\u015fl\u0259nmi\u015f qaz borular\u0131 \/ s\u0259sbo\u011fucu d\u0259st\u0259yi, h\u0259ssas elektron avadanl\u0131qlar \u00fc\u00e7\u00fcn y\u00fcks\u0259k vibrasiya m\u00fchafiz\u0259si t\u0259klif ed\u0259 bil\u0259r.<\/p>\n<p>Qida s\u0259nayesi t\u0259tbiql\u0259ri \u00fc\u00e7\u00fcn d\u0259 uy\u011fundur (\u00e7\u00f6r\u0259k sobalar\u0131, soyuducu otaqlar v\u0259 s.).<\/p>\n<p>Vibro.SiL-EM.3-\u00fcn qabaqc\u0131l dizayn\u0131 x\u00fcsusi t\u0259dqiqatlar\u0131n n\u0259tic\u0259sidir v\u0259 y\u00fcks\u0259k keyfiyy\u0259tli silikon polimerl\u0259rd\u0259n haz\u0131rlanm\u0131\u015fd\u0131r. T\u0259bii kau\u00e7uk v\u0259 termoplastik birl\u0259\u015fm\u0259l\u0259rd\u0259n daha y\u00fcks\u0259k t\u0259sirli \u015fok v\u0259 vibrasiya izolyasiyas\u0131 t\u0259min edir.<\/p>\n<p>B\u00f6y\u00fck \u0259yilm\u0259 qabiliyy\u0259tin\u0259 v\u0259 a\u015fa\u011f\u0131 rezonans n\u00f6qt\u0259sin\u0259 nail ola bil\u0259r.<\/p>\n<p>Silikon polimerl\u0259r \u00e7ox yax\u015f\u0131 havaya davaml\u0131 x\u00fcsusiyy\u0259tl\u0259r, ozona UV-y\u0259 davaml\u0131, a\u00e7\u0131q havada istifad\u0259 \u00fc\u00e7\u00fcn ideald\u0131r. \u015eaxta v\u0259 qar \u015f\u0259raiti \u00fc\u00e7\u00fcn uy\u011fundur. B\u00fct\u00fcn metal hiss\u0259l\u0259ri oksidl\u0259\u015fm\u0259d\u0259n qoruyan silikon rezinl\u0259 \u00f6rt\u00fclm\u00fc\u015fd\u00fcr.<\/p>\n<p>Silikon gel t\u0259bii\/\u00f6zl\u00fc elastik kau\u00e7uk v\u0259 dig\u0259r termoplastik birl\u0259\u015fm\u0259l\u0259rd\u0259n daha yum\u015faqd\u0131r.<\/p>\n","protected":false},"featured_media":22685,"template":"","meta":[],"product_brand":[],"product_cat":[927],"product_tag":[],"class_list":{"0":"post-23618","1":"product","2":"type-product","3":"status-publish","4":"has-post-thumbnail","6":"product_cat-vibrasiya-anti-ss-kuy-akustik-az","8":"first","9":"instock","10":"shipping-taxable","11":"product-type-simple"},"_links":{"self":[{"href":"https:\/\/airsystems.ge\/shop\/az\/wp-json\/wp\/v2\/product\/23618","targetHints":{"allow":["GET"]}}],"collection":[{"href":"https:\/\/airsystems.ge\/shop\/az\/wp-json\/wp\/v2\/product"}],"about":[{"href":"https:\/\/airsystems.ge\/shop\/az\/wp-json\/wp\/v2\/types\/product"}],"wp:featuredmedia":[{"embeddable":true,"href":"https:\/\/airsystems.ge\/shop\/az\/wp-json\/wp\/v2\/media\/22685"}],"wp:attachment":[{"href":"https:\/\/airsystems.ge\/shop\/az\/wp-json\/wp\/v2\/media?parent=23618"}],"wp:term":[{"taxonomy":"product_brand","embeddable":true,"href":"https:\/\/airsystems.ge\/shop\/az\/wp-json\/wp\/v2\/product_brand?post=23618"},{"taxonomy":"product_cat","embeddable":true,"href":"https:\/\/airsystems.ge\/shop\/az\/wp-json\/wp\/v2\/product_cat?post=23618"},{"taxonomy":"product_tag","embeddable":true,"href":"https:\/\/airsystems.ge\/shop\/az\/wp-json\/wp\/v2\/product_tag?post=23618"}],"curies":[{"name":"wp","href":"https:\/\/api.w.org\/{rel}","templated":true}]}}